{"id":340,"date":"2025-08-14T02:35:37","date_gmt":"2025-08-14T02:35:37","guid":{"rendered":"https:\/\/dbgroup.nl\/?page_id=340"},"modified":"2026-02-04T09:41:14","modified_gmt":"2026-02-04T09:41:14","slug":"branchen","status":"publish","type":"page","link":"https:\/\/dbgroup.nl\/de\/branches\/","title":{"rendered":"Zweigstellen"},"content":{"rendered":"<section class=\"l-section wpb_row us_custom_3e14535b us_animate_this height_huge color_secondary\"><div class=\"l-section-h i-cf\"><div class=\"g-cols vc_row via_grid cols_1 laptops-cols_inherit tablets-cols_1 mobiles-cols_1 valign_top type_default reversed stacking_default\" style=\"--columns-gap:0rem;\"><div class=\"wpb_column vc_column_container us_custom_e5713a0c\"><div class=\"vc_column-inner\"><div class=\"w-text us_custom_03bbc369 has_text_color\" id=\"dancing-title\"><span class=\"w-text-h\"><span class=\"w-text-value\">Zweigstellen<\/span><\/span><\/div><h2 class=\"w-text us_custom_93d56152 has_text_color\"><span class=\"w-text-h\"><span class=\"w-text-value\">Unsere Branchen<\/span><\/span><\/h2><\/div><\/div><\/div><\/div><\/section><section class=\"l-section wpb_row us_custom_2fb49fc6 height_auto\"><div class=\"l-section-h i-cf\"><div class=\"g-cols vc_row via_grid cols_1 laptops-cols_inherit tablets-cols_1 mobiles-cols_1 valign_middle type_default reversed stacking_default\" style=\"--columns-gap:60px;--laptops-columns-gap:60px;--tablets-columns-gap:50px;--mobiles-columns-gap:50px;\"><div class=\"wpb_column vc_column_container\"><div class=\"vc_column-inner\"><div class=\"wpb_text_column us_custom_830ed8d6 has_text_color us_animate_this\"><div class=\"wpb_wrapper\"><p><span style=\"font-weight: 400;\">Der DB-Konzern ist Ihr zuverl\u00e4ssiger und innovativer Partner f\u00fcr die technische Entsendung. Wir stellen erfahrene Fachkr\u00e4fte und Spezialisten f\u00fcr eine Vielzahl von Sektoren zur Verf\u00fcgung, wobei Qualit\u00e4t, Sicherheit und die Kenntnis der spezifischen Branchenanforderungen im Mittelpunkt stehen.<\/span><\/p>\n<\/div><\/div><\/div><\/div><\/div><\/div><\/section><section class=\"l-section wpb_row us_custom_7b5306bb height_auto with_img\"><div class=\"l-section-img\" role=\"img\" aria-label=\"Bild\" data-img-width=\"172\" data-img-height=\"580\" style=\"background-image: url(https:\/\/dbgroup.nl\/wp-content\/uploads\/2025\/07\/Ellipse-3.png);background-position: bottom left;background-repeat: no-repeat;background-size: auto;\"><\/div><div class=\"l-section-h i-cf\"><div class=\"g-cols vc_row via_grid cols_2 laptops-cols_inherit tablets-cols_1 mobiles-cols_1 valign_middle type_default reversed stacking_default\" style=\"--columns-gap:60px;--laptops-columns-gap:60px;--tablets-columns-gap:50px;--mobiles-columns-gap:50px;\"><div class=\"wpb_column vc_column_container us_custom_7e20fa79 us_animate_this\"><div class=\"vc_column-inner\"><h3 class=\"w-text us_custom_1fed16d9\"><span class=\"w-text-h\"><span class=\"w-text-value\">\u00d6l- und Gasindustrie<\/span><\/span><\/h3><div class=\"w-separator size_custom\" style=\"height:20px\"><\/div><div class=\"wpb_text_column us_custom_a38e0465 has_text_color\"><div class=\"wpb_wrapper\"><p><span style=\"font-weight: 400;\">In der \u00d6l- und Gasindustrie liefern wir hochqualifizierte Schwei\u00dfer, Monteure und Installateure, darunter die gefragten 6G-Schwei\u00dfer mit Erfahrung in gro\u00dfen Durchmessern. Unsere Fachleute arbeiten nach ISO-9606-1 und verf\u00fcgen \u00fcber alle erforderlichen Zertifizierungen, wie VCA und Flanschschlosser. Wir stellen auch erfahrene Vorarbeiter, Meister, Aufsichtspersonen und Spezialisten f\u00fcr QA\/QC, Arbeitsvorbereitung und Projektpersonal.<\/span><\/p>\n<\/div><\/div><div class=\"w-separator size_medium\"><\/div><div class=\"w-btn-wrapper align_none\"><a class=\"w-btn us-btn-style_6 us_custom_f73f4019\" href=\"\/de\/ol-und-gasindustrie\/\"><span class=\"w-btn-label\">Mehr lesen<\/span><\/a><\/div><\/div><\/div><div class=\"wpb_column vc_column_container us_custom_47474b22 us_animate_this stretched\"><div class=\"vc_column-inner\"><div class=\"w-image us_custom_2195e473 align_none\"><div class=\"w-image-h\"><img decoding=\"async\" width=\"800\" height=\"448\" src=\"https:\/\/dbgroup.nl\/wp-content\/uploads\/2025\/08\/img3.png\" class=\"attachment-full size-full\" alt=\"\" loading=\"lazy\" srcset=\"https:\/\/dbgroup.nl\/wp-content\/uploads\/2025\/08\/img3.png 800w, https:\/\/dbgroup.nl\/wp-content\/uploads\/2025\/08\/img3-300x168.png 300w\" sizes=\"auto, (max-width: 800px) 100vw, 800px\" \/><\/div><\/div><\/div><\/div><\/div><\/div><\/section><section class=\"l-section wpb_row us_custom_7b5306bb height_auto with_img\"><div class=\"l-section-img\" role=\"img\" aria-label=\"Bild\" data-img-width=\"299\" data-img-height=\"299\" style=\"background-image: url(https:\/\/dbgroup.nl\/wp-content\/uploads\/2025\/07\/circle.png);background-repeat: no-repeat;background-size: auto;\"><\/div><div class=\"l-section-h i-cf\"><div class=\"g-cols vc_row via_grid cols_2 laptops-cols_inherit tablets-cols_1 mobiles-cols_1 valign_middle type_default reversed stacking_default\" style=\"--columns-gap:60px;--laptops-columns-gap:60px;--tablets-columns-gap:50px;--mobiles-columns-gap:50px;\"><div class=\"wpb_column vc_column_container us_custom_7e20fa79 us_animate_this\"><div class=\"vc_column-inner\"><div class=\"w-image align_none\"><div class=\"w-image-h\"><img decoding=\"async\" width=\"800\" height=\"533\" src=\"https:\/\/dbgroup.nl\/wp-content\/uploads\/2025\/08\/img2.png\" class=\"attachment-full size-full\" alt=\"\" loading=\"lazy\" srcset=\"https:\/\/dbgroup.nl\/wp-content\/uploads\/2025\/08\/img2.png 800w, https:\/\/dbgroup.nl\/wp-content\/uploads\/2025\/08\/img2-300x200.png 300w\" sizes=\"auto, (max-width: 800px) 100vw, 800px\" \/><\/div><\/div><\/div><\/div><div class=\"wpb_column vc_column_container us_custom_47474b22 us_animate_this\"><div class=\"vc_column-inner\"><h3 class=\"w-text us_custom_1fed16d9\"><span class=\"w-text-h\"><span class=\"w-text-value\">Petrochemie<\/span><\/span><\/h3><div class=\"w-separator size_custom\" style=\"height:30px\"><\/div><div class=\"wpb_text_column us_custom_a38e0465 has_text_color\"><div class=\"wpb_wrapper\"><p><span style=\"font-weight: 400;\">F\u00fcr die petrochemische Industrie stellen wir Fachleute zur Verf\u00fcgung, die mit verschiedenen Werkstoffgruppen vertraut sind, wie Edelstahl 316, Duplex- und Kesselst\u00e4hle. Unsere 6G-Schwei\u00dfer und andere Spezialisten erf\u00fcllen hohe Sicherheitsanforderungen und verf\u00fcgen \u00fcber Zertifizierungen wie VCA, WFPr und WFPr-TT. Neben F\u00fchrungskr\u00e4ften stellen wir auch Manager und Fachleute aus der Petrochemie in den Bereichen QA\/QC, Arbeitsvorbereitung und Projektmanagement.<\/span><\/p>\n<\/div><\/div><div class=\"w-separator size_medium\"><\/div><div class=\"w-btn-wrapper align_none\"><a class=\"w-btn us-btn-style_6 us_custom_f73f4019\" href=\"https:\/\/dbgroup.nl\/de\/technische-fachkrafte-petrochemie\/\"><span class=\"w-btn-label\">Mehr lesen<\/span><\/a><\/div><\/div><\/div><\/div><\/div><\/section><section class=\"l-section wpb_row us_custom_7b5306bb height_auto with_img\"><div class=\"l-section-img\" role=\"img\" aria-label=\"Bild\" data-img-width=\"172\" data-img-height=\"580\" style=\"background-image: url(https:\/\/dbgroup.nl\/wp-content\/uploads\/2025\/07\/Ellipse-3.png);background-position: bottom left;background-repeat: no-repeat;background-size: contain;\"><\/div><div class=\"l-section-h i-cf\"><div class=\"g-cols vc_row via_grid cols_2 laptops-cols_inherit tablets-cols_1 mobiles-cols_1 valign_middle type_default reversed stacking_default\" style=\"--columns-gap:60px;--laptops-columns-gap:60px;--tablets-columns-gap:50px;--mobiles-columns-gap:50px;\"><div class=\"wpb_column vc_column_container us_custom_7e20fa79 us_animate_this\"><div class=\"vc_column-inner\"><h3 class=\"w-text us_custom_1fed16d9\"><span class=\"w-text-h\"><span class=\"w-text-value\">Lebensmittel- und Molkereiindustrie<\/span><\/span><\/h3><div class=\"w-separator size_custom\" style=\"height:30px\"><\/div><div class=\"wpb_text_column us_custom_a38e0465 has_text_color\"><div class=\"wpb_wrapper\"><p><span style=\"font-weight: 400;\">In der Lebensmittel- und Molkereiindustrie sind Hygiene und Pr\u00e4zision von entscheidender Bedeutung. Unsere Schwei\u00dfer, Schlosser und Monteure sind erfahren im Umgang mit Werkstoffgruppen wie Edelstahl 316 und Duplex und verf\u00fcgen \u00fcber Zertifizierungen, die den Anforderungen der Lebensmittelindustrie entsprechen. Wir stellen sowohl F\u00fchrungskr\u00e4fte als auch Manager und Spezialisten f\u00fcr QA\/QC, Arbeitsvorbereitung und Projektpersonal.<\/span><\/p>\n<\/div><\/div><div class=\"w-separator size_medium\"><\/div><div class=\"w-btn-wrapper align_none\"><a class=\"w-btn us-btn-style_6 us_custom_f73f4019\" href=\"https:\/\/dbgroup.nl\/de\/technische-experten-lebensmittel-und-milchprodukte\/\"><span class=\"w-btn-label\">Mehr lesen<\/span><\/a><\/div><\/div><\/div><div class=\"wpb_column vc_column_container us_custom_47474b22 us_animate_this stretched\"><div class=\"vc_column-inner\"><div class=\"w-image us_custom_2195e473 align_none\"><div class=\"w-image-h\"><img decoding=\"async\" width=\"800\" height=\"520\" src=\"https:\/\/dbgroup.nl\/wp-content\/uploads\/2025\/08\/foodenzuivelindustrie.jpeg-1-2.png\" class=\"attachment-full size-full\" alt=\"\" loading=\"lazy\" srcset=\"https:\/\/dbgroup.nl\/wp-content\/uploads\/2025\/08\/foodenzuivelindustrie.jpeg-1-2.png 800w, https:\/\/dbgroup.nl\/wp-content\/uploads\/2025\/08\/foodenzuivelindustrie.jpeg-1-2-300x195.png 300w\" sizes=\"auto, (max-width: 800px) 100vw, 800px\" \/><\/div><\/div><\/div><\/div><\/div><\/div><\/section><section class=\"l-section wpb_row us_custom_7b5306bb height_auto with_img\"><div class=\"l-section-img\" role=\"img\" aria-label=\"Bild\" data-img-width=\"299\" data-img-height=\"299\" style=\"background-image: url(https:\/\/dbgroup.nl\/wp-content\/uploads\/2025\/07\/circle.png);background-repeat: no-repeat;background-size: auto;\"><\/div><div class=\"l-section-h i-cf\"><div class=\"g-cols vc_row via_grid cols_2 laptops-cols_inherit tablets-cols_1 mobiles-cols_1 valign_middle type_default reversed stacking_default\" style=\"--columns-gap:60px;--laptops-columns-gap:60px;--tablets-columns-gap:50px;--mobiles-columns-gap:50px;\"><div class=\"wpb_column vc_column_container us_custom_7e20fa79 us_animate_this\"><div class=\"vc_column-inner\"><div class=\"w-image align_none\"><div class=\"w-image-h\"><img decoding=\"async\" width=\"800\" height=\"448\" src=\"https:\/\/dbgroup.nl\/wp-content\/uploads\/2025\/08\/img4.png\" class=\"attachment-full size-full\" alt=\"\" loading=\"lazy\" srcset=\"https:\/\/dbgroup.nl\/wp-content\/uploads\/2025\/08\/img4.png 800w, https:\/\/dbgroup.nl\/wp-content\/uploads\/2025\/08\/img4-300x168.png 300w\" sizes=\"auto, (max-width: 800px) 100vw, 800px\" \/><\/div><\/div><\/div><\/div><div class=\"wpb_column vc_column_container us_custom_47474b22 us_animate_this\"><div class=\"vc_column-inner\"><h3 class=\"w-text us_custom_1fed16d9\"><span class=\"w-text-h\"><span class=\"w-text-value\">Marine und Schiffbau<\/span><\/span><\/h3><div class=\"w-separator size_custom\" style=\"height:30px\"><\/div><div class=\"wpb_text_column us_custom_a38e0465 has_text_color\"><div class=\"wpb_wrapper\"><p><span style=\"font-weight: 400;\">F\u00fcr die Schifffahrt und den Schiffbau stellen wir erfahrene Schwei\u00dfer, Monteure und Installateure zur Verf\u00fcgung, die mit den verschiedenen Stahlsorten vertraut sind und nach h\u00f6chsten Qualit\u00e4tsstandards arbeiten. Unsere Fachleute verf\u00fcgen \u00fcber Zertifizierungen wie VCA und WFPr und stehen sowohl f\u00fcr Neubau- als auch f\u00fcr Instandhaltungsprojekte zur Verf\u00fcgung. Wir bieten auch Manager und Spezialisten f\u00fcr QA\/QC, Arbeitsvorbereitung und Projektmanagement f\u00fcr eine optimale Projektdurchf\u00fchrung.<\/span><\/p>\n<\/div><\/div><div class=\"w-separator size_medium\"><\/div><div class=\"w-btn-wrapper align_none\"><a class=\"w-btn us-btn-style_6 us_custom_f73f4019\" href=\"https:\/\/dbgroup.nl\/de\/technische-fachkrafte-fur-die-schifffahrt-und-den-schiffbau\/\"><span class=\"w-btn-label\">Mehr lesen<\/span><\/a><\/div><\/div><\/div><\/div><\/div><\/section><section class=\"l-section wpb_row us_custom_7b5306bb height_auto with_img\"><div class=\"l-section-img\" role=\"img\" aria-label=\"Bild\" data-img-width=\"172\" data-img-height=\"580\" style=\"background-image: url(https:\/\/dbgroup.nl\/wp-content\/uploads\/2025\/07\/Ellipse-3.png);background-position: bottom left;background-repeat: no-repeat;background-size: contain;\"><\/div><div class=\"l-section-h i-cf\"><div class=\"g-cols vc_row via_grid cols_2 laptops-cols_inherit tablets-cols_1 mobiles-cols_1 valign_middle type_default reversed stacking_default\" style=\"--columns-gap:60px;--laptops-columns-gap:60px;--tablets-columns-gap:50px;--mobiles-columns-gap:50px;\"><div class=\"wpb_column vc_column_container us_custom_7e20fa79 us_animate_this\"><div class=\"vc_column-inner\"><h3 class=\"w-text us_custom_1fed16d9\"><span class=\"w-text-h\"><span class=\"w-text-value\">Energie<\/span><\/span><\/h3><div class=\"w-separator size_custom\" style=\"height:30px\"><\/div><div class=\"wpb_text_column us_custom_a38e0465 has_text_color\"><div class=\"wpb_wrapper\"><p>Der Energiesektor erfordert Fachleute, die in komplexen und sich st\u00e4ndig ver\u00e4ndernden Projekten arbeiten k\u00f6nnen. Der DB-Konzern stellt erfahrene Fachleute unter anderem f\u00fcr Wasserkraftwerke, Windkraftanlagen und industrielle Energieanlagen zur Verf\u00fcgung. Zuverl\u00e4ssig, sicher und sofort einsatzbereit.<\/p>\n<\/div><\/div><div class=\"w-separator size_medium\"><\/div><div class=\"w-btn-wrapper align_none\"><a class=\"w-btn us-btn-style_6 us_custom_f73f4019\" href=\"https:\/\/dbgroup.nl\/de\/energie\/\"><span class=\"w-btn-label\">Mehr lesen<\/span><\/a><\/div><\/div><\/div><div class=\"wpb_column vc_column_container us_custom_47474b22 us_animate_this stretched\"><div class=\"vc_column-inner\"><div class=\"w-image us_custom_2195e473 align_none\"><div class=\"w-image-h\"><img decoding=\"async\" width=\"1000\" height=\"665\" src=\"https:\/\/dbgroup.nl\/wp-content\/uploads\/2026\/02\/321.jpg\" class=\"attachment-full size-full\" alt=\"\" loading=\"lazy\" srcset=\"https:\/\/dbgroup.nl\/wp-content\/uploads\/2026\/02\/321.jpg 1000w, https:\/\/dbgroup.nl\/wp-content\/uploads\/2026\/02\/321-300x200.jpg 300w, https:\/\/dbgroup.nl\/wp-content\/uploads\/2026\/02\/321-18x12.jpg 18w\" sizes=\"auto, (max-width: 1000px) 100vw, 1000px\" \/><\/div><\/div><\/div><\/div><\/div><\/div><\/section><section class=\"l-section wpb_row us_custom_7b5306bb height_auto with_img\"><div class=\"l-section-img\" role=\"img\" aria-label=\"Bild\" data-img-width=\"299\" data-img-height=\"299\" style=\"background-image: url(https:\/\/dbgroup.nl\/wp-content\/uploads\/2025\/07\/circle.png);background-repeat: no-repeat;background-size: auto;\"><\/div><div class=\"l-section-h i-cf\"><div class=\"g-cols vc_row via_grid cols_2 laptops-cols_inherit tablets-cols_1 mobiles-cols_1 valign_middle type_default reversed stacking_default\" style=\"--columns-gap:60px;--laptops-columns-gap:60px;--tablets-columns-gap:50px;--mobiles-columns-gap:50px;\"><div class=\"wpb_column vc_column_container us_custom_7e20fa79 us_animate_this\"><div class=\"vc_column-inner\"><div class=\"w-image align_none\"><div class=\"w-image-h\"><img decoding=\"async\" width=\"1000\" height=\"667\" src=\"https:\/\/dbgroup.nl\/wp-content\/uploads\/2026\/02\/211.jpg\" class=\"attachment-full size-full\" alt=\"\" loading=\"lazy\" srcset=\"https:\/\/dbgroup.nl\/wp-content\/uploads\/2026\/02\/211.jpg 1000w, https:\/\/dbgroup.nl\/wp-content\/uploads\/2026\/02\/211-300x200.jpg 300w, https:\/\/dbgroup.nl\/wp-content\/uploads\/2026\/02\/211-18x12.jpg 18w\" sizes=\"auto, (max-width: 1000px) 100vw, 1000px\" \/><\/div><\/div><\/div><\/div><div class=\"wpb_column vc_column_container us_custom_47474b22 us_animate_this\"><div class=\"vc_column-inner\"><h3 class=\"w-text us_custom_1fed16d9\"><span class=\"w-text-h\"><span class=\"w-text-value\">Stahlkonstruktion<\/span><\/span><\/h3><div class=\"w-separator size_custom\" style=\"height:30px\"><\/div><div class=\"wpb_text_column us_custom_a38e0465 has_text_color\"><div class=\"wpb_wrapper\"><p>In der Stahlbaubranche dreht sich alles um Pr\u00e4zision und handwerkliches K\u00f6nnen. Die DB Gruppe entsendet Spezialisten f\u00fcr die Fertigung, Montage und Befestigung von Stahlkonstruktionen. Unsere Profis arbeiten effizient, sicher und termingerecht an einer Vielzahl von Stahlbauprojekten.<\/p>\n<\/div><\/div><div class=\"w-separator size_medium\"><\/div><div class=\"w-btn-wrapper align_none\"><a class=\"w-btn us-btn-style_6 us_custom_f73f4019\" href=\"https:\/\/dbgroup.nl\/de\/stahlbau\/\"><span class=\"w-btn-label\">Mehr lesen<\/span><\/a><\/div><\/div><\/div><\/div><\/div><\/section><section class=\"l-section wpb_row us_custom_7b5306bb height_auto with_img\"><div class=\"l-section-img\" role=\"img\" aria-label=\"Bild\" data-img-width=\"172\" data-img-height=\"580\" style=\"background-image: url(https:\/\/dbgroup.nl\/wp-content\/uploads\/2025\/07\/Ellipse-3.png);background-position: bottom left;background-repeat: no-repeat;background-size: contain;\"><\/div><div class=\"l-section-h i-cf\"><div class=\"g-cols vc_row via_grid cols_2 laptops-cols_inherit tablets-cols_1 mobiles-cols_1 valign_middle type_default reversed stacking_default\" style=\"--columns-gap:60px;--laptops-columns-gap:60px;--tablets-columns-gap:50px;--mobiles-columns-gap:50px;\"><div class=\"wpb_column vc_column_container us_custom_7e20fa79 us_animate_this\"><div class=\"vc_column-inner\"><h3 class=\"w-text us_custom_1fed16d9\"><span class=\"w-text-h\"><span class=\"w-text-value\">On- und Offshore<\/span><\/span><\/h3><div class=\"w-separator size_custom\" style=\"height:30px\"><\/div><div class=\"wpb_text_column us_custom_a38e0465 has_text_color\"><div class=\"wpb_wrapper\"><p>On- und Offshore-Projekte stellen hohe Anforderungen an Mensch und Technik. Der DB-Konzern liefert erfahrene Fachleute, die es gewohnt sind, unter schwierigen Bedingungen zu arbeiten. Mit dem Fokus auf Sicherheit und Kontinuit\u00e4t sorgen sie f\u00fcr einen stabilen Fortschritt bei jedem Projekt.<\/p>\n<\/div><\/div><div class=\"w-separator size_medium\"><\/div><div class=\"w-btn-wrapper align_none\"><a class=\"w-btn us-btn-style_6 us_custom_f73f4019\" href=\"https:\/\/dbgroup.nl\/de\/auf-hoher-see\/\"><span class=\"w-btn-label\">Mehr lesen<\/span><\/a><\/div><\/div><\/div><div class=\"wpb_column vc_column_container us_custom_47474b22 us_animate_this stretched\"><div class=\"vc_column-inner\"><div class=\"w-image us_custom_2195e473 align_none\"><div class=\"w-image-h\"><img decoding=\"async\" width=\"1000\" height=\"563\" src=\"https:\/\/dbgroup.nl\/wp-content\/uploads\/2026\/02\/35.jpg\" class=\"attachment-full size-full\" alt=\"\" loading=\"lazy\" srcset=\"https:\/\/dbgroup.nl\/wp-content\/uploads\/2026\/02\/35.jpg 1000w, https:\/\/dbgroup.nl\/wp-content\/uploads\/2026\/02\/35-300x169.jpg 300w, https:\/\/dbgroup.nl\/wp-content\/uploads\/2026\/02\/35-18x10.jpg 18w\" sizes=\"auto, (max-width: 1000px) 100vw, 1000px\" \/><\/div><\/div><\/div><\/div><\/div><\/div><\/section>","protected":false},"excerpt":{"rendered":"BranchesOnze branchesDB Group is jouw betrouwbare en innovatieve partner in technische detachering. We leveren ervaren vakmensen en specialisten voor uiteenlopende sectoren, waarbij kwaliteit, veiligheid en kennis van specifieke industrie-eisen centraal staan. Olie- en gasindustrieIn de olie- en gasindustrie leveren wij hooggekwalificeerde lassers, fitters en monteurs, waaronder veelgevraagde 6G-lassers met ervaring in grote diameters. Onze professionals...","protected":false},"author":1,"featured_media":0,"parent":0,"menu_order":0,"comment_status":"closed","ping_status":"closed","template":"","meta":{"_acf_changed":false,"footnotes":""},"class_list":["post-340","page","type-page","status-publish","hentry"],"acf":[],"yoast_head":"<!-- This site is optimized with the Yoast SEO plugin v26.9 - https:\/\/yoast.com\/product\/yoast-seo-wordpress\/ -->\n<title>Branches | Technische detachering per sector | DB Group<\/title>\n<meta name=\"description\" content=\"DB Group levert ervaren vakmensen voor diverse branches. Betrouwbare detachering met focus op kwaliteit, veiligheid en industrie-eisen.\" \/>\n<meta name=\"robots\" content=\"index, follow, max-snippet:-1, max-image-preview:large, max-video-preview:-1\" \/>\n<link rel=\"canonical\" href=\"https:\/\/dbgroup.nl\/de\/branchen\/\" \/>\n<meta property=\"og:locale\" content=\"de_DE\" \/>\n<meta property=\"og:type\" content=\"article\" \/>\n<meta property=\"og:title\" content=\"Branches | Technische detachering per sector | DB Group\" \/>\n<meta property=\"og:description\" content=\"DB Group levert ervaren vakmensen voor diverse branches. Betrouwbare detachering met focus op kwaliteit, veiligheid en industrie-eisen.\" \/>\n<meta property=\"og:url\" content=\"https:\/\/dbgroup.nl\/de\/branchen\/\" \/>\n<meta property=\"og:site_name\" content=\"DB Group\" \/>\n<meta property=\"article:modified_time\" content=\"2026-02-04T09:41:14+00:00\" \/>\n<meta name=\"twitter:card\" content=\"summary_large_image\" \/>\n<meta name=\"twitter:label1\" content=\"Gesch\u00e4tzte Lesezeit\" \/>\n\t<meta name=\"twitter:data1\" content=\"3\u00a0Minuten\" \/>\n<script type=\"application\/ld+json\" class=\"yoast-schema-graph\">{\"@context\":\"https:\/\/schema.org\",\"@graph\":[{\"@type\":\"WebPage\",\"@id\":\"https:\/\/dbgroup.nl\/branches\/\",\"url\":\"https:\/\/dbgroup.nl\/branches\/\",\"name\":\"Branches | Technische detachering per sector | DB Group\",\"isPartOf\":{\"@id\":\"https:\/\/dbgroup.nl\/#website\"},\"datePublished\":\"2025-08-14T02:35:37+00:00\",\"dateModified\":\"2026-02-04T09:41:14+00:00\",\"description\":\"DB Group levert ervaren vakmensen voor diverse branches. Betrouwbare detachering met focus op kwaliteit, veiligheid en industrie-eisen.\",\"breadcrumb\":{\"@id\":\"https:\/\/dbgroup.nl\/branches\/#breadcrumb\"},\"inLanguage\":\"de\",\"potentialAction\":[{\"@type\":\"ReadAction\",\"target\":[\"https:\/\/dbgroup.nl\/branches\/\"]}]},{\"@type\":\"BreadcrumbList\",\"@id\":\"https:\/\/dbgroup.nl\/branches\/#breadcrumb\",\"itemListElement\":[{\"@type\":\"ListItem\",\"position\":1,\"name\":\"Home\",\"item\":\"https:\/\/dbgroup.nl\/\"},{\"@type\":\"ListItem\",\"position\":2,\"name\":\"Branches\"}]},{\"@type\":\"WebSite\",\"@id\":\"https:\/\/dbgroup.nl\/#website\",\"url\":\"https:\/\/dbgroup.nl\/\",\"name\":\"DB Group\",\"description\":\"\",\"publisher\":{\"@id\":\"https:\/\/dbgroup.nl\/#organization\"},\"potentialAction\":[{\"@type\":\"SearchAction\",\"target\":{\"@type\":\"EntryPoint\",\"urlTemplate\":\"https:\/\/dbgroup.nl\/?s={search_term_string}\"},\"query-input\":{\"@type\":\"PropertyValueSpecification\",\"valueRequired\":true,\"valueName\":\"search_term_string\"}}],\"inLanguage\":\"de\"},{\"@type\":\"Organization\",\"@id\":\"https:\/\/dbgroup.nl\/#organization\",\"name\":\"DB Group\",\"url\":\"https:\/\/dbgroup.nl\/\",\"logo\":{\"@type\":\"ImageObject\",\"inLanguage\":\"de\",\"@id\":\"https:\/\/dbgroup.nl\/#\/schema\/logo\/image\/\",\"url\":\"https:\/\/dbgroup.nl\/wp-content\/uploads\/2026\/01\/Icon.png\",\"contentUrl\":\"https:\/\/dbgroup.nl\/wp-content\/uploads\/2026\/01\/Icon.png\",\"width\":512,\"height\":512,\"caption\":\"DB Group\"},\"image\":{\"@id\":\"https:\/\/dbgroup.nl\/#\/schema\/logo\/image\/\"}}]}<\/script>\n<!-- \/ Yoast SEO plugin. -->","yoast_head_json":{"title":"Sektoren | Technische Entsendung nach Sektoren | DB-Konzern","description":"Der DB-Konzern stellt erfahrene Fachkr\u00e4fte f\u00fcr verschiedene Branchen zur Verf\u00fcgung. Zuverl\u00e4ssige Entsendung mit Fokus auf Qualit\u00e4t, Sicherheit und Branchenanforderungen.","robots":{"index":"index","follow":"follow","max-snippet":"max-snippet:-1","max-image-preview":"max-image-preview:large","max-video-preview":"max-video-preview:-1"},"canonical":"https:\/\/dbgroup.nl\/de\/branchen\/","og_locale":"de_DE","og_type":"article","og_title":"Branches | Technische detachering per sector | DB Group","og_description":"DB Group levert ervaren vakmensen voor diverse branches. Betrouwbare detachering met focus op kwaliteit, veiligheid en industrie-eisen.","og_url":"https:\/\/dbgroup.nl\/de\/branchen\/","og_site_name":"DB Group","article_modified_time":"2026-02-04T09:41:14+00:00","twitter_card":"summary_large_image","twitter_misc":{"Gesch\u00e4tzte Lesezeit":"3\u00a0Minuten"},"schema":{"@context":"https:\/\/schema.org","@graph":[{"@type":"WebPage","@id":"https:\/\/dbgroup.nl\/branches\/","url":"https:\/\/dbgroup.nl\/branches\/","name":"Sektoren | Technische Entsendung nach Sektoren | DB-Konzern","isPartOf":{"@id":"https:\/\/dbgroup.nl\/#website"},"datePublished":"2025-08-14T02:35:37+00:00","dateModified":"2026-02-04T09:41:14+00:00","description":"Der DB-Konzern stellt erfahrene Fachkr\u00e4fte f\u00fcr verschiedene Branchen zur Verf\u00fcgung. Zuverl\u00e4ssige Entsendung mit Fokus auf Qualit\u00e4t, Sicherheit und Branchenanforderungen.","breadcrumb":{"@id":"https:\/\/dbgroup.nl\/branches\/#breadcrumb"},"inLanguage":"de","potentialAction":[{"@type":"ReadAction","target":["https:\/\/dbgroup.nl\/branches\/"]}]},{"@type":"BreadcrumbList","@id":"https:\/\/dbgroup.nl\/branches\/#breadcrumb","itemListElement":[{"@type":"ListItem","position":1,"name":"Home","item":"https:\/\/dbgroup.nl\/"},{"@type":"ListItem","position":2,"name":"Branches"}]},{"@type":"WebSite","@id":"https:\/\/dbgroup.nl\/#website","url":"https:\/\/dbgroup.nl\/","name":"DB-Konzern","description":"","publisher":{"@id":"https:\/\/dbgroup.nl\/#organization"},"potentialAction":[{"@type":"SearchAction","target":{"@type":"EntryPoint","urlTemplate":"https:\/\/dbgroup.nl\/?s={search_term_string}"},"query-input":{"@type":"PropertyValueSpecification","valueRequired":true,"valueName":"search_term_string"}}],"inLanguage":"de"},{"@type":"Organization","@id":"https:\/\/dbgroup.nl\/#organization","name":"DB-Konzern","url":"https:\/\/dbgroup.nl\/","logo":{"@type":"ImageObject","inLanguage":"de","@id":"https:\/\/dbgroup.nl\/#\/schema\/logo\/image\/","url":"https:\/\/dbgroup.nl\/wp-content\/uploads\/2026\/01\/Icon.png","contentUrl":"https:\/\/dbgroup.nl\/wp-content\/uploads\/2026\/01\/Icon.png","width":512,"height":512,"caption":"DB Group"},"image":{"@id":"https:\/\/dbgroup.nl\/#\/schema\/logo\/image\/"}}]}},"_links":{"self":[{"href":"https:\/\/dbgroup.nl\/de\/wp-json\/wp\/v2\/pages\/340","targetHints":{"allow":["GET"]}}],"collection":[{"href":"https:\/\/dbgroup.nl\/de\/wp-json\/wp\/v2\/pages"}],"about":[{"href":"https:\/\/dbgroup.nl\/de\/wp-json\/wp\/v2\/types\/page"}],"author":[{"embeddable":true,"href":"https:\/\/dbgroup.nl\/de\/wp-json\/wp\/v2\/users\/1"}],"replies":[{"embeddable":true,"href":"https:\/\/dbgroup.nl\/de\/wp-json\/wp\/v2\/comments?post=340"}],"version-history":[{"count":20,"href":"https:\/\/dbgroup.nl\/de\/wp-json\/wp\/v2\/pages\/340\/revisions"}],"predecessor-version":[{"id":862,"href":"https:\/\/dbgroup.nl\/de\/wp-json\/wp\/v2\/pages\/340\/revisions\/862"}],"wp:attachment":[{"href":"https:\/\/dbgroup.nl\/de\/wp-json\/wp\/v2\/media?parent=340"}],"curies":[{"name":"wp","href":"https:\/\/api.w.org\/{rel}","templated":true}]}}