{"id":366,"date":"2025-08-14T06:14:42","date_gmt":"2025-08-14T06:14:42","guid":{"rendered":"https:\/\/dbgroup.nl\/?page_id=366"},"modified":"2026-02-05T15:07:03","modified_gmt":"2026-02-05T15:07:03","slug":"uber-uns","status":"publish","type":"page","link":"https:\/\/dbgroup.nl\/de\/over-ons\/","title":{"rendered":"\u00dcber uns"},"content":{"rendered":"<section class=\"l-section wpb_row us_custom_3e14535b us_animate_this height_huge color_secondary\"><div class=\"l-section-h i-cf\"><div class=\"g-cols vc_row via_grid cols_1 laptops-cols_inherit tablets-cols_1 mobiles-cols_1 valign_top type_default reversed stacking_default\" style=\"--columns-gap:0rem;\"><div class=\"wpb_column vc_column_container us_custom_e5713a0c\"><div class=\"vc_column-inner\"><div class=\"w-text us_custom_03bbc369 has_text_color\" id=\"dancing-title\"><span class=\"w-text-h\"><span class=\"w-text-value\">\u00dcber uns<\/span><\/span><\/div><h2 class=\"w-text us_custom_73690761 has_text_color\"><span class=\"w-text-h\"><span class=\"w-text-value\">\u00dcber uns<\/span><\/span><\/h2><\/div><\/div><\/div><\/div><\/section><section class=\"l-section wpb_row us_custom_7b5306bb height_auto with_img\"><div class=\"l-section-img\" role=\"img\" aria-label=\"Bild\" data-img-width=\"172\" data-img-height=\"580\" style=\"background-image: url(https:\/\/dbgroup.nl\/wp-content\/uploads\/2025\/07\/Ellipse-3.png);background-position: bottom left;background-repeat: no-repeat;background-size: auto;\"><\/div><div class=\"l-section-h i-cf\"><div class=\"g-cols vc_row via_grid cols_2 laptops-cols_inherit tablets-cols_1 mobiles-cols_1 valign_middle type_default reversed stacking_default\" style=\"--columns-gap:60px;--laptops-columns-gap:60px;--tablets-columns-gap:50px;--mobiles-columns-gap:50px;\"><div class=\"wpb_column vc_column_container us_custom_7e20fa79 us_animate_this\"><div class=\"vc_column-inner\"><h2 class=\"w-text us_custom_1fed16d9\"><span class=\"w-text-h\"><span class=\"w-text-value\">\u00dcber die DB-Gruppe<\/span><\/span><\/h2><div class=\"w-separator size_custom\" style=\"height:20px\"><\/div><div class=\"wpb_text_column us_custom_a38e0465 has_text_color\"><div class=\"wpb_wrapper\"><p><span style=\"font-weight: 400;\">Die DB-Gruppe ist eine technische Entsendeagentur mit einem starken Fokus auf Sektoren wie <\/span><b>Petrochemie<\/b><span style=\"font-weight: 400;\">, <\/span><b>\u00d6l- und Gasf\u00f6rderung<\/b><span style=\"font-weight: 400;\">, <\/span><b>Marine und Schiffbau<\/b><span style=\"font-weight: 400;\"> und <\/span><b>Lebensmittel- und Molkereiindustrie<\/b><span style=\"font-weight: 400;\">. Wir liefern Fachleute und Spezialisten, die sofort einsatzbereit sind und den h\u00f6chsten Qualit\u00e4ts- und Sicherheitsstandards entsprechen.<\/span><\/p>\n<\/div><\/div><\/div><\/div><div class=\"wpb_column vc_column_container us_custom_47474b22 us_animate_this stretched\"><div class=\"vc_column-inner\"><div class=\"w-image us_custom_2195e473 align_none\"><div class=\"w-image-h\"><img decoding=\"async\" width=\"800\" height=\"533\" src=\"https:\/\/dbgroup.nl\/wp-content\/uploads\/2025\/08\/img1.png\" class=\"attachment-full size-full\" alt=\"\" loading=\"lazy\" srcset=\"https:\/\/dbgroup.nl\/wp-content\/uploads\/2025\/08\/img1.png 800w, https:\/\/dbgroup.nl\/wp-content\/uploads\/2025\/08\/img1-300x200.png 300w\" sizes=\"auto, (max-width: 800px) 100vw, 800px\" \/><\/div><\/div><\/div><\/div><\/div><\/div><\/section><section class=\"l-section wpb_row us_custom_7b5306bb height_auto with_img\"><div class=\"l-section-img\" role=\"img\" aria-label=\"Bild\" data-img-width=\"299\" data-img-height=\"299\" style=\"background-image: url(https:\/\/dbgroup.nl\/wp-content\/uploads\/2025\/07\/circle.png);background-repeat: no-repeat;background-size: auto;\"><\/div><div class=\"l-section-h i-cf\"><div class=\"g-cols vc_row via_grid cols_2 laptops-cols_inherit tablets-cols_1 mobiles-cols_1 valign_middle type_default reversed stacking_default\" style=\"--columns-gap:60px;--laptops-columns-gap:60px;--tablets-columns-gap:50px;--mobiles-columns-gap:50px;\"><div class=\"wpb_column vc_column_container us_custom_7e20fa79 us_animate_this\"><div class=\"vc_column-inner\"><div class=\"w-image align_none\"><div class=\"w-image-h\"><img decoding=\"async\" width=\"1000\" height=\"729\" src=\"https:\/\/dbgroup.nl\/wp-content\/uploads\/2025\/08\/AdobeStock_533509495.jpg\" class=\"attachment-full size-full\" alt=\"\" loading=\"lazy\" srcset=\"https:\/\/dbgroup.nl\/wp-content\/uploads\/2025\/08\/AdobeStock_533509495.jpg 1000w, https:\/\/dbgroup.nl\/wp-content\/uploads\/2025\/08\/AdobeStock_533509495-300x219.jpg 300w\" sizes=\"auto, (max-width: 1000px) 100vw, 1000px\" \/><\/div><\/div><\/div><\/div><div class=\"wpb_column vc_column_container us_custom_47474b22 us_animate_this\"><div class=\"vc_column-inner\"><h3 class=\"w-text us_custom_1fed16d9\"><span class=\"w-text-h\"><span class=\"w-text-value\">Fachleute und Spezialisten<\/span><\/span><\/h3><div class=\"w-separator size_custom\" style=\"height:30px\"><\/div><div class=\"wpb_text_column us_custom_a38e0465 has_text_color\"><div class=\"wpb_wrapper\"><p><span style=\"font-weight: 400;\">Unser Kern liegt in der Bereitstellung erfahrener <\/span><b>Schwei\u00dfer<\/b><span style=\"font-weight: 400;\">, <\/span><b>Installateure<\/b><span style=\"font-weight: 400;\"> und <\/span><b>Mechanik<\/b><span style=\"font-weight: 400;\">, erg\u00e4nzt durch F\u00fchrungskr\u00e4fte wie <\/span><b>Vorarbeiter<\/b><span style=\"font-weight: 400;\"> und <\/span><b>Implementierer<\/b><span style=\"font-weight: 400;\">. Wir haben auch Fachexperten, darunter <\/span><b>Sicherheitsfachkr\u00e4fte<\/b><span style=\"font-weight: 400;\">, <\/span><b>Schwei\u00dfaufsichtspersonen<\/b><span style=\"font-weight: 400;\"> und <\/span><b>QC-Personal<\/b><span style=\"font-weight: 400;\">. Auf diese Weise stellen wir nicht nur F\u00fchrungskr\u00e4fte, sondern auch Fachwissen \u00fcber Qualit\u00e4t und Sicherheit zur Verf\u00fcgung.<\/span><\/p>\n<\/div><\/div><\/div><\/div><\/div><\/div><\/section><section class=\"l-section wpb_row us_custom_7b5306bb height_auto with_img\"><div class=\"l-section-img\" role=\"img\" aria-label=\"Bild\" data-img-width=\"172\" data-img-height=\"580\" style=\"background-image: url(https:\/\/dbgroup.nl\/wp-content\/uploads\/2025\/07\/Ellipse-3.png);background-position: bottom left;background-repeat: no-repeat;background-size: contain;\"><\/div><div class=\"l-section-h i-cf\"><div class=\"g-cols vc_row via_grid cols_2 laptops-cols_inherit tablets-cols_1 mobiles-cols_1 valign_middle type_default reversed stacking_default\" style=\"--columns-gap:60px;--laptops-columns-gap:60px;--tablets-columns-gap:50px;--mobiles-columns-gap:50px;\"><div class=\"wpb_column vc_column_container us_custom_7e20fa79 us_animate_this\"><div class=\"vc_column-inner\"><h3 class=\"w-text us_custom_1fed16d9\"><span class=\"w-text-h\"><span class=\"w-text-value\">Vollst\u00e4ndig ma\u00dfgeschneiderte Teams<\/span><\/span><\/h3><div class=\"w-separator size_custom\" style=\"height:30px\"><\/div><div class=\"wpb_text_column us_custom_a38e0465 has_text_color\"><div class=\"wpb_wrapper\"><p><span style=\"font-weight: 400;\">Dank unseres umfangreichen Netzwerks stellen wir regelm\u00e4\u00dfig komplette Teams f\u00fcr unsere Kunden zusammen. Diese Teams k\u00f6nnen aus Monteuren, Monteuren (1. und 2.), Schwei\u00dfern, Vorarbeitern und Aufsichtspersonal bestehen. Bei Bedarf erg\u00e4nzen wir sie durch Sicherheits- und Qualit\u00e4tspersonal. Die Teamgr\u00f6\u00dfe variiert von <\/span><b>10 bis 100 Fachleute<\/b><span style=\"font-weight: 400;\">, je nach Gr\u00f6\u00dfe des Projekts.<\/span><\/p>\n<\/div><\/div><\/div><\/div><div class=\"wpb_column vc_column_container us_custom_47474b22 us_animate_this stretched\"><div class=\"vc_column-inner\"><div class=\"w-image us_custom_2195e473 align_none\"><div class=\"w-image-h\"><img decoding=\"async\" width=\"1000\" height=\"546\" src=\"https:\/\/dbgroup.nl\/wp-content\/uploads\/2025\/08\/AdobeStock_1620773867.jpg\" class=\"attachment-full size-full\" alt=\"\" loading=\"lazy\" srcset=\"https:\/\/dbgroup.nl\/wp-content\/uploads\/2025\/08\/AdobeStock_1620773867.jpg 1000w, https:\/\/dbgroup.nl\/wp-content\/uploads\/2025\/08\/AdobeStock_1620773867-300x164.jpg 300w\" sizes=\"auto, (max-width: 1000px) 100vw, 1000px\" \/><\/div><\/div><\/div><\/div><\/div><\/div><\/section><section class=\"l-section wpb_row us_custom_7b5306bb height_auto with_img\"><div class=\"l-section-img\" role=\"img\" aria-label=\"Bild\" data-img-width=\"299\" data-img-height=\"299\" style=\"background-image: url(https:\/\/dbgroup.nl\/wp-content\/uploads\/2025\/07\/circle.png);background-repeat: no-repeat;background-size: auto;\"><\/div><div class=\"l-section-h i-cf\"><div class=\"g-cols vc_row via_grid cols_2 laptops-cols_inherit tablets-cols_1 mobiles-cols_1 valign_middle type_default reversed stacking_default\" style=\"--columns-gap:60px;--laptops-columns-gap:60px;--tablets-columns-gap:50px;--mobiles-columns-gap:50px;\"><div class=\"wpb_column vc_column_container us_custom_7e20fa79 us_animate_this\"><div class=\"vc_column-inner\"><div class=\"w-image align_none\"><div class=\"w-image-h\"><img decoding=\"async\" width=\"800\" height=\"448\" src=\"https:\/\/dbgroup.nl\/wp-content\/uploads\/2025\/08\/img5.png\" class=\"attachment-full size-full\" alt=\"\" loading=\"lazy\" srcset=\"https:\/\/dbgroup.nl\/wp-content\/uploads\/2025\/08\/img5.png 800w, https:\/\/dbgroup.nl\/wp-content\/uploads\/2025\/08\/img5-300x168.png 300w\" sizes=\"auto, (max-width: 800px) 100vw, 800px\" \/><\/div><\/div><\/div><\/div><div class=\"wpb_column vc_column_container us_custom_47474b22 us_animate_this\"><div class=\"vc_column-inner\"><h3 class=\"w-text us_custom_1fed16d9\"><span class=\"w-text-h\"><span class=\"w-text-value\">Eigene Werkstatt in Enter<\/span><\/span><\/h3><div class=\"w-separator size_custom\" style=\"height:30px\"><\/div><div class=\"wpb_text_column us_custom_a38e0465 has_text_color\"><div class=\"wpb_wrapper\"><p><span style=\"font-weight: 400;\">In unserer Werkstatt in Enter k\u00f6nnen die Mitarbeiter Schwei\u00dfproben machen, Schwei\u00dferpr\u00fcfungen ablegen und sich auf Schwei\u00dfpr\u00fcfungen vorbereiten. Indem wir diese Pr\u00fcfungen im Voraus durchf\u00fchren, garantieren wir Qualit\u00e4t und vermeiden Zeitverluste bei der Aufnahme der Arbeit. Wir haben auch Einrichtungen f\u00fcr <\/span><b>kleinere Montage- und Befestigungsarbeiten<\/b><span style=\"font-weight: 400;\"> f\u00fcr Kunden.<\/span><\/p>\n<p><span style=\"font-weight: 400;\">Wir bieten auch verschiedene Schulungen in der Werkstatt an, wie zum Beispiel:<\/span><\/p>\n<ul>\n<li style=\"font-weight: 400;\" aria-level=\"1\"><b>Flanschmonteur<\/b><\/li>\n<li style=\"font-weight: 400;\" aria-level=\"1\"><b>Sichere Handhabung von Lasten<\/b><\/li>\n<\/ul>\n<\/div><\/div><\/div><\/div><\/div><\/div><\/section>","protected":false},"excerpt":{"rendered":"Over onsOver onsOver DB GroupDB Group is een technisch detacheringsbureau met een sterke focus op sectoren zoals petrochemie, olie- en gaswinning, marine- en scheepsbouw en voedings- en zuivelindustrie. Wij leveren vakmensen en specialisten die direct inzetbaar zijn en voldoen aan de hoogste kwaliteits- en veiligheidseisen. Vakmensen en specialistenOnze kern ligt in het leveren van ervaren...","protected":false},"author":1,"featured_media":0,"parent":0,"menu_order":0,"comment_status":"closed","ping_status":"closed","template":"","meta":{"_acf_changed":false,"footnotes":""},"class_list":["post-366","page","type-page","status-publish","hentry"],"acf":[],"yoast_head":"<!-- This site is optimized with the Yoast SEO plugin v26.9 - https:\/\/yoast.com\/product\/yoast-seo-wordpress\/ -->\n<title>Over DB Group | Betrouwbare partner in technische detachering<\/title>\n<meta name=\"description\" content=\"DB Group is een technisch detacheringsbureau voor petrochemie, olie &amp; gas, marine, scheepsbouw en food. Direct inzetbare vakmensen, veilig en gekwalificeerd.\" \/>\n<meta name=\"robots\" content=\"index, follow, max-snippet:-1, max-image-preview:large, max-video-preview:-1\" \/>\n<link rel=\"canonical\" href=\"https:\/\/dbgroup.nl\/de\/uber-uns\/\" \/>\n<meta property=\"og:locale\" content=\"de_DE\" \/>\n<meta property=\"og:type\" content=\"article\" \/>\n<meta property=\"og:title\" content=\"Over DB Group | Betrouwbare partner in technische detachering\" \/>\n<meta property=\"og:description\" content=\"DB Group is een technisch detacheringsbureau voor petrochemie, olie &amp; gas, marine, scheepsbouw en food. Direct inzetbare vakmensen, veilig en gekwalificeerd.\" \/>\n<meta property=\"og:url\" content=\"https:\/\/dbgroup.nl\/de\/uber-uns\/\" \/>\n<meta property=\"og:site_name\" content=\"DB Group\" \/>\n<meta property=\"article:modified_time\" content=\"2026-02-05T15:07:03+00:00\" \/>\n<meta name=\"twitter:card\" content=\"summary_large_image\" \/>\n<meta name=\"twitter:label1\" content=\"Gesch\u00e4tzte Lesezeit\" \/>\n\t<meta name=\"twitter:data1\" content=\"3\u00a0Minuten\" \/>\n<script type=\"application\/ld+json\" class=\"yoast-schema-graph\">{\"@context\":\"https:\/\/schema.org\",\"@graph\":[{\"@type\":\"WebPage\",\"@id\":\"https:\/\/dbgroup.nl\/over-ons\/\",\"url\":\"https:\/\/dbgroup.nl\/over-ons\/\",\"name\":\"Over DB Group | Betrouwbare partner in technische detachering\",\"isPartOf\":{\"@id\":\"https:\/\/dbgroup.nl\/#website\"},\"datePublished\":\"2025-08-14T06:14:42+00:00\",\"dateModified\":\"2026-02-05T15:07:03+00:00\",\"description\":\"DB Group is een technisch detacheringsbureau voor petrochemie, olie & gas, marine, scheepsbouw en food. Direct inzetbare vakmensen, veilig en gekwalificeerd.\",\"breadcrumb\":{\"@id\":\"https:\/\/dbgroup.nl\/over-ons\/#breadcrumb\"},\"inLanguage\":\"de\",\"potentialAction\":[{\"@type\":\"ReadAction\",\"target\":[\"https:\/\/dbgroup.nl\/over-ons\/\"]}]},{\"@type\":\"BreadcrumbList\",\"@id\":\"https:\/\/dbgroup.nl\/over-ons\/#breadcrumb\",\"itemListElement\":[{\"@type\":\"ListItem\",\"position\":1,\"name\":\"Home\",\"item\":\"https:\/\/dbgroup.nl\/\"},{\"@type\":\"ListItem\",\"position\":2,\"name\":\"Over ons\"}]},{\"@type\":\"WebSite\",\"@id\":\"https:\/\/dbgroup.nl\/#website\",\"url\":\"https:\/\/dbgroup.nl\/\",\"name\":\"DB Group\",\"description\":\"\",\"publisher\":{\"@id\":\"https:\/\/dbgroup.nl\/#organization\"},\"potentialAction\":[{\"@type\":\"SearchAction\",\"target\":{\"@type\":\"EntryPoint\",\"urlTemplate\":\"https:\/\/dbgroup.nl\/?s={search_term_string}\"},\"query-input\":{\"@type\":\"PropertyValueSpecification\",\"valueRequired\":true,\"valueName\":\"search_term_string\"}}],\"inLanguage\":\"de\"},{\"@type\":\"Organization\",\"@id\":\"https:\/\/dbgroup.nl\/#organization\",\"name\":\"DB Group\",\"url\":\"https:\/\/dbgroup.nl\/\",\"logo\":{\"@type\":\"ImageObject\",\"inLanguage\":\"de\",\"@id\":\"https:\/\/dbgroup.nl\/#\/schema\/logo\/image\/\",\"url\":\"https:\/\/dbgroup.nl\/wp-content\/uploads\/2026\/01\/Icon.png\",\"contentUrl\":\"https:\/\/dbgroup.nl\/wp-content\/uploads\/2026\/01\/Icon.png\",\"width\":512,\"height\":512,\"caption\":\"DB Group\"},\"image\":{\"@id\":\"https:\/\/dbgroup.nl\/#\/schema\/logo\/image\/\"}}]}<\/script>\n<!-- \/ Yoast SEO plugin. -->","yoast_head_json":{"title":"\u00dcber den DB-Konzern | Zuverl\u00e4ssiger Partner in der technischen Entsendung","description":"Der DB-Konzern ist eine technische Entsendeagentur f\u00fcr Petrochemie, \u00d6l und Gas, Marine, Schiffbau und Lebensmittel. Sofort einsetzbare Fachkr\u00e4fte, sicher und qualifiziert.","robots":{"index":"index","follow":"follow","max-snippet":"max-snippet:-1","max-image-preview":"max-image-preview:large","max-video-preview":"max-video-preview:-1"},"canonical":"https:\/\/dbgroup.nl\/de\/uber-uns\/","og_locale":"de_DE","og_type":"article","og_title":"Over DB Group | Betrouwbare partner in technische detachering","og_description":"DB Group is een technisch detacheringsbureau voor petrochemie, olie & gas, marine, scheepsbouw en food. Direct inzetbare vakmensen, veilig en gekwalificeerd.","og_url":"https:\/\/dbgroup.nl\/de\/uber-uns\/","og_site_name":"DB Group","article_modified_time":"2026-02-05T15:07:03+00:00","twitter_card":"summary_large_image","twitter_misc":{"Gesch\u00e4tzte Lesezeit":"3\u00a0Minuten"},"schema":{"@context":"https:\/\/schema.org","@graph":[{"@type":"WebPage","@id":"https:\/\/dbgroup.nl\/over-ons\/","url":"https:\/\/dbgroup.nl\/over-ons\/","name":"\u00dcber den DB-Konzern | Zuverl\u00e4ssiger Partner in der technischen Entsendung","isPartOf":{"@id":"https:\/\/dbgroup.nl\/#website"},"datePublished":"2025-08-14T06:14:42+00:00","dateModified":"2026-02-05T15:07:03+00:00","description":"Der DB-Konzern ist eine technische Entsendeagentur f\u00fcr Petrochemie, \u00d6l und Gas, Marine, Schiffbau und Lebensmittel. Sofort einsetzbare Fachkr\u00e4fte, sicher und qualifiziert.","breadcrumb":{"@id":"https:\/\/dbgroup.nl\/over-ons\/#breadcrumb"},"inLanguage":"de","potentialAction":[{"@type":"ReadAction","target":["https:\/\/dbgroup.nl\/over-ons\/"]}]},{"@type":"BreadcrumbList","@id":"https:\/\/dbgroup.nl\/over-ons\/#breadcrumb","itemListElement":[{"@type":"ListItem","position":1,"name":"Home","item":"https:\/\/dbgroup.nl\/"},{"@type":"ListItem","position":2,"name":"Over ons"}]},{"@type":"WebSite","@id":"https:\/\/dbgroup.nl\/#website","url":"https:\/\/dbgroup.nl\/","name":"DB-Konzern","description":"","publisher":{"@id":"https:\/\/dbgroup.nl\/#organization"},"potentialAction":[{"@type":"SearchAction","target":{"@type":"EntryPoint","urlTemplate":"https:\/\/dbgroup.nl\/?s={search_term_string}"},"query-input":{"@type":"PropertyValueSpecification","valueRequired":true,"valueName":"search_term_string"}}],"inLanguage":"de"},{"@type":"Organization","@id":"https:\/\/dbgroup.nl\/#organization","name":"DB-Konzern","url":"https:\/\/dbgroup.nl\/","logo":{"@type":"ImageObject","inLanguage":"de","@id":"https:\/\/dbgroup.nl\/#\/schema\/logo\/image\/","url":"https:\/\/dbgroup.nl\/wp-content\/uploads\/2026\/01\/Icon.png","contentUrl":"https:\/\/dbgroup.nl\/wp-content\/uploads\/2026\/01\/Icon.png","width":512,"height":512,"caption":"DB Group"},"image":{"@id":"https:\/\/dbgroup.nl\/#\/schema\/logo\/image\/"}}]}},"_links":{"self":[{"href":"https:\/\/dbgroup.nl\/de\/wp-json\/wp\/v2\/pages\/366","targetHints":{"allow":["GET"]}}],"collection":[{"href":"https:\/\/dbgroup.nl\/de\/wp-json\/wp\/v2\/pages"}],"about":[{"href":"https:\/\/dbgroup.nl\/de\/wp-json\/wp\/v2\/types\/page"}],"author":[{"embeddable":true,"href":"https:\/\/dbgroup.nl\/de\/wp-json\/wp\/v2\/users\/1"}],"replies":[{"embeddable":true,"href":"https:\/\/dbgroup.nl\/de\/wp-json\/wp\/v2\/comments?post=366"}],"version-history":[{"count":6,"href":"https:\/\/dbgroup.nl\/de\/wp-json\/wp\/v2\/pages\/366\/revisions"}],"predecessor-version":[{"id":877,"href":"https:\/\/dbgroup.nl\/de\/wp-json\/wp\/v2\/pages\/366\/revisions\/877"}],"wp:attachment":[{"href":"https:\/\/dbgroup.nl\/de\/wp-json\/wp\/v2\/media?parent=366"}],"curies":[{"name":"wp","href":"https:\/\/api.w.org\/{rel}","templated":true}]}}