{"id":456,"date":"2026-01-21T16:55:44","date_gmt":"2026-01-21T16:55:44","guid":{"rendered":"https:\/\/dbgroup.nl\/?page_id=456"},"modified":"2026-01-23T17:16:40","modified_gmt":"2026-01-23T17:16:40","slug":"technische-fachkrafte-fur-die-schifffahrt-und-den-schiffbau","status":"publish","type":"page","link":"https:\/\/dbgroup.nl\/de\/technische-vakmensen-marine-en-scheepsbouw\/","title":{"rendered":"Technische Fachleute aus dem Bereich Marine und Schiffbau"},"content":{"rendered":"<section class=\"l-section wpb_row us_custom_3e14535b us_animate_this height_huge color_secondary\"><div class=\"l-section-h i-cf\"><div class=\"g-cols vc_row via_grid cols_1 laptops-cols_inherit tablets-cols_1 mobiles-cols_1 valign_top type_default reversed stacking_default\" style=\"--columns-gap:0rem;\"><div class=\"wpb_column vc_column_container us_custom_e5713a0c\"><div class=\"vc_column-inner\"><div class=\"w-text us_custom_03bbc369 has_text_color\" id=\"dancing-title\"><span class=\"w-text-h\"><span class=\"w-text-value\">Technische Fachleute <\/span><\/span><\/div><h2 class=\"w-text us_custom_73690761 has_text_color\"><span class=\"w-text-h\"><span class=\"w-text-value\">Technische Fachleute aus dem Bereich Marine und Schiffbau<\/span><\/span><\/h2><\/div><\/div><\/div><\/div><\/section><section class=\"l-section wpb_row us_custom_7b5306bb height_auto with_img\"><div class=\"l-section-img\" role=\"img\" aria-label=\"Bild\" data-img-width=\"172\" data-img-height=\"580\" style=\"background-image: url(https:\/\/dbgroup.nl\/wp-content\/uploads\/2025\/07\/Ellipse-3.png);background-position: bottom left;background-repeat: no-repeat;background-size: auto;\"><\/div><div class=\"l-section-h i-cf\"><div class=\"g-cols vc_row via_grid cols_2 laptops-cols_inherit tablets-cols_1 mobiles-cols_1 valign_middle type_default reversed stacking_default\" style=\"--columns-gap:60px;--laptops-columns-gap:60px;--tablets-columns-gap:50px;--mobiles-columns-gap:50px;\"><div class=\"wpb_column vc_column_container us_custom_7e20fa79 us_animate_this\"><div class=\"vc_column-inner\"><h3 class=\"w-text us_custom_1fed16d9\"><span class=\"w-text-h\"><span class=\"w-text-value\">Technische Fachleute aus dem Bereich Marine und Schiffbau<\/span><\/span><\/h3><div class=\"w-separator size_custom\" style=\"height:20px\"><\/div><div class=\"wpb_text_column us_custom_a38e0465 has_text_color\"><div class=\"wpb_wrapper\"><p><span>Die Marine- und Schiffbauindustrie stellt hohe Anforderungen an handwerkliches K\u00f6nnen, Sicherheit und Zuverl\u00e4ssigkeit. Der DB-Konzern liefert erfahrene technische Fachleute, die t\u00e4glich bei komplexen Neubau-, Instandhaltungs- und Renovierungsprojekten im maritimen Sektor eingesetzt werden. Von Rumpf- und Konstruktionsarbeiten bis hin zu Rohrleitungen und Hydraulik: Wir stellen die richtigen Leute zur richtigen Zeit bereit.<\/span><\/p>\n<p><span>Unsere Spezialisten sind es gewohnt, in Umgebungen zu arbeiten, in denen Planung, Qualit\u00e4t und Sicherheit entscheidend sind. Dank ihrer Erfahrung in einer Vielzahl von Projekten im Marine- und Schiffbau k\u00f6nnen sie sich schnell in bestehende Teams und Projekte einf\u00fcgen, ohne Kompromisse bei der Qualit\u00e4t oder Produktivit\u00e4t einzugehen.<\/span><\/p>\n<\/div><\/div><\/div><\/div><div class=\"wpb_column vc_column_container us_custom_47474b22 us_animate_this stretched\"><div class=\"vc_column-inner\"><div class=\"w-image us_custom_2195e473 align_none\"><div class=\"w-image-h\"><img decoding=\"async\" width=\"1000\" height=\"667\" src=\"https:\/\/dbgroup.nl\/wp-content\/uploads\/2026\/01\/1.jpg\" class=\"attachment-full size-full\" alt=\"\" loading=\"lazy\" srcset=\"https:\/\/dbgroup.nl\/wp-content\/uploads\/2026\/01\/1.jpg 1000w, https:\/\/dbgroup.nl\/wp-content\/uploads\/2026\/01\/1-300x200.jpg 300w\" sizes=\"auto, (max-width: 1000px) 100vw, 1000px\" \/><\/div><\/div><\/div><\/div><\/div><\/div><\/section><section class=\"l-section wpb_row height_medium\"><div class=\"l-section-h i-cf\"><div class=\"g-cols vc_row via_grid cols_1 laptops-cols_inherit tablets-cols_inherit mobiles-cols_1 valign_top type_default stacking_default\"><div class=\"wpb_column vc_column_container\"><div class=\"vc_column-inner\"><div class=\"wpb_text_column\"><div class=\"wpb_wrapper\"><h2><span lang=\"NL\">Disziplinen<\/span><\/h2>\n<p><span>Der DB-Konzern hat sich zum Nutzen des Schiffbaus auf die folgenden Disziplinen spezialisiert:<\/span><\/p>\n\n<table id=\"tablepress-5\" class=\"tablepress tablepress-id-5\">\n<thead>\n<tr class=\"row-1\">\n\t<th class=\"column-1\">Schwei\u00dfer<\/th><th class=\"column-2\">Installateure<\/th><th class=\"column-3\">Ingenieure<\/th>\n<\/tr>\n<\/thead>\n<tbody class=\"row-striping row-hover\">\n<tr class=\"row-2\">\n\t<td class=\"column-1\">WIG-Schwei\u00dfer<\/td><td class=\"column-2\">1st Fitters Schiffbau<\/td><td class=\"column-3\">Eisenbahner<\/td>\n<\/tr>\n<tr class=\"row-3\">\n\t<td class=\"column-1\">Elektrodenschwei\u00dfger\u00e4t<\/td><td class=\"column-2\">2. Installateure Schiffbau<\/td><td class=\"column-3\">Casco Bauherr<\/td>\n<\/tr>\n<tr class=\"row-4\">\n\t<td class=\"column-1\">MIG\/MAG-Schwei\u00dfger\u00e4t<\/td><td class=\"column-2\">Fitter Torq &amp; Tensioning<\/td><td class=\"column-3\">Mechanische Konstruktion<\/td>\n<\/tr>\n<tr class=\"row-5\">\n\t<td class=\"column-1\">Kombi-Schwei\u00dfger\u00e4t (WIG-Elektro)<\/td><td class=\"column-2\">Installateure Gro\u00dfe Durchmesser<\/td><td class=\"column-3\">Rohrleitungsingenieur<\/td>\n<\/tr>\n<tr class=\"row-6\">\n\t<td class=\"column-1\">Kombi-Schwei\u00dfger\u00e4t (TIG\/MIG\/MAG)<\/td><td class=\"column-2\"><\/td><td class=\"column-3\">Hydrauliker<\/td>\n<\/tr>\n<\/tbody>\n<\/table>\n<!-- #tablepress-5 from cache -->\n<\/div><\/div><\/div><\/div><\/div><\/div><\/section><section class=\"l-section wpb_row us_custom_7b5306bb height_auto with_img\"><div class=\"l-section-img\" role=\"img\" aria-label=\"Bild\" data-img-width=\"299\" data-img-height=\"299\" style=\"background-image: url(https:\/\/dbgroup.nl\/wp-content\/uploads\/2025\/07\/circle.png);background-repeat: no-repeat;background-size: auto;\"><\/div><div class=\"l-section-h i-cf\"><div class=\"g-cols vc_row via_grid cols_2 laptops-cols_inherit tablets-cols_1 mobiles-cols_1 valign_middle type_default reversed stacking_default\" style=\"--columns-gap:60px;--laptops-columns-gap:60px;--tablets-columns-gap:50px;--mobiles-columns-gap:50px;\"><div class=\"wpb_column vc_column_container us_custom_7e20fa79 us_animate_this\"><div class=\"vc_column-inner\"><div class=\"w-image align_none\"><div class=\"w-image-h\"><img decoding=\"async\" width=\"800\" height=\"448\" src=\"https:\/\/dbgroup.nl\/wp-content\/uploads\/2025\/08\/img5.png\" class=\"attachment-full size-full\" alt=\"\" loading=\"lazy\" srcset=\"https:\/\/dbgroup.nl\/wp-content\/uploads\/2025\/08\/img5.png 800w, https:\/\/dbgroup.nl\/wp-content\/uploads\/2025\/08\/img5-300x168.png 300w\" sizes=\"auto, (max-width: 800px) 100vw, 800px\" \/><\/div><\/div><\/div><\/div><div class=\"wpb_column vc_column_container us_custom_47474b22 us_animate_this\"><div class=\"vc_column-inner\"><div class=\"w-separator size_custom\" style=\"height:30px\"><\/div><div class=\"wpb_text_column us_custom_a38e0465 has_text_color\"><div class=\"wpb_wrapper\"><p><span>Unsere Schwei\u00dfer sind mit verschiedenen Werkstoffgruppen von Stahl bis zu FE 690, Edelstahl 316, Duplex- und Kesselst\u00e4hlen vertraut. Standardm\u00e4\u00dfig werden 6G-Schwei\u00dfer h\u00e4ufig von unseren Kunden aus der Marine- und Schiffbauindustrie angefordert. Selbstverst\u00e4ndlich sind unsere Mitarbeiter mit den verschiedenen Zertifizierungen wie Flanschschlosser, VCA, WFPr, WFPr-TT, etc. vertraut.<\/span><\/p>\n<\/div><\/div><\/div><\/div><\/div><\/div><\/section><section class=\"l-section wpb_row height_medium color_alternate\"><div class=\"l-section-h i-cf\"><div class=\"g-cols vc_row via_grid cols_1 laptops-cols_inherit tablets-cols_inherit mobiles-cols_1 valign_top type_default stacking_default\"><div class=\"wpb_column vc_column_container\"><div class=\"vc_column-inner\"><div class=\"wpb_text_column\"><div class=\"wpb_wrapper\"><h2><span lang=\"NL\">Manager\/Personal<\/span><\/h2>\n<p><em><span>F\u00fcr die Verwaltung unserer Fachkr\u00e4fte stellen wir die unten aufgef\u00fchrten Manager\/Mitarbeiter zur Verf\u00fcgung:<\/span><\/em><\/p>\n\n<table id=\"tablepress-7\" class=\"tablepress tablepress-id-7\">\n<thead>\n<tr class=\"row-1\">\n\t<th class=\"column-1\">Vorarbeiter<\/th><th class=\"column-2\">Interpreten<\/th><th class=\"column-3\">Aufsichtsbeh\u00f6rden<\/th>\n<\/tr>\n<\/thead>\n<tbody class=\"row-striping row-hover\">\n<tr class=\"row-2\">\n\t<td class=\"column-1\">Vorarbeiter Mechanik<\/td><td class=\"column-2\">Mechanischer Supervisor<\/td><td class=\"column-3\">Supervisor Mechanik<\/td>\n<\/tr>\n<tr class=\"row-3\">\n\t<td class=\"column-1\">Rohrleitungsbaumeister<\/td><td class=\"column-2\">Bauleiter<\/td><td class=\"column-3\">Supervisor Bau<\/td>\n<\/tr>\n<tr class=\"row-4\">\n\t<td class=\"column-1\">Bauf\u00fchrer<\/td><td class=\"column-2\">Leiter Instandhaltung<\/td><td class=\"column-3\">Supervisor Wartung<\/td>\n<\/tr>\n<tr class=\"row-5\">\n\t<td class=\"column-1\">Vorarbeiter f\u00fcr Instandhaltung<\/td><td class=\"column-2\">Exekutive Zivil<\/td><td class=\"column-3\">Aufsichtsperson Zivilrecht<\/td>\n<\/tr>\n<tr class=\"row-6\">\n\t<td class=\"column-1\">Vorarbeiter Instandhaltung<\/td><td class=\"column-2\">Superintendent TurnAround<\/td><td class=\"column-3\">Vorgesetzter TurnAround<\/td>\n<\/tr>\n<\/tbody>\n<\/table>\n<!-- #tablepress-7 from cache -->\n<\/div><\/div><\/div><\/div><\/div><\/div><\/section><section class=\"l-section wpb_row height_medium\"><div class=\"l-section-h i-cf\"><div class=\"g-cols vc_row via_grid cols_1 laptops-cols_inherit tablets-cols_inherit mobiles-cols_1 valign_top type_default stacking_default\"><div class=\"wpb_column vc_column_container\"><div class=\"vc_column-inner\"><div class=\"wpb_text_column\"><div class=\"wpb_wrapper\"><h2><span lang=\"NL\">Marine- und Schiffbauspezialisten\/-fachleute<\/span><\/h2>\n<p><span>Dar\u00fcber hinaus unterst\u00fctzen wir unsere Kunden mit den unten aufgef\u00fchrten Spezialisten und Fachleuten aus den Bereichen Marine und Schiffbau:<\/span><\/p>\n\n<table id=\"tablepress-8\" class=\"tablepress tablepress-id-8\">\n<thead>\n<tr class=\"row-1\">\n\t<th class=\"column-1\">QA\/QC<\/th><th class=\"column-2\">Vorbereitung der Arbeit<\/th><th class=\"column-3\">Projektmitarbeiter<\/th>\n<\/tr>\n<\/thead>\n<tbody class=\"row-striping row-hover\">\n<tr class=\"row-2\">\n\t<td class=\"column-1\">QA\/QC - Schwei\u00dftechnische Praxis<\/td><td class=\"column-2\">Vorbereitung der Rohrleitungsarbeiten<\/td><td class=\"column-3\">Projektleiter<\/td>\n<\/tr>\n<tr class=\"row-3\">\n\t<td class=\"column-1\">QA\/QC - Sichtpr\u00fcfung<\/td><td class=\"column-2\">Arbeitsvorbereitung Mechanisch<\/td><td class=\"column-3\">Projektingenieure (WTB \/ E&amp;I)<\/td>\n<\/tr>\n<tr class=\"row-4\">\n\t<td class=\"column-1\">QA\/QC - MLT<\/td><td class=\"column-2\">Arbeitsvorbereitung E\/I<\/td><td class=\"column-3\">Dokumentenkontrolle<\/td>\n<\/tr>\n<tr class=\"row-5\">\n\t<td class=\"column-1\">QA\/QC - LPI<\/td><td class=\"column-2\">WVB Wartung<\/td><td class=\"column-3\">Projektsekret\u00e4re<\/td>\n<\/tr>\n<\/tbody>\n<\/table>\n<!-- #tablepress-8 from cache -->\n<\/div><\/div><\/div><\/div><\/div><\/div><\/section><section class=\"l-section wpb_row us_custom_7b5306bb height_auto with_img\"><div class=\"l-section-img\" role=\"img\" aria-label=\"Bild\" data-img-width=\"299\" data-img-height=\"299\" style=\"background-image: url(https:\/\/dbgroup.nl\/wp-content\/uploads\/2025\/07\/circle.png);background-repeat: no-repeat;background-size: auto;\"><\/div><div class=\"l-section-h i-cf\"><div class=\"g-cols vc_row via_grid cols_2 laptops-cols_inherit tablets-cols_1 mobiles-cols_1 valign_middle type_default reversed stacking_default\" style=\"--columns-gap:60px;--laptops-columns-gap:60px;--tablets-columns-gap:50px;--mobiles-columns-gap:50px;\"><div class=\"wpb_column vc_column_container us_custom_7e20fa79 us_animate_this\"><div class=\"vc_column-inner\"><div class=\"w-image align_none\"><div class=\"w-image-h\"><img decoding=\"async\" width=\"1000\" height=\"560\" src=\"https:\/\/dbgroup.nl\/wp-content\/uploads\/2026\/01\/2.jpg\" class=\"attachment-full size-full\" alt=\"\" loading=\"lazy\" srcset=\"https:\/\/dbgroup.nl\/wp-content\/uploads\/2026\/01\/2.jpg 1000w, https:\/\/dbgroup.nl\/wp-content\/uploads\/2026\/01\/2-300x168.jpg 300w\" sizes=\"auto, (max-width: 1000px) 100vw, 1000px\" \/><\/div><\/div><\/div><\/div><div class=\"wpb_column vc_column_container us_custom_47474b22 us_animate_this\"><div class=\"vc_column-inner\"><h3 class=\"w-text us_custom_1fed16d9\"><span class=\"w-text-h\"><span class=\"w-text-value\">Kunden<\/span><\/span><\/h3><div class=\"w-separator size_custom\" style=\"height:30px\"><\/div><div class=\"wpb_text_column us_custom_a38e0465 has_text_color\"><div class=\"wpb_wrapper\"><p><span>Zu unseren Kunden im Marine- und Schiffbau geh\u00f6ren:\u00a0<\/span><span>Damen, Heerema, Allseas, Huisman, AMS, Multimetal, SEW, SMST, Iemants<\/span><\/p>\n<\/div><\/div><\/div><\/div><\/div><\/div><\/section>","protected":false},"excerpt":{"rendered":"Technische vakmensen Technische vakmensen marine- en scheepsbouwTechnische vakmensen marine- en scheepsbouwDe marine- en scheepsbouw stelt hoge eisen aan vakmanschap, veiligheid en betrouwbaarheid. DB Group levert ervaren technische vakmensen die dagelijks worden ingezet op complexe nieuwbouw-, onderhouds- en renovatieprojecten binnen de maritieme sector. Van casco- en constructiewerk tot leidingwerk, piping en hydrauliek: wij zorgen voor de...","protected":false},"author":1,"featured_media":0,"parent":0,"menu_order":0,"comment_status":"closed","ping_status":"closed","template":"","meta":{"_acf_changed":false,"footnotes":""},"class_list":["post-456","page","type-page","status-publish","hentry"],"acf":[],"yoast_head":"<!-- This site is optimized with the Yoast SEO plugin v27.4 - https:\/\/yoast.com\/product\/yoast-seo-wordpress\/ -->\n<title>Technische vakmensen marine- en scheepsbouw - DB Group<\/title>\n<meta name=\"robots\" content=\"index, follow, max-snippet:-1, max-image-preview:large, max-video-preview:-1\" \/>\n<link rel=\"canonical\" href=\"https:\/\/dbgroup.nl\/de\/technische-fachkrafte-fur-die-schifffahrt-und-den-schiffbau\/\" \/>\n<meta property=\"og:locale\" content=\"de_DE\" \/>\n<meta property=\"og:type\" content=\"article\" \/>\n<meta property=\"og:title\" content=\"Technische vakmensen marine- en scheepsbouw - DB Group\" \/>\n<meta property=\"og:url\" content=\"https:\/\/dbgroup.nl\/de\/technische-fachkrafte-fur-die-schifffahrt-und-den-schiffbau\/\" \/>\n<meta property=\"og:site_name\" content=\"DB Group\" \/>\n<meta property=\"article:modified_time\" content=\"2026-01-23T17:16:40+00:00\" \/>\n<meta name=\"twitter:card\" content=\"summary_large_image\" \/>\n<meta name=\"twitter:label1\" content=\"Gesch\u00e4tzte Lesezeit\" \/>\n\t<meta name=\"twitter:data1\" content=\"6\u00a0Minuten\" \/>\n<script type=\"application\/ld+json\" class=\"yoast-schema-graph\">{\"@context\":\"https:\\\/\\\/schema.org\",\"@graph\":[{\"@type\":\"WebPage\",\"@id\":\"https:\\\/\\\/dbgroup.nl\\\/technische-vakmensen-marine-en-scheepsbouw\\\/\",\"url\":\"https:\\\/\\\/dbgroup.nl\\\/technische-vakmensen-marine-en-scheepsbouw\\\/\",\"name\":\"Technische vakmensen marine- en scheepsbouw - DB Group\",\"isPartOf\":{\"@id\":\"https:\\\/\\\/dbgroup.nl\\\/#website\"},\"datePublished\":\"2026-01-21T16:55:44+00:00\",\"dateModified\":\"2026-01-23T17:16:40+00:00\",\"breadcrumb\":{\"@id\":\"https:\\\/\\\/dbgroup.nl\\\/technische-vakmensen-marine-en-scheepsbouw\\\/#breadcrumb\"},\"inLanguage\":\"de\",\"potentialAction\":[{\"@type\":\"ReadAction\",\"target\":[\"https:\\\/\\\/dbgroup.nl\\\/technische-vakmensen-marine-en-scheepsbouw\\\/\"]}]},{\"@type\":\"BreadcrumbList\",\"@id\":\"https:\\\/\\\/dbgroup.nl\\\/technische-vakmensen-marine-en-scheepsbouw\\\/#breadcrumb\",\"itemListElement\":[{\"@type\":\"ListItem\",\"position\":1,\"name\":\"Home\",\"item\":\"https:\\\/\\\/dbgroup.nl\\\/\"},{\"@type\":\"ListItem\",\"position\":2,\"name\":\"Technische vakmensen marine- en scheepsbouw\"}]},{\"@type\":\"WebSite\",\"@id\":\"https:\\\/\\\/dbgroup.nl\\\/#website\",\"url\":\"https:\\\/\\\/dbgroup.nl\\\/\",\"name\":\"DB Group\",\"description\":\"\",\"publisher\":{\"@id\":\"https:\\\/\\\/dbgroup.nl\\\/#organization\"},\"potentialAction\":[{\"@type\":\"SearchAction\",\"target\":{\"@type\":\"EntryPoint\",\"urlTemplate\":\"https:\\\/\\\/dbgroup.nl\\\/?s={search_term_string}\"},\"query-input\":{\"@type\":\"PropertyValueSpecification\",\"valueRequired\":true,\"valueName\":\"search_term_string\"}}],\"inLanguage\":\"de\"},{\"@type\":\"Organization\",\"@id\":\"https:\\\/\\\/dbgroup.nl\\\/#organization\",\"name\":\"DB Group\",\"url\":\"https:\\\/\\\/dbgroup.nl\\\/\",\"logo\":{\"@type\":\"ImageObject\",\"inLanguage\":\"de\",\"@id\":\"https:\\\/\\\/dbgroup.nl\\\/#\\\/schema\\\/logo\\\/image\\\/\",\"url\":\"https:\\\/\\\/dbgroup.nl\\\/wp-content\\\/uploads\\\/2026\\\/01\\\/Icon.png\",\"contentUrl\":\"https:\\\/\\\/dbgroup.nl\\\/wp-content\\\/uploads\\\/2026\\\/01\\\/Icon.png\",\"width\":512,\"height\":512,\"caption\":\"DB Group\"},\"image\":{\"@id\":\"https:\\\/\\\/dbgroup.nl\\\/#\\\/schema\\\/logo\\\/image\\\/\"}}]}<\/script>\n<!-- \/ Yoast SEO plugin. -->","yoast_head_json":{"title":"Technische Fachkr\u00e4fte f\u00fcr Marine und Schiffbau - DB-Konzern","robots":{"index":"index","follow":"follow","max-snippet":"max-snippet:-1","max-image-preview":"max-image-preview:large","max-video-preview":"max-video-preview:-1"},"canonical":"https:\/\/dbgroup.nl\/de\/technische-fachkrafte-fur-die-schifffahrt-und-den-schiffbau\/","og_locale":"de_DE","og_type":"article","og_title":"Technische vakmensen marine- en scheepsbouw - DB Group","og_url":"https:\/\/dbgroup.nl\/de\/technische-fachkrafte-fur-die-schifffahrt-und-den-schiffbau\/","og_site_name":"DB Group","article_modified_time":"2026-01-23T17:16:40+00:00","twitter_card":"summary_large_image","twitter_misc":{"Gesch\u00e4tzte Lesezeit":"6\u00a0Minuten"},"schema":{"@context":"https:\/\/schema.org","@graph":[{"@type":"WebPage","@id":"https:\/\/dbgroup.nl\/technische-vakmensen-marine-en-scheepsbouw\/","url":"https:\/\/dbgroup.nl\/technische-vakmensen-marine-en-scheepsbouw\/","name":"Technische Fachkr\u00e4fte f\u00fcr Marine und Schiffbau - DB-Konzern","isPartOf":{"@id":"https:\/\/dbgroup.nl\/#website"},"datePublished":"2026-01-21T16:55:44+00:00","dateModified":"2026-01-23T17:16:40+00:00","breadcrumb":{"@id":"https:\/\/dbgroup.nl\/technische-vakmensen-marine-en-scheepsbouw\/#breadcrumb"},"inLanguage":"de","potentialAction":[{"@type":"ReadAction","target":["https:\/\/dbgroup.nl\/technische-vakmensen-marine-en-scheepsbouw\/"]}]},{"@type":"BreadcrumbList","@id":"https:\/\/dbgroup.nl\/technische-vakmensen-marine-en-scheepsbouw\/#breadcrumb","itemListElement":[{"@type":"ListItem","position":1,"name":"Home","item":"https:\/\/dbgroup.nl\/"},{"@type":"ListItem","position":2,"name":"Technische vakmensen marine- en scheepsbouw"}]},{"@type":"WebSite","@id":"https:\/\/dbgroup.nl\/#website","url":"https:\/\/dbgroup.nl\/","name":"DB-Konzern","description":"","publisher":{"@id":"https:\/\/dbgroup.nl\/#organization"},"potentialAction":[{"@type":"SearchAction","target":{"@type":"EntryPoint","urlTemplate":"https:\/\/dbgroup.nl\/?s={search_term_string}"},"query-input":{"@type":"PropertyValueSpecification","valueRequired":true,"valueName":"search_term_string"}}],"inLanguage":"de"},{"@type":"Organization","@id":"https:\/\/dbgroup.nl\/#organization","name":"DB-Konzern","url":"https:\/\/dbgroup.nl\/","logo":{"@type":"ImageObject","inLanguage":"de","@id":"https:\/\/dbgroup.nl\/#\/schema\/logo\/image\/","url":"https:\/\/dbgroup.nl\/wp-content\/uploads\/2026\/01\/Icon.png","contentUrl":"https:\/\/dbgroup.nl\/wp-content\/uploads\/2026\/01\/Icon.png","width":512,"height":512,"caption":"DB Group"},"image":{"@id":"https:\/\/dbgroup.nl\/#\/schema\/logo\/image\/"}}]}},"_links":{"self":[{"href":"https:\/\/dbgroup.nl\/de\/wp-json\/wp\/v2\/pages\/456","targetHints":{"allow":["GET"]}}],"collection":[{"href":"https:\/\/dbgroup.nl\/de\/wp-json\/wp\/v2\/pages"}],"about":[{"href":"https:\/\/dbgroup.nl\/de\/wp-json\/wp\/v2\/types\/page"}],"author":[{"embeddable":true,"href":"https:\/\/dbgroup.nl\/de\/wp-json\/wp\/v2\/users\/1"}],"replies":[{"embeddable":true,"href":"https:\/\/dbgroup.nl\/de\/wp-json\/wp\/v2\/comments?post=456"}],"version-history":[{"count":13,"href":"https:\/\/dbgroup.nl\/de\/wp-json\/wp\/v2\/pages\/456\/revisions"}],"predecessor-version":[{"id":749,"href":"https:\/\/dbgroup.nl\/de\/wp-json\/wp\/v2\/pages\/456\/revisions\/749"}],"wp:attachment":[{"href":"https:\/\/dbgroup.nl\/de\/wp-json\/wp\/v2\/media?parent=456"}],"curies":[{"name":"wp","href":"https:\/\/api.w.org\/{rel}","templated":true}]}}