{"id":499,"date":"2026-01-21T18:00:48","date_gmt":"2026-01-21T18:00:48","guid":{"rendered":"https:\/\/dbgroup.nl\/?page_id=499"},"modified":"2026-01-23T17:13:53","modified_gmt":"2026-01-23T17:13:53","slug":"technische-fachkrafte-petrochemie","status":"publish","type":"page","link":"https:\/\/dbgroup.nl\/de\/technische-vakmensen-petrochemie\/","title":{"rendered":"Technische Fachkr\u00e4fte Petrochemie"},"content":{"rendered":"<section class=\"l-section wpb_row us_custom_3e14535b us_animate_this height_huge color_secondary\"><div class=\"l-section-h i-cf\"><div class=\"g-cols vc_row via_grid cols_1 laptops-cols_inherit tablets-cols_1 mobiles-cols_1 valign_top type_default reversed stacking_default\" style=\"--columns-gap:0rem;\"><div class=\"wpb_column vc_column_container us_custom_e5713a0c\"><div class=\"vc_column-inner\"><div class=\"w-text us_custom_03bbc369 has_text_color\" id=\"dancing-title\"><span class=\"w-text-h\"><span class=\"w-text-value\">Technische Fachleute <\/span><\/span><\/div><h2 class=\"w-text us_custom_73690761 has_text_color\"><span class=\"w-text-h\"><span class=\"w-text-value\">Technische Fachkr\u00e4fte Petrochemie <\/span><\/span><\/h2><\/div><\/div><\/div><\/div><\/section><section class=\"l-section wpb_row us_custom_7b5306bb height_auto with_img\"><div class=\"l-section-img\" role=\"img\" aria-label=\"Bild\" data-img-width=\"172\" data-img-height=\"580\" style=\"background-image: url(https:\/\/dbgroup.nl\/wp-content\/uploads\/2025\/07\/Ellipse-3.png);background-position: bottom left;background-repeat: no-repeat;background-size: auto;\"><\/div><div class=\"l-section-h i-cf\"><div class=\"g-cols vc_row via_grid cols_2 laptops-cols_inherit tablets-cols_1 mobiles-cols_1 valign_middle type_default reversed stacking_default\" style=\"--columns-gap:60px;--laptops-columns-gap:60px;--tablets-columns-gap:50px;--mobiles-columns-gap:50px;\"><div class=\"wpb_column vc_column_container us_custom_7e20fa79 us_animate_this\"><div class=\"vc_column-inner\"><h3 class=\"w-text us_custom_1fed16d9\"><span class=\"w-text-h\"><span class=\"w-text-value\">Technische Fachkr\u00e4fte Petrochemie<\/span><\/span><\/h3><div class=\"w-separator size_custom\" style=\"height:20px\"><\/div><div class=\"wpb_text_column us_custom_a38e0465 has_text_color\"><div class=\"wpb_wrapper\"><p><span>Die petrochemische Industrie stellt extrem hohe Anforderungen an Sicherheit, Qualit\u00e4t und Ausf\u00fchrung. Der DB-Konzern stellt erfahrene technische Fachkr\u00e4fte zur Verf\u00fcgung, die t\u00e4glich bei komplexen Projekten, Wartungsstopps und Umr\u00fcstungen in Raffinerien, Chemieanlagen und Industrieanlagen eingesetzt werden. Von Neu- und Umbauten bis hin zu Instandhaltung und \u00dcberholungen stellen wir die richtigen Leute zur richtigen Zeit zur Verf\u00fcgung.<\/span><\/p>\n<p><span>Unsere Fachleute sind es gewohnt, in Umgebungen zu arbeiten, in denen Sicherheit, Verfahren und Planung an erster Stelle stehen und in denen kein Raum f\u00fcr Fehler oder Verz\u00f6gerungen vorhanden ist.<\/span><\/p>\n<\/div><\/div><\/div><\/div><div class=\"wpb_column vc_column_container us_custom_47474b22 us_animate_this stretched\"><div class=\"vc_column-inner\"><div class=\"w-image us_custom_2195e473 align_none\"><div class=\"w-image-h\"><img decoding=\"async\" width=\"1000\" height=\"723\" src=\"https:\/\/dbgroup.nl\/wp-content\/uploads\/2026\/01\/1-2.jpg\" class=\"attachment-full size-full\" alt=\"\" loading=\"lazy\" srcset=\"https:\/\/dbgroup.nl\/wp-content\/uploads\/2026\/01\/1-2.jpg 1000w, https:\/\/dbgroup.nl\/wp-content\/uploads\/2026\/01\/1-2-300x217.jpg 300w\" sizes=\"auto, (max-width: 1000px) 100vw, 1000px\" \/><\/div><\/div><\/div><\/div><\/div><\/div><\/section><section class=\"l-section wpb_row height_medium\"><div class=\"l-section-h i-cf\"><div class=\"g-cols vc_row via_grid cols_1 laptops-cols_inherit tablets-cols_inherit mobiles-cols_1 valign_top type_default stacking_default\"><div class=\"wpb_column vc_column_container\"><div class=\"vc_column-inner\"><div class=\"wpb_text_column\"><div class=\"wpb_wrapper\"><h2><span lang=\"NL\">Disziplinen<\/span><\/h2>\n<p><span>Der DB-Konzern hat sich zum Nutzen des Schiffbaus auf die folgenden Disziplinen spezialisiert:<\/span><\/p>\n\n<table id=\"tablepress-13\" class=\"tablepress tablepress-id-13\">\n<thead>\n<tr class=\"row-1\">\n\t<th class=\"column-1\">Schwei\u00dfer<\/th><th class=\"column-2\">Installateure<\/th><th class=\"column-3\">Ingenieure<\/th>\n<\/tr>\n<\/thead>\n<tbody class=\"row-striping row-hover\">\n<tr class=\"row-2\">\n\t<td class=\"column-1\">Elektrodenschwei\u00dfger\u00e4t<\/td><td class=\"column-2\">1. Installateure<\/td><td class=\"column-3\">Flanschmonteur<\/td>\n<\/tr>\n<tr class=\"row-3\">\n\t<td class=\"column-1\">MIG\/MAG-Schwei\u00dfger\u00e4t<\/td><td class=\"column-2\">2. Installateure<\/td><td class=\"column-3\">Mechanische Konstruktion<\/td>\n<\/tr>\n<tr class=\"row-4\">\n\t<td class=\"column-1\">Kombi-Schwei\u00dfger\u00e4t (WIG-Elektro)<\/td><td class=\"column-2\">Installateure Gro\u00dfe Durchmesser<\/td><td class=\"column-3\">Mechaniker TurnAround<\/td>\n<\/tr>\n<tr class=\"row-5\">\n\t<td class=\"column-1\">Kombi-Schwei\u00dfger\u00e4t (TIG\/MIG\/MAG)<\/td><td class=\"column-2\">Fitter Torq &amp; Tensioning<\/td><td class=\"column-3\">Mechanische Wartung<\/td>\n<\/tr>\n<tr class=\"row-6\">\n\t<td class=\"column-1\">Schwei\u00dfer OP<\/td><td class=\"column-2\">Einrichter Dickwandig<\/td><td class=\"column-3\">Servicemechaniker Rotierend<\/td>\n<\/tr>\n<tr class=\"row-7\">\n\t<td class=\"column-1\">Fleeters<\/td><td class=\"column-2\">Einrichter D\u00fcnnwandig<\/td><td class=\"column-3\">B\u00fcndler<\/td>\n<\/tr>\n<\/tbody>\n<\/table>\n<!-- #tablepress-13 from cache -->\n<\/div><\/div><\/div><\/div><\/div><\/div><\/section><section class=\"l-section wpb_row us_custom_7b5306bb height_auto with_img\"><div class=\"l-section-img\" role=\"img\" aria-label=\"Bild\" data-img-width=\"299\" data-img-height=\"299\" style=\"background-image: url(https:\/\/dbgroup.nl\/wp-content\/uploads\/2025\/07\/circle.png);background-repeat: no-repeat;background-size: auto;\"><\/div><div class=\"l-section-h i-cf\"><div class=\"g-cols vc_row via_grid cols_2 laptops-cols_inherit tablets-cols_1 mobiles-cols_1 valign_middle type_default reversed stacking_default\" style=\"--columns-gap:60px;--laptops-columns-gap:60px;--tablets-columns-gap:50px;--mobiles-columns-gap:50px;\"><div class=\"wpb_column vc_column_container us_custom_7e20fa79 us_animate_this\"><div class=\"vc_column-inner\"><div class=\"w-image align_none\"><div class=\"w-image-h\"><img decoding=\"async\" width=\"1000\" height=\"667\" src=\"https:\/\/dbgroup.nl\/wp-content\/uploads\/2026\/01\/4-1.jpg\" class=\"attachment-full size-full\" alt=\"\" loading=\"lazy\" srcset=\"https:\/\/dbgroup.nl\/wp-content\/uploads\/2026\/01\/4-1.jpg 1000w, https:\/\/dbgroup.nl\/wp-content\/uploads\/2026\/01\/4-1-300x200.jpg 300w\" sizes=\"auto, (max-width: 1000px) 100vw, 1000px\" \/><\/div><\/div><\/div><\/div><div class=\"wpb_column vc_column_container us_custom_47474b22 us_animate_this\"><div class=\"vc_column-inner\"><div class=\"w-separator size_custom\" style=\"height:30px\"><\/div><div class=\"wpb_text_column us_custom_a38e0465 has_text_color\"><div class=\"wpb_wrapper\"><p><span>Unsere Schwei\u00dfer sind mit den verschiedenen Werkstoffgruppen von Stahl bis FE 690, Edelstahl 316, Duplex- und Kesselst\u00e4hlen vertraut. 6G-Schwei\u00dfer werden h\u00e4ufig von unseren Kunden in der petrochemischen Industrie angefordert. Selbstverst\u00e4ndlich sind unsere Mitarbeiter mit den verschiedenen Zertifizierungen wie Flanschschlosser, VCA, WFPr, WFPr-TT, etc. vertraut. Wir wissen aus Erfahrung, dass hier oft spezifische Erfahrungen mit gro\u00dfen Durchmessern gefragt sind.<\/span><\/p>\n<\/div><\/div><\/div><\/div><\/div><\/div><\/section><section class=\"l-section wpb_row height_medium color_alternate\"><div class=\"l-section-h i-cf\"><div class=\"g-cols vc_row via_grid cols_1 laptops-cols_inherit tablets-cols_inherit mobiles-cols_1 valign_top type_default stacking_default\"><div class=\"wpb_column vc_column_container\"><div class=\"vc_column-inner\"><div class=\"wpb_text_column\"><div class=\"wpb_wrapper\"><h2><span lang=\"NL\">Manager\/Personal<\/span><\/h2>\n<p><span>F\u00fcr die Verwaltung unserer Fachkr\u00e4fte stellen wir die unten aufgef\u00fchrten Manager\/Mitarbeiter zur Verf\u00fcgung:<\/span><\/p>\n\n<table id=\"tablepress-14\" class=\"tablepress tablepress-id-14\">\n<thead>\n<tr class=\"row-1\">\n\t<th class=\"column-1\">Vorarbeiter<\/th><th class=\"column-2\">Interpreten<\/th><th class=\"column-3\">Aufsichtsbeh\u00f6rden<\/th>\n<\/tr>\n<\/thead>\n<tbody class=\"row-striping row-hover\">\n<tr class=\"row-2\">\n\t<td class=\"column-1\">Vorarbeiter Mechanik<\/td><td class=\"column-2\">Mechanischer Supervisor<\/td><td class=\"column-3\">Supervisor Mechanik<\/td>\n<\/tr>\n<tr class=\"row-3\">\n\t<td class=\"column-1\">Vorarbeiter Ciping<\/td><td class=\"column-2\">Bauleiter<\/td><td class=\"column-3\">Supervisor Bau<\/td>\n<\/tr>\n<tr class=\"row-4\">\n\t<td class=\"column-1\">Bauf\u00fchrer<\/td><td class=\"column-2\">Leiter Instandhaltung<\/td><td class=\"column-3\">Supervisor Wartung<\/td>\n<\/tr>\n<tr class=\"row-5\">\n\t<td class=\"column-1\">Vorarbeiter f\u00fcr Instandhaltung<\/td><td class=\"column-2\">Exekutive Zivil<\/td><td class=\"column-3\">Aufsichtsperson Zivilrecht<\/td>\n<\/tr>\n<tr class=\"row-6\">\n\t<td class=\"column-1\">Vorarbeiter Instandhaltung<\/td><td class=\"column-2\">Superintendent TurnAround<\/td><td class=\"column-3\">Vorgesetzter TurnAround<\/td>\n<\/tr>\n<\/tbody>\n<\/table>\n<!-- #tablepress-14 from cache -->\n<\/div><\/div><\/div><\/div><\/div><\/div><\/section><section class=\"l-section wpb_row height_medium\"><div class=\"l-section-h i-cf\"><div class=\"g-cols vc_row via_grid cols_1 laptops-cols_inherit tablets-cols_inherit mobiles-cols_1 valign_top type_default stacking_default\"><div class=\"wpb_column vc_column_container\"><div class=\"vc_column-inner\"><div class=\"wpb_text_column\"><div class=\"wpb_wrapper\"><h2><span lang=\"NL\">Petrochemische Spezialisten \/ Fachleute<\/span><\/h2>\n<p><span>Dar\u00fcber hinaus unterst\u00fctzen wir unsere Kunden mit den unten aufgef\u00fchrten Spezialisten und Fachleuten aus den Bereichen Marine und Schiffbau:<\/span><\/p>\n\n<table id=\"tablepress-15\" class=\"tablepress tablepress-id-15\">\n<thead>\n<tr class=\"row-1\">\n\t<th class=\"column-1\">QA\/QC<\/th><th class=\"column-2\">Vorbereitung der Arbeit<\/th><th class=\"column-3\">Projektmitarbeiter<\/th>\n<\/tr>\n<\/thead>\n<tbody class=\"row-striping row-hover\">\n<tr class=\"row-2\">\n\t<td class=\"column-1\">QA\/QC - Schwei\u00dftechnische Praxis<\/td><td class=\"column-2\">Vorbereitung der Rohrleitungsarbeiten<\/td><td class=\"column-3\">Projektleiter<\/td>\n<\/tr>\n<tr class=\"row-3\">\n\t<td class=\"column-1\">QA\/QC - Sichtpr\u00fcfung<\/td><td class=\"column-2\">Arbeitsvorbereitung Mechanisch<\/td><td class=\"column-3\">Projektingenieure (WTB \/ E&amp;I)<\/td>\n<\/tr>\n<tr class=\"row-4\">\n\t<td class=\"column-1\">QA\/QC - MLT<\/td><td class=\"column-2\">Arbeitsvorbereitung E\/I<\/td><td class=\"column-3\">Dokumentenkontrolle<\/td>\n<\/tr>\n<tr class=\"row-5\">\n\t<td class=\"column-1\">QA\/QC - LPI<\/td><td class=\"column-2\">WVB Wartung<\/td><td class=\"column-3\">Projektsekret\u00e4re<\/td>\n<\/tr>\n<\/tbody>\n<\/table>\n<!-- #tablepress-15 from cache -->\n<\/div><\/div><\/div><\/div><\/div><\/div><\/section><section class=\"l-section wpb_row us_custom_7b5306bb height_auto with_img\"><div class=\"l-section-img\" role=\"img\" aria-label=\"Bild\" data-img-width=\"299\" data-img-height=\"299\" style=\"background-image: url(https:\/\/dbgroup.nl\/wp-content\/uploads\/2025\/07\/circle.png);background-repeat: no-repeat;background-size: auto;\"><\/div><div class=\"l-section-h i-cf\"><div class=\"g-cols vc_row via_grid cols_2 laptops-cols_inherit tablets-cols_1 mobiles-cols_1 valign_middle type_default reversed stacking_default\" style=\"--columns-gap:60px;--laptops-columns-gap:60px;--tablets-columns-gap:50px;--mobiles-columns-gap:50px;\"><div class=\"wpb_column vc_column_container us_custom_7e20fa79 us_animate_this\"><div class=\"vc_column-inner\"><div class=\"w-image align_none\"><div class=\"w-image-h\"><img decoding=\"async\" width=\"1000\" height=\"667\" src=\"https:\/\/dbgroup.nl\/wp-content\/uploads\/2026\/01\/2-2.jpg\" class=\"attachment-full size-full\" alt=\"\" loading=\"lazy\" srcset=\"https:\/\/dbgroup.nl\/wp-content\/uploads\/2026\/01\/2-2.jpg 1000w, https:\/\/dbgroup.nl\/wp-content\/uploads\/2026\/01\/2-2-300x200.jpg 300w\" sizes=\"auto, (max-width: 1000px) 100vw, 1000px\" \/><\/div><\/div><\/div><\/div><div class=\"wpb_column vc_column_container us_custom_47474b22 us_animate_this\"><div class=\"vc_column-inner\"><h3 class=\"w-text us_custom_1fed16d9\"><span class=\"w-text-h\"><span class=\"w-text-value\">Kunden<\/span><\/span><\/h3><div class=\"w-separator size_custom\" style=\"height:30px\"><\/div><div class=\"wpb_text_column us_custom_a38e0465 has_text_color\"><div class=\"wpb_wrapper\"><p><span>Zu unseren Kunden in der petrochemischen Industrie geh\u00f6ren:\u00a0<\/span><span>Shell, BP, Kuwait, Q8, NAM, Sabic, Cofely, Stork, Visser &amp; Smit Hanab, Spie.<\/span><\/p>\n<\/div><\/div><\/div><\/div><\/div><\/div><\/section>","protected":false},"excerpt":{"rendered":"Technische vakmensen Technische vakmensen petrochemie Technische vakmensen petrochemieDe petrochemische industrie stelt extreem hoge eisen aan veiligheid, kwaliteit en vakmanschap. DB Group levert ervaren technische vakmensen die dagelijks worden ingezet op complexe projecten, onderhoudsstops en turnarounds binnen raffinaderijen, chemische plants en industri\u00eble installaties. Van nieuwbouw en modificaties tot onderhoud en revisies: wij zorgen voor de juiste...","protected":false},"author":1,"featured_media":0,"parent":0,"menu_order":0,"comment_status":"closed","ping_status":"closed","template":"","meta":{"_acf_changed":false,"footnotes":""},"class_list":["post-499","page","type-page","status-publish","hentry"],"acf":[],"yoast_head":"<!-- This site is optimized with the Yoast SEO plugin v26.9 - https:\/\/yoast.com\/product\/yoast-seo-wordpress\/ -->\n<title>Technische vakmensen petrochemie - DB Group<\/title>\n<meta name=\"robots\" content=\"index, follow, max-snippet:-1, max-image-preview:large, max-video-preview:-1\" \/>\n<link rel=\"canonical\" href=\"https:\/\/dbgroup.nl\/de\/technische-fachkrafte-petrochemie\/\" \/>\n<meta property=\"og:locale\" content=\"de_DE\" \/>\n<meta property=\"og:type\" content=\"article\" \/>\n<meta property=\"og:title\" content=\"Technische vakmensen petrochemie - DB Group\" \/>\n<meta property=\"og:url\" content=\"https:\/\/dbgroup.nl\/de\/technische-fachkrafte-petrochemie\/\" \/>\n<meta property=\"og:site_name\" content=\"DB Group\" \/>\n<meta property=\"article:modified_time\" content=\"2026-01-23T17:13:53+00:00\" \/>\n<meta name=\"twitter:card\" content=\"summary_large_image\" \/>\n<meta name=\"twitter:label1\" content=\"Gesch\u00e4tzte Lesezeit\" \/>\n\t<meta name=\"twitter:data1\" content=\"6\u00a0Minuten\" \/>\n<script type=\"application\/ld+json\" class=\"yoast-schema-graph\">{\"@context\":\"https:\/\/schema.org\",\"@graph\":[{\"@type\":\"WebPage\",\"@id\":\"https:\/\/dbgroup.nl\/technische-vakmensen-petrochemie\/\",\"url\":\"https:\/\/dbgroup.nl\/technische-vakmensen-petrochemie\/\",\"name\":\"Technische vakmensen petrochemie - DB Group\",\"isPartOf\":{\"@id\":\"https:\/\/dbgroup.nl\/#website\"},\"datePublished\":\"2026-01-21T18:00:48+00:00\",\"dateModified\":\"2026-01-23T17:13:53+00:00\",\"breadcrumb\":{\"@id\":\"https:\/\/dbgroup.nl\/technische-vakmensen-petrochemie\/#breadcrumb\"},\"inLanguage\":\"de\",\"potentialAction\":[{\"@type\":\"ReadAction\",\"target\":[\"https:\/\/dbgroup.nl\/technische-vakmensen-petrochemie\/\"]}]},{\"@type\":\"BreadcrumbList\",\"@id\":\"https:\/\/dbgroup.nl\/technische-vakmensen-petrochemie\/#breadcrumb\",\"itemListElement\":[{\"@type\":\"ListItem\",\"position\":1,\"name\":\"Home\",\"item\":\"https:\/\/dbgroup.nl\/\"},{\"@type\":\"ListItem\",\"position\":2,\"name\":\"Technische vakmensen petrochemie\"}]},{\"@type\":\"WebSite\",\"@id\":\"https:\/\/dbgroup.nl\/#website\",\"url\":\"https:\/\/dbgroup.nl\/\",\"name\":\"DB Group\",\"description\":\"\",\"publisher\":{\"@id\":\"https:\/\/dbgroup.nl\/#organization\"},\"potentialAction\":[{\"@type\":\"SearchAction\",\"target\":{\"@type\":\"EntryPoint\",\"urlTemplate\":\"https:\/\/dbgroup.nl\/?s={search_term_string}\"},\"query-input\":{\"@type\":\"PropertyValueSpecification\",\"valueRequired\":true,\"valueName\":\"search_term_string\"}}],\"inLanguage\":\"de\"},{\"@type\":\"Organization\",\"@id\":\"https:\/\/dbgroup.nl\/#organization\",\"name\":\"DB Group\",\"url\":\"https:\/\/dbgroup.nl\/\",\"logo\":{\"@type\":\"ImageObject\",\"inLanguage\":\"de\",\"@id\":\"https:\/\/dbgroup.nl\/#\/schema\/logo\/image\/\",\"url\":\"https:\/\/dbgroup.nl\/wp-content\/uploads\/2026\/01\/Icon.png\",\"contentUrl\":\"https:\/\/dbgroup.nl\/wp-content\/uploads\/2026\/01\/Icon.png\",\"width\":512,\"height\":512,\"caption\":\"DB Group\"},\"image\":{\"@id\":\"https:\/\/dbgroup.nl\/#\/schema\/logo\/image\/\"}}]}<\/script>\n<!-- \/ Yoast SEO plugin. -->","yoast_head_json":{"title":"Technische Fachkr\u00e4fte Petrochemie - DB-Konzern","robots":{"index":"index","follow":"follow","max-snippet":"max-snippet:-1","max-image-preview":"max-image-preview:large","max-video-preview":"max-video-preview:-1"},"canonical":"https:\/\/dbgroup.nl\/de\/technische-fachkrafte-petrochemie\/","og_locale":"de_DE","og_type":"article","og_title":"Technische vakmensen petrochemie - DB Group","og_url":"https:\/\/dbgroup.nl\/de\/technische-fachkrafte-petrochemie\/","og_site_name":"DB Group","article_modified_time":"2026-01-23T17:13:53+00:00","twitter_card":"summary_large_image","twitter_misc":{"Gesch\u00e4tzte Lesezeit":"6\u00a0Minuten"},"schema":{"@context":"https:\/\/schema.org","@graph":[{"@type":"WebPage","@id":"https:\/\/dbgroup.nl\/technische-vakmensen-petrochemie\/","url":"https:\/\/dbgroup.nl\/technische-vakmensen-petrochemie\/","name":"Technische Fachkr\u00e4fte Petrochemie - DB-Konzern","isPartOf":{"@id":"https:\/\/dbgroup.nl\/#website"},"datePublished":"2026-01-21T18:00:48+00:00","dateModified":"2026-01-23T17:13:53+00:00","breadcrumb":{"@id":"https:\/\/dbgroup.nl\/technische-vakmensen-petrochemie\/#breadcrumb"},"inLanguage":"de","potentialAction":[{"@type":"ReadAction","target":["https:\/\/dbgroup.nl\/technische-vakmensen-petrochemie\/"]}]},{"@type":"BreadcrumbList","@id":"https:\/\/dbgroup.nl\/technische-vakmensen-petrochemie\/#breadcrumb","itemListElement":[{"@type":"ListItem","position":1,"name":"Home","item":"https:\/\/dbgroup.nl\/"},{"@type":"ListItem","position":2,"name":"Technische vakmensen petrochemie"}]},{"@type":"WebSite","@id":"https:\/\/dbgroup.nl\/#website","url":"https:\/\/dbgroup.nl\/","name":"DB-Konzern","description":"","publisher":{"@id":"https:\/\/dbgroup.nl\/#organization"},"potentialAction":[{"@type":"SearchAction","target":{"@type":"EntryPoint","urlTemplate":"https:\/\/dbgroup.nl\/?s={search_term_string}"},"query-input":{"@type":"PropertyValueSpecification","valueRequired":true,"valueName":"search_term_string"}}],"inLanguage":"de"},{"@type":"Organization","@id":"https:\/\/dbgroup.nl\/#organization","name":"DB-Konzern","url":"https:\/\/dbgroup.nl\/","logo":{"@type":"ImageObject","inLanguage":"de","@id":"https:\/\/dbgroup.nl\/#\/schema\/logo\/image\/","url":"https:\/\/dbgroup.nl\/wp-content\/uploads\/2026\/01\/Icon.png","contentUrl":"https:\/\/dbgroup.nl\/wp-content\/uploads\/2026\/01\/Icon.png","width":512,"height":512,"caption":"DB Group"},"image":{"@id":"https:\/\/dbgroup.nl\/#\/schema\/logo\/image\/"}}]}},"_links":{"self":[{"href":"https:\/\/dbgroup.nl\/de\/wp-json\/wp\/v2\/pages\/499","targetHints":{"allow":["GET"]}}],"collection":[{"href":"https:\/\/dbgroup.nl\/de\/wp-json\/wp\/v2\/pages"}],"about":[{"href":"https:\/\/dbgroup.nl\/de\/wp-json\/wp\/v2\/types\/page"}],"author":[{"embeddable":true,"href":"https:\/\/dbgroup.nl\/de\/wp-json\/wp\/v2\/users\/1"}],"replies":[{"embeddable":true,"href":"https:\/\/dbgroup.nl\/de\/wp-json\/wp\/v2\/comments?post=499"}],"version-history":[{"count":9,"href":"https:\/\/dbgroup.nl\/de\/wp-json\/wp\/v2\/pages\/499\/revisions"}],"predecessor-version":[{"id":746,"href":"https:\/\/dbgroup.nl\/de\/wp-json\/wp\/v2\/pages\/499\/revisions\/746"}],"wp:attachment":[{"href":"https:\/\/dbgroup.nl\/de\/wp-json\/wp\/v2\/media?parent=499"}],"curies":[{"name":"wp","href":"https:\/\/api.w.org\/{rel}","templated":true}]}}