{"id":514,"date":"2026-01-21T18:10:46","date_gmt":"2026-01-21T18:10:46","guid":{"rendered":"https:\/\/dbgroup.nl\/?page_id=514"},"modified":"2026-01-23T17:14:56","modified_gmt":"2026-01-23T17:14:56","slug":"technische-experten-lebensmittel-und-milchprodukte","status":"publish","type":"page","link":"https:\/\/dbgroup.nl\/de\/technische-vakmensen-food-en-zuivel\/","title":{"rendered":"Technische Fachkr\u00e4fte Lebensmittel und Milchprodukte"},"content":{"rendered":"<section class=\"l-section wpb_row us_custom_3e14535b us_animate_this height_huge color_secondary\"><div class=\"l-section-h i-cf\"><div class=\"g-cols vc_row via_grid cols_1 laptops-cols_inherit tablets-cols_1 mobiles-cols_1 valign_top type_default reversed stacking_default\" style=\"--columns-gap:0rem;\"><div class=\"wpb_column vc_column_container us_custom_e5713a0c\"><div class=\"vc_column-inner\"><div class=\"w-text us_custom_03bbc369 has_text_color\" id=\"dancing-title\"><span class=\"w-text-h\"><span class=\"w-text-value\">Technische Fachleute <\/span><\/span><\/div><h2 class=\"w-text us_custom_73690761 has_text_color\"><span class=\"w-text-h\"><span class=\"w-text-value\">Technische Fachkr\u00e4fte Lebensmittel und Milchprodukte <\/span><\/span><\/h2><\/div><\/div><\/div><\/div><\/section><section class=\"l-section wpb_row us_custom_7b5306bb height_auto with_img\"><div class=\"l-section-img\" role=\"img\" aria-label=\"Bild\" data-img-width=\"172\" data-img-height=\"580\" style=\"background-image: url(https:\/\/dbgroup.nl\/wp-content\/uploads\/2025\/07\/Ellipse-3.png);background-position: bottom left;background-repeat: no-repeat;background-size: auto;\"><\/div><div class=\"l-section-h i-cf\"><div class=\"g-cols vc_row via_grid cols_2 laptops-cols_inherit tablets-cols_1 mobiles-cols_1 valign_middle type_default reversed stacking_default\" style=\"--columns-gap:60px;--laptops-columns-gap:60px;--tablets-columns-gap:50px;--mobiles-columns-gap:50px;\"><div class=\"wpb_column vc_column_container us_custom_7e20fa79 us_animate_this\"><div class=\"vc_column-inner\"><h3 class=\"w-text us_custom_1fed16d9\"><span class=\"w-text-h\"><span class=\"w-text-value\">Technische Fachkr\u00e4fte Lebensmittel und Milchprodukte<\/span><\/span><\/h3><div class=\"w-separator size_custom\" style=\"height:20px\"><\/div><div class=\"wpb_text_column us_custom_a38e0465 has_text_color\"><div class=\"wpb_wrapper\"><p><span>Die Lebensmittel- und Molkereiindustrie stellt au\u00dfergew\u00f6hnlich hohe Anforderungen an Qualit\u00e4t, Hygiene und Zuverl\u00e4ssigkeit. Der DB-Konzern liefert erfahrene technische Fachleute, die t\u00e4glich in Produktionsumgebungen arbeiten, in denen Lebensmittelsicherheit, Kontinuit\u00e4t und Pr\u00e4zision entscheidend sind. Vom Neubau und Umbau von Produktionslinien bis hin zu Wartung, \u00dcberholung und Turnarounds: Wir stellen die richtigen Leute zur richtigen Zeit bereit.<\/span><\/p>\n<p><span>Unsere Spezialisten sind es gewohnt, nach den geltenden Normen und Richtlinien der Lebensmittelindustrie zu arbeiten und k\u00f6nnen sowohl in laufenden Produktionslinien als auch bei geplanten Stillst\u00e4nden und Erweiterungen eingesetzt werden.<\/span><\/p>\n<\/div><\/div><\/div><\/div><div class=\"wpb_column vc_column_container us_custom_47474b22 us_animate_this stretched\"><div class=\"vc_column-inner\"><div class=\"w-image us_custom_2195e473 align_none\"><div class=\"w-image-h\"><img decoding=\"async\" width=\"1000\" height=\"667\" src=\"https:\/\/dbgroup.nl\/wp-content\/uploads\/2026\/01\/3.jpg\" class=\"attachment-full size-full\" alt=\"\" loading=\"lazy\" srcset=\"https:\/\/dbgroup.nl\/wp-content\/uploads\/2026\/01\/3.jpg 1000w, https:\/\/dbgroup.nl\/wp-content\/uploads\/2026\/01\/3-300x200.jpg 300w\" sizes=\"auto, (max-width: 1000px) 100vw, 1000px\" \/><\/div><\/div><\/div><\/div><\/div><\/div><\/section><section class=\"l-section wpb_row height_medium\"><div class=\"l-section-h i-cf\"><div class=\"g-cols vc_row via_grid cols_1 laptops-cols_inherit tablets-cols_inherit mobiles-cols_1 valign_top type_default stacking_default\"><div class=\"wpb_column vc_column_container\"><div class=\"vc_column-inner\"><div class=\"wpb_text_column\"><div class=\"wpb_wrapper\"><h2><span lang=\"NL\">Disziplinen<\/span><\/h2>\n<p><span>Der DB-Konzern ist auf die Lebensmittel- und Molkereiindustrie spezialisiert:<\/span><\/p>\n\n<table id=\"tablepress-10\" class=\"tablepress tablepress-id-10\">\n<thead>\n<tr class=\"row-1\">\n\t<th class=\"column-1\">Schwei\u00dfer<\/th><th class=\"column-2\">Installateure<\/th><th class=\"column-3\">Ingenieure<\/th>\n<\/tr>\n<\/thead>\n<tbody class=\"row-striping row-hover\">\n<tr class=\"row-2\">\n\t<td class=\"column-1\">Elektrodenschwei\u00dfger\u00e4t<\/td><td class=\"column-2\">1. Installateure<\/td><td class=\"column-3\">Rohrleitungsingenieur<\/td>\n<\/tr>\n<tr class=\"row-3\">\n\t<td class=\"column-1\">MIG\/MAG-Schwei\u00dfger\u00e4t<\/td><td class=\"column-2\">2. Installateure<\/td><td class=\"column-3\">Flanschmonteur<\/td>\n<\/tr>\n<tr class=\"row-4\">\n\t<td class=\"column-1\">Kombi-Schwei\u00dfger\u00e4t (WIG-Elektro)<\/td><td class=\"column-2\">Einrichter D\u00fcnnwandig<\/td><td class=\"column-3\">Mechanische Wartung<\/td>\n<\/tr>\n<tr class=\"row-5\">\n\t<td class=\"column-1\">Kombi-Schwei\u00dfger\u00e4t (TIG\/MIG\/MAG)<\/td><td class=\"column-2\">Fitter Torq &amp; Tensioning<\/td><td class=\"column-3\">Servicemechaniker Rotierend<\/td>\n<\/tr>\n<\/tbody>\n<\/table>\n<!-- #tablepress-10 from cache -->\n<\/div><\/div><\/div><\/div><\/div><\/div><\/section><section class=\"l-section wpb_row us_custom_7b5306bb height_auto with_img\"><div class=\"l-section-img\" role=\"img\" aria-label=\"Bild\" data-img-width=\"299\" data-img-height=\"299\" style=\"background-image: url(https:\/\/dbgroup.nl\/wp-content\/uploads\/2025\/07\/circle.png);background-repeat: no-repeat;background-size: auto;\"><\/div><div class=\"l-section-h i-cf\"><div class=\"g-cols vc_row via_grid cols_2 laptops-cols_inherit tablets-cols_1 mobiles-cols_1 valign_middle type_default reversed stacking_default\" style=\"--columns-gap:60px;--laptops-columns-gap:60px;--tablets-columns-gap:50px;--mobiles-columns-gap:50px;\"><div class=\"wpb_column vc_column_container us_custom_7e20fa79 us_animate_this\"><div class=\"vc_column-inner\"><div class=\"w-image align_none\"><div class=\"w-image-h\"><img decoding=\"async\" width=\"1000\" height=\"565\" src=\"https:\/\/dbgroup.nl\/wp-content\/uploads\/2026\/01\/1-1.jpg\" class=\"attachment-full size-full\" alt=\"\" loading=\"lazy\" srcset=\"https:\/\/dbgroup.nl\/wp-content\/uploads\/2026\/01\/1-1.jpg 1000w, https:\/\/dbgroup.nl\/wp-content\/uploads\/2026\/01\/1-1-300x170.jpg 300w\" sizes=\"auto, (max-width: 1000px) 100vw, 1000px\" \/><\/div><\/div><\/div><\/div><div class=\"wpb_column vc_column_container us_custom_47474b22 us_animate_this\"><div class=\"vc_column-inner\"><div class=\"w-separator size_custom\" style=\"height:30px\"><\/div><div class=\"wpb_text_column us_custom_a38e0465 has_text_color\"><div class=\"wpb_wrapper\"><p>Unsere Schwei\u00dfer sind mit den verschiedenen Werkstoffgruppen von Stahl bis FE 690, Edelstahl 316, Duplex und Kesselst\u00e4hlen vertraut. Standardm\u00e4\u00dfig werden 3G- und 6G-Schwei\u00dfer h\u00e4ufig von unseren Kunden aus der Lebensmittelindustrie angefordert. Selbstverst\u00e4ndlich sind unsere Mitarbeiter mit den verschiedenen Zertifizierungen f\u00fcr die Lebensmittelindustrie vertraut<\/p>\n<\/div><\/div><\/div><\/div><\/div><\/div><\/section><section class=\"l-section wpb_row height_medium color_alternate\"><div class=\"l-section-h i-cf\"><div class=\"g-cols vc_row via_grid cols_1 laptops-cols_inherit tablets-cols_inherit mobiles-cols_1 valign_top type_default stacking_default\"><div class=\"wpb_column vc_column_container\"><div class=\"vc_column-inner\"><div class=\"wpb_text_column\"><div class=\"wpb_wrapper\"><h2><span lang=\"NL\">Manager\/Personal<\/span><\/h2>\n<p><span>F\u00fcr die Verwaltung unserer Fachkr\u00e4fte stellen wir die unten aufgef\u00fchrten Manager\/Mitarbeiter zur Verf\u00fcgung:<\/span><\/p>\n\n<table id=\"tablepress-16\" class=\"tablepress tablepress-id-16\">\n<thead>\n<tr class=\"row-1\">\n\t<th class=\"column-1\">Vorarbeiter<\/th><th class=\"column-2\">Interpreten<\/th><th class=\"column-3\">Aufsichtsbeh\u00f6rden<\/th>\n<\/tr>\n<\/thead>\n<tbody class=\"row-striping row-hover\">\n<tr class=\"row-2\">\n\t<td class=\"column-1\">Vorarbeiter Mechanik<\/td><td class=\"column-2\">Mechanischer Supervisor<\/td><td class=\"column-3\">Supervisor Mechanik<\/td>\n<\/tr>\n<tr class=\"row-3\">\n\t<td class=\"column-1\">Rohrleitungsbaumeister<\/td><td class=\"column-2\">Bauleiter<\/td><td class=\"column-3\">Supervisor Bau<\/td>\n<\/tr>\n<tr class=\"row-4\">\n\t<td class=\"column-1\">Bauf\u00fchrer<\/td><td class=\"column-2\">Leiter Instandhaltung<\/td><td class=\"column-3\">Supervisor Wartung<\/td>\n<\/tr>\n<tr class=\"row-5\">\n\t<td class=\"column-1\">Vorarbeiter f\u00fcr Instandhaltung<\/td><td class=\"column-2\">Exekutive Zivil<\/td><td class=\"column-3\">Aufsichtsperson Zivilrecht<\/td>\n<\/tr>\n<tr class=\"row-6\">\n\t<td class=\"column-1\">Vorarbeiter Instandhaltung<\/td><td class=\"column-2\">Superintendent TurnAround<\/td><td class=\"column-3\">Vorgesetzter TurnAround<\/td>\n<\/tr>\n<\/tbody>\n<\/table>\n<!-- #tablepress-16 from cache -->\n<\/div><\/div><\/div><\/div><\/div><\/div><\/section><section class=\"l-section wpb_row height_medium\"><div class=\"l-section-h i-cf\"><div class=\"g-cols vc_row via_grid cols_1 laptops-cols_inherit tablets-cols_inherit mobiles-cols_1 valign_top type_default stacking_default\"><div class=\"wpb_column vc_column_container\"><div class=\"vc_column-inner\"><div class=\"wpb_text_column\"><div class=\"wpb_wrapper\"><h2><span lang=\"NL\">Lebensmittel- und Molkereispezialisten\/-fachleute<\/span><\/h2>\n<p><span>Dar\u00fcber hinaus unterst\u00fctzen wir unsere Kunden mit den folgenden Lebensmittelspezialisten\/-fachleuten:<\/span><\/p>\n\n<table id=\"tablepress-17\" class=\"tablepress tablepress-id-17\">\n<thead>\n<tr class=\"row-1\">\n\t<th class=\"column-1\">QA\/QC<\/th><th class=\"column-2\">Vorbereitung der Arbeit<\/th><th class=\"column-3\">Projektmitarbeiter<\/th>\n<\/tr>\n<\/thead>\n<tbody class=\"row-striping row-hover\">\n<tr class=\"row-2\">\n\t<td class=\"column-1\">QA\/QC - Schwei\u00dftechnische Praxis<\/td><td class=\"column-2\">Vorbereitung der Rohrleitungsarbeiten<\/td><td class=\"column-3\">Projektleiter<\/td>\n<\/tr>\n<tr class=\"row-3\">\n\t<td class=\"column-1\">QA\/QC - Sichtpr\u00fcfung<\/td><td class=\"column-2\">Arbeitsvorbereitung Mechanisch<\/td><td class=\"column-3\">Projektingenieure (WTB \/ E&amp;I)<\/td>\n<\/tr>\n<tr class=\"row-4\">\n\t<td class=\"column-1\">QA\/QC - MLT<\/td><td class=\"column-2\">Arbeitsvorbereitung E\/I<\/td><td class=\"column-3\">Dokumentenkontrolle<\/td>\n<\/tr>\n<tr class=\"row-5\">\n\t<td class=\"column-1\">QA\/QC - LPI<\/td><td class=\"column-2\">WVB Wartung<\/td><td class=\"column-3\">Projektsekret\u00e4re<\/td>\n<\/tr>\n<\/tbody>\n<\/table>\n<!-- #tablepress-17 from cache -->\n<\/div><\/div><\/div><\/div><\/div><\/div><\/section><section class=\"l-section wpb_row us_custom_7b5306bb height_auto with_img\"><div class=\"l-section-img\" role=\"img\" aria-label=\"Bild\" data-img-width=\"299\" data-img-height=\"299\" style=\"background-image: url(https:\/\/dbgroup.nl\/wp-content\/uploads\/2025\/07\/circle.png);background-repeat: no-repeat;background-size: auto;\"><\/div><div class=\"l-section-h i-cf\"><div class=\"g-cols vc_row via_grid cols_2 laptops-cols_inherit tablets-cols_1 mobiles-cols_1 valign_middle type_default reversed stacking_default\" style=\"--columns-gap:60px;--laptops-columns-gap:60px;--tablets-columns-gap:50px;--mobiles-columns-gap:50px;\"><div class=\"wpb_column vc_column_container us_custom_7e20fa79 us_animate_this\"><div class=\"vc_column-inner\"><div class=\"w-image align_none\"><div class=\"w-image-h\"><img decoding=\"async\" width=\"1000\" height=\"667\" src=\"https:\/\/dbgroup.nl\/wp-content\/uploads\/2026\/01\/2-1.jpg\" class=\"attachment-full size-full\" alt=\"\" loading=\"lazy\" srcset=\"https:\/\/dbgroup.nl\/wp-content\/uploads\/2026\/01\/2-1.jpg 1000w, https:\/\/dbgroup.nl\/wp-content\/uploads\/2026\/01\/2-1-300x200.jpg 300w\" sizes=\"auto, (max-width: 1000px) 100vw, 1000px\" \/><\/div><\/div><\/div><\/div><div class=\"wpb_column vc_column_container us_custom_47474b22 us_animate_this\"><div class=\"vc_column-inner\"><h3 class=\"w-text us_custom_1fed16d9\"><span class=\"w-text-h\"><span class=\"w-text-value\">Kunden<\/span><\/span><\/h3><div class=\"w-separator size_custom\" style=\"height:30px\"><\/div><div class=\"wpb_text_column us_custom_a38e0465 has_text_color\"><div class=\"wpb_wrapper\"><p><span>Zu unseren Kunden in der Lebensmittel- und Molkereiindustrie geh\u00f6ren:  GEA, Friesland Campina, A-ware, Cofely, Stork, Visser &amp; Smit Hanab, Spie.<\/span><\/p>\n<\/div><\/div><\/div><\/div><\/div><\/div><\/section>","protected":false},"excerpt":{"rendered":"Technische Experten Technische Experten Lebensmittel und Molkereiprodukte Technische Experten Lebensmittel und MolkereiprodukteDie Lebensmittel- und Molkereiprodukteindustrie stellt au\u00dfergew\u00f6hnlich hohe Anforderungen an Qualit\u00e4t, Hygiene und Zuverl\u00e4ssigkeit. Der DB-Konzern liefert erfahrene technische Fachleute, die in Produktionsumgebungen arbeiten, in denen Lebensmittelsicherheit, Kontinuit\u00e4t und Pr\u00e4zision entscheidend sind. Vom Neubau und Umbau von Produktionslinien bis hin zur Wartung, \u00dcberholung und Umr\u00fcstung bieten wir...","protected":false},"author":1,"featured_media":0,"parent":0,"menu_order":0,"comment_status":"closed","ping_status":"closed","template":"","meta":{"_acf_changed":false,"footnotes":""},"class_list":["post-514","page","type-page","status-publish","hentry"],"acf":[],"yoast_head":"<!-- This site is optimized with the Yoast SEO plugin v26.9 - https:\/\/yoast.com\/product\/yoast-seo-wordpress\/ -->\n<title>Technische vakmensen food en zuivel - DB Group<\/title>\n<meta name=\"robots\" content=\"index, follow, max-snippet:-1, max-image-preview:large, max-video-preview:-1\" \/>\n<link rel=\"canonical\" href=\"https:\/\/dbgroup.nl\/de\/technische-experten-lebensmittel-und-milchprodukte\/\" \/>\n<meta property=\"og:locale\" content=\"de_DE\" \/>\n<meta property=\"og:type\" content=\"article\" \/>\n<meta property=\"og:title\" content=\"Technische vakmensen food en zuivel - DB Group\" \/>\n<meta property=\"og:url\" content=\"https:\/\/dbgroup.nl\/de\/technische-experten-lebensmittel-und-milchprodukte\/\" \/>\n<meta property=\"og:site_name\" content=\"DB Group\" \/>\n<meta property=\"article:modified_time\" content=\"2026-01-23T17:14:56+00:00\" \/>\n<meta name=\"twitter:card\" content=\"summary_large_image\" \/>\n<meta name=\"twitter:label1\" content=\"Gesch\u00e4tzte Lesezeit\" \/>\n\t<meta name=\"twitter:data1\" content=\"6\u00a0Minuten\" \/>\n<script type=\"application\/ld+json\" class=\"yoast-schema-graph\">{\"@context\":\"https:\/\/schema.org\",\"@graph\":[{\"@type\":\"WebPage\",\"@id\":\"https:\/\/dbgroup.nl\/technische-vakmensen-food-en-zuivel\/\",\"url\":\"https:\/\/dbgroup.nl\/technische-vakmensen-food-en-zuivel\/\",\"name\":\"Technische vakmensen food en zuivel - DB Group\",\"isPartOf\":{\"@id\":\"https:\/\/dbgroup.nl\/#website\"},\"datePublished\":\"2026-01-21T18:10:46+00:00\",\"dateModified\":\"2026-01-23T17:14:56+00:00\",\"breadcrumb\":{\"@id\":\"https:\/\/dbgroup.nl\/technische-vakmensen-food-en-zuivel\/#breadcrumb\"},\"inLanguage\":\"de\",\"potentialAction\":[{\"@type\":\"ReadAction\",\"target\":[\"https:\/\/dbgroup.nl\/technische-vakmensen-food-en-zuivel\/\"]}]},{\"@type\":\"BreadcrumbList\",\"@id\":\"https:\/\/dbgroup.nl\/technische-vakmensen-food-en-zuivel\/#breadcrumb\",\"itemListElement\":[{\"@type\":\"ListItem\",\"position\":1,\"name\":\"Home\",\"item\":\"https:\/\/dbgroup.nl\/\"},{\"@type\":\"ListItem\",\"position\":2,\"name\":\"Technische vakmensen food en zuivel\"}]},{\"@type\":\"WebSite\",\"@id\":\"https:\/\/dbgroup.nl\/#website\",\"url\":\"https:\/\/dbgroup.nl\/\",\"name\":\"DB Group\",\"description\":\"\",\"publisher\":{\"@id\":\"https:\/\/dbgroup.nl\/#organization\"},\"potentialAction\":[{\"@type\":\"SearchAction\",\"target\":{\"@type\":\"EntryPoint\",\"urlTemplate\":\"https:\/\/dbgroup.nl\/?s={search_term_string}\"},\"query-input\":{\"@type\":\"PropertyValueSpecification\",\"valueRequired\":true,\"valueName\":\"search_term_string\"}}],\"inLanguage\":\"de\"},{\"@type\":\"Organization\",\"@id\":\"https:\/\/dbgroup.nl\/#organization\",\"name\":\"DB Group\",\"url\":\"https:\/\/dbgroup.nl\/\",\"logo\":{\"@type\":\"ImageObject\",\"inLanguage\":\"de\",\"@id\":\"https:\/\/dbgroup.nl\/#\/schema\/logo\/image\/\",\"url\":\"https:\/\/dbgroup.nl\/wp-content\/uploads\/2026\/01\/Icon.png\",\"contentUrl\":\"https:\/\/dbgroup.nl\/wp-content\/uploads\/2026\/01\/Icon.png\",\"width\":512,\"height\":512,\"caption\":\"DB Group\"},\"image\":{\"@id\":\"https:\/\/dbgroup.nl\/#\/schema\/logo\/image\/\"}}]}<\/script>\n<!-- \/ Yoast SEO plugin. -->","yoast_head_json":{"title":"Technische Fachkr\u00e4fte Lebensmittel und Milchprodukte - DB Group","robots":{"index":"index","follow":"follow","max-snippet":"max-snippet:-1","max-image-preview":"max-image-preview:large","max-video-preview":"max-video-preview:-1"},"canonical":"https:\/\/dbgroup.nl\/de\/technische-experten-lebensmittel-und-milchprodukte\/","og_locale":"de_DE","og_type":"article","og_title":"Technische vakmensen food en zuivel - DB Group","og_url":"https:\/\/dbgroup.nl\/de\/technische-experten-lebensmittel-und-milchprodukte\/","og_site_name":"DB Group","article_modified_time":"2026-01-23T17:14:56+00:00","twitter_card":"summary_large_image","twitter_misc":{"Gesch\u00e4tzte Lesezeit":"6\u00a0Minuten"},"schema":{"@context":"https:\/\/schema.org","@graph":[{"@type":"WebPage","@id":"https:\/\/dbgroup.nl\/technische-vakmensen-food-en-zuivel\/","url":"https:\/\/dbgroup.nl\/technische-vakmensen-food-en-zuivel\/","name":"Technische Fachkr\u00e4fte Lebensmittel und Milchprodukte - DB Group","isPartOf":{"@id":"https:\/\/dbgroup.nl\/#website"},"datePublished":"2026-01-21T18:10:46+00:00","dateModified":"2026-01-23T17:14:56+00:00","breadcrumb":{"@id":"https:\/\/dbgroup.nl\/technische-vakmensen-food-en-zuivel\/#breadcrumb"},"inLanguage":"de","potentialAction":[{"@type":"ReadAction","target":["https:\/\/dbgroup.nl\/technische-vakmensen-food-en-zuivel\/"]}]},{"@type":"BreadcrumbList","@id":"https:\/\/dbgroup.nl\/technische-vakmensen-food-en-zuivel\/#breadcrumb","itemListElement":[{"@type":"ListItem","position":1,"name":"Home","item":"https:\/\/dbgroup.nl\/"},{"@type":"ListItem","position":2,"name":"Technische vakmensen food en zuivel"}]},{"@type":"WebSite","@id":"https:\/\/dbgroup.nl\/#website","url":"https:\/\/dbgroup.nl\/","name":"DB-Konzern","description":"","publisher":{"@id":"https:\/\/dbgroup.nl\/#organization"},"potentialAction":[{"@type":"SearchAction","target":{"@type":"EntryPoint","urlTemplate":"https:\/\/dbgroup.nl\/?s={search_term_string}"},"query-input":{"@type":"PropertyValueSpecification","valueRequired":true,"valueName":"search_term_string"}}],"inLanguage":"de"},{"@type":"Organization","@id":"https:\/\/dbgroup.nl\/#organization","name":"DB-Konzern","url":"https:\/\/dbgroup.nl\/","logo":{"@type":"ImageObject","inLanguage":"de","@id":"https:\/\/dbgroup.nl\/#\/schema\/logo\/image\/","url":"https:\/\/dbgroup.nl\/wp-content\/uploads\/2026\/01\/Icon.png","contentUrl":"https:\/\/dbgroup.nl\/wp-content\/uploads\/2026\/01\/Icon.png","width":512,"height":512,"caption":"DB Group"},"image":{"@id":"https:\/\/dbgroup.nl\/#\/schema\/logo\/image\/"}}]}},"_links":{"self":[{"href":"https:\/\/dbgroup.nl\/de\/wp-json\/wp\/v2\/pages\/514","targetHints":{"allow":["GET"]}}],"collection":[{"href":"https:\/\/dbgroup.nl\/de\/wp-json\/wp\/v2\/pages"}],"about":[{"href":"https:\/\/dbgroup.nl\/de\/wp-json\/wp\/v2\/types\/page"}],"author":[{"embeddable":true,"href":"https:\/\/dbgroup.nl\/de\/wp-json\/wp\/v2\/users\/1"}],"replies":[{"embeddable":true,"href":"https:\/\/dbgroup.nl\/de\/wp-json\/wp\/v2\/comments?post=514"}],"version-history":[{"count":9,"href":"https:\/\/dbgroup.nl\/de\/wp-json\/wp\/v2\/pages\/514\/revisions"}],"predecessor-version":[{"id":747,"href":"https:\/\/dbgroup.nl\/de\/wp-json\/wp\/v2\/pages\/514\/revisions\/747"}],"wp:attachment":[{"href":"https:\/\/dbgroup.nl\/de\/wp-json\/wp\/v2\/media?parent=514"}],"curies":[{"name":"wp","href":"https:\/\/api.w.org\/{rel}","templated":true}]}}