{"id":564,"date":"2026-01-22T10:43:47","date_gmt":"2026-01-22T10:43:47","guid":{"rendered":"https:\/\/dbgroup.nl\/?page_id=564"},"modified":"2026-01-26T11:40:14","modified_gmt":"2026-01-26T11:40:14","slug":"datenschutzbestimmungen","status":"publish","type":"page","link":"https:\/\/dbgroup.nl\/de\/privacy-policy\/","title":{"rendered":"Datenschutzbestimmungen"},"content":{"rendered":"<section class=\"l-section wpb_row us_custom_3e14535b us_animate_this height_huge color_secondary\"><div class=\"l-section-h i-cf\"><div class=\"g-cols vc_row via_grid cols_1 laptops-cols_inherit tablets-cols_1 mobiles-cols_1 valign_top type_default reversed stacking_default\" style=\"--columns-gap:0rem;\"><div class=\"wpb_column vc_column_container us_custom_e5713a0c\"><div class=\"vc_column-inner\"><div class=\"w-text us_custom_03bbc369 has_text_color\" id=\"dancing-title\"><span class=\"w-text-h\"><span class=\"w-text-value\">Datenschutzbestimmungen<\/span><\/span><\/div><h2 class=\"w-text us_custom_73690761 has_text_color\"><span class=\"w-text-h\"><span class=\"w-text-value\">Datenschutzbestimmungen<\/span><\/span><\/h2><\/div><\/div><\/div><\/div><\/section><section class=\"l-section wpb_row height_medium\"><div class=\"l-section-h i-cf\"><div class=\"g-cols vc_row via_grid cols_1 laptops-cols_inherit tablets-cols_inherit mobiles-cols_1 valign_top type_default stacking_default\"><div class=\"wpb_column vc_column_container\"><div class=\"vc_column-inner\"><h2 class=\"w-text us_custom_eb849559\"><span class=\"w-text-h\"><span class=\"w-text-value\">Erkl\u00e4rung zum Datenschutz<\/span><\/span><\/h2><h3 class=\"w-text\"><span class=\"w-text-h\"><span class=\"w-text-value\">Allgemeine Bestimmungen<\/span><\/span><\/h3><div class=\"wpb_text_column\"><div class=\"wpb_wrapper\"><p>Wenn Sie dem DB-Konzern personenbezogene Daten als freier Mitarbeiter, Bewerber, Selbst\u00e4ndiger ohne Personal oder als (direkter oder angestellter) Arbeitnehmer zur Verf\u00fcgung stellen, werden Ihre Daten in die Verwaltung des DB-Konzerns (Datenbank, Dateien usw.) aufgenommen. Dies gilt auch f\u00fcr die Daten, die wir von Ihnen als Mitarbeiter oder Vertreter einer Gesch\u00e4ftsbeziehung, eines Kunden, eines Lieferanten, eines Anbieters oder einer anderen Firma oder Institution erhalten.<\/p>\n<p>Wenn Sie uns freiwillig Informationen zur Verf\u00fcgung stellen, werden wir diese Informationen in \u00dcbereinstimmung mit unserer Datenschutzrichtlinie verwenden.<\/p>\n<p>Der DB-Konzern ist davon \u00fcberzeugt, dass der Schutz der pers\u00f6nlichen Daten seiner Bewerber, Leiharbeitnehmer, Mitarbeiter sowie seiner sonstigen Gesch\u00e4ftsbeziehungen und der Besucher der Website von wesentlicher Bedeutung ist. Personenbezogene Daten werden daher mit gr\u00f6\u00dftm\u00f6glicher Sorgfalt und in \u00dcbereinstimmung mit den Anforderungen des Gesetzes zum Schutz personenbezogener Daten behandelt und gesichert.<\/p>\n<\/div><\/div><h3 class=\"w-text us_custom_ec1e580b\"><span class=\"w-text-h\"><span class=\"w-text-value\">Wann erheben wir Ihre Daten?<\/span><\/span><\/h3><div class=\"wpb_text_column\"><div class=\"wpb_wrapper\"><p>Wir erfassen Ihre Daten ab dem Zeitpunkt, an dem Sie Ihre Daten auf unserer Website eingeben oder hinterlassen, sich in unserer Filiale registrieren lassen oder sich anderweitig f\u00fcr die Nutzung unserer Dienste bewerben oder registrieren lassen.<\/p>\n<p>Wir k\u00f6nnen auch Daten von Ihnen erheben, wenn Sie diese auf \u00f6ffentlichen Ressourcen ver\u00f6ffentlicht haben, die auf Ihr Interesse an arbeitsbezogenen Dienstleistungen hinweisen k\u00f6nnten. In diesem Fall nehmen wir Sie in unsere Datens\u00e4tze auf und gehen aufgrund Ihrer Transparenz, Ihres Postings auf \u00f6ffentlichen Seiten, davon aus, dass Sie mit der Verarbeitung Ihrer Daten einverstanden sind. Sie erhalten von uns eine Anmeldebest\u00e4tigung und haben selbstverst\u00e4ndlich das Recht, Ihre Daten zu \u00e4ndern, einzusehen und zu l\u00f6schen.<\/p>\n<\/div><\/div><h3 class=\"w-text us_custom_ec1e580b\"><span class=\"w-text-h\"><span class=\"w-text-value\">Warum sammeln wir Ihre Daten?<\/span><\/span><\/h3><div class=\"wpb_text_column\"><div class=\"wpb_wrapper\"><p>Wir erheben und verarbeiten Ihre Daten, um unsere Aufgaben in den Bereichen Vermittlung, Personalbeschaffung, Abordnung, Gehaltsabrechnung, Rekrutierung und Auswahl, pers\u00f6nliche Entwicklung und Besch\u00e4ftigungsf\u00e4higkeit, Gehaltsabrechnung und Personalverwaltung wahrzunehmen.<\/p>\n<p>Im Einzelnen werden Ihre personenbezogenen Daten verarbeitet, um:<\/p>\n<ol>\n<li>Ihnen Angebote und\/oder Informationen \u00fcber Dienstleistungen und andere Aktivit\u00e4ten zukommen zu lassen und diese besser auf Ihre Bed\u00fcrfnisse und Eigenschaften abzustimmen. Dies geschieht durch unsere Mitarbeiter und teilweise automatisch, z. B. im Falle einer Stellenausschreibung.<\/li>\n<li>Um Ihre Eignung und Verf\u00fcgbarkeit im Zusammenhang mit der Vermittlung einer unbefristeten oder befristeten Stelle oder eines Auftrags beurteilen zu k\u00f6nnen, was auch die Verwendung von Testergebnissen, Referenzpr\u00fcfungen, Social Media (sofern f\u00fcr die Stelle relevant und in der Stellenbeschreibung angegeben) usw. beinhalten kann. .<\/li>\n<li>ein Mitarbeiter- oder Personal-\/Vermittlungsverh\u00e4ltnis mit Ihnen aufzubauen und aufrechtzuerhalten und zu diesem Zweck die entsprechenden Verwaltungsaufgaben zu erledigen.<\/li>\n<li>Erf\u00fcllung unserer Wiedereingliederungsverpflichtungen und Einhaltung des (von der Regierung gesetzten) Ziels, Personen mit einer gro\u00dfen Distanz zum Arbeitsmarkt in Arbeit zu bringen.<\/li>\n<li>In der Lage zu sein, einen Auftrag mit dem Kunden in einer Vereinbarung mit dem Kunden festzuhalten und die Vereinbarung mit dem Kunden aufrechtzuerhalten und zu erf\u00fcllen.<\/li>\n<li>F\u00fcr Managementzwecke, einschlie\u00dflich Managementinformationen, Bereitstellung interner Kontrollen und Unternehmenssicherheit sowie Durchf\u00fchrung von Audits und Rechnungspr\u00fcfung.<\/li>\n<li>Qualit\u00e4tszwecke wie die Zertifizierung.<\/li>\n<li>Beantragung von Zusch\u00fcssen, Pr\u00e4miennachl\u00e4ssen usw.<\/li>\n<li>Wenn wir ein Mitarbeiter- oder Personal-\/Vermittlungsverh\u00e4ltnis mit Ihnen eingegangen sind, zur Einhaltung von Gesetzen und Vorschriften, einschlie\u00dflich, aber nicht beschr\u00e4nkt auf Ausweis-, Arbeits-, Steuer- und Sozialversicherungsgesetze, Betrugsbek\u00e4mpfung und nationale und internationale Sanktionsgesetze.<\/li>\n<\/ol>\n<\/div><\/div><h3 class=\"w-text us_custom_ec1e580b\"><span class=\"w-text-h\"><span class=\"w-text-value\">Welche pers\u00f6nlichen Daten erheben wir von Ihnen?<\/span><\/span><\/h3><div class=\"wpb_text_column\"><div class=\"wpb_wrapper\"><p>Wir verarbeiten personenbezogene Daten, die f\u00fcr unsere Dienstleistungen erforderlich sind. Einige dieser Daten sind f\u00fcr die Inanspruchnahme unserer Dienstleistungen zwingend erforderlich. Zus\u00e4tzliche Daten k\u00f6nnen erw\u00fcnscht sein, um den Dienst besser auf Ihre Bed\u00fcrfnisse und Qualit\u00e4ten abzustimmen oder um spezifischere Anfragen oder Verpflichtungen von Kunden zu erf\u00fcllen. Sie sind selbst f\u00fcr die Richtigkeit und Relevanz der von Ihnen angegebenen Daten verantwortlich.<\/p>\n<p>Konkret betrifft dies - unter anderem - die folgenden (Dokumente mit) personenbezogenen Daten:<\/p>\n<p>Bei der Anmeldung:<\/p>\n<p>- Name und Anschrift, E-Mail-Adresse und sonstige Kontaktangaben<br \/>\n- Geburtsdaten, Alter, Geschlecht<br \/>\n- Lebenslauf (Curriculum Vitae) im Original und in \u00fcberarbeiteter Form, Informationen \u00fcber Ausbildung, Praktika und Berufserfahrung<br \/>\n- Daten \u00fcber Aus- und Weiterbildungsma\u00dfnahmen und\/oder Pr\u00fcfungen, die Sie selbst oder \u00fcber uns besucht oder abgelegt haben<br \/>\n- Sonstige Informationen, die im Zusammenhang mit der Beurteilung der Eignung des Bewerbers relevant sind oder sein k\u00f6nnen, z. B. Referenzen und Zeugnisse<\/p>\n<p>Wenn Sie f\u00fcr den DB-Konzern\/HS Technical arbeiten k\u00f6nnen\/arbeiten\/gearbeitet haben:<\/p>\n<p>- Staatsangeh\u00f6rigkeit, BSN-Nummer, Identit\u00e4tsnachweis, Arbeitserlaubnis<br \/>\n- Sonstige Daten in Bezug auf Personal, Gehaltsabrechnung und Abwesenheitslisten<\/p>\n<p>Der DB-Konzern kann Ihre personenbezogenen Daten an seine Kunden, Unterauftragnehmer (z. B. Datenverarbeiter), die in seinem Namen Dienstleistungen erbringen oder Auftr\u00e4ge ausf\u00fchren, Lieferanten, Beh\u00f6rden und andere Gesch\u00e4ftspartner weitergeben. In allen anderen F\u00e4llen, in denen wir dazu verpflichtet sind, zum Beispiel durch einen Gerichtsbeschluss oder ein Gerichtsurteil.<\/p>\n<p>Die Bereitstellung personenbezogener Daten erfolgt auf der Grundlage eines berechtigten Interesses, einer rechtlichen Verpflichtung und\/oder zur Erf\u00fcllung des Vertrags gem\u00e4\u00df den unter \u201cWarum erheben wir Ihre personenbezogenen Daten\u201d aufgef\u00fchrten Zwecken.<\/p>\n<p>&nbsp;Ihre personenbezogenen Daten k\u00f6nnen in L\u00e4nder au\u00dferhalb der Niederlande \u00fcbermittelt werden. Der DB-Konzern hat die notwendigen Ma\u00dfnahmen ergriffen, um sicherzustellen, dass die \u00fcbertragenen personenbezogenen Daten angemessen gesch\u00fctzt sind.<\/p>\n<\/div><\/div><h3 class=\"w-text us_custom_ec1e580b\"><span class=\"w-text-h\"><span class=\"w-text-value\">Wie lange bewahren wir Ihre personenbezogenen Daten auf?<\/span><\/span><\/h3><div class=\"wpb_text_column\"><div class=\"wpb_wrapper\"><p><span>Der DB-Konzern speichert Ihre personenbezogenen Daten nur so lange, wie es f\u00fcr die Zwecke, f\u00fcr die die Daten erhoben wurden, erforderlich ist, und befolgt dabei die geltenden Gesetze und Vorschriften.  Nicht alle Daten k\u00f6nnen\/werden aufgrund von steuerlichen Aufbewahrungspflichten gel\u00f6scht werden.<\/span><\/p>\n<\/div><\/div><h3 class=\"w-text us_custom_ec1e580b\"><span class=\"w-text-h\"><span class=\"w-text-value\">Recht auf Einsichtnahme<\/span><\/span><\/h3><div class=\"wpb_text_column\"><div class=\"wpb_wrapper\"><p>Sie k\u00f6nnen uns jederzeit kontaktieren \u00fcber<span>\u00a0<\/span><a href=\"https:\/\/web.archive.org\/web\/20240919085546\/mailto:info@dbgroup.nl\">info@dbgroup.nl<\/a><span>\u00a0<\/span>oder per Brief (DB Group, Vonderweg 29, 7468 DC Enter) anfragen, welche Ihrer Daten wir verarbeiten d\u00fcrfen. Dar\u00fcber hinaus k\u00f6nnen Sie jederzeit \u00fcber das oben beschriebene Verfahren die Erg\u00e4nzung, Berichtigung oder L\u00f6schung Ihrer Daten beantragen. Wir bem\u00fchen uns, innerhalb von vier Wochen nach Eingang Ihres Antrags zu antworten.<\/p>\n<\/div><\/div><h3 class=\"w-text us_custom_ec1e580b\"><span class=\"w-text-h\"><span class=\"w-text-value\">Fragen, Kommentare und Beschwerden<\/span><\/span><\/h3><div class=\"wpb_text_column\"><div class=\"wpb_wrapper\"><p><span>Wenn Sie Fragen, Kommentare oder Beschwerden bez\u00fcglich der Datenschutzerkl\u00e4rung oder der Art und Weise, wie die DB Holding Ihre Daten erfasst, verwendet oder verarbeitet, haben, teilen Sie uns dies bitte per E-Mail unter\u00a0<\/span><a href=\"https:\/\/web.archive.org\/web\/20240919085546\/mailto:info@dbgroup.nl\">info@dbgroup.nl<\/a><span>, oder indem Sie einen Brief an den DB-Konzern, Vonderweg 29, 7468 DC Enter schicken. Wir bem\u00fchen uns, innerhalb von vier Wochen nach Eingang Ihrer Frage, Bemerkung oder Beschwerde zu antworten.<\/span><\/p>\n<\/div><\/div><h3 class=\"w-text us_custom_ec1e580b\"><span class=\"w-text-h\"><span class=\"w-text-value\">\u00c4nderungen<\/span><\/span><\/h3><div class=\"wpb_text_column\"><div class=\"wpb_wrapper\"><div class=\"col-sm-8 page-content\">\n<div class=\"white-container mb0\">\n<p>Der DB-Konzern kann von Zeit zu Zeit aus verschiedenen Gr\u00fcnden \u00c4nderungen, Erg\u00e4nzungen oder Zus\u00e4tze zu seiner Datenschutzerkl\u00e4rung vornehmen. Die jeweils aktuelle Datenschutzerkl\u00e4rung kann jederzeit auf der Website des DB-Konzerns und der HS Technical eingesehen werden. Diese Version wurde im Mai 2018 erstellt.<\/p>\n<\/div>\n<\/div>\n<\/div><\/div><\/div><\/div><\/div><\/div><\/section>","protected":false},"excerpt":{"rendered":"Privacy PolicyPrivacy PolicyPrivacy statementAlgemene bepalingenWanneer u als flexwerker, kandidaat, sollicitant, zelfstandige zonder personeel of als (directe of ingehuurde) werknemer persoonsgegevens aan DB Group verstrekt worden uw gegevens\u00a0 opgenomen in de administratie (databank, files en etc.) \u00a0van DB Group. Dit geldt ook voor de gegevens die wij van u als werknemer of vertegenwoordiger van een zakelijke...","protected":false},"author":1,"featured_media":0,"parent":0,"menu_order":0,"comment_status":"closed","ping_status":"closed","template":"","meta":{"_acf_changed":false,"footnotes":""},"class_list":["post-564","page","type-page","status-publish","hentry"],"acf":[],"yoast_head":"<!-- This site is optimized with the Yoast SEO plugin v26.9 - https:\/\/yoast.com\/product\/yoast-seo-wordpress\/ -->\n<title>Privacy Policy - DB Group<\/title>\n<meta name=\"robots\" content=\"index, follow, max-snippet:-1, max-image-preview:large, max-video-preview:-1\" \/>\n<link rel=\"canonical\" href=\"https:\/\/dbgroup.nl\/de\/datenschutzbestimmungen\/\" \/>\n<meta property=\"og:locale\" content=\"de_DE\" \/>\n<meta property=\"og:type\" content=\"article\" \/>\n<meta property=\"og:title\" content=\"Privacy Policy - DB Group\" \/>\n<meta property=\"og:url\" content=\"https:\/\/dbgroup.nl\/de\/datenschutzbestimmungen\/\" \/>\n<meta property=\"og:site_name\" content=\"DB Group\" \/>\n<meta property=\"article:modified_time\" content=\"2026-01-26T11:40:14+00:00\" \/>\n<meta name=\"twitter:card\" content=\"summary_large_image\" \/>\n<meta name=\"twitter:label1\" content=\"Gesch\u00e4tzte Lesezeit\" \/>\n\t<meta name=\"twitter:data1\" content=\"8\u00a0Minuten\" \/>\n<script type=\"application\/ld+json\" class=\"yoast-schema-graph\">{\"@context\":\"https:\/\/schema.org\",\"@graph\":[{\"@type\":\"WebPage\",\"@id\":\"https:\/\/dbgroup.nl\/privacy-policy\/\",\"url\":\"https:\/\/dbgroup.nl\/privacy-policy\/\",\"name\":\"Privacy Policy - DB Group\",\"isPartOf\":{\"@id\":\"https:\/\/dbgroup.nl\/#website\"},\"datePublished\":\"2026-01-22T10:43:47+00:00\",\"dateModified\":\"2026-01-26T11:40:14+00:00\",\"breadcrumb\":{\"@id\":\"https:\/\/dbgroup.nl\/privacy-policy\/#breadcrumb\"},\"inLanguage\":\"de\",\"potentialAction\":[{\"@type\":\"ReadAction\",\"target\":[\"https:\/\/dbgroup.nl\/privacy-policy\/\"]}]},{\"@type\":\"BreadcrumbList\",\"@id\":\"https:\/\/dbgroup.nl\/privacy-policy\/#breadcrumb\",\"itemListElement\":[{\"@type\":\"ListItem\",\"position\":1,\"name\":\"Home\",\"item\":\"https:\/\/dbgroup.nl\/\"},{\"@type\":\"ListItem\",\"position\":2,\"name\":\"Privacy Policy\"}]},{\"@type\":\"WebSite\",\"@id\":\"https:\/\/dbgroup.nl\/#website\",\"url\":\"https:\/\/dbgroup.nl\/\",\"name\":\"DB Group\",\"description\":\"\",\"publisher\":{\"@id\":\"https:\/\/dbgroup.nl\/#organization\"},\"potentialAction\":[{\"@type\":\"SearchAction\",\"target\":{\"@type\":\"EntryPoint\",\"urlTemplate\":\"https:\/\/dbgroup.nl\/?s={search_term_string}\"},\"query-input\":{\"@type\":\"PropertyValueSpecification\",\"valueRequired\":true,\"valueName\":\"search_term_string\"}}],\"inLanguage\":\"de\"},{\"@type\":\"Organization\",\"@id\":\"https:\/\/dbgroup.nl\/#organization\",\"name\":\"DB Group\",\"url\":\"https:\/\/dbgroup.nl\/\",\"logo\":{\"@type\":\"ImageObject\",\"inLanguage\":\"de\",\"@id\":\"https:\/\/dbgroup.nl\/#\/schema\/logo\/image\/\",\"url\":\"https:\/\/dbgroup.nl\/wp-content\/uploads\/2026\/01\/Icon.png\",\"contentUrl\":\"https:\/\/dbgroup.nl\/wp-content\/uploads\/2026\/01\/Icon.png\",\"width\":512,\"height\":512,\"caption\":\"DB Group\"},\"image\":{\"@id\":\"https:\/\/dbgroup.nl\/#\/schema\/logo\/image\/\"}}]}<\/script>\n<!-- \/ Yoast SEO plugin. -->","yoast_head_json":{"title":"Datenschutzerkl\u00e4rung - DB Group","robots":{"index":"index","follow":"follow","max-snippet":"max-snippet:-1","max-image-preview":"max-image-preview:large","max-video-preview":"max-video-preview:-1"},"canonical":"https:\/\/dbgroup.nl\/de\/datenschutzbestimmungen\/","og_locale":"de_DE","og_type":"article","og_title":"Privacy Policy - DB Group","og_url":"https:\/\/dbgroup.nl\/de\/datenschutzbestimmungen\/","og_site_name":"DB Group","article_modified_time":"2026-01-26T11:40:14+00:00","twitter_card":"summary_large_image","twitter_misc":{"Gesch\u00e4tzte Lesezeit":"8\u00a0Minuten"},"schema":{"@context":"https:\/\/schema.org","@graph":[{"@type":"WebPage","@id":"https:\/\/dbgroup.nl\/privacy-policy\/","url":"https:\/\/dbgroup.nl\/privacy-policy\/","name":"Datenschutzerkl\u00e4rung - DB Group","isPartOf":{"@id":"https:\/\/dbgroup.nl\/#website"},"datePublished":"2026-01-22T10:43:47+00:00","dateModified":"2026-01-26T11:40:14+00:00","breadcrumb":{"@id":"https:\/\/dbgroup.nl\/privacy-policy\/#breadcrumb"},"inLanguage":"de","potentialAction":[{"@type":"ReadAction","target":["https:\/\/dbgroup.nl\/privacy-policy\/"]}]},{"@type":"BreadcrumbList","@id":"https:\/\/dbgroup.nl\/privacy-policy\/#breadcrumb","itemListElement":[{"@type":"ListItem","position":1,"name":"Home","item":"https:\/\/dbgroup.nl\/"},{"@type":"ListItem","position":2,"name":"Privacy Policy"}]},{"@type":"WebSite","@id":"https:\/\/dbgroup.nl\/#website","url":"https:\/\/dbgroup.nl\/","name":"DB-Konzern","description":"","publisher":{"@id":"https:\/\/dbgroup.nl\/#organization"},"potentialAction":[{"@type":"SearchAction","target":{"@type":"EntryPoint","urlTemplate":"https:\/\/dbgroup.nl\/?s={search_term_string}"},"query-input":{"@type":"PropertyValueSpecification","valueRequired":true,"valueName":"search_term_string"}}],"inLanguage":"de"},{"@type":"Organization","@id":"https:\/\/dbgroup.nl\/#organization","name":"DB-Konzern","url":"https:\/\/dbgroup.nl\/","logo":{"@type":"ImageObject","inLanguage":"de","@id":"https:\/\/dbgroup.nl\/#\/schema\/logo\/image\/","url":"https:\/\/dbgroup.nl\/wp-content\/uploads\/2026\/01\/Icon.png","contentUrl":"https:\/\/dbgroup.nl\/wp-content\/uploads\/2026\/01\/Icon.png","width":512,"height":512,"caption":"DB Group"},"image":{"@id":"https:\/\/dbgroup.nl\/#\/schema\/logo\/image\/"}}]}},"_links":{"self":[{"href":"https:\/\/dbgroup.nl\/de\/wp-json\/wp\/v2\/pages\/564","targetHints":{"allow":["GET"]}}],"collection":[{"href":"https:\/\/dbgroup.nl\/de\/wp-json\/wp\/v2\/pages"}],"about":[{"href":"https:\/\/dbgroup.nl\/de\/wp-json\/wp\/v2\/types\/page"}],"author":[{"embeddable":true,"href":"https:\/\/dbgroup.nl\/de\/wp-json\/wp\/v2\/users\/1"}],"replies":[{"embeddable":true,"href":"https:\/\/dbgroup.nl\/de\/wp-json\/wp\/v2\/comments?post=564"}],"version-history":[{"count":5,"href":"https:\/\/dbgroup.nl\/de\/wp-json\/wp\/v2\/pages\/564\/revisions"}],"predecessor-version":[{"id":762,"href":"https:\/\/dbgroup.nl\/de\/wp-json\/wp\/v2\/pages\/564\/revisions\/762"}],"wp:attachment":[{"href":"https:\/\/dbgroup.nl\/de\/wp-json\/wp\/v2\/media?parent=564"}],"curies":[{"name":"wp","href":"https:\/\/api.w.org\/{rel}","templated":true}]}}