{"id":569,"date":"2026-01-22T13:30:08","date_gmt":"2026-01-22T13:30:08","guid":{"rendered":"https:\/\/dbgroup.nl\/?page_id=569"},"modified":"2026-02-09T11:24:09","modified_gmt":"2026-02-09T11:24:09","slug":"arbeiten-bei-db-group","status":"publish","type":"page","link":"https:\/\/dbgroup.nl\/de\/werken-bij-db-group\/","title":{"rendered":"Arbeiten beim DB-Konzern"},"content":{"rendered":"<section class=\"l-section wpb_row us_custom_3e14535b us_animate_this height_huge color_secondary\"><div class=\"l-section-h i-cf\"><div class=\"g-cols vc_row via_grid cols_1 laptops-cols_inherit tablets-cols_1 mobiles-cols_1 valign_top type_default reversed stacking_default\" style=\"--columns-gap:0rem;\"><div class=\"wpb_column vc_column_container us_custom_e5713a0c\"><div class=\"vc_column-inner\"><div class=\"w-text us_custom_03bbc369 has_text_color\" id=\"dancing-title\"><span class=\"w-text-h\"><span class=\"w-text-value\">Arbeiten beim DB-Konzern<\/span><\/span><\/div><h2 class=\"w-text us_custom_73690761 has_text_color\"><span class=\"w-text-h\"><span class=\"w-text-value\">Arbeiten beim DB-Konzern<\/span><\/span><\/h2><\/div><\/div><\/div><\/div><\/section><section class=\"l-section wpb_row us_custom_7b5306bb height_auto with_img\"><div class=\"l-section-img\" role=\"img\" aria-label=\"Bild\" data-img-width=\"172\" data-img-height=\"580\" style=\"background-image: url(https:\/\/dbgroup.nl\/wp-content\/uploads\/2025\/07\/Ellipse-3.png);background-position: bottom left;background-repeat: no-repeat;background-size: auto;\"><\/div><div class=\"l-section-h i-cf\"><div class=\"g-cols vc_row via_grid cols_2 laptops-cols_inherit tablets-cols_1 mobiles-cols_1 valign_middle type_default reversed stacking_default\" style=\"--columns-gap:60px;--laptops-columns-gap:60px;--tablets-columns-gap:50px;--mobiles-columns-gap:50px;\"><div class=\"wpb_column vc_column_container us_custom_7e20fa79 us_animate_this\"><div class=\"vc_column-inner\"><h3 class=\"w-text us_custom_1fed16d9\"><span class=\"w-text-h\"><span class=\"w-text-value\">Arbeiten beim DB-Konzern<\/span><\/span><\/h3><div class=\"w-separator size_custom\" style=\"height:20px\"><\/div><div class=\"wpb_text_column us_custom_a38e0465 has_text_color\"><div class=\"wpb_wrapper\"><p><span>DB Konzern - hier finden Sie Ihre Nische als Techniker. Vom Handwerker bis zum technischen Spezialisten bieten wir die M\u00f6glichkeiten. Unsere Hauptaktivit\u00e4ten konzentrieren sich auf ausf\u00fchrende Projekte, f\u00fcr die wir st\u00e4ndig Schwei\u00dfer, Monteure, Mechaniker, Vorarbeiter und Aufsichtspersonen suchen. Dar\u00fcber hinaus besteht ein regelm\u00e4\u00dfiger Bedarf an Mitarbeitern wie Arbeitsplanern, Qualit\u00e4tskontrolleuren usw.<\/span><\/p>\n<\/div><\/div><\/div><\/div><div class=\"wpb_column vc_column_container us_custom_47474b22 us_animate_this stretched\"><div class=\"vc_column-inner\"><div class=\"w-image us_custom_2195e473 align_none\"><div class=\"w-image-h\"><img decoding=\"async\" width=\"1248\" height=\"832\" src=\"https:\/\/dbgroup.nl\/wp-content\/uploads\/2026\/01\/1.png\" class=\"attachment-full size-full\" alt=\"\" loading=\"lazy\" srcset=\"https:\/\/dbgroup.nl\/wp-content\/uploads\/2026\/01\/1.png 1248w, https:\/\/dbgroup.nl\/wp-content\/uploads\/2026\/01\/1-300x200.png 300w, https:\/\/dbgroup.nl\/wp-content\/uploads\/2026\/01\/1-1024x683.png 1024w\" sizes=\"auto, (max-width: 1248px) 100vw, 1248px\" \/><\/div><\/div><\/div><\/div><\/div><\/div><\/section><section class=\"l-section wpb_row us_custom_7b5306bb height_auto with_img\"><div class=\"l-section-img\" role=\"img\" aria-label=\"Bild\" data-img-width=\"299\" data-img-height=\"299\" style=\"background-image: url(https:\/\/dbgroup.nl\/wp-content\/uploads\/2025\/07\/circle.png);background-repeat: no-repeat;background-size: auto;\"><\/div><div class=\"l-section-h i-cf\"><div class=\"g-cols vc_row via_grid cols_2 laptops-cols_inherit tablets-cols_1 mobiles-cols_1 valign_middle type_default reversed stacking_default\" style=\"--columns-gap:60px;--laptops-columns-gap:60px;--tablets-columns-gap:50px;--mobiles-columns-gap:50px;\"><div class=\"wpb_column vc_column_container us_custom_7e20fa79 us_animate_this\"><div class=\"vc_column-inner\"><div class=\"w-image align_none\"><div class=\"w-image-h\"><img decoding=\"async\" width=\"1328\" height=\"768\" src=\"https:\/\/dbgroup.nl\/wp-content\/uploads\/2026\/01\/2.png\" class=\"attachment-full size-full\" alt=\"\" loading=\"lazy\" srcset=\"https:\/\/dbgroup.nl\/wp-content\/uploads\/2026\/01\/2.png 1328w, https:\/\/dbgroup.nl\/wp-content\/uploads\/2026\/01\/2-300x173.png 300w, https:\/\/dbgroup.nl\/wp-content\/uploads\/2026\/01\/2-1024x592.png 1024w\" sizes=\"auto, (max-width: 1328px) 100vw, 1328px\" \/><\/div><\/div><\/div><\/div><div class=\"wpb_column vc_column_container us_custom_47474b22 us_animate_this\"><div class=\"vc_column-inner\"><h3 class=\"w-text us_custom_1fed16d9\"><span class=\"w-text-h\"><span class=\"w-text-value\">Arbeiten Sie an Ihrer Zukunft<\/span><\/span><\/h3><div class=\"w-separator size_custom\" style=\"height:30px\"><\/div><div class=\"wpb_text_column us_custom_a38e0465 has_text_color\"><div class=\"wpb_wrapper\"><p>Seit mehr als 26 Jahren ist der DB-Konzern ein zuverl\u00e4ssiger Partner f\u00fcr verschiedene Kunden, sowohl auf dem niederl\u00e4ndischen Markt als auch bei Projekten innerhalb Europas. Wir verf\u00fcgen auch \u00fcber umfangreiche Erfahrungen beim Einsatz ganzer Teams au\u00dferhalb Europas und haben erfolgreiche Projekte auf mehreren Kontinenten realisiert.<\/p>\n<p>Gemeinsam mit unseren Partnern garantiert der DB-Konzern anspruchsvolle und hochwertige Projekte bei f\u00fchrenden Kunden wie BAM, SPIE, Siemens, Heerema, Stork Bilfinger und Equans.<\/p>\n<p>Beim DB-Konzern erhalten Sie auch den Raum, um zu wachsen. Wir glauben an Entwicklung und investieren gerne gemeinsam mit Ihnen in Ihre Zukunft.<\/p>\n<\/div><\/div><\/div><\/div><\/div><\/div><\/section><section class=\"l-section wpb_row us_custom_7b5306bb height_auto with_img\"><div class=\"l-section-img\" role=\"img\" aria-label=\"Bild\" data-img-width=\"172\" data-img-height=\"580\" style=\"background-image: url(https:\/\/dbgroup.nl\/wp-content\/uploads\/2025\/07\/Ellipse-3.png);background-position: bottom left;background-repeat: no-repeat;background-size: contain;\"><\/div><div class=\"l-section-h i-cf\"><div class=\"g-cols vc_row via_grid cols_2 laptops-cols_inherit tablets-cols_1 mobiles-cols_1 valign_middle type_default reversed stacking_default\" style=\"--columns-gap:60px;--laptops-columns-gap:60px;--tablets-columns-gap:50px;--mobiles-columns-gap:50px;\"><div class=\"wpb_column vc_column_container us_custom_7e20fa79 us_animate_this\"><div class=\"vc_column-inner\"><h3 class=\"w-text us_custom_1fed16d9\"><span class=\"w-text-h\"><span class=\"w-text-value\">DB Group etwas f\u00fcr Sie?<\/span><\/span><\/h3><div class=\"w-separator size_custom\" style=\"height:30px\"><\/div><div class=\"wpb_text_column us_custom_a38e0465 has_text_color\"><div class=\"wpb_wrapper\"><p><span>Sind Sie auf der Suche nach einer herausfordernden T\u00e4tigkeit mit Freiheit und Verantwortung? M\u00f6chten Sie in einer zertifizierten Organisation (NEN &amp; VCA) mit kurzen Kommunikationswegen und aktiven Menschen arbeiten? Wollen wir gemeinsam in eine gute Beziehung investieren und auf eine gute Zukunft hinarbeiten? <a href=\"https:\/\/dbgroup.nl\/de\/anwenden\/\">Dann klicken Sie hier, um sich zu registrieren<\/a>.<\/span><\/p>\n<\/div><\/div><\/div><\/div><div class=\"wpb_column vc_column_container us_custom_47474b22 us_animate_this stretched\"><div class=\"vc_column-inner\"><div class=\"w-image us_custom_2195e473 align_none\"><div class=\"w-image-h\"><img decoding=\"async\" width=\"1248\" height=\"832\" src=\"https:\/\/dbgroup.nl\/wp-content\/uploads\/2026\/01\/3.png\" class=\"attachment-full size-full\" alt=\"\" loading=\"lazy\" srcset=\"https:\/\/dbgroup.nl\/wp-content\/uploads\/2026\/01\/3.png 1248w, https:\/\/dbgroup.nl\/wp-content\/uploads\/2026\/01\/3-300x200.png 300w, https:\/\/dbgroup.nl\/wp-content\/uploads\/2026\/01\/3-1024x683.png 1024w\" sizes=\"auto, (max-width: 1248px) 100vw, 1248px\" \/><\/div><\/div><\/div><\/div><\/div><\/div><\/section><section class=\"l-section wpb_row us_custom_7b5306bb height_auto with_img\"><div class=\"l-section-img\" role=\"img\" aria-label=\"Bild\" data-img-width=\"299\" data-img-height=\"299\" style=\"background-image: url(https:\/\/dbgroup.nl\/wp-content\/uploads\/2025\/07\/circle.png);background-repeat: no-repeat;background-size: auto;\"><\/div><div class=\"l-section-h i-cf\"><div class=\"g-cols vc_row via_grid cols_2 laptops-cols_inherit tablets-cols_1 mobiles-cols_1 valign_middle type_default reversed stacking_default\" style=\"--columns-gap:60px;--laptops-columns-gap:60px;--tablets-columns-gap:50px;--mobiles-columns-gap:50px;\"><div class=\"wpb_column vc_column_container us_custom_7e20fa79 us_animate_this\"><div class=\"vc_column-inner\"><div class=\"w-image align_none\"><div class=\"w-image-h\"><img decoding=\"async\" width=\"1376\" height=\"752\" src=\"https:\/\/dbgroup.nl\/wp-content\/uploads\/2026\/01\/4.png\" class=\"attachment-full size-full\" alt=\"\" loading=\"lazy\" srcset=\"https:\/\/dbgroup.nl\/wp-content\/uploads\/2026\/01\/4.png 1376w, https:\/\/dbgroup.nl\/wp-content\/uploads\/2026\/01\/4-300x164.png 300w, https:\/\/dbgroup.nl\/wp-content\/uploads\/2026\/01\/4-1024x560.png 1024w\" sizes=\"auto, (max-width: 1376px) 100vw, 1376px\" \/><\/div><\/div><\/div><\/div><div class=\"wpb_column vc_column_container us_custom_47474b22 us_animate_this\"><div class=\"vc_column-inner\"><h3 class=\"w-text us_custom_1fed16d9\"><span class=\"w-text-h\"><span class=\"w-text-value\">Dies sind nur einige weitere Gr\u00fcnde, warum Sie sich f\u00fcr den DB-Konzern entscheiden sollten:<\/span><\/span><\/h3><div class=\"w-separator size_custom\" style=\"height:30px\"><\/div><div class=\"wpb_text_column us_custom_a38e0465 has_text_color\"><div class=\"wpb_wrapper\"><ul>\n<li><span>Technische Spezialisten<\/span><\/li>\n<li><span>Verschiedene Branchen<\/span><\/li>\n<li><span>Anspruchsvolle Projekte<\/span><\/li>\n<li><span>F\u00fchrende Kunden<\/span><\/li>\n<li><span>In die Zukunft investieren<\/span><\/li>\n<li><span>Wachstumschancen<\/span><\/li>\n<li><span>SNA-zertifiziert<\/span><\/li>\n<li><span>VCU zertifiziert<\/span><\/li>\n<li><span>Arbeit und mehr<\/span><\/li>\n<li><span>Und, nat\u00fcrlich, gute Arbeitsbedingungen.\u00a0<\/span><\/li>\n<\/ul>\n<\/div><\/div><\/div><\/div><\/div><\/div><\/section>","protected":false},"excerpt":{"rendered":"Werken bij DB GroupWerken bij DB GroupWerken bij DB GroupDB Group &#8211; waar je als techneut je plek vindt. Van vakman tot technisch specialist bieden wij de mogelijkheden. Onze kernactiviteiten zijn gericht op uitvoerende projecten en zoeken hiervoor altijd lassers, fitters, monteurs, voormannen en uitvoerders. Daarnaast is er regelmatig vraag naar stafpersoneel, zoals werkvoorbereiders, QC\u2019ers,...","protected":false},"author":1,"featured_media":0,"parent":0,"menu_order":0,"comment_status":"closed","ping_status":"closed","template":"","meta":{"_acf_changed":false,"footnotes":""},"class_list":["post-569","page","type-page","status-publish","hentry"],"acf":[],"yoast_head":"<!-- This site is optimized with the Yoast SEO plugin v26.9 - https:\/\/yoast.com\/product\/yoast-seo-wordpress\/ -->\n<title>Werken bij DB Group - DB Group<\/title>\n<meta name=\"robots\" content=\"index, follow, max-snippet:-1, max-image-preview:large, max-video-preview:-1\" \/>\n<link rel=\"canonical\" href=\"https:\/\/dbgroup.nl\/de\/arbeiten-bei-db-group\/\" \/>\n<meta property=\"og:locale\" content=\"de_DE\" \/>\n<meta property=\"og:type\" content=\"article\" \/>\n<meta property=\"og:title\" content=\"Werken bij DB Group - DB Group\" \/>\n<meta property=\"og:url\" content=\"https:\/\/dbgroup.nl\/de\/arbeiten-bei-db-group\/\" \/>\n<meta property=\"og:site_name\" content=\"DB Group\" \/>\n<meta property=\"article:modified_time\" content=\"2026-02-09T11:24:09+00:00\" \/>\n<meta name=\"twitter:card\" content=\"summary_large_image\" \/>\n<meta name=\"twitter:label1\" content=\"Gesch\u00e4tzte Lesezeit\" \/>\n\t<meta name=\"twitter:data1\" content=\"2\u00a0Minuten\" \/>\n<script type=\"application\/ld+json\" class=\"yoast-schema-graph\">{\"@context\":\"https:\/\/schema.org\",\"@graph\":[{\"@type\":\"WebPage\",\"@id\":\"https:\/\/dbgroup.nl\/werken-bij-db-group\/\",\"url\":\"https:\/\/dbgroup.nl\/werken-bij-db-group\/\",\"name\":\"Werken bij DB Group - DB Group\",\"isPartOf\":{\"@id\":\"https:\/\/dbgroup.nl\/#website\"},\"datePublished\":\"2026-01-22T13:30:08+00:00\",\"dateModified\":\"2026-02-09T11:24:09+00:00\",\"breadcrumb\":{\"@id\":\"https:\/\/dbgroup.nl\/werken-bij-db-group\/#breadcrumb\"},\"inLanguage\":\"de\",\"potentialAction\":[{\"@type\":\"ReadAction\",\"target\":[\"https:\/\/dbgroup.nl\/werken-bij-db-group\/\"]}]},{\"@type\":\"BreadcrumbList\",\"@id\":\"https:\/\/dbgroup.nl\/werken-bij-db-group\/#breadcrumb\",\"itemListElement\":[{\"@type\":\"ListItem\",\"position\":1,\"name\":\"Home\",\"item\":\"https:\/\/dbgroup.nl\/\"},{\"@type\":\"ListItem\",\"position\":2,\"name\":\"Werken bij DB Group\"}]},{\"@type\":\"WebSite\",\"@id\":\"https:\/\/dbgroup.nl\/#website\",\"url\":\"https:\/\/dbgroup.nl\/\",\"name\":\"DB Group\",\"description\":\"\",\"publisher\":{\"@id\":\"https:\/\/dbgroup.nl\/#organization\"},\"potentialAction\":[{\"@type\":\"SearchAction\",\"target\":{\"@type\":\"EntryPoint\",\"urlTemplate\":\"https:\/\/dbgroup.nl\/?s={search_term_string}\"},\"query-input\":{\"@type\":\"PropertyValueSpecification\",\"valueRequired\":true,\"valueName\":\"search_term_string\"}}],\"inLanguage\":\"de\"},{\"@type\":\"Organization\",\"@id\":\"https:\/\/dbgroup.nl\/#organization\",\"name\":\"DB Group\",\"url\":\"https:\/\/dbgroup.nl\/\",\"logo\":{\"@type\":\"ImageObject\",\"inLanguage\":\"de\",\"@id\":\"https:\/\/dbgroup.nl\/#\/schema\/logo\/image\/\",\"url\":\"https:\/\/dbgroup.nl\/wp-content\/uploads\/2026\/01\/Icon.png\",\"contentUrl\":\"https:\/\/dbgroup.nl\/wp-content\/uploads\/2026\/01\/Icon.png\",\"width\":512,\"height\":512,\"caption\":\"DB Group\"},\"image\":{\"@id\":\"https:\/\/dbgroup.nl\/#\/schema\/logo\/image\/\"}}]}<\/script>\n<!-- \/ Yoast SEO plugin. -->","yoast_head_json":{"title":"Arbeiten im DB-Konzern - DB-Konzern","robots":{"index":"index","follow":"follow","max-snippet":"max-snippet:-1","max-image-preview":"max-image-preview:large","max-video-preview":"max-video-preview:-1"},"canonical":"https:\/\/dbgroup.nl\/de\/arbeiten-bei-db-group\/","og_locale":"de_DE","og_type":"article","og_title":"Werken bij DB Group - DB Group","og_url":"https:\/\/dbgroup.nl\/de\/arbeiten-bei-db-group\/","og_site_name":"DB Group","article_modified_time":"2026-02-09T11:24:09+00:00","twitter_card":"summary_large_image","twitter_misc":{"Gesch\u00e4tzte Lesezeit":"2\u00a0Minuten"},"schema":{"@context":"https:\/\/schema.org","@graph":[{"@type":"WebPage","@id":"https:\/\/dbgroup.nl\/werken-bij-db-group\/","url":"https:\/\/dbgroup.nl\/werken-bij-db-group\/","name":"Arbeiten im DB-Konzern - DB-Konzern","isPartOf":{"@id":"https:\/\/dbgroup.nl\/#website"},"datePublished":"2026-01-22T13:30:08+00:00","dateModified":"2026-02-09T11:24:09+00:00","breadcrumb":{"@id":"https:\/\/dbgroup.nl\/werken-bij-db-group\/#breadcrumb"},"inLanguage":"de","potentialAction":[{"@type":"ReadAction","target":["https:\/\/dbgroup.nl\/werken-bij-db-group\/"]}]},{"@type":"BreadcrumbList","@id":"https:\/\/dbgroup.nl\/werken-bij-db-group\/#breadcrumb","itemListElement":[{"@type":"ListItem","position":1,"name":"Home","item":"https:\/\/dbgroup.nl\/"},{"@type":"ListItem","position":2,"name":"Werken bij DB Group"}]},{"@type":"WebSite","@id":"https:\/\/dbgroup.nl\/#website","url":"https:\/\/dbgroup.nl\/","name":"DB-Konzern","description":"","publisher":{"@id":"https:\/\/dbgroup.nl\/#organization"},"potentialAction":[{"@type":"SearchAction","target":{"@type":"EntryPoint","urlTemplate":"https:\/\/dbgroup.nl\/?s={search_term_string}"},"query-input":{"@type":"PropertyValueSpecification","valueRequired":true,"valueName":"search_term_string"}}],"inLanguage":"de"},{"@type":"Organization","@id":"https:\/\/dbgroup.nl\/#organization","name":"DB-Konzern","url":"https:\/\/dbgroup.nl\/","logo":{"@type":"ImageObject","inLanguage":"de","@id":"https:\/\/dbgroup.nl\/#\/schema\/logo\/image\/","url":"https:\/\/dbgroup.nl\/wp-content\/uploads\/2026\/01\/Icon.png","contentUrl":"https:\/\/dbgroup.nl\/wp-content\/uploads\/2026\/01\/Icon.png","width":512,"height":512,"caption":"DB Group"},"image":{"@id":"https:\/\/dbgroup.nl\/#\/schema\/logo\/image\/"}}]}},"_links":{"self":[{"href":"https:\/\/dbgroup.nl\/de\/wp-json\/wp\/v2\/pages\/569","targetHints":{"allow":["GET"]}}],"collection":[{"href":"https:\/\/dbgroup.nl\/de\/wp-json\/wp\/v2\/pages"}],"about":[{"href":"https:\/\/dbgroup.nl\/de\/wp-json\/wp\/v2\/types\/page"}],"author":[{"embeddable":true,"href":"https:\/\/dbgroup.nl\/de\/wp-json\/wp\/v2\/users\/1"}],"replies":[{"embeddable":true,"href":"https:\/\/dbgroup.nl\/de\/wp-json\/wp\/v2\/comments?post=569"}],"version-history":[{"count":11,"href":"https:\/\/dbgroup.nl\/de\/wp-json\/wp\/v2\/pages\/569\/revisions"}],"predecessor-version":[{"id":884,"href":"https:\/\/dbgroup.nl\/de\/wp-json\/wp\/v2\/pages\/569\/revisions\/884"}],"wp:attachment":[{"href":"https:\/\/dbgroup.nl\/de\/wp-json\/wp\/v2\/media?parent=569"}],"curies":[{"name":"wp","href":"https:\/\/api.w.org\/{rel}","templated":true}]}}