{"id":305,"date":"2025-08-13T12:05:38","date_gmt":"2025-08-13T12:05:38","guid":{"rendered":"https:\/\/dbgroup.nl\/?page_id=305"},"modified":"2026-02-09T08:46:11","modified_gmt":"2026-02-09T08:46:11","slug":"os-nossos-servicos","status":"publish","type":"page","link":"https:\/\/dbgroup.nl\/pt\/onze-diensten\/","title":{"rendered":"Os nossos servi\u00e7os"},"content":{"rendered":"<section class=\"l-section wpb_row us_custom_48c057e5 us_animate_this height_huge color_secondary\"><div class=\"l-section-h i-cf\"><div class=\"g-cols vc_row via_grid cols_1 laptops-cols_inherit tablets-cols_1 mobiles-cols_1 valign_top type_default reversed stacking_default\" style=\"--columns-gap:0rem;\"><div class=\"wpb_column vc_column_container us_custom_e5713a0c\"><div class=\"vc_column-inner\"><div class=\"w-text us_custom_03bbc369 has_text_color\" id=\"dancing-title\"><span class=\"w-text-h\"><span class=\"w-text-value\">Servi\u00e7os<\/span><\/span><\/div><h2 class=\"w-text us_custom_93d56152 has_text_color\"><span class=\"w-text-h\"><span class=\"w-text-value\">Os nossos servi\u00e7os<\/span><\/span><\/h2><\/div><\/div><\/div><\/div><\/section><section class=\"l-section wpb_row us_custom_2fb49fc6 height_auto with_img\"><div class=\"l-section-img\" role=\"img\" aria-label=\"Imagem\" data-img-width=\"172\" data-img-height=\"580\" style=\"background-image: url(https:\/\/dbgroup.nl\/wp-content\/uploads\/2025\/07\/Ellipse-3.png);background-position: bottom left;background-repeat: no-repeat;background-size: auto;\"><\/div><div class=\"l-section-h i-cf\"><div class=\"g-cols vc_row via_grid cols_2 laptops-cols_inherit tablets-cols_1 mobiles-cols_1 valign_middle type_default reversed stacking_default\" style=\"--columns-gap:60px;--laptops-columns-gap:60px;--tablets-columns-gap:50px;--mobiles-columns-gap:50px;\"><div class=\"wpb_column vc_column_container us_custom_7e20fa79 us_animate_this\"><div class=\"vc_column-inner\"><div class=\"w-image align_none\"><div class=\"w-image-h\"><img decoding=\"async\" width=\"800\" height=\"533\" src=\"https:\/\/dbgroup.nl\/wp-content\/uploads\/2025\/08\/img1.png\" class=\"attachment-full size-full\" alt=\"\" loading=\"lazy\" srcset=\"https:\/\/dbgroup.nl\/wp-content\/uploads\/2025\/08\/img1.png 800w, https:\/\/dbgroup.nl\/wp-content\/uploads\/2025\/08\/img1-300x200.png 300w\" sizes=\"auto, (max-width: 800px) 100vw, 800px\" \/><\/div><\/div><\/div><\/div><div class=\"wpb_column vc_column_container us_custom_47474b22 us_animate_this\"><div class=\"vc_column-inner\"><h3 class=\"w-text us_custom_1fed16d9\"><span class=\"w-text-h\"><span class=\"w-text-value\">Os nossos servi\u00e7os<\/span><\/span><\/h3><div class=\"w-separator size_custom\" style=\"height:20px\"><\/div><div class=\"wpb_text_column us_custom_a38e0465 has_text_color\"><div class=\"wpb_wrapper\"><p><span style=\"font-weight: 400;\">Com quase 20 anos de experi\u00eancia nos sectores do petr\u00f3leo e g\u00e1s, marinha e constru\u00e7\u00e3o naval, alimenta\u00e7\u00e3o e lactic\u00ednios e petroqu\u00edmica, o DB Group \u00e9 o parceiro para o pessoal t\u00e9cnico. Resolvemos problemas de capacidade com solu\u00e7\u00f5es de pessoal flex\u00edveis e fi\u00e1veis, desde o refor\u00e7o tempor\u00e1rio a equipas de projeto completas.<\/span><\/p>\n<\/div><\/div><\/div><\/div><\/div><\/div><\/section><section class=\"l-section wpb_row us_custom_bedde467 height_medium with_shape\"><div class=\"l-section-shape type_wave pos_top hor_flip\" style=\"height:15vmin;\"><svg xmlns=\"http:\/\/www.w3.org\/2000\/svg\" viewbox=\"0 4 64 4\" preserveaspectratio=\"none\" width=\"100%\" height=\"100%\">\r\n\t<path fill=\"currentColor\" d=\"M64 6 C32 0 32 12 0 6 L0 8 L64 8 Z\"\/>\r\n<\/svg><\/div><div class=\"l-section-h i-cf\"><div class=\"g-cols vc_row via_grid cols_1 laptops-cols_inherit tablets-cols_inherit mobiles-cols_1 valign_top type_default stacking_default\"><div class=\"wpb_column vc_column_container us_custom_f1ec0b81\"><div class=\"vc_column-inner\"><div class=\"g-cols wpb_row via_grid cols_3 laptops-cols_inherit tablets-cols_inherit mobiles-cols_1 valign_top type_default stacking_default\" style=\"--columns-gap:2rem;\"><div class=\"wpb_column vc_column_container us_custom_4494d996 iconBox us_animate_this has_bg_color\"><div class=\"vc_column-inner\"><div class=\"w-vwrapper align_left valign_top\"><div class=\"w-iconbox us_custom_8d5aa4e2 iconpos_top style_default color_custom align_left no_text no_title\"><div class=\"w-iconbox-icon\" style=\"font-size:65px;--icon-color:#1f79e0;\"><i class=\"fas fa-podcast\"><\/i><\/div><div class=\"w-iconbox-meta\"><\/div><\/div><h6 class=\"w-text us_custom_95e7ef7b\"><span class=\"w-text-h\"><span class=\"w-text-value\">Difus\u00e3o<\/span><\/span><\/h6><div class=\"w-separator size_custom\" style=\"height:15px\"><\/div><div class=\"wpb_text_column\"><div class=\"wpb_wrapper\"><p><span style=\"font-weight: 400;\">O nosso servi\u00e7o mais solicitado \u00e9 o recrutamento de pessoal t\u00e9cnico. Enquanto ag\u00eancia de trabalho tempor\u00e1rio especializada, cumprimos todos os requisitos de qualidade e seguran\u00e7a, incluindo <\/span><b>Certifica\u00e7\u00e3o VCU<\/b><span style=\"font-weight: 400;\">, <\/span><b>NEN 4400-1<\/b><span style=\"font-weight: 400;\"> e a ades\u00e3o ao <\/span><b>NBBU<\/b><span style=\"font-weight: 400;\">. Desta forma, pode ter a certeza de que obter\u00e1 profissionais imediatamente empreg\u00e1veis e adequados ao seu projeto.<\/span><\/p>\n<\/div><\/div><\/div><\/div><\/div><div class=\"wpb_column vc_column_container us_custom_ac73c1e5 iconBox us_animate_this has_bg_color\"><div class=\"vc_column-inner\"><div class=\"w-vwrapper align_left valign_top\"><div class=\"w-iconbox us_custom_8d5aa4e2 iconpos_top style_default color_custom align_left no_text no_title\"><div class=\"w-iconbox-icon\" style=\"font-size:65px;--icon-color:#1f79e0;\"><i class=\"fas fa-compass\"><\/i><\/div><div class=\"w-iconbox-meta\"><\/div><\/div><h6 class=\"w-text us_custom_95e7ef7b\"><span class=\"w-text-h\"><span class=\"w-text-value\">Petroqu\u00edmica<\/span><\/span><\/h6><div class=\"w-separator size_custom\" style=\"height:15px\"><\/div><div class=\"wpb_text_column\"><div class=\"wpb_wrapper\"><p><span style=\"font-weight: 400;\">Com o processamento de sal\u00e1rios, empregamos os seus trabalhadores em papel, incluindo todas as responsabilidades e riscos do empregador. Isto permite-lhe concentrar-se nas suas actividades principais, enquanto n\u00f3s assumimos os encargos administrativos e legais. Embora ofere\u00e7amos servi\u00e7os de pagamento, a nossa aten\u00e7\u00e3o centra-se mais noutras formas de servi\u00e7os de pessoal.<\/span><\/p>\n<\/div><\/div><\/div><\/div><\/div><div class=\"wpb_column vc_column_container us_custom_67163cd6 iconBox us_animate_this has_bg_color\"><div class=\"vc_column-inner\"><div class=\"w-vwrapper align_left valign_top\"><div class=\"w-iconbox us_custom_8d5aa4e2 iconpos_top style_default color_custom align_left no_text no_title\"><div class=\"w-iconbox-icon\" style=\"font-size:65px;--icon-color:#1f79e0;\"><i class=\"fas fa-shield-check\"><\/i><\/div><div class=\"w-iconbox-meta\"><\/div><\/div><h6 class=\"w-text us_custom_95e7ef7b\"><span class=\"w-text-h\"><span class=\"w-text-value\">Media\u00e7\u00e3o ZZP<\/span><\/span><\/h6><div class=\"w-separator size_custom\" style=\"height:15px\"><\/div><div class=\"wpb_text_column\"><div class=\"wpb_wrapper\"><p><span style=\"font-weight: 400;\">O DB Group det\u00e9m a marca de qualidade NBBU para a media\u00e7\u00e3o ZZ. <\/span><\/p>\n<p>Colocamos os ZZP-ers em contacto com os nossos clientes, assegurando a elabora\u00e7\u00e3o de acordos adequados entre todas as partes, em conformidade com as normas fiscais e legais. Desta forma, minimiza-se o risco de uma rela\u00e7\u00e3o de trabalho fict\u00edcia. Tamb\u00e9m nos encarregamos do processamento financeiro das facturas.\u00a0\u00a0<span style=\"font-weight: 400;\">Desta forma, como cliente, trabalha com profissionais experientes sem preocupa\u00e7\u00f5es e os ZZP podem concentrar-se totalmente no seu trabalho.<\/span><\/p>\n<\/div><\/div><\/div><\/div><\/div><\/div><div class=\"w-separator size_small\"><\/div><div class=\"g-cols wpb_row via_grid cols_3 laptops-cols_inherit tablets-cols_inherit mobiles-cols_1 valign_top type_default stacking_default\" style=\"--columns-gap:2rem;\"><div class=\"wpb_column vc_column_container us_custom_60011008 iconBox us_animate_this has_bg_color\"><div class=\"vc_column-inner\"><div class=\"w-vwrapper align_left valign_top\"><div class=\"w-iconbox us_custom_8d5aa4e2 iconpos_top style_default color_custom align_left no_text no_title\"><div class=\"w-iconbox-icon\" style=\"font-size:65px;--icon-color:#1f79e0;\"><i class=\"fas fa-stopwatch-20\"><\/i><\/div><div class=\"w-iconbox-meta\"><\/div><\/div><h6 class=\"w-text us_custom_95e7ef7b\"><span class=\"w-text-h\"><span class=\"w-text-value\">Destacamento<\/span><\/span><\/h6><div class=\"w-separator size_custom\" style=\"height:15px\"><\/div><div class=\"wpb_text_column\"><div class=\"wpb_wrapper\"><p><span style=\"font-weight: 400;\">Para os postos-chave de uma organiza\u00e7\u00e3o, o destacamento oferece uma seguran\u00e7a suplementar. Os nossos especialistas destacados fazem parte da sua equipa durante um per\u00edodo de tempo mais longo, pelo que beneficia dos seus conhecimentos e experi\u00eancia sem ter de suportar o risco de recrutamento e sele\u00e7\u00e3o.<\/span><\/p>\n<\/div><\/div><\/div><\/div><\/div><div class=\"wpb_column vc_column_container us_custom_ac73c1e5 iconBox us_animate_this has_bg_color\"><div class=\"vc_column-inner\"><div class=\"w-vwrapper align_left valign_top\"><div class=\"w-iconbox us_custom_8d5aa4e2 iconpos_top style_default color_custom align_left no_text no_title\"><div class=\"w-iconbox-icon\" style=\"font-size:65px;--icon-color:#1f79e0;\"><i class=\"fas fa-clipboard-list-check\"><\/i><\/div><div class=\"w-iconbox-meta\"><\/div><\/div><h6 class=\"w-text us_custom_95e7ef7b\"><span class=\"w-text-h\"><span class=\"w-text-value\">Recrutamento e sele\u00e7\u00e3o<\/span><\/span><\/h6><div class=\"w-separator size_custom\" style=\"height:15px\"><\/div><div class=\"wpb_text_column\"><div class=\"wpb_wrapper\"><p><span style=\"font-weight: 400;\">Pretende preencher um posto de trabalho de forma permanente? Ent\u00e3o o DB Group encarrega-se de todo o processo de recrutamento. Recrutamos, examinamos e seleccionamos os melhores candidatos, ap\u00f3s o que tudo o que tem a fazer \u00e9 escolher. O cliente paga uma taxa \u00fanica por este servi\u00e7o.<\/span><\/p>\n<\/div><\/div><\/div><\/div><\/div><div class=\"wpb_column vc_column_container us_custom_67163cd6 iconBox us_animate_this has_bg_color\"><div class=\"vc_column-inner\"><div class=\"w-vwrapper align_left valign_top\"><div class=\"w-iconbox us_custom_8d5aa4e2 iconpos_top style_default color_custom align_left no_text no_title\"><div class=\"w-iconbox-icon\" style=\"font-size:65px;--icon-color:#1f79e0;\"><i class=\"fas fa-project-diagram\"><\/i><\/div><div class=\"w-iconbox-meta\"><\/div><\/div><h6 class=\"w-text us_custom_95e7ef7b\"><span class=\"w-text-h\"><span class=\"w-text-value\">Solu\u00e7\u00f5es de projeto<\/span><\/span><\/h6><div class=\"w-separator size_custom\" style=\"height:15px\"><\/div><div class=\"wpb_text_column\"><div class=\"wpb_wrapper\"><p><span style=\"font-weight: 400;\">Para al\u00e9m do fornecimento de pessoal, o DB Group tamb\u00e9m pode assumir projectos completos. Realizamos trabalhos de produ\u00e7\u00e3o padr\u00e3o na nossa oficina em Enter, mas tamb\u00e9m trabalhamos no local. Isto pode ser feito apenas com pessoal, ou completamente tratado, incluindo materiais e equipamento.<\/span><\/p>\n<\/div><\/div><\/div><\/div><\/div><\/div><div class=\"w-separator size_small\"><\/div><div class=\"g-cols wpb_row via_grid cols_3 laptops-cols_inherit tablets-cols_inherit mobiles-cols_1 valign_top type_default stacking_default\" style=\"--columns-gap:2rem;\"><div class=\"wpb_column vc_column_container us_custom_60011008 iconBox us_animate_this has_bg_color\"><div class=\"vc_column-inner\"><div class=\"w-vwrapper align_left valign_top\"><div class=\"w-iconbox us_custom_8d5aa4e2 iconpos_top style_default color_custom align_left no_text no_title\"><div class=\"w-iconbox-icon\" style=\"font-size:65px;--icon-color:#1f79e0;\"><i class=\"fas fa-house-user\"><\/i><\/div><div class=\"w-iconbox-meta\"><\/div><\/div><h6 class=\"w-text us_custom_95e7ef7b\"><span class=\"w-text-h\"><span class=\"w-text-value\">Flex\u00edvel e orientado para a solu\u00e7\u00e3o<\/span><\/span><\/h6><div class=\"w-separator size_custom\" style=\"height:15px\"><\/div><div class=\"wpb_text_column\"><div class=\"wpb_wrapper\"><p><span style=\"font-weight: 400;\">Quer se trate de um especialista ou de toda uma equipa de 50 ou mais pessoas: O DB Group resolve qualquer problema de pessoal. Combinamos flexibilidade para os colaboradores com solu\u00e7\u00f5es eficazes e fi\u00e1veis para os clientes.<\/span><\/p>\n<\/div><\/div><\/div><\/div><\/div><\/div><\/div><\/div><\/div><\/div><\/section>","protected":false},"excerpt":{"rendered":"DienstenOnze dienstenOnze dienstenMet bijna 20 jaar ervaring in de olie- en gasindustrie, marine- en scheepsbouw, food- en zuivelsector en petrochemie is DB Group d\u00e9 partner voor technisch personeel. Wij lossen capaciteitsproblemen op met flexibele en betrouwbare personeelsoplossingen, van tijdelijke versterking tot complete projectteams. UitzendenOnze meest gevraagde dienst is het uitzenden van technisch personeel. Als gespecialiseerd...","protected":false},"author":1,"featured_media":0,"parent":0,"menu_order":0,"comment_status":"closed","ping_status":"closed","template":"","meta":{"_acf_changed":false,"footnotes":""},"class_list":["post-305","page","type-page","status-publish","hentry"],"acf":[],"yoast_head":"<!-- This site is optimized with the Yoast SEO plugin v26.9 - https:\/\/yoast.com\/product\/yoast-seo-wordpress\/ -->\n<title>Onze diensten | Technische detachering &amp; personeel | DB Group<\/title>\n<meta name=\"description\" content=\"Ontdek de diensten van DB Group: uitzenden, detachering, ZZP-bemiddeling, werving &amp; selectie en projectoplossingen voor technisch personeel.\" \/>\n<meta name=\"robots\" content=\"index, follow, max-snippet:-1, max-image-preview:large, max-video-preview:-1\" \/>\n<link rel=\"canonical\" href=\"https:\/\/dbgroup.nl\/pt\/os-nossos-servicos\/\" \/>\n<meta property=\"og:locale\" content=\"pt_PT\" \/>\n<meta property=\"og:type\" content=\"article\" \/>\n<meta property=\"og:title\" content=\"Onze diensten | Technische detachering &amp; personeel | DB Group\" \/>\n<meta property=\"og:description\" content=\"Ontdek de diensten van DB Group: uitzenden, detachering, ZZP-bemiddeling, werving &amp; selectie en projectoplossingen voor technisch personeel.\" \/>\n<meta property=\"og:url\" content=\"https:\/\/dbgroup.nl\/pt\/os-nossos-servicos\/\" \/>\n<meta property=\"og:site_name\" content=\"DB Group\" \/>\n<meta property=\"article:modified_time\" content=\"2026-02-09T08:46:11+00:00\" \/>\n<meta name=\"twitter:card\" content=\"summary_large_image\" \/>\n<meta name=\"twitter:label1\" content=\"Tempo estimado de leitura\" \/>\n\t<meta name=\"twitter:data1\" content=\"3 minutos\" \/>\n<script type=\"application\/ld+json\" class=\"yoast-schema-graph\">{\"@context\":\"https:\/\/schema.org\",\"@graph\":[{\"@type\":\"WebPage\",\"@id\":\"https:\/\/dbgroup.nl\/onze-diensten\/\",\"url\":\"https:\/\/dbgroup.nl\/onze-diensten\/\",\"name\":\"Onze diensten | Technische detachering & personeel | DB Group\",\"isPartOf\":{\"@id\":\"https:\/\/dbgroup.nl\/#website\"},\"datePublished\":\"2025-08-13T12:05:38+00:00\",\"dateModified\":\"2026-02-09T08:46:11+00:00\",\"description\":\"Ontdek de diensten van DB Group: uitzenden, detachering, ZZP-bemiddeling, werving & selectie en projectoplossingen voor technisch personeel.\",\"breadcrumb\":{\"@id\":\"https:\/\/dbgroup.nl\/onze-diensten\/#breadcrumb\"},\"inLanguage\":\"pt-PT\",\"potentialAction\":[{\"@type\":\"ReadAction\",\"target\":[\"https:\/\/dbgroup.nl\/onze-diensten\/\"]}]},{\"@type\":\"BreadcrumbList\",\"@id\":\"https:\/\/dbgroup.nl\/onze-diensten\/#breadcrumb\",\"itemListElement\":[{\"@type\":\"ListItem\",\"position\":1,\"name\":\"Home\",\"item\":\"https:\/\/dbgroup.nl\/\"},{\"@type\":\"ListItem\",\"position\":2,\"name\":\"Onze diensten\"}]},{\"@type\":\"WebSite\",\"@id\":\"https:\/\/dbgroup.nl\/#website\",\"url\":\"https:\/\/dbgroup.nl\/\",\"name\":\"DB Group\",\"description\":\"\",\"publisher\":{\"@id\":\"https:\/\/dbgroup.nl\/#organization\"},\"potentialAction\":[{\"@type\":\"SearchAction\",\"target\":{\"@type\":\"EntryPoint\",\"urlTemplate\":\"https:\/\/dbgroup.nl\/?s={search_term_string}\"},\"query-input\":{\"@type\":\"PropertyValueSpecification\",\"valueRequired\":true,\"valueName\":\"search_term_string\"}}],\"inLanguage\":\"pt-PT\"},{\"@type\":\"Organization\",\"@id\":\"https:\/\/dbgroup.nl\/#organization\",\"name\":\"DB Group\",\"url\":\"https:\/\/dbgroup.nl\/\",\"logo\":{\"@type\":\"ImageObject\",\"inLanguage\":\"pt-PT\",\"@id\":\"https:\/\/dbgroup.nl\/#\/schema\/logo\/image\/\",\"url\":\"https:\/\/dbgroup.nl\/wp-content\/uploads\/2026\/01\/Icon.png\",\"contentUrl\":\"https:\/\/dbgroup.nl\/wp-content\/uploads\/2026\/01\/Icon.png\",\"width\":512,\"height\":512,\"caption\":\"DB Group\"},\"image\":{\"@id\":\"https:\/\/dbgroup.nl\/#\/schema\/logo\/image\/\"}}]}<\/script>\n<!-- \/ Yoast SEO plugin. -->","yoast_head_json":{"title":"Os nossos servi\u00e7os | Destacamento t\u00e9cnico e contrata\u00e7\u00e3o de pessoal | DB Group","description":"Descubra os servi\u00e7os do DB Group: trabalho tempor\u00e1rio, destacamento, media\u00e7\u00e3o ZZP, recrutamento e sele\u00e7\u00e3o e solu\u00e7\u00f5es de projeto para pessoal t\u00e9cnico.","robots":{"index":"index","follow":"follow","max-snippet":"max-snippet:-1","max-image-preview":"max-image-preview:large","max-video-preview":"max-video-preview:-1"},"canonical":"https:\/\/dbgroup.nl\/pt\/os-nossos-servicos\/","og_locale":"pt_PT","og_type":"article","og_title":"Onze diensten | Technische detachering & personeel | DB Group","og_description":"Ontdek de diensten van DB Group: uitzenden, detachering, ZZP-bemiddeling, werving & selectie en projectoplossingen voor technisch personeel.","og_url":"https:\/\/dbgroup.nl\/pt\/os-nossos-servicos\/","og_site_name":"DB Group","article_modified_time":"2026-02-09T08:46:11+00:00","twitter_card":"summary_large_image","twitter_misc":{"Tempo estimado de leitura":"3 minutos"},"schema":{"@context":"https:\/\/schema.org","@graph":[{"@type":"WebPage","@id":"https:\/\/dbgroup.nl\/onze-diensten\/","url":"https:\/\/dbgroup.nl\/onze-diensten\/","name":"Os nossos servi\u00e7os | Destacamento t\u00e9cnico e contrata\u00e7\u00e3o de pessoal | DB Group","isPartOf":{"@id":"https:\/\/dbgroup.nl\/#website"},"datePublished":"2025-08-13T12:05:38+00:00","dateModified":"2026-02-09T08:46:11+00:00","description":"Descubra os servi\u00e7os do DB Group: trabalho tempor\u00e1rio, destacamento, media\u00e7\u00e3o ZZP, recrutamento e sele\u00e7\u00e3o e solu\u00e7\u00f5es de projeto para pessoal t\u00e9cnico.","breadcrumb":{"@id":"https:\/\/dbgroup.nl\/onze-diensten\/#breadcrumb"},"inLanguage":"pt-PT","potentialAction":[{"@type":"ReadAction","target":["https:\/\/dbgroup.nl\/onze-diensten\/"]}]},{"@type":"BreadcrumbList","@id":"https:\/\/dbgroup.nl\/onze-diensten\/#breadcrumb","itemListElement":[{"@type":"ListItem","position":1,"name":"Home","item":"https:\/\/dbgroup.nl\/"},{"@type":"ListItem","position":2,"name":"Onze diensten"}]},{"@type":"WebSite","@id":"https:\/\/dbgroup.nl\/#website","url":"https:\/\/dbgroup.nl\/","name":"Grupo DB","description":"","publisher":{"@id":"https:\/\/dbgroup.nl\/#organization"},"potentialAction":[{"@type":"SearchAction","target":{"@type":"EntryPoint","urlTemplate":"https:\/\/dbgroup.nl\/?s={search_term_string}"},"query-input":{"@type":"PropertyValueSpecification","valueRequired":true,"valueName":"search_term_string"}}],"inLanguage":"pt-PT"},{"@type":"Organization","@id":"https:\/\/dbgroup.nl\/#organization","name":"Grupo DB","url":"https:\/\/dbgroup.nl\/","logo":{"@type":"ImageObject","inLanguage":"pt-PT","@id":"https:\/\/dbgroup.nl\/#\/schema\/logo\/image\/","url":"https:\/\/dbgroup.nl\/wp-content\/uploads\/2026\/01\/Icon.png","contentUrl":"https:\/\/dbgroup.nl\/wp-content\/uploads\/2026\/01\/Icon.png","width":512,"height":512,"caption":"DB Group"},"image":{"@id":"https:\/\/dbgroup.nl\/#\/schema\/logo\/image\/"}}]}},"_links":{"self":[{"href":"https:\/\/dbgroup.nl\/pt\/wp-json\/wp\/v2\/pages\/305","targetHints":{"allow":["GET"]}}],"collection":[{"href":"https:\/\/dbgroup.nl\/pt\/wp-json\/wp\/v2\/pages"}],"about":[{"href":"https:\/\/dbgroup.nl\/pt\/wp-json\/wp\/v2\/types\/page"}],"author":[{"embeddable":true,"href":"https:\/\/dbgroup.nl\/pt\/wp-json\/wp\/v2\/users\/1"}],"replies":[{"embeddable":true,"href":"https:\/\/dbgroup.nl\/pt\/wp-json\/wp\/v2\/comments?post=305"}],"version-history":[{"count":22,"href":"https:\/\/dbgroup.nl\/pt\/wp-json\/wp\/v2\/pages\/305\/revisions"}],"predecessor-version":[{"id":880,"href":"https:\/\/dbgroup.nl\/pt\/wp-json\/wp\/v2\/pages\/305\/revisions\/880"}],"wp:attachment":[{"href":"https:\/\/dbgroup.nl\/pt\/wp-json\/wp\/v2\/media?parent=305"}],"curies":[{"name":"wp","href":"https:\/\/api.w.org\/{rel}","templated":true}]}}