{"id":340,"date":"2025-08-14T02:35:37","date_gmt":"2025-08-14T02:35:37","guid":{"rendered":"https:\/\/dbgroup.nl\/?page_id=340"},"modified":"2026-02-04T09:41:14","modified_gmt":"2026-02-04T09:41:14","slug":"sectores","status":"publish","type":"page","link":"https:\/\/dbgroup.nl\/pt\/branches\/","title":{"rendered":"Ramos"},"content":{"rendered":"<section class=\"l-section wpb_row us_custom_3e14535b us_animate_this height_huge color_secondary\"><div class=\"l-section-h i-cf\"><div class=\"g-cols vc_row via_grid cols_1 laptops-cols_inherit tablets-cols_1 mobiles-cols_1 valign_top type_default reversed stacking_default\" style=\"--columns-gap:0rem;\"><div class=\"wpb_column vc_column_container us_custom_e5713a0c\"><div class=\"vc_column-inner\"><div class=\"w-text us_custom_03bbc369 has_text_color\" id=\"dancing-title\"><span class=\"w-text-h\"><span class=\"w-text-value\">Ramos<\/span><\/span><\/div><h2 class=\"w-text us_custom_93d56152 has_text_color\"><span class=\"w-text-h\"><span class=\"w-text-value\">Os nossos sectores<\/span><\/span><\/h2><\/div><\/div><\/div><\/div><\/section><section class=\"l-section wpb_row us_custom_2fb49fc6 height_auto\"><div class=\"l-section-h i-cf\"><div class=\"g-cols vc_row via_grid cols_1 laptops-cols_inherit tablets-cols_1 mobiles-cols_1 valign_middle type_default reversed stacking_default\" style=\"--columns-gap:60px;--laptops-columns-gap:60px;--tablets-columns-gap:50px;--mobiles-columns-gap:50px;\"><div class=\"wpb_column vc_column_container\"><div class=\"vc_column-inner\"><div class=\"wpb_text_column us_custom_830ed8d6 has_text_color us_animate_this\"><div class=\"wpb_wrapper\"><p><span style=\"font-weight: 400;\">O DB Group \u00e9 o seu parceiro fi\u00e1vel e inovador no destacamento t\u00e9cnico. Fornecemos profissionais experientes e especialistas para uma variedade de sectores, com qualidade, seguran\u00e7a e conhecimento dos requisitos espec\u00edficos da ind\u00fastria no nosso centro.<\/span><\/p>\n<\/div><\/div><\/div><\/div><\/div><\/div><\/section><section class=\"l-section wpb_row us_custom_7b5306bb height_auto with_img\"><div class=\"l-section-img\" role=\"img\" aria-label=\"Imagem\" data-img-width=\"172\" data-img-height=\"580\" style=\"background-image: url(https:\/\/dbgroup.nl\/wp-content\/uploads\/2025\/07\/Ellipse-3.png);background-position: bottom left;background-repeat: no-repeat;background-size: auto;\"><\/div><div class=\"l-section-h i-cf\"><div class=\"g-cols vc_row via_grid cols_2 laptops-cols_inherit tablets-cols_1 mobiles-cols_1 valign_middle type_default reversed stacking_default\" style=\"--columns-gap:60px;--laptops-columns-gap:60px;--tablets-columns-gap:50px;--mobiles-columns-gap:50px;\"><div class=\"wpb_column vc_column_container us_custom_7e20fa79 us_animate_this\"><div class=\"vc_column-inner\"><h3 class=\"w-text us_custom_1fed16d9\"><span class=\"w-text-h\"><span class=\"w-text-value\">Ind\u00fastria do petr\u00f3leo e do g\u00e1s<\/span><\/span><\/h3><div class=\"w-separator size_custom\" style=\"height:20px\"><\/div><div class=\"wpb_text_column us_custom_a38e0465 has_text_color\"><div class=\"wpb_wrapper\"><p><span style=\"font-weight: 400;\">Na ind\u00fastria do petr\u00f3leo e do g\u00e1s, fornecemos soldadores, montadores e instaladores altamente qualificados, incluindo os muito procurados soldadores 6G com experi\u00eancia em grandes di\u00e2metros. Os nossos profissionais trabalham de acordo com a norma ISO-9606-1 e possuem todas as certifica\u00e7\u00f5es necess\u00e1rias, tais como VCA e instalador de flanges. Tamb\u00e9m fornecemos encarregados, capatazes, supervisores e especialistas experientes em QA\/QC, prepara\u00e7\u00e3o de trabalho e pessoal de projeto.<\/span><\/p>\n<\/div><\/div><div class=\"w-separator size_medium\"><\/div><div class=\"w-btn-wrapper align_none\"><a class=\"w-btn us-btn-style_6 us_custom_f73f4019\" href=\"\/pt\/industria-do-petroleo-e-do-gas\/\"><span class=\"w-btn-label\">Ler mais<\/span><\/a><\/div><\/div><\/div><div class=\"wpb_column vc_column_container us_custom_47474b22 us_animate_this stretched\"><div class=\"vc_column-inner\"><div class=\"w-image us_custom_2195e473 align_none\"><div class=\"w-image-h\"><img decoding=\"async\" width=\"800\" height=\"448\" src=\"https:\/\/dbgroup.nl\/wp-content\/uploads\/2025\/08\/img3.png\" class=\"attachment-full size-full\" alt=\"\" loading=\"lazy\" srcset=\"https:\/\/dbgroup.nl\/wp-content\/uploads\/2025\/08\/img3.png 800w, https:\/\/dbgroup.nl\/wp-content\/uploads\/2025\/08\/img3-300x168.png 300w\" sizes=\"auto, (max-width: 800px) 100vw, 800px\" \/><\/div><\/div><\/div><\/div><\/div><\/div><\/section><section class=\"l-section wpb_row us_custom_7b5306bb height_auto with_img\"><div class=\"l-section-img\" role=\"img\" aria-label=\"Imagem\" data-img-width=\"299\" data-img-height=\"299\" style=\"background-image: url(https:\/\/dbgroup.nl\/wp-content\/uploads\/2025\/07\/circle.png);background-repeat: no-repeat;background-size: auto;\"><\/div><div class=\"l-section-h i-cf\"><div class=\"g-cols vc_row via_grid cols_2 laptops-cols_inherit tablets-cols_1 mobiles-cols_1 valign_middle type_default reversed stacking_default\" style=\"--columns-gap:60px;--laptops-columns-gap:60px;--tablets-columns-gap:50px;--mobiles-columns-gap:50px;\"><div class=\"wpb_column vc_column_container us_custom_7e20fa79 us_animate_this\"><div class=\"vc_column-inner\"><div class=\"w-image align_none\"><div class=\"w-image-h\"><img decoding=\"async\" width=\"800\" height=\"533\" src=\"https:\/\/dbgroup.nl\/wp-content\/uploads\/2025\/08\/img2.png\" class=\"attachment-full size-full\" alt=\"\" loading=\"lazy\" srcset=\"https:\/\/dbgroup.nl\/wp-content\/uploads\/2025\/08\/img2.png 800w, https:\/\/dbgroup.nl\/wp-content\/uploads\/2025\/08\/img2-300x200.png 300w\" sizes=\"auto, (max-width: 800px) 100vw, 800px\" \/><\/div><\/div><\/div><\/div><div class=\"wpb_column vc_column_container us_custom_47474b22 us_animate_this\"><div class=\"vc_column-inner\"><h3 class=\"w-text us_custom_1fed16d9\"><span class=\"w-text-h\"><span class=\"w-text-value\">Petroqu\u00edmica<\/span><\/span><\/h3><div class=\"w-separator size_custom\" style=\"height:30px\"><\/div><div class=\"wpb_text_column us_custom_a38e0465 has_text_color\"><div class=\"wpb_wrapper\"><p><span style=\"font-weight: 400;\">Para a ind\u00fastria petroqu\u00edmica, disponibilizamos profissionais familiarizados com v\u00e1rios grupos de materiais, como o a\u00e7o inoxid\u00e1vel 316, duplex e a\u00e7os para caldeiras. Os nossos soldadores 6G e outros especialistas cumprem elevados requisitos de seguran\u00e7a e possuem certifica\u00e7\u00f5es como VCA, WFPr e WFPr-TT. Para al\u00e9m de executivos, tamb\u00e9m fornecemos gestores e profissionais petroqu\u00edmicos nas \u00e1reas de QA\/QC, prepara\u00e7\u00e3o de trabalhos e gest\u00e3o de projectos.<\/span><\/p>\n<\/div><\/div><div class=\"w-separator size_medium\"><\/div><div class=\"w-btn-wrapper align_none\"><a class=\"w-btn us-btn-style_6 us_custom_f73f4019\" href=\"https:\/\/dbgroup.nl\/pt\/profissionais-tecnicos-petroquimicos\/\"><span class=\"w-btn-label\">Ler mais<\/span><\/a><\/div><\/div><\/div><\/div><\/div><\/section><section class=\"l-section wpb_row us_custom_7b5306bb height_auto with_img\"><div class=\"l-section-img\" role=\"img\" aria-label=\"Imagem\" data-img-width=\"172\" data-img-height=\"580\" style=\"background-image: url(https:\/\/dbgroup.nl\/wp-content\/uploads\/2025\/07\/Ellipse-3.png);background-position: bottom left;background-repeat: no-repeat;background-size: contain;\"><\/div><div class=\"l-section-h i-cf\"><div class=\"g-cols vc_row via_grid cols_2 laptops-cols_inherit tablets-cols_1 mobiles-cols_1 valign_middle type_default reversed stacking_default\" style=\"--columns-gap:60px;--laptops-columns-gap:60px;--tablets-columns-gap:50px;--mobiles-columns-gap:50px;\"><div class=\"wpb_column vc_column_container us_custom_7e20fa79 us_animate_this\"><div class=\"vc_column-inner\"><h3 class=\"w-text us_custom_1fed16d9\"><span class=\"w-text-h\"><span class=\"w-text-value\">Ind\u00fastria alimentar e dos lactic\u00ednios<\/span><\/span><\/h3><div class=\"w-separator size_custom\" style=\"height:30px\"><\/div><div class=\"wpb_text_column us_custom_a38e0465 has_text_color\"><div class=\"wpb_wrapper\"><p><span style=\"font-weight: 400;\">Na ind\u00fastria alimentar e dos lactic\u00ednios, a higiene e a precis\u00e3o s\u00e3o cruciais. Os nossos soldadores, montadores e instaladores t\u00eam experi\u00eancia com grupos de materiais como o a\u00e7o inoxid\u00e1vel 316 e duplex, e possuem certifica\u00e7\u00f5es que correspondem aos requisitos da ind\u00fastria alimentar. Fornecemos pessoal executivo, bem como gestores e especialistas para QA\/QC, prepara\u00e7\u00e3o do trabalho e pessoal de projeto.<\/span><\/p>\n<\/div><\/div><div class=\"w-separator size_medium\"><\/div><div class=\"w-btn-wrapper align_none\"><a class=\"w-btn us-btn-style_6 us_custom_f73f4019\" href=\"https:\/\/dbgroup.nl\/pt\/peritos-tecnicos-alimentacao-e-produtos-lacteos\/\"><span class=\"w-btn-label\">Ler mais<\/span><\/a><\/div><\/div><\/div><div class=\"wpb_column vc_column_container us_custom_47474b22 us_animate_this stretched\"><div class=\"vc_column-inner\"><div class=\"w-image us_custom_2195e473 align_none\"><div class=\"w-image-h\"><img decoding=\"async\" width=\"800\" height=\"520\" src=\"https:\/\/dbgroup.nl\/wp-content\/uploads\/2025\/08\/foodenzuivelindustrie.jpeg-1-2.png\" class=\"attachment-full size-full\" alt=\"\" loading=\"lazy\" srcset=\"https:\/\/dbgroup.nl\/wp-content\/uploads\/2025\/08\/foodenzuivelindustrie.jpeg-1-2.png 800w, https:\/\/dbgroup.nl\/wp-content\/uploads\/2025\/08\/foodenzuivelindustrie.jpeg-1-2-300x195.png 300w\" sizes=\"auto, (max-width: 800px) 100vw, 800px\" \/><\/div><\/div><\/div><\/div><\/div><\/div><\/section><section class=\"l-section wpb_row us_custom_7b5306bb height_auto with_img\"><div class=\"l-section-img\" role=\"img\" aria-label=\"Imagem\" data-img-width=\"299\" data-img-height=\"299\" style=\"background-image: url(https:\/\/dbgroup.nl\/wp-content\/uploads\/2025\/07\/circle.png);background-repeat: no-repeat;background-size: auto;\"><\/div><div class=\"l-section-h i-cf\"><div class=\"g-cols vc_row via_grid cols_2 laptops-cols_inherit tablets-cols_1 mobiles-cols_1 valign_middle type_default reversed stacking_default\" style=\"--columns-gap:60px;--laptops-columns-gap:60px;--tablets-columns-gap:50px;--mobiles-columns-gap:50px;\"><div class=\"wpb_column vc_column_container us_custom_7e20fa79 us_animate_this\"><div class=\"vc_column-inner\"><div class=\"w-image align_none\"><div class=\"w-image-h\"><img decoding=\"async\" width=\"800\" height=\"448\" src=\"https:\/\/dbgroup.nl\/wp-content\/uploads\/2025\/08\/img4.png\" class=\"attachment-full size-full\" alt=\"\" loading=\"lazy\" srcset=\"https:\/\/dbgroup.nl\/wp-content\/uploads\/2025\/08\/img4.png 800w, https:\/\/dbgroup.nl\/wp-content\/uploads\/2025\/08\/img4-300x168.png 300w\" sizes=\"auto, (max-width: 800px) 100vw, 800px\" \/><\/div><\/div><\/div><\/div><div class=\"wpb_column vc_column_container us_custom_47474b22 us_animate_this\"><div class=\"vc_column-inner\"><h3 class=\"w-text us_custom_1fed16d9\"><span class=\"w-text-h\"><span class=\"w-text-value\">Marinha e constru\u00e7\u00e3o naval<\/span><\/span><\/h3><div class=\"w-separator size_custom\" style=\"height:30px\"><\/div><div class=\"wpb_text_column us_custom_a38e0465 has_text_color\"><div class=\"wpb_wrapper\"><p><span style=\"font-weight: 400;\">Para a marinha e a constru\u00e7\u00e3o naval, fornecemos soldadores, montadores e instaladores experientes que est\u00e3o familiarizados com v\u00e1rios tipos de a\u00e7o e trabalham segundo os mais elevados padr\u00f5es de qualidade. Os nossos profissionais possuem certifica\u00e7\u00f5es como a VCA e a WFPr e est\u00e3o dispon\u00edveis tanto para projectos de constru\u00e7\u00e3o nova como de manuten\u00e7\u00e3o. Tamb\u00e9m oferecemos gestores e especialistas em QA\/QC, prepara\u00e7\u00e3o do trabalho e gest\u00e3o de projectos para uma implementa\u00e7\u00e3o \u00f3ptima do projeto.<\/span><\/p>\n<\/div><\/div><div class=\"w-separator size_medium\"><\/div><div class=\"w-btn-wrapper align_none\"><a class=\"w-btn us-btn-style_6 us_custom_f73f4019\" href=\"https:\/\/dbgroup.nl\/pt\/profissionais-tecnicos-da-marinha-e-da-construcao-naval\/\"><span class=\"w-btn-label\">Ler mais<\/span><\/a><\/div><\/div><\/div><\/div><\/div><\/section><section class=\"l-section wpb_row us_custom_7b5306bb height_auto with_img\"><div class=\"l-section-img\" role=\"img\" aria-label=\"Imagem\" data-img-width=\"172\" data-img-height=\"580\" style=\"background-image: url(https:\/\/dbgroup.nl\/wp-content\/uploads\/2025\/07\/Ellipse-3.png);background-position: bottom left;background-repeat: no-repeat;background-size: contain;\"><\/div><div class=\"l-section-h i-cf\"><div class=\"g-cols vc_row via_grid cols_2 laptops-cols_inherit tablets-cols_1 mobiles-cols_1 valign_middle type_default reversed stacking_default\" style=\"--columns-gap:60px;--laptops-columns-gap:60px;--tablets-columns-gap:50px;--mobiles-columns-gap:50px;\"><div class=\"wpb_column vc_column_container us_custom_7e20fa79 us_animate_this\"><div class=\"vc_column-inner\"><h3 class=\"w-text us_custom_1fed16d9\"><span class=\"w-text-h\"><span class=\"w-text-value\">Energia<\/span><\/span><\/h3><div class=\"w-separator size_custom\" style=\"height:30px\"><\/div><div class=\"wpb_text_column us_custom_a38e0465 has_text_color\"><div class=\"wpb_wrapper\"><p>O sector da energia requer profissionais capazes de trabalhar em projectos complexos e em constante mudan\u00e7a. O DB Group fornece profissionais experientes para usinas hidrel\u00e9tricas, turbinas e\u00f3licas e instala\u00e7\u00f5es de energia industrial, entre outros. Confi\u00e1veis, seguros e imediatamente mobiliz\u00e1veis.<\/p>\n<\/div><\/div><div class=\"w-separator size_medium\"><\/div><div class=\"w-btn-wrapper align_none\"><a class=\"w-btn us-btn-style_6 us_custom_f73f4019\" href=\"https:\/\/dbgroup.nl\/pt\/energia\/\"><span class=\"w-btn-label\">Ler mais<\/span><\/a><\/div><\/div><\/div><div class=\"wpb_column vc_column_container us_custom_47474b22 us_animate_this stretched\"><div class=\"vc_column-inner\"><div class=\"w-image us_custom_2195e473 align_none\"><div class=\"w-image-h\"><img decoding=\"async\" width=\"1000\" height=\"665\" src=\"https:\/\/dbgroup.nl\/wp-content\/uploads\/2026\/02\/321.jpg\" class=\"attachment-full size-full\" alt=\"\" loading=\"lazy\" srcset=\"https:\/\/dbgroup.nl\/wp-content\/uploads\/2026\/02\/321.jpg 1000w, https:\/\/dbgroup.nl\/wp-content\/uploads\/2026\/02\/321-300x200.jpg 300w, https:\/\/dbgroup.nl\/wp-content\/uploads\/2026\/02\/321-18x12.jpg 18w\" sizes=\"auto, (max-width: 1000px) 100vw, 1000px\" \/><\/div><\/div><\/div><\/div><\/div><\/div><\/section><section class=\"l-section wpb_row us_custom_7b5306bb height_auto with_img\"><div class=\"l-section-img\" role=\"img\" aria-label=\"Imagem\" data-img-width=\"299\" data-img-height=\"299\" style=\"background-image: url(https:\/\/dbgroup.nl\/wp-content\/uploads\/2025\/07\/circle.png);background-repeat: no-repeat;background-size: auto;\"><\/div><div class=\"l-section-h i-cf\"><div class=\"g-cols vc_row via_grid cols_2 laptops-cols_inherit tablets-cols_1 mobiles-cols_1 valign_middle type_default reversed stacking_default\" style=\"--columns-gap:60px;--laptops-columns-gap:60px;--tablets-columns-gap:50px;--mobiles-columns-gap:50px;\"><div class=\"wpb_column vc_column_container us_custom_7e20fa79 us_animate_this\"><div class=\"vc_column-inner\"><div class=\"w-image align_none\"><div class=\"w-image-h\"><img decoding=\"async\" width=\"1000\" height=\"667\" src=\"https:\/\/dbgroup.nl\/wp-content\/uploads\/2026\/02\/211.jpg\" class=\"attachment-full size-full\" alt=\"\" loading=\"lazy\" srcset=\"https:\/\/dbgroup.nl\/wp-content\/uploads\/2026\/02\/211.jpg 1000w, https:\/\/dbgroup.nl\/wp-content\/uploads\/2026\/02\/211-300x200.jpg 300w, https:\/\/dbgroup.nl\/wp-content\/uploads\/2026\/02\/211-18x12.jpg 18w\" sizes=\"auto, (max-width: 1000px) 100vw, 1000px\" \/><\/div><\/div><\/div><\/div><div class=\"wpb_column vc_column_container us_custom_47474b22 us_animate_this\"><div class=\"vc_column-inner\"><h3 class=\"w-text us_custom_1fed16d9\"><span class=\"w-text-h\"><span class=\"w-text-value\">Constru\u00e7\u00e3o em a\u00e7o<\/span><\/span><\/h3><div class=\"w-separator size_custom\" style=\"height:30px\"><\/div><div class=\"wpb_text_column us_custom_a38e0465 has_text_color\"><div class=\"wpb_wrapper\"><p>No sector da constru\u00e7\u00e3o em a\u00e7o, tudo gira em torno da precis\u00e3o e da per\u00edcia. O DB Group conta com especialistas para a produ\u00e7\u00e3o, montagem e instala\u00e7\u00e3o de estruturas de a\u00e7o. Os nossos profissionais trabalham de forma eficiente, segura e dentro do prazo numa variedade de projectos de constru\u00e7\u00e3o em a\u00e7o.<\/p>\n<\/div><\/div><div class=\"w-separator size_medium\"><\/div><div class=\"w-btn-wrapper align_none\"><a class=\"w-btn us-btn-style_6 us_custom_f73f4019\" href=\"https:\/\/dbgroup.nl\/pt\/construcao-em-aco\/\"><span class=\"w-btn-label\">Ler mais<\/span><\/a><\/div><\/div><\/div><\/div><\/div><\/section><section class=\"l-section wpb_row us_custom_7b5306bb height_auto with_img\"><div class=\"l-section-img\" role=\"img\" aria-label=\"Imagem\" data-img-width=\"172\" data-img-height=\"580\" style=\"background-image: url(https:\/\/dbgroup.nl\/wp-content\/uploads\/2025\/07\/Ellipse-3.png);background-position: bottom left;background-repeat: no-repeat;background-size: contain;\"><\/div><div class=\"l-section-h i-cf\"><div class=\"g-cols vc_row via_grid cols_2 laptops-cols_inherit tablets-cols_1 mobiles-cols_1 valign_middle type_default reversed stacking_default\" style=\"--columns-gap:60px;--laptops-columns-gap:60px;--tablets-columns-gap:50px;--mobiles-columns-gap:50px;\"><div class=\"wpb_column vc_column_container us_custom_7e20fa79 us_animate_this\"><div class=\"vc_column-inner\"><h3 class=\"w-text us_custom_1fed16d9\"><span class=\"w-text-h\"><span class=\"w-text-value\">Em terra e no mar<\/span><\/span><\/h3><div class=\"w-separator size_custom\" style=\"height:30px\"><\/div><div class=\"wpb_text_column us_custom_a38e0465 has_text_color\"><div class=\"wpb_wrapper\"><p>Os projectos onshore e offshore colocam elevadas exig\u00eancias \u00e0s pessoas e \u00e0 tecnologia. O DB Group fornece profissionais experientes que est\u00e3o acostumados a trabalhar em condi\u00e7\u00f5es desafiadoras. Com um foco na seguran\u00e7a e continuidade, eles garantem um progresso est\u00e1vel em cada projeto.<\/p>\n<\/div><\/div><div class=\"w-separator size_medium\"><\/div><div class=\"w-btn-wrapper align_none\"><a class=\"w-btn us-btn-style_6 us_custom_f73f4019\" href=\"https:\/\/dbgroup.nl\/pt\/em-alto-mar\/\"><span class=\"w-btn-label\">Ler mais<\/span><\/a><\/div><\/div><\/div><div class=\"wpb_column vc_column_container us_custom_47474b22 us_animate_this stretched\"><div class=\"vc_column-inner\"><div class=\"w-image us_custom_2195e473 align_none\"><div class=\"w-image-h\"><img decoding=\"async\" width=\"1000\" height=\"563\" src=\"https:\/\/dbgroup.nl\/wp-content\/uploads\/2026\/02\/35.jpg\" class=\"attachment-full size-full\" alt=\"\" loading=\"lazy\" srcset=\"https:\/\/dbgroup.nl\/wp-content\/uploads\/2026\/02\/35.jpg 1000w, https:\/\/dbgroup.nl\/wp-content\/uploads\/2026\/02\/35-300x169.jpg 300w, https:\/\/dbgroup.nl\/wp-content\/uploads\/2026\/02\/35-18x10.jpg 18w\" sizes=\"auto, (max-width: 1000px) 100vw, 1000px\" \/><\/div><\/div><\/div><\/div><\/div><\/div><\/section>","protected":false},"excerpt":{"rendered":"BranchesOnze branchesDB Group is jouw betrouwbare en innovatieve partner in technische detachering. We leveren ervaren vakmensen en specialisten voor uiteenlopende sectoren, waarbij kwaliteit, veiligheid en kennis van specifieke industrie-eisen centraal staan. Olie- en gasindustrieIn de olie- en gasindustrie leveren wij hooggekwalificeerde lassers, fitters en monteurs, waaronder veelgevraagde 6G-lassers met ervaring in grote diameters. Onze professionals...","protected":false},"author":1,"featured_media":0,"parent":0,"menu_order":0,"comment_status":"closed","ping_status":"closed","template":"","meta":{"_acf_changed":false,"footnotes":""},"class_list":["post-340","page","type-page","status-publish","hentry"],"acf":[],"yoast_head":"<!-- This site is optimized with the Yoast SEO plugin v26.9 - https:\/\/yoast.com\/product\/yoast-seo-wordpress\/ -->\n<title>Branches | Technische detachering per sector | DB Group<\/title>\n<meta name=\"description\" content=\"DB Group levert ervaren vakmensen voor diverse branches. Betrouwbare detachering met focus op kwaliteit, veiligheid en industrie-eisen.\" \/>\n<meta name=\"robots\" content=\"index, follow, max-snippet:-1, max-image-preview:large, max-video-preview:-1\" \/>\n<link rel=\"canonical\" href=\"https:\/\/dbgroup.nl\/pt\/sectores\/\" \/>\n<meta property=\"og:locale\" content=\"pt_PT\" \/>\n<meta property=\"og:type\" content=\"article\" \/>\n<meta property=\"og:title\" content=\"Branches | Technische detachering per sector | DB Group\" \/>\n<meta property=\"og:description\" content=\"DB Group levert ervaren vakmensen voor diverse branches. Betrouwbare detachering met focus op kwaliteit, veiligheid en industrie-eisen.\" \/>\n<meta property=\"og:url\" content=\"https:\/\/dbgroup.nl\/pt\/sectores\/\" \/>\n<meta property=\"og:site_name\" content=\"DB Group\" \/>\n<meta property=\"article:modified_time\" content=\"2026-02-04T09:41:14+00:00\" \/>\n<meta name=\"twitter:card\" content=\"summary_large_image\" \/>\n<meta name=\"twitter:label1\" content=\"Tempo estimado de leitura\" \/>\n\t<meta name=\"twitter:data1\" content=\"3 minutos\" \/>\n<script type=\"application\/ld+json\" class=\"yoast-schema-graph\">{\"@context\":\"https:\/\/schema.org\",\"@graph\":[{\"@type\":\"WebPage\",\"@id\":\"https:\/\/dbgroup.nl\/branches\/\",\"url\":\"https:\/\/dbgroup.nl\/branches\/\",\"name\":\"Branches | Technische detachering per sector | DB Group\",\"isPartOf\":{\"@id\":\"https:\/\/dbgroup.nl\/#website\"},\"datePublished\":\"2025-08-14T02:35:37+00:00\",\"dateModified\":\"2026-02-04T09:41:14+00:00\",\"description\":\"DB Group levert ervaren vakmensen voor diverse branches. Betrouwbare detachering met focus op kwaliteit, veiligheid en industrie-eisen.\",\"breadcrumb\":{\"@id\":\"https:\/\/dbgroup.nl\/branches\/#breadcrumb\"},\"inLanguage\":\"pt-PT\",\"potentialAction\":[{\"@type\":\"ReadAction\",\"target\":[\"https:\/\/dbgroup.nl\/branches\/\"]}]},{\"@type\":\"BreadcrumbList\",\"@id\":\"https:\/\/dbgroup.nl\/branches\/#breadcrumb\",\"itemListElement\":[{\"@type\":\"ListItem\",\"position\":1,\"name\":\"Home\",\"item\":\"https:\/\/dbgroup.nl\/\"},{\"@type\":\"ListItem\",\"position\":2,\"name\":\"Branches\"}]},{\"@type\":\"WebSite\",\"@id\":\"https:\/\/dbgroup.nl\/#website\",\"url\":\"https:\/\/dbgroup.nl\/\",\"name\":\"DB Group\",\"description\":\"\",\"publisher\":{\"@id\":\"https:\/\/dbgroup.nl\/#organization\"},\"potentialAction\":[{\"@type\":\"SearchAction\",\"target\":{\"@type\":\"EntryPoint\",\"urlTemplate\":\"https:\/\/dbgroup.nl\/?s={search_term_string}\"},\"query-input\":{\"@type\":\"PropertyValueSpecification\",\"valueRequired\":true,\"valueName\":\"search_term_string\"}}],\"inLanguage\":\"pt-PT\"},{\"@type\":\"Organization\",\"@id\":\"https:\/\/dbgroup.nl\/#organization\",\"name\":\"DB Group\",\"url\":\"https:\/\/dbgroup.nl\/\",\"logo\":{\"@type\":\"ImageObject\",\"inLanguage\":\"pt-PT\",\"@id\":\"https:\/\/dbgroup.nl\/#\/schema\/logo\/image\/\",\"url\":\"https:\/\/dbgroup.nl\/wp-content\/uploads\/2026\/01\/Icon.png\",\"contentUrl\":\"https:\/\/dbgroup.nl\/wp-content\/uploads\/2026\/01\/Icon.png\",\"width\":512,\"height\":512,\"caption\":\"DB Group\"},\"image\":{\"@id\":\"https:\/\/dbgroup.nl\/#\/schema\/logo\/image\/\"}}]}<\/script>\n<!-- \/ Yoast SEO plugin. -->","yoast_head_json":{"title":"Sectores | Destacamento t\u00e9cnico por sector | Grupo DB","description":"O DB Group fornece profissionais experientes para v\u00e1rias ind\u00fastrias. Destacamento fi\u00e1vel com foco na qualidade, seguran\u00e7a e requisitos da ind\u00fastria.","robots":{"index":"index","follow":"follow","max-snippet":"max-snippet:-1","max-image-preview":"max-image-preview:large","max-video-preview":"max-video-preview:-1"},"canonical":"https:\/\/dbgroup.nl\/pt\/sectores\/","og_locale":"pt_PT","og_type":"article","og_title":"Branches | Technische detachering per sector | DB Group","og_description":"DB Group levert ervaren vakmensen voor diverse branches. Betrouwbare detachering met focus op kwaliteit, veiligheid en industrie-eisen.","og_url":"https:\/\/dbgroup.nl\/pt\/sectores\/","og_site_name":"DB Group","article_modified_time":"2026-02-04T09:41:14+00:00","twitter_card":"summary_large_image","twitter_misc":{"Tempo estimado de leitura":"3 minutos"},"schema":{"@context":"https:\/\/schema.org","@graph":[{"@type":"WebPage","@id":"https:\/\/dbgroup.nl\/branches\/","url":"https:\/\/dbgroup.nl\/branches\/","name":"Sectores | Destacamento t\u00e9cnico por sector | Grupo DB","isPartOf":{"@id":"https:\/\/dbgroup.nl\/#website"},"datePublished":"2025-08-14T02:35:37+00:00","dateModified":"2026-02-04T09:41:14+00:00","description":"O DB Group fornece profissionais experientes para v\u00e1rias ind\u00fastrias. Destacamento fi\u00e1vel com foco na qualidade, seguran\u00e7a e requisitos da ind\u00fastria.","breadcrumb":{"@id":"https:\/\/dbgroup.nl\/branches\/#breadcrumb"},"inLanguage":"pt-PT","potentialAction":[{"@type":"ReadAction","target":["https:\/\/dbgroup.nl\/branches\/"]}]},{"@type":"BreadcrumbList","@id":"https:\/\/dbgroup.nl\/branches\/#breadcrumb","itemListElement":[{"@type":"ListItem","position":1,"name":"Home","item":"https:\/\/dbgroup.nl\/"},{"@type":"ListItem","position":2,"name":"Branches"}]},{"@type":"WebSite","@id":"https:\/\/dbgroup.nl\/#website","url":"https:\/\/dbgroup.nl\/","name":"Grupo DB","description":"","publisher":{"@id":"https:\/\/dbgroup.nl\/#organization"},"potentialAction":[{"@type":"SearchAction","target":{"@type":"EntryPoint","urlTemplate":"https:\/\/dbgroup.nl\/?s={search_term_string}"},"query-input":{"@type":"PropertyValueSpecification","valueRequired":true,"valueName":"search_term_string"}}],"inLanguage":"pt-PT"},{"@type":"Organization","@id":"https:\/\/dbgroup.nl\/#organization","name":"Grupo DB","url":"https:\/\/dbgroup.nl\/","logo":{"@type":"ImageObject","inLanguage":"pt-PT","@id":"https:\/\/dbgroup.nl\/#\/schema\/logo\/image\/","url":"https:\/\/dbgroup.nl\/wp-content\/uploads\/2026\/01\/Icon.png","contentUrl":"https:\/\/dbgroup.nl\/wp-content\/uploads\/2026\/01\/Icon.png","width":512,"height":512,"caption":"DB Group"},"image":{"@id":"https:\/\/dbgroup.nl\/#\/schema\/logo\/image\/"}}]}},"_links":{"self":[{"href":"https:\/\/dbgroup.nl\/pt\/wp-json\/wp\/v2\/pages\/340","targetHints":{"allow":["GET"]}}],"collection":[{"href":"https:\/\/dbgroup.nl\/pt\/wp-json\/wp\/v2\/pages"}],"about":[{"href":"https:\/\/dbgroup.nl\/pt\/wp-json\/wp\/v2\/types\/page"}],"author":[{"embeddable":true,"href":"https:\/\/dbgroup.nl\/pt\/wp-json\/wp\/v2\/users\/1"}],"replies":[{"embeddable":true,"href":"https:\/\/dbgroup.nl\/pt\/wp-json\/wp\/v2\/comments?post=340"}],"version-history":[{"count":20,"href":"https:\/\/dbgroup.nl\/pt\/wp-json\/wp\/v2\/pages\/340\/revisions"}],"predecessor-version":[{"id":862,"href":"https:\/\/dbgroup.nl\/pt\/wp-json\/wp\/v2\/pages\/340\/revisions\/862"}],"wp:attachment":[{"href":"https:\/\/dbgroup.nl\/pt\/wp-json\/wp\/v2\/media?parent=340"}],"curies":[{"name":"wp","href":"https:\/\/api.w.org\/{rel}","templated":true}]}}