{"id":366,"date":"2025-08-14T06:14:42","date_gmt":"2025-08-14T06:14:42","guid":{"rendered":"https:\/\/dbgroup.nl\/?page_id=366"},"modified":"2026-02-05T15:07:03","modified_gmt":"2026-02-05T15:07:03","slug":"sobre-nos","status":"publish","type":"page","link":"https:\/\/dbgroup.nl\/pt\/over-ons\/","title":{"rendered":"Sobre n\u00f3s"},"content":{"rendered":"<section class=\"l-section wpb_row us_custom_3e14535b us_animate_this height_huge color_secondary\"><div class=\"l-section-h i-cf\"><div class=\"g-cols vc_row via_grid cols_1 laptops-cols_inherit tablets-cols_1 mobiles-cols_1 valign_top type_default reversed stacking_default\" style=\"--columns-gap:0rem;\"><div class=\"wpb_column vc_column_container us_custom_e5713a0c\"><div class=\"vc_column-inner\"><div class=\"w-text us_custom_03bbc369 has_text_color\" id=\"dancing-title\"><span class=\"w-text-h\"><span class=\"w-text-value\">Sobre n\u00f3s<\/span><\/span><\/div><h2 class=\"w-text us_custom_73690761 has_text_color\"><span class=\"w-text-h\"><span class=\"w-text-value\">Sobre n\u00f3s<\/span><\/span><\/h2><\/div><\/div><\/div><\/div><\/section><section class=\"l-section wpb_row us_custom_7b5306bb height_auto with_img\"><div class=\"l-section-img\" role=\"img\" aria-label=\"Imagem\" data-img-width=\"172\" data-img-height=\"580\" style=\"background-image: url(https:\/\/dbgroup.nl\/wp-content\/uploads\/2025\/07\/Ellipse-3.png);background-position: bottom left;background-repeat: no-repeat;background-size: auto;\"><\/div><div class=\"l-section-h i-cf\"><div class=\"g-cols vc_row via_grid cols_2 laptops-cols_inherit tablets-cols_1 mobiles-cols_1 valign_middle type_default reversed stacking_default\" style=\"--columns-gap:60px;--laptops-columns-gap:60px;--tablets-columns-gap:50px;--mobiles-columns-gap:50px;\"><div class=\"wpb_column vc_column_container us_custom_7e20fa79 us_animate_this\"><div class=\"vc_column-inner\"><h2 class=\"w-text us_custom_1fed16d9\"><span class=\"w-text-h\"><span class=\"w-text-value\">Sobre o DB Group<\/span><\/span><\/h2><div class=\"w-separator size_custom\" style=\"height:20px\"><\/div><div class=\"wpb_text_column us_custom_a38e0465 has_text_color\"><div class=\"wpb_wrapper\"><p><span style=\"font-weight: 400;\">A DB Group \u00e9 uma ag\u00eancia de destacamento t\u00e9cnico com uma forte incid\u00eancia em sectores como <\/span><b>petroqu\u00edmica<\/b><span style=\"font-weight: 400;\">, <\/span><b>extra\u00e7\u00e3o de petr\u00f3leo e g\u00e1s<\/b><span style=\"font-weight: 400;\">, <\/span><b>naval e constru\u00e7\u00e3o naval<\/b><span style=\"font-weight: 400;\"> e <\/span><b>ind\u00fastria alimentar e dos lactic\u00ednios<\/b><span style=\"font-weight: 400;\">. Fornecemos profissionais e especialistas que podem ser imediatamente destacados e que cumprem os mais elevados padr\u00f5es de qualidade e seguran\u00e7a.<\/span><\/p>\n<\/div><\/div><\/div><\/div><div class=\"wpb_column vc_column_container us_custom_47474b22 us_animate_this stretched\"><div class=\"vc_column-inner\"><div class=\"w-image us_custom_2195e473 align_none\"><div class=\"w-image-h\"><img decoding=\"async\" width=\"800\" height=\"533\" src=\"https:\/\/dbgroup.nl\/wp-content\/uploads\/2025\/08\/img1.png\" class=\"attachment-full size-full\" alt=\"\" loading=\"lazy\" srcset=\"https:\/\/dbgroup.nl\/wp-content\/uploads\/2025\/08\/img1.png 800w, https:\/\/dbgroup.nl\/wp-content\/uploads\/2025\/08\/img1-300x200.png 300w\" sizes=\"auto, (max-width: 800px) 100vw, 800px\" \/><\/div><\/div><\/div><\/div><\/div><\/div><\/section><section class=\"l-section wpb_row us_custom_7b5306bb height_auto with_img\"><div class=\"l-section-img\" role=\"img\" aria-label=\"Imagem\" data-img-width=\"299\" data-img-height=\"299\" style=\"background-image: url(https:\/\/dbgroup.nl\/wp-content\/uploads\/2025\/07\/circle.png);background-repeat: no-repeat;background-size: auto;\"><\/div><div class=\"l-section-h i-cf\"><div class=\"g-cols vc_row via_grid cols_2 laptops-cols_inherit tablets-cols_1 mobiles-cols_1 valign_middle type_default reversed stacking_default\" style=\"--columns-gap:60px;--laptops-columns-gap:60px;--tablets-columns-gap:50px;--mobiles-columns-gap:50px;\"><div class=\"wpb_column vc_column_container us_custom_7e20fa79 us_animate_this\"><div class=\"vc_column-inner\"><div class=\"w-image align_none\"><div class=\"w-image-h\"><img decoding=\"async\" width=\"1000\" height=\"729\" src=\"https:\/\/dbgroup.nl\/wp-content\/uploads\/2025\/08\/AdobeStock_533509495.jpg\" class=\"attachment-full size-full\" alt=\"\" loading=\"lazy\" srcset=\"https:\/\/dbgroup.nl\/wp-content\/uploads\/2025\/08\/AdobeStock_533509495.jpg 1000w, https:\/\/dbgroup.nl\/wp-content\/uploads\/2025\/08\/AdobeStock_533509495-300x219.jpg 300w\" sizes=\"auto, (max-width: 1000px) 100vw, 1000px\" \/><\/div><\/div><\/div><\/div><div class=\"wpb_column vc_column_container us_custom_47474b22 us_animate_this\"><div class=\"vc_column-inner\"><h3 class=\"w-text us_custom_1fed16d9\"><span class=\"w-text-h\"><span class=\"w-text-value\">Profissionais e especialistas<\/span><\/span><\/h3><div class=\"w-separator size_custom\" style=\"height:30px\"><\/div><div class=\"wpb_text_column us_custom_a38e0465 has_text_color\"><div class=\"wpb_wrapper\"><p><span style=\"font-weight: 400;\">O nosso objetivo principal consiste em fornecer <\/span><b>soldadores<\/b><span style=\"font-weight: 400;\">, <\/span><b>instaladores<\/b><span style=\"font-weight: 400;\"> e <\/span><b>mec\u00e2nica<\/b><span style=\"font-weight: 400;\">, complementado por executivos como <\/span><b>encarregados<\/b><span style=\"font-weight: 400;\"> e <\/span><b>implementadores<\/b><span style=\"font-weight: 400;\">. Tamb\u00e9m dispomos de peritos na mat\u00e9ria, incluindo <\/span><b>especialistas em seguran\u00e7a<\/b><span style=\"font-weight: 400;\">, <\/span><b>inspectores de soldadura<\/b><span style=\"font-weight: 400;\"> e <\/span><b>Pessoal de controlo de qualidade<\/b><span style=\"font-weight: 400;\">. Desta forma, n\u00e3o s\u00f3 fornecemos executivos, mas tamb\u00e9m conhecimentos especializados em mat\u00e9ria de qualidade e seguran\u00e7a.<\/span><\/p>\n<\/div><\/div><\/div><\/div><\/div><\/div><\/section><section class=\"l-section wpb_row us_custom_7b5306bb height_auto with_img\"><div class=\"l-section-img\" role=\"img\" aria-label=\"Imagem\" data-img-width=\"172\" data-img-height=\"580\" style=\"background-image: url(https:\/\/dbgroup.nl\/wp-content\/uploads\/2025\/07\/Ellipse-3.png);background-position: bottom left;background-repeat: no-repeat;background-size: contain;\"><\/div><div class=\"l-section-h i-cf\"><div class=\"g-cols vc_row via_grid cols_2 laptops-cols_inherit tablets-cols_1 mobiles-cols_1 valign_middle type_default reversed stacking_default\" style=\"--columns-gap:60px;--laptops-columns-gap:60px;--tablets-columns-gap:50px;--mobiles-columns-gap:50px;\"><div class=\"wpb_column vc_column_container us_custom_7e20fa79 us_animate_this\"><div class=\"vc_column-inner\"><h3 class=\"w-text us_custom_1fed16d9\"><span class=\"w-text-h\"><span class=\"w-text-value\">Equipas completas e personalizadas<\/span><\/span><\/h3><div class=\"w-separator size_custom\" style=\"height:30px\"><\/div><div class=\"wpb_text_column us_custom_a38e0465 has_text_color\"><div class=\"wpb_wrapper\"><p><span style=\"font-weight: 400;\">Gra\u00e7as \u00e0 nossa vasta rede, constitu\u00edmos regularmente equipas completas para os nossos clientes. Estas equipas podem ser compostas por montadores, montadores (1\u00ba e 2\u00ba), soldadores, encarregados e supervisores. Se necess\u00e1rio, complementamo-las com pessoal de seguran\u00e7a e de qualidade. A dimens\u00e3o das equipas varia entre <\/span><b>10 a 100 profissionais<\/b><span style=\"font-weight: 400;\">, dependendo da dimens\u00e3o do projeto.<\/span><\/p>\n<\/div><\/div><\/div><\/div><div class=\"wpb_column vc_column_container us_custom_47474b22 us_animate_this stretched\"><div class=\"vc_column-inner\"><div class=\"w-image us_custom_2195e473 align_none\"><div class=\"w-image-h\"><img decoding=\"async\" width=\"1000\" height=\"546\" src=\"https:\/\/dbgroup.nl\/wp-content\/uploads\/2025\/08\/AdobeStock_1620773867.jpg\" class=\"attachment-full size-full\" alt=\"\" loading=\"lazy\" srcset=\"https:\/\/dbgroup.nl\/wp-content\/uploads\/2025\/08\/AdobeStock_1620773867.jpg 1000w, https:\/\/dbgroup.nl\/wp-content\/uploads\/2025\/08\/AdobeStock_1620773867-300x164.jpg 300w\" sizes=\"auto, (max-width: 1000px) 100vw, 1000px\" \/><\/div><\/div><\/div><\/div><\/div><\/div><\/section><section class=\"l-section wpb_row us_custom_7b5306bb height_auto with_img\"><div class=\"l-section-img\" role=\"img\" aria-label=\"Imagem\" data-img-width=\"299\" data-img-height=\"299\" style=\"background-image: url(https:\/\/dbgroup.nl\/wp-content\/uploads\/2025\/07\/circle.png);background-repeat: no-repeat;background-size: auto;\"><\/div><div class=\"l-section-h i-cf\"><div class=\"g-cols vc_row via_grid cols_2 laptops-cols_inherit tablets-cols_1 mobiles-cols_1 valign_middle type_default reversed stacking_default\" style=\"--columns-gap:60px;--laptops-columns-gap:60px;--tablets-columns-gap:50px;--mobiles-columns-gap:50px;\"><div class=\"wpb_column vc_column_container us_custom_7e20fa79 us_animate_this\"><div class=\"vc_column-inner\"><div class=\"w-image align_none\"><div class=\"w-image-h\"><img decoding=\"async\" width=\"800\" height=\"448\" src=\"https:\/\/dbgroup.nl\/wp-content\/uploads\/2025\/08\/img5.png\" class=\"attachment-full size-full\" alt=\"\" loading=\"lazy\" srcset=\"https:\/\/dbgroup.nl\/wp-content\/uploads\/2025\/08\/img5.png 800w, https:\/\/dbgroup.nl\/wp-content\/uploads\/2025\/08\/img5-300x168.png 300w\" sizes=\"auto, (max-width: 800px) 100vw, 800px\" \/><\/div><\/div><\/div><\/div><div class=\"wpb_column vc_column_container us_custom_47474b22 us_animate_this\"><div class=\"vc_column-inner\"><h3 class=\"w-text us_custom_1fed16d9\"><span class=\"w-text-h\"><span class=\"w-text-value\">Oficina pr\u00f3pria em Enter<\/span><\/span><\/h3><div class=\"w-separator size_custom\" style=\"height:30px\"><\/div><div class=\"wpb_text_column us_custom_a38e0465 has_text_color\"><div class=\"wpb_wrapper\"><p><span style=\"font-weight: 400;\">Na nossa oficina em Enter, os empregados podem fazer testes de soldadura, testes de montador e preparar-se para exames de soldadura. Ao efetuar estes testes antecipadamente, garantimos a qualidade e evitamos perdas de tempo no in\u00edcio dos trabalhos. Dispomos tamb\u00e9m de instala\u00e7\u00f5es para <\/span><b>pequenos trabalhos de montagem e de fixa\u00e7\u00e3o<\/b><span style=\"font-weight: 400;\"> para clientes.<\/span><\/p>\n<p><span style=\"font-weight: 400;\">Tamb\u00e9m fornecemos v\u00e1rios cursos de forma\u00e7\u00e3o na oficina, tais como:<\/span><\/p>\n<ul>\n<li style=\"font-weight: 400;\" aria-level=\"1\"><b>Instalador de flanges<\/b><\/li>\n<li style=\"font-weight: 400;\" aria-level=\"1\"><b>Manuseamento seguro de cargas<\/b><\/li>\n<\/ul>\n<\/div><\/div><\/div><\/div><\/div><\/div><\/section>","protected":false},"excerpt":{"rendered":"Over onsOver onsOver DB GroupDB Group is een technisch detacheringsbureau met een sterke focus op sectoren zoals petrochemie, olie- en gaswinning, marine- en scheepsbouw en voedings- en zuivelindustrie. Wij leveren vakmensen en specialisten die direct inzetbaar zijn en voldoen aan de hoogste kwaliteits- en veiligheidseisen. Vakmensen en specialistenOnze kern ligt in het leveren van ervaren...","protected":false},"author":1,"featured_media":0,"parent":0,"menu_order":0,"comment_status":"closed","ping_status":"closed","template":"","meta":{"_acf_changed":false,"footnotes":""},"class_list":["post-366","page","type-page","status-publish","hentry"],"acf":[],"yoast_head":"<!-- This site is optimized with the Yoast SEO plugin v26.9 - https:\/\/yoast.com\/product\/yoast-seo-wordpress\/ -->\n<title>Over DB Group | Betrouwbare partner in technische detachering<\/title>\n<meta name=\"description\" content=\"DB Group is een technisch detacheringsbureau voor petrochemie, olie &amp; gas, marine, scheepsbouw en food. Direct inzetbare vakmensen, veilig en gekwalificeerd.\" \/>\n<meta name=\"robots\" content=\"index, follow, max-snippet:-1, max-image-preview:large, max-video-preview:-1\" \/>\n<link rel=\"canonical\" href=\"https:\/\/dbgroup.nl\/pt\/sobre-nos\/\" \/>\n<meta property=\"og:locale\" content=\"pt_PT\" \/>\n<meta property=\"og:type\" content=\"article\" \/>\n<meta property=\"og:title\" content=\"Over DB Group | Betrouwbare partner in technische detachering\" \/>\n<meta property=\"og:description\" content=\"DB Group is een technisch detacheringsbureau voor petrochemie, olie &amp; gas, marine, scheepsbouw en food. Direct inzetbare vakmensen, veilig en gekwalificeerd.\" \/>\n<meta property=\"og:url\" content=\"https:\/\/dbgroup.nl\/pt\/sobre-nos\/\" \/>\n<meta property=\"og:site_name\" content=\"DB Group\" \/>\n<meta property=\"article:modified_time\" content=\"2026-02-05T15:07:03+00:00\" \/>\n<meta name=\"twitter:card\" content=\"summary_large_image\" \/>\n<meta name=\"twitter:label1\" content=\"Tempo estimado de leitura\" \/>\n\t<meta name=\"twitter:data1\" content=\"3 minutos\" \/>\n<script type=\"application\/ld+json\" class=\"yoast-schema-graph\">{\"@context\":\"https:\/\/schema.org\",\"@graph\":[{\"@type\":\"WebPage\",\"@id\":\"https:\/\/dbgroup.nl\/over-ons\/\",\"url\":\"https:\/\/dbgroup.nl\/over-ons\/\",\"name\":\"Over DB Group | Betrouwbare partner in technische detachering\",\"isPartOf\":{\"@id\":\"https:\/\/dbgroup.nl\/#website\"},\"datePublished\":\"2025-08-14T06:14:42+00:00\",\"dateModified\":\"2026-02-05T15:07:03+00:00\",\"description\":\"DB Group is een technisch detacheringsbureau voor petrochemie, olie & gas, marine, scheepsbouw en food. Direct inzetbare vakmensen, veilig en gekwalificeerd.\",\"breadcrumb\":{\"@id\":\"https:\/\/dbgroup.nl\/over-ons\/#breadcrumb\"},\"inLanguage\":\"pt-PT\",\"potentialAction\":[{\"@type\":\"ReadAction\",\"target\":[\"https:\/\/dbgroup.nl\/over-ons\/\"]}]},{\"@type\":\"BreadcrumbList\",\"@id\":\"https:\/\/dbgroup.nl\/over-ons\/#breadcrumb\",\"itemListElement\":[{\"@type\":\"ListItem\",\"position\":1,\"name\":\"Home\",\"item\":\"https:\/\/dbgroup.nl\/\"},{\"@type\":\"ListItem\",\"position\":2,\"name\":\"Over ons\"}]},{\"@type\":\"WebSite\",\"@id\":\"https:\/\/dbgroup.nl\/#website\",\"url\":\"https:\/\/dbgroup.nl\/\",\"name\":\"DB Group\",\"description\":\"\",\"publisher\":{\"@id\":\"https:\/\/dbgroup.nl\/#organization\"},\"potentialAction\":[{\"@type\":\"SearchAction\",\"target\":{\"@type\":\"EntryPoint\",\"urlTemplate\":\"https:\/\/dbgroup.nl\/?s={search_term_string}\"},\"query-input\":{\"@type\":\"PropertyValueSpecification\",\"valueRequired\":true,\"valueName\":\"search_term_string\"}}],\"inLanguage\":\"pt-PT\"},{\"@type\":\"Organization\",\"@id\":\"https:\/\/dbgroup.nl\/#organization\",\"name\":\"DB Group\",\"url\":\"https:\/\/dbgroup.nl\/\",\"logo\":{\"@type\":\"ImageObject\",\"inLanguage\":\"pt-PT\",\"@id\":\"https:\/\/dbgroup.nl\/#\/schema\/logo\/image\/\",\"url\":\"https:\/\/dbgroup.nl\/wp-content\/uploads\/2026\/01\/Icon.png\",\"contentUrl\":\"https:\/\/dbgroup.nl\/wp-content\/uploads\/2026\/01\/Icon.png\",\"width\":512,\"height\":512,\"caption\":\"DB Group\"},\"image\":{\"@id\":\"https:\/\/dbgroup.nl\/#\/schema\/logo\/image\/\"}}]}<\/script>\n<!-- \/ Yoast SEO plugin. -->","yoast_head_json":{"title":"Sobre o DB Group | Parceiro de confian\u00e7a no destacamento t\u00e9cnico","description":"O DB Group \u00e9 uma ag\u00eancia de destacamento t\u00e9cnico para a petroqu\u00edmica, petr\u00f3leo e g\u00e1s, marinha, constru\u00e7\u00e3o naval e alimenta\u00e7\u00e3o. Profissionais imediatamente mobiliz\u00e1veis, seguros e qualificados.","robots":{"index":"index","follow":"follow","max-snippet":"max-snippet:-1","max-image-preview":"max-image-preview:large","max-video-preview":"max-video-preview:-1"},"canonical":"https:\/\/dbgroup.nl\/pt\/sobre-nos\/","og_locale":"pt_PT","og_type":"article","og_title":"Over DB Group | Betrouwbare partner in technische detachering","og_description":"DB Group is een technisch detacheringsbureau voor petrochemie, olie & gas, marine, scheepsbouw en food. Direct inzetbare vakmensen, veilig en gekwalificeerd.","og_url":"https:\/\/dbgroup.nl\/pt\/sobre-nos\/","og_site_name":"DB Group","article_modified_time":"2026-02-05T15:07:03+00:00","twitter_card":"summary_large_image","twitter_misc":{"Tempo estimado de leitura":"3 minutos"},"schema":{"@context":"https:\/\/schema.org","@graph":[{"@type":"WebPage","@id":"https:\/\/dbgroup.nl\/over-ons\/","url":"https:\/\/dbgroup.nl\/over-ons\/","name":"Sobre o DB Group | Parceiro de confian\u00e7a no destacamento t\u00e9cnico","isPartOf":{"@id":"https:\/\/dbgroup.nl\/#website"},"datePublished":"2025-08-14T06:14:42+00:00","dateModified":"2026-02-05T15:07:03+00:00","description":"O DB Group \u00e9 uma ag\u00eancia de destacamento t\u00e9cnico para a petroqu\u00edmica, petr\u00f3leo e g\u00e1s, marinha, constru\u00e7\u00e3o naval e alimenta\u00e7\u00e3o. Profissionais imediatamente mobiliz\u00e1veis, seguros e qualificados.","breadcrumb":{"@id":"https:\/\/dbgroup.nl\/over-ons\/#breadcrumb"},"inLanguage":"pt-PT","potentialAction":[{"@type":"ReadAction","target":["https:\/\/dbgroup.nl\/over-ons\/"]}]},{"@type":"BreadcrumbList","@id":"https:\/\/dbgroup.nl\/over-ons\/#breadcrumb","itemListElement":[{"@type":"ListItem","position":1,"name":"Home","item":"https:\/\/dbgroup.nl\/"},{"@type":"ListItem","position":2,"name":"Over ons"}]},{"@type":"WebSite","@id":"https:\/\/dbgroup.nl\/#website","url":"https:\/\/dbgroup.nl\/","name":"Grupo DB","description":"","publisher":{"@id":"https:\/\/dbgroup.nl\/#organization"},"potentialAction":[{"@type":"SearchAction","target":{"@type":"EntryPoint","urlTemplate":"https:\/\/dbgroup.nl\/?s={search_term_string}"},"query-input":{"@type":"PropertyValueSpecification","valueRequired":true,"valueName":"search_term_string"}}],"inLanguage":"pt-PT"},{"@type":"Organization","@id":"https:\/\/dbgroup.nl\/#organization","name":"Grupo DB","url":"https:\/\/dbgroup.nl\/","logo":{"@type":"ImageObject","inLanguage":"pt-PT","@id":"https:\/\/dbgroup.nl\/#\/schema\/logo\/image\/","url":"https:\/\/dbgroup.nl\/wp-content\/uploads\/2026\/01\/Icon.png","contentUrl":"https:\/\/dbgroup.nl\/wp-content\/uploads\/2026\/01\/Icon.png","width":512,"height":512,"caption":"DB Group"},"image":{"@id":"https:\/\/dbgroup.nl\/#\/schema\/logo\/image\/"}}]}},"_links":{"self":[{"href":"https:\/\/dbgroup.nl\/pt\/wp-json\/wp\/v2\/pages\/366","targetHints":{"allow":["GET"]}}],"collection":[{"href":"https:\/\/dbgroup.nl\/pt\/wp-json\/wp\/v2\/pages"}],"about":[{"href":"https:\/\/dbgroup.nl\/pt\/wp-json\/wp\/v2\/types\/page"}],"author":[{"embeddable":true,"href":"https:\/\/dbgroup.nl\/pt\/wp-json\/wp\/v2\/users\/1"}],"replies":[{"embeddable":true,"href":"https:\/\/dbgroup.nl\/pt\/wp-json\/wp\/v2\/comments?post=366"}],"version-history":[{"count":6,"href":"https:\/\/dbgroup.nl\/pt\/wp-json\/wp\/v2\/pages\/366\/revisions"}],"predecessor-version":[{"id":877,"href":"https:\/\/dbgroup.nl\/pt\/wp-json\/wp\/v2\/pages\/366\/revisions\/877"}],"wp:attachment":[{"href":"https:\/\/dbgroup.nl\/pt\/wp-json\/wp\/v2\/media?parent=366"}],"curies":[{"name":"wp","href":"https:\/\/api.w.org\/{rel}","templated":true}]}}