{"id":499,"date":"2026-01-21T18:00:48","date_gmt":"2026-01-21T18:00:48","guid":{"rendered":"https:\/\/dbgroup.nl\/?page_id=499"},"modified":"2026-01-23T17:13:53","modified_gmt":"2026-01-23T17:13:53","slug":"profissionais-tecnicos-petroquimicos","status":"publish","type":"page","link":"https:\/\/dbgroup.nl\/pt\/technische-vakmensen-petrochemie\/","title":{"rendered":"Profissionais t\u00e9cnicos petroqu\u00edmicos"},"content":{"rendered":"<section class=\"l-section wpb_row us_custom_3e14535b us_animate_this height_huge color_secondary\"><div class=\"l-section-h i-cf\"><div class=\"g-cols vc_row via_grid cols_1 laptops-cols_inherit tablets-cols_1 mobiles-cols_1 valign_top type_default reversed stacking_default\" style=\"--columns-gap:0rem;\"><div class=\"wpb_column vc_column_container us_custom_e5713a0c\"><div class=\"vc_column-inner\"><div class=\"w-text us_custom_03bbc369 has_text_color\" id=\"dancing-title\"><span class=\"w-text-h\"><span class=\"w-text-value\">Profissionais t\u00e9cnicos <\/span><\/span><\/div><h2 class=\"w-text us_custom_73690761 has_text_color\"><span class=\"w-text-h\"><span class=\"w-text-value\">Profissionais t\u00e9cnicos petroqu\u00edmicos <\/span><\/span><\/h2><\/div><\/div><\/div><\/div><\/section><section class=\"l-section wpb_row us_custom_7b5306bb height_auto with_img\"><div class=\"l-section-img\" role=\"img\" aria-label=\"Imagem\" data-img-width=\"172\" data-img-height=\"580\" style=\"background-image: url(https:\/\/dbgroup.nl\/wp-content\/uploads\/2025\/07\/Ellipse-3.png);background-position: bottom left;background-repeat: no-repeat;background-size: auto;\"><\/div><div class=\"l-section-h i-cf\"><div class=\"g-cols vc_row via_grid cols_2 laptops-cols_inherit tablets-cols_1 mobiles-cols_1 valign_middle type_default reversed stacking_default\" style=\"--columns-gap:60px;--laptops-columns-gap:60px;--tablets-columns-gap:50px;--mobiles-columns-gap:50px;\"><div class=\"wpb_column vc_column_container us_custom_7e20fa79 us_animate_this\"><div class=\"vc_column-inner\"><h3 class=\"w-text us_custom_1fed16d9\"><span class=\"w-text-h\"><span class=\"w-text-value\">Profissionais t\u00e9cnicos petroqu\u00edmicos<\/span><\/span><\/h3><div class=\"w-separator size_custom\" style=\"height:20px\"><\/div><div class=\"wpb_text_column us_custom_a38e0465 has_text_color\"><div class=\"wpb_wrapper\"><p><span>A ind\u00fastria petroqu\u00edmica coloca exig\u00eancias extremamente elevadas em termos de seguran\u00e7a, qualidade e m\u00e3o de obra. O DB Group fornece profissionais t\u00e9cnicos experientes que s\u00e3o empregados diariamente em projetos complexos, paradas de manuten\u00e7\u00e3o e paradas de produ\u00e7\u00e3o em refinarias, plantas qu\u00edmicas e plantas industriais. Desde novas constru\u00e7\u00f5es e modifica\u00e7\u00f5es at\u00e9 manuten\u00e7\u00e3o e revis\u00f5es, n\u00f3s fornecemos as pessoas certas no momento certo.<\/span><\/p>\n<p><span>Os nossos especialistas est\u00e3o habituados a trabalhar em ambientes onde a seguran\u00e7a, os procedimentos e o planeamento s\u00e3o fundamentais e onde n\u00e3o h\u00e1 espa\u00e7o para erros ou atrasos.<\/span><\/p>\n<\/div><\/div><\/div><\/div><div class=\"wpb_column vc_column_container us_custom_47474b22 us_animate_this stretched\"><div class=\"vc_column-inner\"><div class=\"w-image us_custom_2195e473 align_none\"><div class=\"w-image-h\"><img decoding=\"async\" width=\"1000\" height=\"723\" src=\"https:\/\/dbgroup.nl\/wp-content\/uploads\/2026\/01\/1-2.jpg\" class=\"attachment-full size-full\" alt=\"\" loading=\"lazy\" srcset=\"https:\/\/dbgroup.nl\/wp-content\/uploads\/2026\/01\/1-2.jpg 1000w, https:\/\/dbgroup.nl\/wp-content\/uploads\/2026\/01\/1-2-300x217.jpg 300w\" sizes=\"auto, (max-width: 1000px) 100vw, 1000px\" \/><\/div><\/div><\/div><\/div><\/div><\/div><\/section><section class=\"l-section wpb_row height_medium\"><div class=\"l-section-h i-cf\"><div class=\"g-cols vc_row via_grid cols_1 laptops-cols_inherit tablets-cols_inherit mobiles-cols_1 valign_top type_default stacking_default\"><div class=\"wpb_column vc_column_container\"><div class=\"vc_column-inner\"><div class=\"wpb_text_column\"><div class=\"wpb_wrapper\"><h2><span lang=\"NL\">Disciplinas<\/span><\/h2>\n<p><span>Para o sector da constru\u00e7\u00e3o naval, o DB Group especializou-se nas seguintes disciplinas:<\/span><\/p>\n\n<table id=\"tablepress-13\" class=\"tablepress tablepress-id-13\">\n<thead>\n<tr class=\"row-1\">\n\t<th class=\"column-1\">Soldadores<\/th><th class=\"column-2\">Montadores<\/th><th class=\"column-3\">Engenheiros<\/th>\n<\/tr>\n<\/thead>\n<tbody class=\"row-striping row-hover\">\n<tr class=\"row-2\">\n\t<td class=\"column-1\">Soldador de el\u00e9ctrodos<\/td><td class=\"column-2\">1\u00ba Instalador<\/td><td class=\"column-3\">Instalador de flanges<\/td>\n<\/tr>\n<tr class=\"row-3\">\n\t<td class=\"column-1\">Soldador MIG\/MAG<\/td><td class=\"column-2\">2\u00ba Instalador<\/td><td class=\"column-3\">Constru\u00e7\u00e3o mec\u00e2nica<\/td>\n<\/tr>\n<tr class=\"row-4\">\n\t<td class=\"column-1\">Soldador combinado (TIG-Electro)<\/td><td class=\"column-2\">Montadores de grandes di\u00e2metros<\/td><td class=\"column-3\">Mec\u00e2nico TurnAround<\/td>\n<\/tr>\n<tr class=\"row-5\">\n\t<td class=\"column-1\">Soldador combinado (TIG\/MIG\/MAG)<\/td><td class=\"column-2\">Torque e tens\u00e3o do instalador<\/td><td class=\"column-3\">Mec\u00e2nico de manuten\u00e7\u00e3o<\/td>\n<\/tr>\n<tr class=\"row-6\">\n\t<td class=\"column-1\">Soldador OP<\/td><td class=\"column-2\">Instalador de paredes espessas<\/td><td class=\"column-3\">Mec\u00e2nico de servi\u00e7o rotativo<\/td>\n<\/tr>\n<tr class=\"row-7\">\n\t<td class=\"column-1\">Frotistas<\/td><td class=\"column-2\">Fitter Paredes finas<\/td><td class=\"column-3\">Agrupadores<\/td>\n<\/tr>\n<\/tbody>\n<\/table>\n<!-- #tablepress-13 from cache -->\n<\/div><\/div><\/div><\/div><\/div><\/div><\/section><section class=\"l-section wpb_row us_custom_7b5306bb height_auto with_img\"><div class=\"l-section-img\" role=\"img\" aria-label=\"Imagem\" data-img-width=\"299\" data-img-height=\"299\" style=\"background-image: url(https:\/\/dbgroup.nl\/wp-content\/uploads\/2025\/07\/circle.png);background-repeat: no-repeat;background-size: auto;\"><\/div><div class=\"l-section-h i-cf\"><div class=\"g-cols vc_row via_grid cols_2 laptops-cols_inherit tablets-cols_1 mobiles-cols_1 valign_middle type_default reversed stacking_default\" style=\"--columns-gap:60px;--laptops-columns-gap:60px;--tablets-columns-gap:50px;--mobiles-columns-gap:50px;\"><div class=\"wpb_column vc_column_container us_custom_7e20fa79 us_animate_this\"><div class=\"vc_column-inner\"><div class=\"w-image align_none\"><div class=\"w-image-h\"><img decoding=\"async\" width=\"1000\" height=\"667\" src=\"https:\/\/dbgroup.nl\/wp-content\/uploads\/2026\/01\/4-1.jpg\" class=\"attachment-full size-full\" alt=\"\" loading=\"lazy\" srcset=\"https:\/\/dbgroup.nl\/wp-content\/uploads\/2026\/01\/4-1.jpg 1000w, https:\/\/dbgroup.nl\/wp-content\/uploads\/2026\/01\/4-1-300x200.jpg 300w\" sizes=\"auto, (max-width: 1000px) 100vw, 1000px\" \/><\/div><\/div><\/div><\/div><div class=\"wpb_column vc_column_container us_custom_47474b22 us_animate_this\"><div class=\"vc_column-inner\"><div class=\"w-separator size_custom\" style=\"height:30px\"><\/div><div class=\"wpb_text_column us_custom_a38e0465 has_text_color\"><div class=\"wpb_wrapper\"><p><span>Os nossos soldadores est\u00e3o familiarizados com v\u00e1rios grupos de materiais de a\u00e7o at\u00e9 FE 690, a\u00e7o inoxid\u00e1vel 316, duplex e a\u00e7os para caldeiras. Os soldadores 6G s\u00e3o frequentemente solicitados pelos nossos clientes da ind\u00fastria petroqu\u00edmica. Naturalmente, o nosso pessoal est\u00e1 familiarizado com as v\u00e1rias certifica\u00e7\u00f5es, tais como instalador de flanges, VCA, WFPr, WFPr-TT, etc. Sabemos por experi\u00eancia que a experi\u00eancia espec\u00edfica com grandes di\u00e2metros \u00e9 frequentemente solicitada aqui.<\/span><\/p>\n<\/div><\/div><\/div><\/div><\/div><\/div><\/section><section class=\"l-section wpb_row height_medium color_alternate\"><div class=\"l-section-h i-cf\"><div class=\"g-cols vc_row via_grid cols_1 laptops-cols_inherit tablets-cols_inherit mobiles-cols_1 valign_top type_default stacking_default\"><div class=\"wpb_column vc_column_container\"><div class=\"vc_column-inner\"><div class=\"wpb_text_column\"><div class=\"wpb_wrapper\"><h2><span lang=\"NL\">Gestores\/pessoal<\/span><\/h2>\n<p><span>Para gerir os nossos profissionais, colocamos \u00e0 disposi\u00e7\u00e3o os gestores\/pessoal abaixo indicados:<\/span><\/p>\n\n<table id=\"tablepress-14\" class=\"tablepress tablepress-id-14\">\n<thead>\n<tr class=\"row-1\">\n\t<th class=\"column-1\">Encarregados<\/th><th class=\"column-2\">Int\u00e9rpretes<\/th><th class=\"column-3\">Supervisores<\/th>\n<\/tr>\n<\/thead>\n<tbody class=\"row-striping row-hover\">\n<tr class=\"row-2\">\n\t<td class=\"column-1\">Mec\u00e2nico de produ\u00e7\u00e3o<\/td><td class=\"column-2\">Supervisor mec\u00e2nico<\/td><td class=\"column-3\">Supervisor mec\u00e2nico<\/td>\n<\/tr>\n<tr class=\"row-3\">\n\t<td class=\"column-1\">Capataz Ciping<\/td><td class=\"column-2\">Gestor de constru\u00e7\u00e3o<\/td><td class=\"column-3\">Supervisor de constru\u00e7\u00e3o<\/td>\n<\/tr>\n<tr class=\"row-4\">\n\t<td class=\"column-1\">Encarregado de obras<\/td><td class=\"column-2\">Gestor de manuten\u00e7\u00e3o<\/td><td class=\"column-3\">Supervisor de manuten\u00e7\u00e3o<\/td>\n<\/tr>\n<tr class=\"row-5\">\n\t<td class=\"column-1\">Encarregado de manuten\u00e7\u00e3o<\/td><td class=\"column-2\">Executivo Civil<\/td><td class=\"column-3\">Supervisor Civil<\/td>\n<\/tr>\n<tr class=\"row-6\">\n\t<td class=\"column-1\">Chefe de manuten\u00e7\u00e3o<\/td><td class=\"column-2\">Superintendente TurnAround<\/td><td class=\"column-3\">Supervisor TurnAround<\/td>\n<\/tr>\n<\/tbody>\n<\/table>\n<!-- #tablepress-14 from cache -->\n<\/div><\/div><\/div><\/div><\/div><\/div><\/section><section class=\"l-section wpb_row height_medium\"><div class=\"l-section-h i-cf\"><div class=\"g-cols vc_row via_grid cols_1 laptops-cols_inherit tablets-cols_inherit mobiles-cols_1 valign_top type_default stacking_default\"><div class=\"wpb_column vc_column_container\"><div class=\"vc_column-inner\"><div class=\"wpb_text_column\"><div class=\"wpb_wrapper\"><h2><span lang=\"NL\">Especialistas \/ profissionais do sector petroqu\u00edmico<\/span><\/h2>\n<p><span>Para al\u00e9m disso, apoiamos os nossos clientes com os especialistas\/profissionais da marinha e da constru\u00e7\u00e3o naval abaixo indicados:<\/span><\/p>\n\n<table id=\"tablepress-15\" class=\"tablepress tablepress-id-15\">\n<thead>\n<tr class=\"row-1\">\n\t<th class=\"column-1\">GQ\/CQ<\/th><th class=\"column-2\">Prepara\u00e7\u00e3o do trabalho<\/th><th class=\"column-3\">Pessoal do projeto<\/th>\n<\/tr>\n<\/thead>\n<tbody class=\"row-striping row-hover\">\n<tr class=\"row-2\">\n\t<td class=\"column-1\">QA\/QC - Pr\u00e1tica de soldadura<\/td><td class=\"column-2\">Prepara\u00e7\u00e3o de trabalhos de tubagem<\/td><td class=\"column-3\">Gestor de projectos<\/td>\n<\/tr>\n<tr class=\"row-3\">\n\t<td class=\"column-1\">QA\/QC - Inspe\u00e7\u00e3o visual<\/td><td class=\"column-2\">Prepara\u00e7\u00e3o do trabalho Mec\u00e2nica<\/td><td class=\"column-3\">Engenheiros de projeto (WTB \/ E&amp;I)<\/td>\n<\/tr>\n<tr class=\"row-4\">\n\t<td class=\"column-1\">QA\/QC - MLT<\/td><td class=\"column-2\">Prepara\u00e7\u00e3o do trabalho E\/I<\/td><td class=\"column-3\">Controlo de documentos<\/td>\n<\/tr>\n<tr class=\"row-5\">\n\t<td class=\"column-1\">QA\/QC - LPI<\/td><td class=\"column-2\">Manuten\u00e7\u00e3o WVB<\/td><td class=\"column-3\">Secret\u00e1rios de projeto<\/td>\n<\/tr>\n<\/tbody>\n<\/table>\n<!-- #tablepress-15 from cache -->\n<\/div><\/div><\/div><\/div><\/div><\/div><\/section><section class=\"l-section wpb_row us_custom_7b5306bb height_auto with_img\"><div class=\"l-section-img\" role=\"img\" aria-label=\"Imagem\" data-img-width=\"299\" data-img-height=\"299\" style=\"background-image: url(https:\/\/dbgroup.nl\/wp-content\/uploads\/2025\/07\/circle.png);background-repeat: no-repeat;background-size: auto;\"><\/div><div class=\"l-section-h i-cf\"><div class=\"g-cols vc_row via_grid cols_2 laptops-cols_inherit tablets-cols_1 mobiles-cols_1 valign_middle type_default reversed stacking_default\" style=\"--columns-gap:60px;--laptops-columns-gap:60px;--tablets-columns-gap:50px;--mobiles-columns-gap:50px;\"><div class=\"wpb_column vc_column_container us_custom_7e20fa79 us_animate_this\"><div class=\"vc_column-inner\"><div class=\"w-image align_none\"><div class=\"w-image-h\"><img decoding=\"async\" width=\"1000\" height=\"667\" src=\"https:\/\/dbgroup.nl\/wp-content\/uploads\/2026\/01\/2-2.jpg\" class=\"attachment-full size-full\" alt=\"\" loading=\"lazy\" srcset=\"https:\/\/dbgroup.nl\/wp-content\/uploads\/2026\/01\/2-2.jpg 1000w, https:\/\/dbgroup.nl\/wp-content\/uploads\/2026\/01\/2-2-300x200.jpg 300w\" sizes=\"auto, (max-width: 1000px) 100vw, 1000px\" \/><\/div><\/div><\/div><\/div><div class=\"wpb_column vc_column_container us_custom_47474b22 us_animate_this\"><div class=\"vc_column-inner\"><h3 class=\"w-text us_custom_1fed16d9\"><span class=\"w-text-h\"><span class=\"w-text-value\">Clientes<\/span><\/span><\/h3><div class=\"w-separator size_custom\" style=\"height:30px\"><\/div><div class=\"wpb_text_column us_custom_a38e0465 has_text_color\"><div class=\"wpb_wrapper\"><p><span>Os nossos clientes na ind\u00fastria petroqu\u00edmica incluem:\u00a0<\/span><span>Shell, BP, Kuwait, Q8, NAM, Sabic, Cofely, Stork, Visser &amp; Smit Hanab, Spie.<\/span><\/p>\n<\/div><\/div><\/div><\/div><\/div><\/div><\/section>","protected":false},"excerpt":{"rendered":"Technische vakmensen Technische vakmensen petrochemie Technische vakmensen petrochemieDe petrochemische industrie stelt extreem hoge eisen aan veiligheid, kwaliteit en vakmanschap. DB Group levert ervaren technische vakmensen die dagelijks worden ingezet op complexe projecten, onderhoudsstops en turnarounds binnen raffinaderijen, chemische plants en industri\u00eble installaties. Van nieuwbouw en modificaties tot onderhoud en revisies: wij zorgen voor de juiste...","protected":false},"author":1,"featured_media":0,"parent":0,"menu_order":0,"comment_status":"closed","ping_status":"closed","template":"","meta":{"_acf_changed":false,"footnotes":""},"class_list":["post-499","page","type-page","status-publish","hentry"],"acf":[],"yoast_head":"<!-- This site is optimized with the Yoast SEO plugin v26.9 - https:\/\/yoast.com\/product\/yoast-seo-wordpress\/ -->\n<title>Technische vakmensen petrochemie - DB Group<\/title>\n<meta name=\"robots\" content=\"index, follow, max-snippet:-1, max-image-preview:large, max-video-preview:-1\" \/>\n<link rel=\"canonical\" href=\"https:\/\/dbgroup.nl\/pt\/profissionais-tecnicos-petroquimicos\/\" \/>\n<meta property=\"og:locale\" content=\"pt_PT\" \/>\n<meta property=\"og:type\" content=\"article\" \/>\n<meta property=\"og:title\" content=\"Technische vakmensen petrochemie - DB Group\" \/>\n<meta property=\"og:url\" content=\"https:\/\/dbgroup.nl\/pt\/profissionais-tecnicos-petroquimicos\/\" \/>\n<meta property=\"og:site_name\" content=\"DB Group\" \/>\n<meta property=\"article:modified_time\" content=\"2026-01-23T17:13:53+00:00\" \/>\n<meta name=\"twitter:card\" content=\"summary_large_image\" \/>\n<meta name=\"twitter:label1\" content=\"Tempo estimado de leitura\" \/>\n\t<meta name=\"twitter:data1\" content=\"6 minutos\" \/>\n<script type=\"application\/ld+json\" class=\"yoast-schema-graph\">{\"@context\":\"https:\/\/schema.org\",\"@graph\":[{\"@type\":\"WebPage\",\"@id\":\"https:\/\/dbgroup.nl\/technische-vakmensen-petrochemie\/\",\"url\":\"https:\/\/dbgroup.nl\/technische-vakmensen-petrochemie\/\",\"name\":\"Technische vakmensen petrochemie - DB Group\",\"isPartOf\":{\"@id\":\"https:\/\/dbgroup.nl\/#website\"},\"datePublished\":\"2026-01-21T18:00:48+00:00\",\"dateModified\":\"2026-01-23T17:13:53+00:00\",\"breadcrumb\":{\"@id\":\"https:\/\/dbgroup.nl\/technische-vakmensen-petrochemie\/#breadcrumb\"},\"inLanguage\":\"pt-PT\",\"potentialAction\":[{\"@type\":\"ReadAction\",\"target\":[\"https:\/\/dbgroup.nl\/technische-vakmensen-petrochemie\/\"]}]},{\"@type\":\"BreadcrumbList\",\"@id\":\"https:\/\/dbgroup.nl\/technische-vakmensen-petrochemie\/#breadcrumb\",\"itemListElement\":[{\"@type\":\"ListItem\",\"position\":1,\"name\":\"Home\",\"item\":\"https:\/\/dbgroup.nl\/\"},{\"@type\":\"ListItem\",\"position\":2,\"name\":\"Technische vakmensen petrochemie\"}]},{\"@type\":\"WebSite\",\"@id\":\"https:\/\/dbgroup.nl\/#website\",\"url\":\"https:\/\/dbgroup.nl\/\",\"name\":\"DB Group\",\"description\":\"\",\"publisher\":{\"@id\":\"https:\/\/dbgroup.nl\/#organization\"},\"potentialAction\":[{\"@type\":\"SearchAction\",\"target\":{\"@type\":\"EntryPoint\",\"urlTemplate\":\"https:\/\/dbgroup.nl\/?s={search_term_string}\"},\"query-input\":{\"@type\":\"PropertyValueSpecification\",\"valueRequired\":true,\"valueName\":\"search_term_string\"}}],\"inLanguage\":\"pt-PT\"},{\"@type\":\"Organization\",\"@id\":\"https:\/\/dbgroup.nl\/#organization\",\"name\":\"DB Group\",\"url\":\"https:\/\/dbgroup.nl\/\",\"logo\":{\"@type\":\"ImageObject\",\"inLanguage\":\"pt-PT\",\"@id\":\"https:\/\/dbgroup.nl\/#\/schema\/logo\/image\/\",\"url\":\"https:\/\/dbgroup.nl\/wp-content\/uploads\/2026\/01\/Icon.png\",\"contentUrl\":\"https:\/\/dbgroup.nl\/wp-content\/uploads\/2026\/01\/Icon.png\",\"width\":512,\"height\":512,\"caption\":\"DB Group\"},\"image\":{\"@id\":\"https:\/\/dbgroup.nl\/#\/schema\/logo\/image\/\"}}]}<\/script>\n<!-- \/ Yoast SEO plugin. -->","yoast_head_json":{"title":"Profissionais t\u00e9cnicos petroqu\u00edmicos - DB Group","robots":{"index":"index","follow":"follow","max-snippet":"max-snippet:-1","max-image-preview":"max-image-preview:large","max-video-preview":"max-video-preview:-1"},"canonical":"https:\/\/dbgroup.nl\/pt\/profissionais-tecnicos-petroquimicos\/","og_locale":"pt_PT","og_type":"article","og_title":"Technische vakmensen petrochemie - DB Group","og_url":"https:\/\/dbgroup.nl\/pt\/profissionais-tecnicos-petroquimicos\/","og_site_name":"DB Group","article_modified_time":"2026-01-23T17:13:53+00:00","twitter_card":"summary_large_image","twitter_misc":{"Tempo estimado de leitura":"6 minutos"},"schema":{"@context":"https:\/\/schema.org","@graph":[{"@type":"WebPage","@id":"https:\/\/dbgroup.nl\/technische-vakmensen-petrochemie\/","url":"https:\/\/dbgroup.nl\/technische-vakmensen-petrochemie\/","name":"Profissionais t\u00e9cnicos petroqu\u00edmicos - DB Group","isPartOf":{"@id":"https:\/\/dbgroup.nl\/#website"},"datePublished":"2026-01-21T18:00:48+00:00","dateModified":"2026-01-23T17:13:53+00:00","breadcrumb":{"@id":"https:\/\/dbgroup.nl\/technische-vakmensen-petrochemie\/#breadcrumb"},"inLanguage":"pt-PT","potentialAction":[{"@type":"ReadAction","target":["https:\/\/dbgroup.nl\/technische-vakmensen-petrochemie\/"]}]},{"@type":"BreadcrumbList","@id":"https:\/\/dbgroup.nl\/technische-vakmensen-petrochemie\/#breadcrumb","itemListElement":[{"@type":"ListItem","position":1,"name":"Home","item":"https:\/\/dbgroup.nl\/"},{"@type":"ListItem","position":2,"name":"Technische vakmensen petrochemie"}]},{"@type":"WebSite","@id":"https:\/\/dbgroup.nl\/#website","url":"https:\/\/dbgroup.nl\/","name":"Grupo DB","description":"","publisher":{"@id":"https:\/\/dbgroup.nl\/#organization"},"potentialAction":[{"@type":"SearchAction","target":{"@type":"EntryPoint","urlTemplate":"https:\/\/dbgroup.nl\/?s={search_term_string}"},"query-input":{"@type":"PropertyValueSpecification","valueRequired":true,"valueName":"search_term_string"}}],"inLanguage":"pt-PT"},{"@type":"Organization","@id":"https:\/\/dbgroup.nl\/#organization","name":"Grupo DB","url":"https:\/\/dbgroup.nl\/","logo":{"@type":"ImageObject","inLanguage":"pt-PT","@id":"https:\/\/dbgroup.nl\/#\/schema\/logo\/image\/","url":"https:\/\/dbgroup.nl\/wp-content\/uploads\/2026\/01\/Icon.png","contentUrl":"https:\/\/dbgroup.nl\/wp-content\/uploads\/2026\/01\/Icon.png","width":512,"height":512,"caption":"DB Group"},"image":{"@id":"https:\/\/dbgroup.nl\/#\/schema\/logo\/image\/"}}]}},"_links":{"self":[{"href":"https:\/\/dbgroup.nl\/pt\/wp-json\/wp\/v2\/pages\/499","targetHints":{"allow":["GET"]}}],"collection":[{"href":"https:\/\/dbgroup.nl\/pt\/wp-json\/wp\/v2\/pages"}],"about":[{"href":"https:\/\/dbgroup.nl\/pt\/wp-json\/wp\/v2\/types\/page"}],"author":[{"embeddable":true,"href":"https:\/\/dbgroup.nl\/pt\/wp-json\/wp\/v2\/users\/1"}],"replies":[{"embeddable":true,"href":"https:\/\/dbgroup.nl\/pt\/wp-json\/wp\/v2\/comments?post=499"}],"version-history":[{"count":9,"href":"https:\/\/dbgroup.nl\/pt\/wp-json\/wp\/v2\/pages\/499\/revisions"}],"predecessor-version":[{"id":746,"href":"https:\/\/dbgroup.nl\/pt\/wp-json\/wp\/v2\/pages\/499\/revisions\/746"}],"wp:attachment":[{"href":"https:\/\/dbgroup.nl\/pt\/wp-json\/wp\/v2\/media?parent=499"}],"curies":[{"name":"wp","href":"https:\/\/api.w.org\/{rel}","templated":true}]}}