{"id":564,"date":"2026-01-22T10:43:47","date_gmt":"2026-01-22T10:43:47","guid":{"rendered":"https:\/\/dbgroup.nl\/?page_id=564"},"modified":"2026-01-26T11:40:14","modified_gmt":"2026-01-26T11:40:14","slug":"politica-de-privacidade","status":"publish","type":"page","link":"https:\/\/dbgroup.nl\/pt\/privacy-policy\/","title":{"rendered":"Pol\u00edtica de privacidade"},"content":{"rendered":"<section class=\"l-section wpb_row us_custom_3e14535b us_animate_this height_huge color_secondary\"><div class=\"l-section-h i-cf\"><div class=\"g-cols vc_row via_grid cols_1 laptops-cols_inherit tablets-cols_1 mobiles-cols_1 valign_top type_default reversed stacking_default\" style=\"--columns-gap:0rem;\"><div class=\"wpb_column vc_column_container us_custom_e5713a0c\"><div class=\"vc_column-inner\"><div class=\"w-text us_custom_03bbc369 has_text_color\" id=\"dancing-title\"><span class=\"w-text-h\"><span class=\"w-text-value\">Pol\u00edtica de privacidade<\/span><\/span><\/div><h2 class=\"w-text us_custom_73690761 has_text_color\"><span class=\"w-text-h\"><span class=\"w-text-value\">Pol\u00edtica de privacidade<\/span><\/span><\/h2><\/div><\/div><\/div><\/div><\/section><section class=\"l-section wpb_row height_medium\"><div class=\"l-section-h i-cf\"><div class=\"g-cols vc_row via_grid cols_1 laptops-cols_inherit tablets-cols_inherit mobiles-cols_1 valign_top type_default stacking_default\"><div class=\"wpb_column vc_column_container\"><div class=\"vc_column-inner\"><h2 class=\"w-text us_custom_eb849559\"><span class=\"w-text-h\"><span class=\"w-text-value\">Declara\u00e7\u00e3o de privacidade<\/span><\/span><\/h2><h3 class=\"w-text\"><span class=\"w-text-h\"><span class=\"w-text-value\">Disposi\u00e7\u00f5es gerais<\/span><\/span><\/h3><div class=\"wpb_text_column\"><div class=\"wpb_wrapper\"><p>Se fornecer dados pessoais \u00e0 DB Group na qualidade de trabalhador flex\u00edvel, candidato, candidato a emprego, trabalhador independente sem pessoal ou como empregado (direto ou contratado), os seus dados ser\u00e3o inclu\u00eddos na administra\u00e7\u00e3o da DB Group (base de dados, ficheiros, etc.). O mesmo se aplica aos dados que recebemos do utilizador na qualidade de empregado ou representante de uma rela\u00e7\u00e3o comercial, cliente, fornecedor, vendedor ou outra empresa ou institui\u00e7\u00e3o.<\/p>\n<p>Se o utilizador optar por nos fornecer voluntariamente informa\u00e7\u00f5es, utilizaremos essas informa\u00e7\u00f5es de acordo com a nossa pol\u00edtica de privacidade.<\/p>\n<p>O DB Group est\u00e1 convicto de que a privacidade pessoal dos seus candidatos, trabalhadores flex\u00edveis, empregados, bem como a das suas outras rela\u00e7\u00f5es comerciais e visitantes do s\u00edtio Web \u00e9 essencial. Por conseguinte, os dados pessoais s\u00e3o tratados e protegidos com o maior cuidado poss\u00edvel, de acordo com os requisitos da Lei de Prote\u00e7\u00e3o de Dados Pessoais.<\/p>\n<\/div><\/div><h3 class=\"w-text us_custom_ec1e580b\"><span class=\"w-text-h\"><span class=\"w-text-value\">Quando \u00e9 que recolhemos os seus dados?<\/span><\/span><\/h3><div class=\"wpb_text_column\"><div class=\"wpb_wrapper\"><p>Recolhemos os seus dados a partir do momento em que introduz ou deixa os seus dados no nosso s\u00edtio Web, se regista na nossa ag\u00eancia ou se candidata ou se regista para utilizar os nossos servi\u00e7os.<\/p>\n<p>Tamb\u00e9m podemos recolher dados do utilizador se este os tiver publicado em recursos p\u00fablicos que possam indicar o seu interesse em servi\u00e7os relacionados com o trabalho. Nesse caso, inclu\u00ed-lo-emos nos nossos registos e presumiremos, com base na sua transpar\u00eancia e publica\u00e7\u00e3o em s\u00edtios p\u00fablicos, que concorda com o processamento dos seus dados. Receber\u00e1 da nossa parte a confirma\u00e7\u00e3o do registo e ter\u00e1, obviamente, o direito de modificar, aceder e apagar os seus dados.<\/p>\n<\/div><\/div><h3 class=\"w-text us_custom_ec1e580b\"><span class=\"w-text-h\"><span class=\"w-text-value\">Porque \u00e9 que recolhemos os seus dados?<\/span><\/span><\/h3><div class=\"wpb_text_column\"><div class=\"wpb_wrapper\"><p>Recolhemos e processamos os seus dados para realizar a nossa atividade de media\u00e7\u00e3o, contrata\u00e7\u00e3o de pessoal, destacamento, processamento de sal\u00e1rios, recrutamento e sele\u00e7\u00e3o, desenvolvimento pessoal e empregabilidade, processamento de sal\u00e1rios e gest\u00e3o de pessoal.<\/p>\n<p>Mais especificamente, os seus dados pessoais ser\u00e3o processados para:<\/p>\n<ol>\n<li>Proporcionar-lhe ofertas e\/ou informa\u00e7\u00f5es sobre servi\u00e7os e outras actividades e adapt\u00e1-las melhor \u00e0s suas necessidades e qualidades. Isto \u00e9 feito pelos nossos funcion\u00e1rios e, em parte, automaticamente, por exemplo, no caso de um alerta de emprego.<\/li>\n<li>Para podermos avaliar a sua aptid\u00e3o e disponibilidade no \u00e2mbito de uma coloca\u00e7\u00e3o para um trabalho permanente ou tempor\u00e1rio ou de uma miss\u00e3o, o que tamb\u00e9m pode implicar a utiliza\u00e7\u00e3o de resultados de testes, verifica\u00e7\u00f5es de refer\u00eancias, redes sociais (se relevantes para o cargo e indicadas na descri\u00e7\u00e3o do cargo), etc. .<\/li>\n<li>Estabelecer e manter uma rela\u00e7\u00e3o de empregado ou de pessoal\/media\u00e7\u00e3o com o utilizador e efetuar a administra\u00e7\u00e3o relevante para este fim.<\/li>\n<li>Cumprir as nossas obriga\u00e7\u00f5es em mat\u00e9ria de reintegra\u00e7\u00e3o e cumprir o objetivo (imposto pelo governo) de ajudar as pessoas que se encontram a uma grande dist\u00e2ncia do mercado de trabalho a encontrar trabalho.<\/li>\n<li>Ser capaz de registar uma miss\u00e3o com o cliente num acordo com o cliente e de manter e cumprir o acordo com o cliente.<\/li>\n<li>Para fins de gest\u00e3o, incluindo informa\u00e7\u00f5es de gest\u00e3o, fornecimento de controlos internos e seguran\u00e7a empresarial e realiza\u00e7\u00e3o de auditorias e auditorias.<\/li>\n<li>Objectivos de qualidade, como a certifica\u00e7\u00e3o.<\/li>\n<li>Candidatar-se a subs\u00eddios, descontos nos pr\u00e9mios, etc.<\/li>\n<li>Se tivermos estabelecido uma rela\u00e7\u00e3o de funcion\u00e1rio ou de pessoal\/media\u00e7\u00e3o com o utilizador, para cumprimento de leis e regulamentos, incluindo, entre outros, identifica\u00e7\u00e3o, leis laborais, leis fiscais e de seguran\u00e7a social, combate \u00e0 fraude e leis de san\u00e7\u00f5es nacionais e internacionais.<\/li>\n<\/ol>\n<\/div><\/div><h3 class=\"w-text us_custom_ec1e580b\"><span class=\"w-text-h\"><span class=\"w-text-value\">Que dados pessoais recolhemos do utilizador?<\/span><\/span><\/h3><div class=\"wpb_text_column\"><div class=\"wpb_wrapper\"><p>Processamos os dados pessoais necess\u00e1rios para os nossos servi\u00e7os. Alguns destes dados s\u00e3o obrigat\u00f3rios para utilizar os nossos servi\u00e7os. Poder\u00e3o ser desej\u00e1veis dados adicionais para melhor adaptar o servi\u00e7o \u00e0s suas necessidades e qualidades ou para satisfazer pedidos ou obriga\u00e7\u00f5es mais espec\u00edficos dos clientes. O utilizador \u00e9 pessoalmente respons\u00e1vel pela exatid\u00e3o e pertin\u00eancia dos dados que fornece.<\/p>\n<p>Mais especificamente, trata-se, entre outros, dos seguintes (documentos que cont\u00eam) dados pessoais:<\/p>\n<p>No registo:<\/p>\n<p>- nome e endere\u00e7o, endere\u00e7o eletr\u00f3nico e outros dados de contacto<br \/>\n- Dados de nascimento, idade, sexo<br \/>\n- Curriculum Vitae (CV) original e editado, informa\u00e7\u00f5es sobre educa\u00e7\u00e3o, est\u00e1gios e experi\u00eancia profissional<br \/>\n- Dados sobre forma\u00e7\u00e3o e educa\u00e7\u00e3o e\/ou testes que o utilizador tenha frequentado ou feito por si pr\u00f3prio ou atrav\u00e9s de n\u00f3s<br \/>\n- Outras informa\u00e7\u00f5es que sejam ou possam ser relevantes no contexto da avalia\u00e7\u00e3o da aptid\u00e3o do candidato, por exemplo, refer\u00eancias e certificados<\/p>\n<p>Se pode trabalhar\/trabalha\/trabalhou para o DB Group\/HS Technical:<\/p>\n<p>- Nacionalidade, n\u00famero BSN, prova de identidade, autoriza\u00e7\u00e3o de trabalho<br \/>\n- Outros dados relativos aos registos de pessoal, de sal\u00e1rios e de aus\u00eancias<\/p>\n<p>O DB Group pode divulgar os seus dados pessoais aos seus clientes, subcontratantes (por exemplo, processadores de dados) que prestam servi\u00e7os ou executam tarefas em seu nome, fornecedores, ag\u00eancias governamentais e outras rela\u00e7\u00f5es comerciais. Em todos os outros casos em que possamos ser obrigados a faz\u00ea-lo, por exemplo, atrav\u00e9s de uma ordem ou decis\u00e3o judicial.<\/p>\n<p>O fornecimento de dados pessoais \u00e9 efectuado com base num interesse leg\u00edtimo, numa obriga\u00e7\u00e3o legal e\/ou para a execu\u00e7\u00e3o do acordo, de acordo com as finalidades enumeradas em \u201cPorque \u00e9 que recolhemos os seus dados pessoais?\u201d.<\/p>\n<p>&nbsp;Os seus dados pessoais podem ser transferidos para fora dos Pa\u00edses Baixos. O DB Group tomou as medidas necess\u00e1rias para garantir que os dados pessoais transferidos s\u00e3o adequadamente protegidos.<\/p>\n<\/div><\/div><h3 class=\"w-text us_custom_ec1e580b\"><span class=\"w-text-h\"><span class=\"w-text-value\">Durante quanto tempo conservamos os seus dados pessoais?<\/span><\/span><\/h3><div class=\"wpb_text_column\"><div class=\"wpb_wrapper\"><p><span>O DB Group conserva os seus dados pessoais apenas durante o tempo necess\u00e1rio para os fins para os quais os dados foram recolhidos e segue as leis e regulamentos aplic\u00e1veis a este respeito.  Nem todos os dados podem\/ser\u00e3o eliminados devido a obriga\u00e7\u00f5es de reten\u00e7\u00e3o fiscal.<\/span><\/p>\n<\/div><\/div><h3 class=\"w-text us_custom_ec1e580b\"><span class=\"w-text-h\"><span class=\"w-text-value\">Direito de inspe\u00e7\u00e3o<\/span><\/span><\/h3><div class=\"wpb_text_column\"><div class=\"wpb_wrapper\"><p>Pode contactar-nos a qualquer momento atrav\u00e9s de<span>\u00a0<\/span><a href=\"https:\/\/web.archive.org\/web\/20240919085546\/mailto:info@dbgroup.nl\">info@dbgroup.nl<\/a><span>\u00a0<\/span>ou por carta (DB Group, Vonderweg 29, 7468 DC Enter) para solicitar quais os seus dados que podemos tratar. Al\u00e9m disso, pode pedir para completar, corrigir ou apagar os seus dados em qualquer altura atrav\u00e9s do procedimento acima descrito. O nosso objetivo \u00e9 responder no prazo de quatro semanas ap\u00f3s a rece\u00e7\u00e3o do seu pedido.<\/p>\n<\/div><\/div><h3 class=\"w-text us_custom_ec1e580b\"><span class=\"w-text-h\"><span class=\"w-text-value\">Perguntas, coment\u00e1rios e reclama\u00e7\u00f5es<\/span><\/span><\/h3><div class=\"wpb_text_column\"><div class=\"wpb_wrapper\"><p><span>Se tiver quaisquer perguntas, coment\u00e1rios ou queixas relativamente \u00e0 declara\u00e7\u00e3o de privacidade ou \u00e0 forma como a DB Holding regista, utiliza ou processa os seus dados, informe-nos por correio eletr\u00f3nico para\u00a0<\/span><a href=\"https:\/\/web.archive.org\/web\/20240919085546\/mailto:info@dbgroup.nl\">info@dbgroup.nl<\/a><span>, ou enviando uma carta para DB Group, Vonderweg 29, 7468 DC Enter. O nosso objetivo \u00e9 responder no prazo de quatro semanas ap\u00f3s a rece\u00e7\u00e3o da sua pergunta, coment\u00e1rio ou queixa.<\/span><\/p>\n<\/div><\/div><h3 class=\"w-text us_custom_ec1e580b\"><span class=\"w-text-h\"><span class=\"w-text-value\">Altera\u00e7\u00f5es<\/span><\/span><\/h3><div class=\"wpb_text_column\"><div class=\"wpb_wrapper\"><div class=\"col-sm-8 page-content\">\n<div class=\"white-container mb0\">\n<p>O DB Group pode efetuar altera\u00e7\u00f5es, aditamentos ou emendas \u00e0 sua declara\u00e7\u00e3o de privacidade de tempos a tempos por v\u00e1rias raz\u00f5es. A declara\u00e7\u00e3o de privacidade mais actualizada pode ser consultada no s\u00edtio Web do DB Group e na HS Technical em qualquer altura. Esta vers\u00e3o foi elaborada em maio de 2018.<\/p>\n<\/div>\n<\/div>\n<\/div><\/div><\/div><\/div><\/div><\/div><\/section>","protected":false},"excerpt":{"rendered":"Privacy PolicyPrivacy PolicyPrivacy statementAlgemene bepalingenWanneer u als flexwerker, kandidaat, sollicitant, zelfstandige zonder personeel of als (directe of ingehuurde) werknemer persoonsgegevens aan DB Group verstrekt worden uw gegevens\u00a0 opgenomen in de administratie (databank, files en etc.) \u00a0van DB Group. Dit geldt ook voor de gegevens die wij van u als werknemer of vertegenwoordiger van een zakelijke...","protected":false},"author":1,"featured_media":0,"parent":0,"menu_order":0,"comment_status":"closed","ping_status":"closed","template":"","meta":{"_acf_changed":false,"footnotes":""},"class_list":["post-564","page","type-page","status-publish","hentry"],"acf":[],"yoast_head":"<!-- This site is optimized with the Yoast SEO plugin v26.9 - https:\/\/yoast.com\/product\/yoast-seo-wordpress\/ -->\n<title>Privacy Policy - DB Group<\/title>\n<meta name=\"robots\" content=\"index, follow, max-snippet:-1, max-image-preview:large, max-video-preview:-1\" \/>\n<link rel=\"canonical\" href=\"https:\/\/dbgroup.nl\/pt\/politica-de-privacidade\/\" \/>\n<meta property=\"og:locale\" content=\"pt_PT\" \/>\n<meta property=\"og:type\" content=\"article\" \/>\n<meta property=\"og:title\" content=\"Privacy Policy - DB Group\" \/>\n<meta property=\"og:url\" content=\"https:\/\/dbgroup.nl\/pt\/politica-de-privacidade\/\" \/>\n<meta property=\"og:site_name\" content=\"DB Group\" \/>\n<meta property=\"article:modified_time\" content=\"2026-01-26T11:40:14+00:00\" \/>\n<meta name=\"twitter:card\" content=\"summary_large_image\" \/>\n<meta name=\"twitter:label1\" content=\"Tempo estimado de leitura\" \/>\n\t<meta name=\"twitter:data1\" content=\"8 minutos\" \/>\n<script type=\"application\/ld+json\" class=\"yoast-schema-graph\">{\"@context\":\"https:\/\/schema.org\",\"@graph\":[{\"@type\":\"WebPage\",\"@id\":\"https:\/\/dbgroup.nl\/privacy-policy\/\",\"url\":\"https:\/\/dbgroup.nl\/privacy-policy\/\",\"name\":\"Privacy Policy - DB Group\",\"isPartOf\":{\"@id\":\"https:\/\/dbgroup.nl\/#website\"},\"datePublished\":\"2026-01-22T10:43:47+00:00\",\"dateModified\":\"2026-01-26T11:40:14+00:00\",\"breadcrumb\":{\"@id\":\"https:\/\/dbgroup.nl\/privacy-policy\/#breadcrumb\"},\"inLanguage\":\"pt-PT\",\"potentialAction\":[{\"@type\":\"ReadAction\",\"target\":[\"https:\/\/dbgroup.nl\/privacy-policy\/\"]}]},{\"@type\":\"BreadcrumbList\",\"@id\":\"https:\/\/dbgroup.nl\/privacy-policy\/#breadcrumb\",\"itemListElement\":[{\"@type\":\"ListItem\",\"position\":1,\"name\":\"Home\",\"item\":\"https:\/\/dbgroup.nl\/\"},{\"@type\":\"ListItem\",\"position\":2,\"name\":\"Privacy Policy\"}]},{\"@type\":\"WebSite\",\"@id\":\"https:\/\/dbgroup.nl\/#website\",\"url\":\"https:\/\/dbgroup.nl\/\",\"name\":\"DB Group\",\"description\":\"\",\"publisher\":{\"@id\":\"https:\/\/dbgroup.nl\/#organization\"},\"potentialAction\":[{\"@type\":\"SearchAction\",\"target\":{\"@type\":\"EntryPoint\",\"urlTemplate\":\"https:\/\/dbgroup.nl\/?s={search_term_string}\"},\"query-input\":{\"@type\":\"PropertyValueSpecification\",\"valueRequired\":true,\"valueName\":\"search_term_string\"}}],\"inLanguage\":\"pt-PT\"},{\"@type\":\"Organization\",\"@id\":\"https:\/\/dbgroup.nl\/#organization\",\"name\":\"DB Group\",\"url\":\"https:\/\/dbgroup.nl\/\",\"logo\":{\"@type\":\"ImageObject\",\"inLanguage\":\"pt-PT\",\"@id\":\"https:\/\/dbgroup.nl\/#\/schema\/logo\/image\/\",\"url\":\"https:\/\/dbgroup.nl\/wp-content\/uploads\/2026\/01\/Icon.png\",\"contentUrl\":\"https:\/\/dbgroup.nl\/wp-content\/uploads\/2026\/01\/Icon.png\",\"width\":512,\"height\":512,\"caption\":\"DB Group\"},\"image\":{\"@id\":\"https:\/\/dbgroup.nl\/#\/schema\/logo\/image\/\"}}]}<\/script>\n<!-- \/ Yoast SEO plugin. -->","yoast_head_json":{"title":"Pol\u00edtica de privacidade - DB Group","robots":{"index":"index","follow":"follow","max-snippet":"max-snippet:-1","max-image-preview":"max-image-preview:large","max-video-preview":"max-video-preview:-1"},"canonical":"https:\/\/dbgroup.nl\/pt\/politica-de-privacidade\/","og_locale":"pt_PT","og_type":"article","og_title":"Privacy Policy - DB Group","og_url":"https:\/\/dbgroup.nl\/pt\/politica-de-privacidade\/","og_site_name":"DB Group","article_modified_time":"2026-01-26T11:40:14+00:00","twitter_card":"summary_large_image","twitter_misc":{"Tempo estimado de leitura":"8 minutos"},"schema":{"@context":"https:\/\/schema.org","@graph":[{"@type":"WebPage","@id":"https:\/\/dbgroup.nl\/privacy-policy\/","url":"https:\/\/dbgroup.nl\/privacy-policy\/","name":"Pol\u00edtica de privacidade - DB Group","isPartOf":{"@id":"https:\/\/dbgroup.nl\/#website"},"datePublished":"2026-01-22T10:43:47+00:00","dateModified":"2026-01-26T11:40:14+00:00","breadcrumb":{"@id":"https:\/\/dbgroup.nl\/privacy-policy\/#breadcrumb"},"inLanguage":"pt-PT","potentialAction":[{"@type":"ReadAction","target":["https:\/\/dbgroup.nl\/privacy-policy\/"]}]},{"@type":"BreadcrumbList","@id":"https:\/\/dbgroup.nl\/privacy-policy\/#breadcrumb","itemListElement":[{"@type":"ListItem","position":1,"name":"Home","item":"https:\/\/dbgroup.nl\/"},{"@type":"ListItem","position":2,"name":"Privacy Policy"}]},{"@type":"WebSite","@id":"https:\/\/dbgroup.nl\/#website","url":"https:\/\/dbgroup.nl\/","name":"Grupo DB","description":"","publisher":{"@id":"https:\/\/dbgroup.nl\/#organization"},"potentialAction":[{"@type":"SearchAction","target":{"@type":"EntryPoint","urlTemplate":"https:\/\/dbgroup.nl\/?s={search_term_string}"},"query-input":{"@type":"PropertyValueSpecification","valueRequired":true,"valueName":"search_term_string"}}],"inLanguage":"pt-PT"},{"@type":"Organization","@id":"https:\/\/dbgroup.nl\/#organization","name":"Grupo DB","url":"https:\/\/dbgroup.nl\/","logo":{"@type":"ImageObject","inLanguage":"pt-PT","@id":"https:\/\/dbgroup.nl\/#\/schema\/logo\/image\/","url":"https:\/\/dbgroup.nl\/wp-content\/uploads\/2026\/01\/Icon.png","contentUrl":"https:\/\/dbgroup.nl\/wp-content\/uploads\/2026\/01\/Icon.png","width":512,"height":512,"caption":"DB Group"},"image":{"@id":"https:\/\/dbgroup.nl\/#\/schema\/logo\/image\/"}}]}},"_links":{"self":[{"href":"https:\/\/dbgroup.nl\/pt\/wp-json\/wp\/v2\/pages\/564","targetHints":{"allow":["GET"]}}],"collection":[{"href":"https:\/\/dbgroup.nl\/pt\/wp-json\/wp\/v2\/pages"}],"about":[{"href":"https:\/\/dbgroup.nl\/pt\/wp-json\/wp\/v2\/types\/page"}],"author":[{"embeddable":true,"href":"https:\/\/dbgroup.nl\/pt\/wp-json\/wp\/v2\/users\/1"}],"replies":[{"embeddable":true,"href":"https:\/\/dbgroup.nl\/pt\/wp-json\/wp\/v2\/comments?post=564"}],"version-history":[{"count":5,"href":"https:\/\/dbgroup.nl\/pt\/wp-json\/wp\/v2\/pages\/564\/revisions"}],"predecessor-version":[{"id":762,"href":"https:\/\/dbgroup.nl\/pt\/wp-json\/wp\/v2\/pages\/564\/revisions\/762"}],"wp:attachment":[{"href":"https:\/\/dbgroup.nl\/pt\/wp-json\/wp\/v2\/media?parent=564"}],"curies":[{"name":"wp","href":"https:\/\/api.w.org\/{rel}","templated":true}]}}