{"id":569,"date":"2026-01-22T13:30:08","date_gmt":"2026-01-22T13:30:08","guid":{"rendered":"https:\/\/dbgroup.nl\/?page_id=569"},"modified":"2026-02-09T11:24:09","modified_gmt":"2026-02-09T11:24:09","slug":"trabalhar-no-db-group","status":"publish","type":"page","link":"https:\/\/dbgroup.nl\/pt\/werken-bij-db-group\/","title":{"rendered":"Trabalhar no DB Group"},"content":{"rendered":"<section class=\"l-section wpb_row us_custom_3e14535b us_animate_this height_huge color_secondary\"><div class=\"l-section-h i-cf\"><div class=\"g-cols vc_row via_grid cols_1 laptops-cols_inherit tablets-cols_1 mobiles-cols_1 valign_top type_default reversed stacking_default\" style=\"--columns-gap:0rem;\"><div class=\"wpb_column vc_column_container us_custom_e5713a0c\"><div class=\"vc_column-inner\"><div class=\"w-text us_custom_03bbc369 has_text_color\" id=\"dancing-title\"><span class=\"w-text-h\"><span class=\"w-text-value\">Trabalhar no DB Group<\/span><\/span><\/div><h2 class=\"w-text us_custom_73690761 has_text_color\"><span class=\"w-text-h\"><span class=\"w-text-value\">Trabalhar no DB Group<\/span><\/span><\/h2><\/div><\/div><\/div><\/div><\/section><section class=\"l-section wpb_row us_custom_7b5306bb height_auto with_img\"><div class=\"l-section-img\" role=\"img\" aria-label=\"Imagem\" data-img-width=\"172\" data-img-height=\"580\" style=\"background-image: url(https:\/\/dbgroup.nl\/wp-content\/uploads\/2025\/07\/Ellipse-3.png);background-position: bottom left;background-repeat: no-repeat;background-size: auto;\"><\/div><div class=\"l-section-h i-cf\"><div class=\"g-cols vc_row via_grid cols_2 laptops-cols_inherit tablets-cols_1 mobiles-cols_1 valign_middle type_default reversed stacking_default\" style=\"--columns-gap:60px;--laptops-columns-gap:60px;--tablets-columns-gap:50px;--mobiles-columns-gap:50px;\"><div class=\"wpb_column vc_column_container us_custom_7e20fa79 us_animate_this\"><div class=\"vc_column-inner\"><h3 class=\"w-text us_custom_1fed16d9\"><span class=\"w-text-h\"><span class=\"w-text-value\">Trabalhar no DB Group<\/span><\/span><\/h3><div class=\"w-separator size_custom\" style=\"height:20px\"><\/div><div class=\"wpb_text_column us_custom_a38e0465 has_text_color\"><div class=\"wpb_wrapper\"><p><span>DB Group - onde encontrar\u00e1 o seu nicho como t\u00e9cnico. De artes\u00e3o a especialista t\u00e9cnico, n\u00f3s oferecemos as possibilidades. As nossas actividades principais centram-se em projectos executivos e estamos sempre \u00e0 procura de soldadores, montadores, mec\u00e2nicos, encarregados e supervisores para os mesmos. H\u00e1 tamb\u00e9m uma procura regular de pessoal, como planeadores de trabalho, controladores de qualidade, etc.<\/span><\/p>\n<\/div><\/div><\/div><\/div><div class=\"wpb_column vc_column_container us_custom_47474b22 us_animate_this stretched\"><div class=\"vc_column-inner\"><div class=\"w-image us_custom_2195e473 align_none\"><div class=\"w-image-h\"><img decoding=\"async\" width=\"1248\" height=\"832\" src=\"https:\/\/dbgroup.nl\/wp-content\/uploads\/2026\/01\/1.png\" class=\"attachment-full size-full\" alt=\"\" loading=\"lazy\" srcset=\"https:\/\/dbgroup.nl\/wp-content\/uploads\/2026\/01\/1.png 1248w, https:\/\/dbgroup.nl\/wp-content\/uploads\/2026\/01\/1-300x200.png 300w, https:\/\/dbgroup.nl\/wp-content\/uploads\/2026\/01\/1-1024x683.png 1024w\" sizes=\"auto, (max-width: 1248px) 100vw, 1248px\" \/><\/div><\/div><\/div><\/div><\/div><\/div><\/section><section class=\"l-section wpb_row us_custom_7b5306bb height_auto with_img\"><div class=\"l-section-img\" role=\"img\" aria-label=\"Imagem\" data-img-width=\"299\" data-img-height=\"299\" style=\"background-image: url(https:\/\/dbgroup.nl\/wp-content\/uploads\/2025\/07\/circle.png);background-repeat: no-repeat;background-size: auto;\"><\/div><div class=\"l-section-h i-cf\"><div class=\"g-cols vc_row via_grid cols_2 laptops-cols_inherit tablets-cols_1 mobiles-cols_1 valign_middle type_default reversed stacking_default\" style=\"--columns-gap:60px;--laptops-columns-gap:60px;--tablets-columns-gap:50px;--mobiles-columns-gap:50px;\"><div class=\"wpb_column vc_column_container us_custom_7e20fa79 us_animate_this\"><div class=\"vc_column-inner\"><div class=\"w-image align_none\"><div class=\"w-image-h\"><img decoding=\"async\" width=\"1328\" height=\"768\" src=\"https:\/\/dbgroup.nl\/wp-content\/uploads\/2026\/01\/2.png\" class=\"attachment-full size-full\" alt=\"\" loading=\"lazy\" srcset=\"https:\/\/dbgroup.nl\/wp-content\/uploads\/2026\/01\/2.png 1328w, https:\/\/dbgroup.nl\/wp-content\/uploads\/2026\/01\/2-300x173.png 300w, https:\/\/dbgroup.nl\/wp-content\/uploads\/2026\/01\/2-1024x592.png 1024w\" sizes=\"auto, (max-width: 1328px) 100vw, 1328px\" \/><\/div><\/div><\/div><\/div><div class=\"wpb_column vc_column_container us_custom_47474b22 us_animate_this\"><div class=\"vc_column-inner\"><h3 class=\"w-text us_custom_1fed16d9\"><span class=\"w-text-h\"><span class=\"w-text-value\">Trabalhar no seu futuro<\/span><\/span><\/h3><div class=\"w-separator size_custom\" style=\"height:30px\"><\/div><div class=\"wpb_text_column us_custom_a38e0465 has_text_color\"><div class=\"wpb_wrapper\"><p>H\u00e1 mais de 26 anos que o DB Group \u00e9 um parceiro fi\u00e1vel para v\u00e1rios clientes, tanto no mercado holand\u00eas como em projectos na Europa. Temos tamb\u00e9m uma vasta experi\u00eancia no destacamento de equipas inteiras fora da Europa e realiz\u00e1mos projectos de sucesso em v\u00e1rios continentes.<\/p>\n<p>Juntamente com os nossos parceiros, o DB Group garante projectos desafiantes e de alta qualidade em clientes l\u00edderes como a BAM, SPIE, Siemens, Heerema, Stork Bilfinger e Equans.<\/p>\n<p>No DB Group, tamb\u00e9m tem espa\u00e7o para crescer. Acreditamos no desenvolvimento e temos todo o gosto em investir no seu futuro juntamente consigo.<\/p>\n<\/div><\/div><\/div><\/div><\/div><\/div><\/section><section class=\"l-section wpb_row us_custom_7b5306bb height_auto with_img\"><div class=\"l-section-img\" role=\"img\" aria-label=\"Imagem\" data-img-width=\"172\" data-img-height=\"580\" style=\"background-image: url(https:\/\/dbgroup.nl\/wp-content\/uploads\/2025\/07\/Ellipse-3.png);background-position: bottom left;background-repeat: no-repeat;background-size: contain;\"><\/div><div class=\"l-section-h i-cf\"><div class=\"g-cols vc_row via_grid cols_2 laptops-cols_inherit tablets-cols_1 mobiles-cols_1 valign_middle type_default reversed stacking_default\" style=\"--columns-gap:60px;--laptops-columns-gap:60px;--tablets-columns-gap:50px;--mobiles-columns-gap:50px;\"><div class=\"wpb_column vc_column_container us_custom_7e20fa79 us_animate_this\"><div class=\"vc_column-inner\"><h3 class=\"w-text us_custom_1fed16d9\"><span class=\"w-text-h\"><span class=\"w-text-value\">DB Group algo para si?<\/span><\/span><\/h3><div class=\"w-separator size_custom\" style=\"height:30px\"><\/div><div class=\"wpb_text_column us_custom_a38e0465 has_text_color\"><div class=\"wpb_wrapper\"><p><span>Est\u00e1 \u00e0 procura de um emprego desafiante com liberdade e responsabilidade? Quer trabalhar numa organiza\u00e7\u00e3o certificada (NEN &amp; VCA) com linhas de comunica\u00e7\u00e3o curtas e pessoas activas? Vamos investir numa boa rela\u00e7\u00e3o e trabalhar para um bom futuro? <a href=\"https:\/\/dbgroup.nl\/pt\/aplicar\/\">Depois clique aqui para se registar<\/a>.<\/span><\/p>\n<\/div><\/div><\/div><\/div><div class=\"wpb_column vc_column_container us_custom_47474b22 us_animate_this stretched\"><div class=\"vc_column-inner\"><div class=\"w-image us_custom_2195e473 align_none\"><div class=\"w-image-h\"><img decoding=\"async\" width=\"1248\" height=\"832\" src=\"https:\/\/dbgroup.nl\/wp-content\/uploads\/2026\/01\/3.png\" class=\"attachment-full size-full\" alt=\"\" loading=\"lazy\" srcset=\"https:\/\/dbgroup.nl\/wp-content\/uploads\/2026\/01\/3.png 1248w, https:\/\/dbgroup.nl\/wp-content\/uploads\/2026\/01\/3-300x200.png 300w, https:\/\/dbgroup.nl\/wp-content\/uploads\/2026\/01\/3-1024x683.png 1024w\" sizes=\"auto, (max-width: 1248px) 100vw, 1248px\" \/><\/div><\/div><\/div><\/div><\/div><\/div><\/section><section class=\"l-section wpb_row us_custom_7b5306bb height_auto with_img\"><div class=\"l-section-img\" role=\"img\" aria-label=\"Imagem\" data-img-width=\"299\" data-img-height=\"299\" style=\"background-image: url(https:\/\/dbgroup.nl\/wp-content\/uploads\/2025\/07\/circle.png);background-repeat: no-repeat;background-size: auto;\"><\/div><div class=\"l-section-h i-cf\"><div class=\"g-cols vc_row via_grid cols_2 laptops-cols_inherit tablets-cols_1 mobiles-cols_1 valign_middle type_default reversed stacking_default\" style=\"--columns-gap:60px;--laptops-columns-gap:60px;--tablets-columns-gap:50px;--mobiles-columns-gap:50px;\"><div class=\"wpb_column vc_column_container us_custom_7e20fa79 us_animate_this\"><div class=\"vc_column-inner\"><div class=\"w-image align_none\"><div class=\"w-image-h\"><img decoding=\"async\" width=\"1376\" height=\"752\" src=\"https:\/\/dbgroup.nl\/wp-content\/uploads\/2026\/01\/4.png\" class=\"attachment-full size-full\" alt=\"\" loading=\"lazy\" srcset=\"https:\/\/dbgroup.nl\/wp-content\/uploads\/2026\/01\/4.png 1376w, https:\/\/dbgroup.nl\/wp-content\/uploads\/2026\/01\/4-300x164.png 300w, https:\/\/dbgroup.nl\/wp-content\/uploads\/2026\/01\/4-1024x560.png 1024w\" sizes=\"auto, (max-width: 1376px) 100vw, 1376px\" \/><\/div><\/div><\/div><\/div><div class=\"wpb_column vc_column_container us_custom_47474b22 us_animate_this\"><div class=\"vc_column-inner\"><h3 class=\"w-text us_custom_1fed16d9\"><span class=\"w-text-h\"><span class=\"w-text-value\">Apenas mais algumas raz\u00f5es pelas quais deve escolher o DB Group:<\/span><\/span><\/h3><div class=\"w-separator size_custom\" style=\"height:30px\"><\/div><div class=\"wpb_text_column us_custom_a38e0465 has_text_color\"><div class=\"wpb_wrapper\"><ul>\n<li><span>Especialistas t\u00e9cnicos<\/span><\/li>\n<li><span>Diferentes sectores<\/span><\/li>\n<li><span>Projectos desafiantes<\/span><\/li>\n<li><span>Principais clientes<\/span><\/li>\n<li><span>Investir no futuro<\/span><\/li>\n<li><span>Oportunidades de crescimento<\/span><\/li>\n<li><span>Certifica\u00e7\u00e3o SNA<\/span><\/li>\n<li><span>Certificado VCU<\/span><\/li>\n<li><span>Trabalho e muito mais<\/span><\/li>\n<li><span>E, claro, boas condi\u00e7\u00f5es de trabalho.\u00a0<\/span><\/li>\n<\/ul>\n<\/div><\/div><\/div><\/div><\/div><\/div><\/section>","protected":false},"excerpt":{"rendered":"Werken bij DB GroupWerken bij DB GroupWerken bij DB GroupDB Group &#8211; waar je als techneut je plek vindt. Van vakman tot technisch specialist bieden wij de mogelijkheden. Onze kernactiviteiten zijn gericht op uitvoerende projecten en zoeken hiervoor altijd lassers, fitters, monteurs, voormannen en uitvoerders. Daarnaast is er regelmatig vraag naar stafpersoneel, zoals werkvoorbereiders, QC\u2019ers,...","protected":false},"author":1,"featured_media":0,"parent":0,"menu_order":0,"comment_status":"closed","ping_status":"closed","template":"","meta":{"_acf_changed":false,"footnotes":""},"class_list":["post-569","page","type-page","status-publish","hentry"],"acf":[],"yoast_head":"<!-- This site is optimized with the Yoast SEO plugin v26.9 - https:\/\/yoast.com\/product\/yoast-seo-wordpress\/ -->\n<title>Werken bij DB Group - DB Group<\/title>\n<meta name=\"robots\" content=\"index, follow, max-snippet:-1, max-image-preview:large, max-video-preview:-1\" \/>\n<link rel=\"canonical\" href=\"https:\/\/dbgroup.nl\/pt\/trabalhar-no-db-group\/\" \/>\n<meta property=\"og:locale\" content=\"pt_PT\" \/>\n<meta property=\"og:type\" content=\"article\" \/>\n<meta property=\"og:title\" content=\"Werken bij DB Group - DB Group\" \/>\n<meta property=\"og:url\" content=\"https:\/\/dbgroup.nl\/pt\/trabalhar-no-db-group\/\" \/>\n<meta property=\"og:site_name\" content=\"DB Group\" \/>\n<meta property=\"article:modified_time\" content=\"2026-02-09T11:24:09+00:00\" \/>\n<meta name=\"twitter:card\" content=\"summary_large_image\" \/>\n<meta name=\"twitter:label1\" content=\"Tempo estimado de leitura\" \/>\n\t<meta name=\"twitter:data1\" content=\"2 minutos\" \/>\n<script type=\"application\/ld+json\" class=\"yoast-schema-graph\">{\"@context\":\"https:\/\/schema.org\",\"@graph\":[{\"@type\":\"WebPage\",\"@id\":\"https:\/\/dbgroup.nl\/werken-bij-db-group\/\",\"url\":\"https:\/\/dbgroup.nl\/werken-bij-db-group\/\",\"name\":\"Werken bij DB Group - DB Group\",\"isPartOf\":{\"@id\":\"https:\/\/dbgroup.nl\/#website\"},\"datePublished\":\"2026-01-22T13:30:08+00:00\",\"dateModified\":\"2026-02-09T11:24:09+00:00\",\"breadcrumb\":{\"@id\":\"https:\/\/dbgroup.nl\/werken-bij-db-group\/#breadcrumb\"},\"inLanguage\":\"pt-PT\",\"potentialAction\":[{\"@type\":\"ReadAction\",\"target\":[\"https:\/\/dbgroup.nl\/werken-bij-db-group\/\"]}]},{\"@type\":\"BreadcrumbList\",\"@id\":\"https:\/\/dbgroup.nl\/werken-bij-db-group\/#breadcrumb\",\"itemListElement\":[{\"@type\":\"ListItem\",\"position\":1,\"name\":\"Home\",\"item\":\"https:\/\/dbgroup.nl\/\"},{\"@type\":\"ListItem\",\"position\":2,\"name\":\"Werken bij DB Group\"}]},{\"@type\":\"WebSite\",\"@id\":\"https:\/\/dbgroup.nl\/#website\",\"url\":\"https:\/\/dbgroup.nl\/\",\"name\":\"DB Group\",\"description\":\"\",\"publisher\":{\"@id\":\"https:\/\/dbgroup.nl\/#organization\"},\"potentialAction\":[{\"@type\":\"SearchAction\",\"target\":{\"@type\":\"EntryPoint\",\"urlTemplate\":\"https:\/\/dbgroup.nl\/?s={search_term_string}\"},\"query-input\":{\"@type\":\"PropertyValueSpecification\",\"valueRequired\":true,\"valueName\":\"search_term_string\"}}],\"inLanguage\":\"pt-PT\"},{\"@type\":\"Organization\",\"@id\":\"https:\/\/dbgroup.nl\/#organization\",\"name\":\"DB Group\",\"url\":\"https:\/\/dbgroup.nl\/\",\"logo\":{\"@type\":\"ImageObject\",\"inLanguage\":\"pt-PT\",\"@id\":\"https:\/\/dbgroup.nl\/#\/schema\/logo\/image\/\",\"url\":\"https:\/\/dbgroup.nl\/wp-content\/uploads\/2026\/01\/Icon.png\",\"contentUrl\":\"https:\/\/dbgroup.nl\/wp-content\/uploads\/2026\/01\/Icon.png\",\"width\":512,\"height\":512,\"caption\":\"DB Group\"},\"image\":{\"@id\":\"https:\/\/dbgroup.nl\/#\/schema\/logo\/image\/\"}}]}<\/script>\n<!-- \/ Yoast SEO plugin. -->","yoast_head_json":{"title":"Trabalhar no DB Group - DB Group","robots":{"index":"index","follow":"follow","max-snippet":"max-snippet:-1","max-image-preview":"max-image-preview:large","max-video-preview":"max-video-preview:-1"},"canonical":"https:\/\/dbgroup.nl\/pt\/trabalhar-no-db-group\/","og_locale":"pt_PT","og_type":"article","og_title":"Werken bij DB Group - DB Group","og_url":"https:\/\/dbgroup.nl\/pt\/trabalhar-no-db-group\/","og_site_name":"DB Group","article_modified_time":"2026-02-09T11:24:09+00:00","twitter_card":"summary_large_image","twitter_misc":{"Tempo estimado de leitura":"2 minutos"},"schema":{"@context":"https:\/\/schema.org","@graph":[{"@type":"WebPage","@id":"https:\/\/dbgroup.nl\/werken-bij-db-group\/","url":"https:\/\/dbgroup.nl\/werken-bij-db-group\/","name":"Trabalhar no DB Group - DB Group","isPartOf":{"@id":"https:\/\/dbgroup.nl\/#website"},"datePublished":"2026-01-22T13:30:08+00:00","dateModified":"2026-02-09T11:24:09+00:00","breadcrumb":{"@id":"https:\/\/dbgroup.nl\/werken-bij-db-group\/#breadcrumb"},"inLanguage":"pt-PT","potentialAction":[{"@type":"ReadAction","target":["https:\/\/dbgroup.nl\/werken-bij-db-group\/"]}]},{"@type":"BreadcrumbList","@id":"https:\/\/dbgroup.nl\/werken-bij-db-group\/#breadcrumb","itemListElement":[{"@type":"ListItem","position":1,"name":"Home","item":"https:\/\/dbgroup.nl\/"},{"@type":"ListItem","position":2,"name":"Werken bij DB Group"}]},{"@type":"WebSite","@id":"https:\/\/dbgroup.nl\/#website","url":"https:\/\/dbgroup.nl\/","name":"Grupo DB","description":"","publisher":{"@id":"https:\/\/dbgroup.nl\/#organization"},"potentialAction":[{"@type":"SearchAction","target":{"@type":"EntryPoint","urlTemplate":"https:\/\/dbgroup.nl\/?s={search_term_string}"},"query-input":{"@type":"PropertyValueSpecification","valueRequired":true,"valueName":"search_term_string"}}],"inLanguage":"pt-PT"},{"@type":"Organization","@id":"https:\/\/dbgroup.nl\/#organization","name":"Grupo DB","url":"https:\/\/dbgroup.nl\/","logo":{"@type":"ImageObject","inLanguage":"pt-PT","@id":"https:\/\/dbgroup.nl\/#\/schema\/logo\/image\/","url":"https:\/\/dbgroup.nl\/wp-content\/uploads\/2026\/01\/Icon.png","contentUrl":"https:\/\/dbgroup.nl\/wp-content\/uploads\/2026\/01\/Icon.png","width":512,"height":512,"caption":"DB Group"},"image":{"@id":"https:\/\/dbgroup.nl\/#\/schema\/logo\/image\/"}}]}},"_links":{"self":[{"href":"https:\/\/dbgroup.nl\/pt\/wp-json\/wp\/v2\/pages\/569","targetHints":{"allow":["GET"]}}],"collection":[{"href":"https:\/\/dbgroup.nl\/pt\/wp-json\/wp\/v2\/pages"}],"about":[{"href":"https:\/\/dbgroup.nl\/pt\/wp-json\/wp\/v2\/types\/page"}],"author":[{"embeddable":true,"href":"https:\/\/dbgroup.nl\/pt\/wp-json\/wp\/v2\/users\/1"}],"replies":[{"embeddable":true,"href":"https:\/\/dbgroup.nl\/pt\/wp-json\/wp\/v2\/comments?post=569"}],"version-history":[{"count":11,"href":"https:\/\/dbgroup.nl\/pt\/wp-json\/wp\/v2\/pages\/569\/revisions"}],"predecessor-version":[{"id":884,"href":"https:\/\/dbgroup.nl\/pt\/wp-json\/wp\/v2\/pages\/569\/revisions\/884"}],"wp:attachment":[{"href":"https:\/\/dbgroup.nl\/pt\/wp-json\/wp\/v2\/media?parent=569"}],"curies":[{"name":"wp","href":"https:\/\/api.w.org\/{rel}","templated":true}]}}