{"id":305,"date":"2025-08-13T12:05:38","date_gmt":"2025-08-13T12:05:38","guid":{"rendered":"https:\/\/dbgroup.nl\/?page_id=305"},"modified":"2026-02-09T08:46:11","modified_gmt":"2026-02-09T08:46:11","slug":"serviciile-noastre","status":"publish","type":"page","link":"https:\/\/dbgroup.nl\/ro\/onze-diensten\/","title":{"rendered":"Serviciile noastre"},"content":{"rendered":"<section class=\"l-section wpb_row us_custom_48c057e5 us_animate_this height_huge color_secondary\"><div class=\"l-section-h i-cf\"><div class=\"g-cols vc_row via_grid cols_1 laptops-cols_inherit tablets-cols_1 mobiles-cols_1 valign_top type_default reversed stacking_default\" style=\"--columns-gap:0rem;\"><div class=\"wpb_column vc_column_container us_custom_e5713a0c\"><div class=\"vc_column-inner\"><div class=\"w-text us_custom_03bbc369 has_text_color\" id=\"dancing-title\"><span class=\"w-text-h\"><span class=\"w-text-value\">Servicii<\/span><\/span><\/div><h2 class=\"w-text us_custom_93d56152 has_text_color\"><span class=\"w-text-h\"><span class=\"w-text-value\">Serviciile noastre<\/span><\/span><\/h2><\/div><\/div><\/div><\/div><\/section><section class=\"l-section wpb_row us_custom_2fb49fc6 height_auto with_img\"><div class=\"l-section-img\" role=\"img\" aria-label=\"Imagineaz\u0103-\u021bi\" data-img-width=\"172\" data-img-height=\"580\" style=\"background-image: url(https:\/\/dbgroup.nl\/wp-content\/uploads\/2025\/07\/Ellipse-3.png);background-position: bottom left;background-repeat: no-repeat;background-size: auto;\"><\/div><div class=\"l-section-h i-cf\"><div class=\"g-cols vc_row via_grid cols_2 laptops-cols_inherit tablets-cols_1 mobiles-cols_1 valign_middle type_default reversed stacking_default\" style=\"--columns-gap:60px;--laptops-columns-gap:60px;--tablets-columns-gap:50px;--mobiles-columns-gap:50px;\"><div class=\"wpb_column vc_column_container us_custom_7e20fa79 us_animate_this\"><div class=\"vc_column-inner\"><div class=\"w-image align_none\"><div class=\"w-image-h\"><img decoding=\"async\" width=\"800\" height=\"533\" src=\"https:\/\/dbgroup.nl\/wp-content\/uploads\/2025\/08\/img1.png\" class=\"attachment-full size-full\" alt=\"\" loading=\"lazy\" srcset=\"https:\/\/dbgroup.nl\/wp-content\/uploads\/2025\/08\/img1.png 800w, https:\/\/dbgroup.nl\/wp-content\/uploads\/2025\/08\/img1-300x200.png 300w\" sizes=\"auto, (max-width: 800px) 100vw, 800px\" \/><\/div><\/div><\/div><\/div><div class=\"wpb_column vc_column_container us_custom_47474b22 us_animate_this\"><div class=\"vc_column-inner\"><h3 class=\"w-text us_custom_1fed16d9\"><span class=\"w-text-h\"><span class=\"w-text-value\">Serviciile noastre<\/span><\/span><\/h3><div class=\"w-separator size_custom\" style=\"height:20px\"><\/div><div class=\"wpb_text_column us_custom_a38e0465 has_text_color\"><div class=\"wpb_wrapper\"><p><span style=\"font-weight: 400;\">Cu aproape 20 de ani de experien\u021b\u0103 \u00een industria petrolier\u0103 \u0219i a gazelor, marin\u0103 \u0219i naval\u0103, alimentar\u0103 \u0219i a produselor lactate \u0219i petrochimic\u0103, DB Group este partenerul pentru personalul tehnic. Rezolv\u0103m problemele de capacitate cu solu\u021bii flexibile \u0219i fiabile de personal, de la \u00eent\u0103riri temporare la echipe complete de proiect.<\/span><\/p>\n<\/div><\/div><\/div><\/div><\/div><\/div><\/section><section class=\"l-section wpb_row us_custom_bedde467 height_medium with_shape\"><div class=\"l-section-shape type_wave pos_top hor_flip\" style=\"height:15vmin;\"><svg xmlns=\"http:\/\/www.w3.org\/2000\/svg\" viewbox=\"0 4 64 4\" preserveaspectratio=\"none\" width=\"100%\" height=\"100%\">\r\n\t<path fill=\"currentColor\" d=\"M64 6 C32 0 32 12 0 6 L0 8 L64 8 Z\"\/>\r\n<\/svg><\/div><div class=\"l-section-h i-cf\"><div class=\"g-cols vc_row via_grid cols_1 laptops-cols_inherit tablets-cols_inherit mobiles-cols_1 valign_top type_default stacking_default\"><div class=\"wpb_column vc_column_container us_custom_f1ec0b81\"><div class=\"vc_column-inner\"><div class=\"g-cols wpb_row via_grid cols_3 laptops-cols_inherit tablets-cols_inherit mobiles-cols_1 valign_top type_default stacking_default\" style=\"--columns-gap:2rem;\"><div class=\"wpb_column vc_column_container us_custom_4494d996 iconBox us_animate_this has_bg_color\"><div class=\"vc_column-inner\"><div class=\"w-vwrapper align_left valign_top\"><div class=\"w-iconbox us_custom_8d5aa4e2 iconpos_top style_default color_custom align_left no_text no_title\"><div class=\"w-iconbox-icon\" style=\"font-size:65px;--icon-color:#1f79e0;\"><i class=\"fas fa-podcast\"><\/i><\/div><div class=\"w-iconbox-meta\"><\/div><\/div><h6 class=\"w-text us_custom_95e7ef7b\"><span class=\"w-text-h\"><span class=\"w-text-value\">Radiodifuziune<\/span><\/span><\/h6><div class=\"w-separator size_custom\" style=\"height:15px\"><\/div><div class=\"wpb_text_column\"><div class=\"wpb_wrapper\"><p><span style=\"font-weight: 400;\">Cel mai solicitat serviciu al nostru este angajarea de personal tehnic. \u00cen calitate de agen\u021bie de munc\u0103 temporar\u0103 specializat\u0103, \u00eendeplinim toate cerin\u021bele de calitate \u0219i siguran\u021b\u0103, inclusiv <\/span><b>Certificare VCU<\/b><span style=\"font-weight: 400;\">, <\/span><b>NEN 4400-1<\/b><span style=\"font-weight: 400;\"> \u0219i calitatea de membru al <\/span><b>NBBU<\/b><span style=\"font-weight: 400;\">. \u00cen acest fel, pute\u021bi fi siguri c\u0103 ve\u021bi ob\u021bine profesioni\u0219ti care sunt imediat angajabili \u0219i potrivi\u021bi pentru proiectul dumneavoastr\u0103.<\/span><\/p>\n<\/div><\/div><\/div><\/div><\/div><div class=\"wpb_column vc_column_container us_custom_ac73c1e5 iconBox us_animate_this has_bg_color\"><div class=\"vc_column-inner\"><div class=\"w-vwrapper align_left valign_top\"><div class=\"w-iconbox us_custom_8d5aa4e2 iconpos_top style_default color_custom align_left no_text no_title\"><div class=\"w-iconbox-icon\" style=\"font-size:65px;--icon-color:#1f79e0;\"><i class=\"fas fa-compass\"><\/i><\/div><div class=\"w-iconbox-meta\"><\/div><\/div><h6 class=\"w-text us_custom_95e7ef7b\"><span class=\"w-text-h\"><span class=\"w-text-value\">Petrochimie<\/span><\/span><\/h6><div class=\"w-separator size_custom\" style=\"height:15px\"><\/div><div class=\"wpb_text_column\"><div class=\"wpb_wrapper\"><p><span style=\"font-weight: 400;\">\u00cen cazul salariz\u0103rii, v\u0103 angaj\u0103m angaja\u021bii pe h\u00e2rtie, incluz\u00e2nd toate responsabilit\u0103\u021bile \u0219i riscurile angajatorului. Acest lucru v\u0103 permite s\u0103 v\u0103 concentra\u021bi asupra activit\u0103\u021bilor dvs. principale, \u00een timp ce noi prelu\u0103m sarcina administrativ\u0103 \u0219i juridic\u0103. De\u0219i oferim salarizare, ne concentr\u0103m mai mult pe alte forme de servicii de personal.<\/span><\/p>\n<\/div><\/div><\/div><\/div><\/div><div class=\"wpb_column vc_column_container us_custom_67163cd6 iconBox us_animate_this has_bg_color\"><div class=\"vc_column-inner\"><div class=\"w-vwrapper align_left valign_top\"><div class=\"w-iconbox us_custom_8d5aa4e2 iconpos_top style_default color_custom align_left no_text no_title\"><div class=\"w-iconbox-icon\" style=\"font-size:65px;--icon-color:#1f79e0;\"><i class=\"fas fa-shield-check\"><\/i><\/div><div class=\"w-iconbox-meta\"><\/div><\/div><h6 class=\"w-text us_custom_95e7ef7b\"><span class=\"w-text-h\"><span class=\"w-text-value\">Medierea ZZP<\/span><\/span><\/h6><div class=\"w-separator size_custom\" style=\"height:15px\"><\/div><div class=\"wpb_text_column\"><div class=\"wpb_wrapper\"><p><span style=\"font-weight: 400;\">DB Group de\u021bine marca de calitate NBBU pentru medierea ZZ. <\/span><\/p>\n<p>\u00cei punem pe ZZP-eri \u00een contact cu clien\u021bii no\u0219tri, asigur\u00e2ndu-ne c\u0103 \u00eentre toate p\u0103r\u021bile sunt \u00eentocmite acordurile corecte, \u00een conformitate cu reglement\u0103rile fiscale \u0219i juridice. Acest lucru minimizeaz\u0103 riscul unei rela\u021bii de munc\u0103 fictive. De asemenea, ne ocup\u0103m de procesarea financiar\u0103 a facturilor.\u00a0\u00a0<span style=\"font-weight: 400;\">\u00cen acest fel, \u00een calitate de client, lucra\u021bi f\u0103r\u0103 griji cu profesioni\u0219ti cu experien\u021b\u0103, iar ZZP'eri se pot concentra pe munca lor.<\/span><\/p>\n<\/div><\/div><\/div><\/div><\/div><\/div><div class=\"w-separator size_small\"><\/div><div class=\"g-cols wpb_row via_grid cols_3 laptops-cols_inherit tablets-cols_inherit mobiles-cols_1 valign_top type_default stacking_default\" style=\"--columns-gap:2rem;\"><div class=\"wpb_column vc_column_container us_custom_60011008 iconBox us_animate_this has_bg_color\"><div class=\"vc_column-inner\"><div class=\"w-vwrapper align_left valign_top\"><div class=\"w-iconbox us_custom_8d5aa4e2 iconpos_top style_default color_custom align_left no_text no_title\"><div class=\"w-iconbox-icon\" style=\"font-size:65px;--icon-color:#1f79e0;\"><i class=\"fas fa-stopwatch-20\"><\/i><\/div><div class=\"w-iconbox-meta\"><\/div><\/div><h6 class=\"w-text us_custom_95e7ef7b\"><span class=\"w-text-h\"><span class=\"w-text-value\">Deta\u0219are<\/span><\/span><\/h6><div class=\"w-separator size_custom\" style=\"height:15px\"><\/div><div class=\"wpb_text_column\"><div class=\"wpb_wrapper\"><p><span style=\"font-weight: 400;\">Pentru pozi\u021biile cheie din cadrul unei organiza\u021bii, deta\u0219area ofer\u0103 un plus de siguran\u021b\u0103. Speciali\u0219tii no\u0219tri deta\u0219a\u021bi fac parte din echipa dvs. pentru o perioad\u0103 mai lung\u0103 de timp, astfel \u00eenc\u00e2t s\u0103 beneficia\u021bi de cuno\u0219tin\u021bele \u0219i experien\u021ba lor f\u0103r\u0103 a suporta riscul recrut\u0103rii \u0219i selec\u021biei.<\/span><\/p>\n<\/div><\/div><\/div><\/div><\/div><div class=\"wpb_column vc_column_container us_custom_ac73c1e5 iconBox us_animate_this has_bg_color\"><div class=\"vc_column-inner\"><div class=\"w-vwrapper align_left valign_top\"><div class=\"w-iconbox us_custom_8d5aa4e2 iconpos_top style_default color_custom align_left no_text no_title\"><div class=\"w-iconbox-icon\" style=\"font-size:65px;--icon-color:#1f79e0;\"><i class=\"fas fa-clipboard-list-check\"><\/i><\/div><div class=\"w-iconbox-meta\"><\/div><\/div><h6 class=\"w-text us_custom_95e7ef7b\"><span class=\"w-text-h\"><span class=\"w-text-value\">Recrutare \u0219i selec\u021bie<\/span><\/span><\/h6><div class=\"w-separator size_custom\" style=\"height:15px\"><\/div><div class=\"wpb_text_column\"><div class=\"wpb_wrapper\"><p><span style=\"font-weight: 400;\">Dori\u021bi s\u0103 ocupa\u021bi un post permanent? Atunci DB Group se va ocupa de \u00eentregul proces de recrutare. Noi recrut\u0103m, examin\u0103m \u0219i select\u0103m cei mai buni candida\u021bi, dup\u0103 care tot ce trebuie s\u0103 face\u021bi este s\u0103 alege\u021bi. Clientul pl\u0103te\u0219te o tax\u0103 unic\u0103 pentru acest lucru.<\/span><\/p>\n<\/div><\/div><\/div><\/div><\/div><div class=\"wpb_column vc_column_container us_custom_67163cd6 iconBox us_animate_this has_bg_color\"><div class=\"vc_column-inner\"><div class=\"w-vwrapper align_left valign_top\"><div class=\"w-iconbox us_custom_8d5aa4e2 iconpos_top style_default color_custom align_left no_text no_title\"><div class=\"w-iconbox-icon\" style=\"font-size:65px;--icon-color:#1f79e0;\"><i class=\"fas fa-project-diagram\"><\/i><\/div><div class=\"w-iconbox-meta\"><\/div><\/div><h6 class=\"w-text us_custom_95e7ef7b\"><span class=\"w-text-h\"><span class=\"w-text-value\">Solu\u021bii pentru proiecte<\/span><\/span><\/h6><div class=\"w-separator size_custom\" style=\"height:15px\"><\/div><div class=\"wpb_text_column\"><div class=\"wpb_wrapper\"><p><span style=\"font-weight: 400;\">Pe l\u00e2ng\u0103 furnizarea de personal, DB Group poate prelua \u0219i proiecte complete. Efectu\u0103m lucr\u0103ri de produc\u021bie standard \u00een atelierul nostru din Enter, dar lucr\u0103m \u0219i la fa\u021ba locului. Acest lucru poate fi realizat doar cu personal sau poate fi preluat complet, inclusiv materiale \u0219i echipamente.<\/span><\/p>\n<\/div><\/div><\/div><\/div><\/div><\/div><div class=\"w-separator size_small\"><\/div><div class=\"g-cols wpb_row via_grid cols_3 laptops-cols_inherit tablets-cols_inherit mobiles-cols_1 valign_top type_default stacking_default\" style=\"--columns-gap:2rem;\"><div class=\"wpb_column vc_column_container us_custom_60011008 iconBox us_animate_this has_bg_color\"><div class=\"vc_column-inner\"><div class=\"w-vwrapper align_left valign_top\"><div class=\"w-iconbox us_custom_8d5aa4e2 iconpos_top style_default color_custom align_left no_text no_title\"><div class=\"w-iconbox-icon\" style=\"font-size:65px;--icon-color:#1f79e0;\"><i class=\"fas fa-house-user\"><\/i><\/div><div class=\"w-iconbox-meta\"><\/div><\/div><h6 class=\"w-text us_custom_95e7ef7b\"><span class=\"w-text-h\"><span class=\"w-text-value\">Flexibil \u0219i orientat c\u0103tre solu\u021bii<\/span><\/span><\/h6><div class=\"w-separator size_custom\" style=\"height:15px\"><\/div><div class=\"wpb_text_column\"><div class=\"wpb_wrapper\"><p><span style=\"font-weight: 400;\">Fie c\u0103 este vorba de un specialist sau de o echip\u0103 complet\u0103 de 50 de persoane sau mai mult: DB Group abordeaz\u0103 orice problem\u0103 de personal. Combin\u0103m flexibilitatea pentru angaja\u021bi cu solu\u021bii eficiente \u0219i fiabile pentru clien\u021bi.<\/span><\/p>\n<\/div><\/div><\/div><\/div><\/div><\/div><\/div><\/div><\/div><\/div><\/section>","protected":false},"excerpt":{"rendered":"DienstenOnze dienstenOnze dienstenMet bijna 20 jaar ervaring in de olie- en gasindustrie, marine- en scheepsbouw, food- en zuivelsector en petrochemie is DB Group d\u00e9 partner voor technisch personeel. Wij lossen capaciteitsproblemen op met flexibele en betrouwbare personeelsoplossingen, van tijdelijke versterking tot complete projectteams. UitzendenOnze meest gevraagde dienst is het uitzenden van technisch personeel. Als gespecialiseerd...","protected":false},"author":1,"featured_media":0,"parent":0,"menu_order":0,"comment_status":"closed","ping_status":"closed","template":"","meta":{"_acf_changed":false,"footnotes":""},"class_list":["post-305","page","type-page","status-publish","hentry"],"acf":[],"yoast_head":"<!-- This site is optimized with the Yoast SEO plugin v26.9 - https:\/\/yoast.com\/product\/yoast-seo-wordpress\/ -->\n<title>Onze diensten | Technische detachering &amp; personeel | DB Group<\/title>\n<meta name=\"description\" content=\"Ontdek de diensten van DB Group: uitzenden, detachering, ZZP-bemiddeling, werving &amp; selectie en projectoplossingen voor technisch personeel.\" \/>\n<meta name=\"robots\" content=\"index, follow, max-snippet:-1, max-image-preview:large, max-video-preview:-1\" \/>\n<link rel=\"canonical\" href=\"https:\/\/dbgroup.nl\/ro\/serviciile-noastre\/\" \/>\n<meta property=\"og:locale\" content=\"ro_RO\" \/>\n<meta property=\"og:type\" content=\"article\" \/>\n<meta property=\"og:title\" content=\"Onze diensten | Technische detachering &amp; personeel | DB Group\" \/>\n<meta property=\"og:description\" content=\"Ontdek de diensten van DB Group: uitzenden, detachering, ZZP-bemiddeling, werving &amp; selectie en projectoplossingen voor technisch personeel.\" \/>\n<meta property=\"og:url\" content=\"https:\/\/dbgroup.nl\/ro\/serviciile-noastre\/\" \/>\n<meta property=\"og:site_name\" content=\"DB Group\" \/>\n<meta property=\"article:modified_time\" content=\"2026-02-09T08:46:11+00:00\" \/>\n<meta name=\"twitter:card\" content=\"summary_large_image\" \/>\n<meta name=\"twitter:label1\" content=\"Timp estimat pentru citire\" \/>\n\t<meta name=\"twitter:data1\" content=\"3 minute\" \/>\n<script type=\"application\/ld+json\" class=\"yoast-schema-graph\">{\"@context\":\"https:\/\/schema.org\",\"@graph\":[{\"@type\":\"WebPage\",\"@id\":\"https:\/\/dbgroup.nl\/onze-diensten\/\",\"url\":\"https:\/\/dbgroup.nl\/onze-diensten\/\",\"name\":\"Onze diensten | Technische detachering & personeel | DB Group\",\"isPartOf\":{\"@id\":\"https:\/\/dbgroup.nl\/#website\"},\"datePublished\":\"2025-08-13T12:05:38+00:00\",\"dateModified\":\"2026-02-09T08:46:11+00:00\",\"description\":\"Ontdek de diensten van DB Group: uitzenden, detachering, ZZP-bemiddeling, werving & selectie en projectoplossingen voor technisch personeel.\",\"breadcrumb\":{\"@id\":\"https:\/\/dbgroup.nl\/onze-diensten\/#breadcrumb\"},\"inLanguage\":\"ro-RO\",\"potentialAction\":[{\"@type\":\"ReadAction\",\"target\":[\"https:\/\/dbgroup.nl\/onze-diensten\/\"]}]},{\"@type\":\"BreadcrumbList\",\"@id\":\"https:\/\/dbgroup.nl\/onze-diensten\/#breadcrumb\",\"itemListElement\":[{\"@type\":\"ListItem\",\"position\":1,\"name\":\"Home\",\"item\":\"https:\/\/dbgroup.nl\/\"},{\"@type\":\"ListItem\",\"position\":2,\"name\":\"Onze diensten\"}]},{\"@type\":\"WebSite\",\"@id\":\"https:\/\/dbgroup.nl\/#website\",\"url\":\"https:\/\/dbgroup.nl\/\",\"name\":\"DB Group\",\"description\":\"\",\"publisher\":{\"@id\":\"https:\/\/dbgroup.nl\/#organization\"},\"potentialAction\":[{\"@type\":\"SearchAction\",\"target\":{\"@type\":\"EntryPoint\",\"urlTemplate\":\"https:\/\/dbgroup.nl\/?s={search_term_string}\"},\"query-input\":{\"@type\":\"PropertyValueSpecification\",\"valueRequired\":true,\"valueName\":\"search_term_string\"}}],\"inLanguage\":\"ro-RO\"},{\"@type\":\"Organization\",\"@id\":\"https:\/\/dbgroup.nl\/#organization\",\"name\":\"DB Group\",\"url\":\"https:\/\/dbgroup.nl\/\",\"logo\":{\"@type\":\"ImageObject\",\"inLanguage\":\"ro-RO\",\"@id\":\"https:\/\/dbgroup.nl\/#\/schema\/logo\/image\/\",\"url\":\"https:\/\/dbgroup.nl\/wp-content\/uploads\/2026\/01\/Icon.png\",\"contentUrl\":\"https:\/\/dbgroup.nl\/wp-content\/uploads\/2026\/01\/Icon.png\",\"width\":512,\"height\":512,\"caption\":\"DB Group\"},\"image\":{\"@id\":\"https:\/\/dbgroup.nl\/#\/schema\/logo\/image\/\"}}]}<\/script>\n<!-- \/ Yoast SEO plugin. -->","yoast_head_json":{"title":"Serviciile noastre | Deta\u0219are \u0219i personal tehnic | DB Group","description":"Descoperi\u021bi serviciile DB Group: munc\u0103 temporar\u0103, deta\u0219are, mediere ZZP, recrutare \u0219i selec\u021bie \u0219i solu\u021bii de proiect pentru personalul tehnic.","robots":{"index":"index","follow":"follow","max-snippet":"max-snippet:-1","max-image-preview":"max-image-preview:large","max-video-preview":"max-video-preview:-1"},"canonical":"https:\/\/dbgroup.nl\/ro\/serviciile-noastre\/","og_locale":"ro_RO","og_type":"article","og_title":"Onze diensten | Technische detachering & personeel | DB Group","og_description":"Ontdek de diensten van DB Group: uitzenden, detachering, ZZP-bemiddeling, werving & selectie en projectoplossingen voor technisch personeel.","og_url":"https:\/\/dbgroup.nl\/ro\/serviciile-noastre\/","og_site_name":"DB Group","article_modified_time":"2026-02-09T08:46:11+00:00","twitter_card":"summary_large_image","twitter_misc":{"Timp estimat pentru citire":"3 minute"},"schema":{"@context":"https:\/\/schema.org","@graph":[{"@type":"WebPage","@id":"https:\/\/dbgroup.nl\/onze-diensten\/","url":"https:\/\/dbgroup.nl\/onze-diensten\/","name":"Serviciile noastre | Deta\u0219are \u0219i personal tehnic | DB Group","isPartOf":{"@id":"https:\/\/dbgroup.nl\/#website"},"datePublished":"2025-08-13T12:05:38+00:00","dateModified":"2026-02-09T08:46:11+00:00","description":"Descoperi\u021bi serviciile DB Group: munc\u0103 temporar\u0103, deta\u0219are, mediere ZZP, recrutare \u0219i selec\u021bie \u0219i solu\u021bii de proiect pentru personalul tehnic.","breadcrumb":{"@id":"https:\/\/dbgroup.nl\/onze-diensten\/#breadcrumb"},"inLanguage":"ro-RO","potentialAction":[{"@type":"ReadAction","target":["https:\/\/dbgroup.nl\/onze-diensten\/"]}]},{"@type":"BreadcrumbList","@id":"https:\/\/dbgroup.nl\/onze-diensten\/#breadcrumb","itemListElement":[{"@type":"ListItem","position":1,"name":"Home","item":"https:\/\/dbgroup.nl\/"},{"@type":"ListItem","position":2,"name":"Onze diensten"}]},{"@type":"WebSite","@id":"https:\/\/dbgroup.nl\/#website","url":"https:\/\/dbgroup.nl\/","name":"Grupul DB","description":"","publisher":{"@id":"https:\/\/dbgroup.nl\/#organization"},"potentialAction":[{"@type":"SearchAction","target":{"@type":"EntryPoint","urlTemplate":"https:\/\/dbgroup.nl\/?s={search_term_string}"},"query-input":{"@type":"PropertyValueSpecification","valueRequired":true,"valueName":"search_term_string"}}],"inLanguage":"ro-RO"},{"@type":"Organization","@id":"https:\/\/dbgroup.nl\/#organization","name":"Grupul DB","url":"https:\/\/dbgroup.nl\/","logo":{"@type":"ImageObject","inLanguage":"ro-RO","@id":"https:\/\/dbgroup.nl\/#\/schema\/logo\/image\/","url":"https:\/\/dbgroup.nl\/wp-content\/uploads\/2026\/01\/Icon.png","contentUrl":"https:\/\/dbgroup.nl\/wp-content\/uploads\/2026\/01\/Icon.png","width":512,"height":512,"caption":"DB Group"},"image":{"@id":"https:\/\/dbgroup.nl\/#\/schema\/logo\/image\/"}}]}},"_links":{"self":[{"href":"https:\/\/dbgroup.nl\/ro\/wp-json\/wp\/v2\/pages\/305","targetHints":{"allow":["GET"]}}],"collection":[{"href":"https:\/\/dbgroup.nl\/ro\/wp-json\/wp\/v2\/pages"}],"about":[{"href":"https:\/\/dbgroup.nl\/ro\/wp-json\/wp\/v2\/types\/page"}],"author":[{"embeddable":true,"href":"https:\/\/dbgroup.nl\/ro\/wp-json\/wp\/v2\/users\/1"}],"replies":[{"embeddable":true,"href":"https:\/\/dbgroup.nl\/ro\/wp-json\/wp\/v2\/comments?post=305"}],"version-history":[{"count":22,"href":"https:\/\/dbgroup.nl\/ro\/wp-json\/wp\/v2\/pages\/305\/revisions"}],"predecessor-version":[{"id":880,"href":"https:\/\/dbgroup.nl\/ro\/wp-json\/wp\/v2\/pages\/305\/revisions\/880"}],"wp:attachment":[{"href":"https:\/\/dbgroup.nl\/ro\/wp-json\/wp\/v2\/media?parent=305"}],"curies":[{"name":"wp","href":"https:\/\/api.w.org\/{rel}","templated":true}]}}