{"id":366,"date":"2025-08-14T06:14:42","date_gmt":"2025-08-14T06:14:42","guid":{"rendered":"https:\/\/dbgroup.nl\/?page_id=366"},"modified":"2026-02-05T15:07:03","modified_gmt":"2026-02-05T15:07:03","slug":"despre-noi","status":"publish","type":"page","link":"https:\/\/dbgroup.nl\/ro\/over-ons\/","title":{"rendered":"Despre noi"},"content":{"rendered":"<section class=\"l-section wpb_row us_custom_3e14535b us_animate_this height_huge color_secondary\"><div class=\"l-section-h i-cf\"><div class=\"g-cols vc_row via_grid cols_1 laptops-cols_inherit tablets-cols_1 mobiles-cols_1 valign_top type_default reversed stacking_default\" style=\"--columns-gap:0rem;\"><div class=\"wpb_column vc_column_container us_custom_e5713a0c\"><div class=\"vc_column-inner\"><div class=\"w-text us_custom_03bbc369 has_text_color\" id=\"dancing-title\"><span class=\"w-text-h\"><span class=\"w-text-value\">Despre noi<\/span><\/span><\/div><h2 class=\"w-text us_custom_73690761 has_text_color\"><span class=\"w-text-h\"><span class=\"w-text-value\">Despre noi<\/span><\/span><\/h2><\/div><\/div><\/div><\/div><\/section><section class=\"l-section wpb_row us_custom_7b5306bb height_auto with_img\"><div class=\"l-section-img\" role=\"img\" aria-label=\"Imagineaz\u0103-\u021bi\" data-img-width=\"172\" data-img-height=\"580\" style=\"background-image: url(https:\/\/dbgroup.nl\/wp-content\/uploads\/2025\/07\/Ellipse-3.png);background-position: bottom left;background-repeat: no-repeat;background-size: auto;\"><\/div><div class=\"l-section-h i-cf\"><div class=\"g-cols vc_row via_grid cols_2 laptops-cols_inherit tablets-cols_1 mobiles-cols_1 valign_middle type_default reversed stacking_default\" style=\"--columns-gap:60px;--laptops-columns-gap:60px;--tablets-columns-gap:50px;--mobiles-columns-gap:50px;\"><div class=\"wpb_column vc_column_container us_custom_7e20fa79 us_animate_this\"><div class=\"vc_column-inner\"><h2 class=\"w-text us_custom_1fed16d9\"><span class=\"w-text-h\"><span class=\"w-text-value\">Despre DB Group<\/span><\/span><\/h2><div class=\"w-separator size_custom\" style=\"height:20px\"><\/div><div class=\"wpb_text_column us_custom_a38e0465 has_text_color\"><div class=\"wpb_wrapper\"><p><span style=\"font-weight: 400;\">DB Group este o agen\u021bie de deta\u0219are tehnic\u0103 cu un accent puternic pe sectoare precum <\/span><b>petrochimie<\/b><span style=\"font-weight: 400;\">, <\/span><b>extrac\u021bia de petrol \u0219i gaze<\/b><span style=\"font-weight: 400;\">, <\/span><b>construc\u021bii navale \u0219i de nave<\/b><span style=\"font-weight: 400;\"> \u0219i <\/span><b>industria alimentar\u0103 \u0219i a produselor lactate<\/b><span style=\"font-weight: 400;\">. Furniz\u0103m profesioni\u0219ti \u0219i speciali\u0219ti care pot fi deta\u0219a\u021bi imediat \u0219i care \u00eendeplinesc cele mai \u00eenalte standarde de calitate \u0219i siguran\u021b\u0103.<\/span><\/p>\n<\/div><\/div><\/div><\/div><div class=\"wpb_column vc_column_container us_custom_47474b22 us_animate_this stretched\"><div class=\"vc_column-inner\"><div class=\"w-image us_custom_2195e473 align_none\"><div class=\"w-image-h\"><img decoding=\"async\" width=\"800\" height=\"533\" src=\"https:\/\/dbgroup.nl\/wp-content\/uploads\/2025\/08\/img1.png\" class=\"attachment-full size-full\" alt=\"\" loading=\"lazy\" srcset=\"https:\/\/dbgroup.nl\/wp-content\/uploads\/2025\/08\/img1.png 800w, https:\/\/dbgroup.nl\/wp-content\/uploads\/2025\/08\/img1-300x200.png 300w\" sizes=\"auto, (max-width: 800px) 100vw, 800px\" \/><\/div><\/div><\/div><\/div><\/div><\/div><\/section><section class=\"l-section wpb_row us_custom_7b5306bb height_auto with_img\"><div class=\"l-section-img\" role=\"img\" aria-label=\"Imagineaz\u0103-\u021bi\" data-img-width=\"299\" data-img-height=\"299\" style=\"background-image: url(https:\/\/dbgroup.nl\/wp-content\/uploads\/2025\/07\/circle.png);background-repeat: no-repeat;background-size: auto;\"><\/div><div class=\"l-section-h i-cf\"><div class=\"g-cols vc_row via_grid cols_2 laptops-cols_inherit tablets-cols_1 mobiles-cols_1 valign_middle type_default reversed stacking_default\" style=\"--columns-gap:60px;--laptops-columns-gap:60px;--tablets-columns-gap:50px;--mobiles-columns-gap:50px;\"><div class=\"wpb_column vc_column_container us_custom_7e20fa79 us_animate_this\"><div class=\"vc_column-inner\"><div class=\"w-image align_none\"><div class=\"w-image-h\"><img decoding=\"async\" width=\"1000\" height=\"729\" src=\"https:\/\/dbgroup.nl\/wp-content\/uploads\/2025\/08\/AdobeStock_533509495.jpg\" class=\"attachment-full size-full\" alt=\"\" loading=\"lazy\" srcset=\"https:\/\/dbgroup.nl\/wp-content\/uploads\/2025\/08\/AdobeStock_533509495.jpg 1000w, https:\/\/dbgroup.nl\/wp-content\/uploads\/2025\/08\/AdobeStock_533509495-300x219.jpg 300w\" sizes=\"auto, (max-width: 1000px) 100vw, 1000px\" \/><\/div><\/div><\/div><\/div><div class=\"wpb_column vc_column_container us_custom_47474b22 us_animate_this\"><div class=\"vc_column-inner\"><h3 class=\"w-text us_custom_1fed16d9\"><span class=\"w-text-h\"><span class=\"w-text-value\">Profesioni\u0219ti \u0219i speciali\u0219ti<\/span><\/span><\/h3><div class=\"w-separator size_custom\" style=\"height:30px\"><\/div><div class=\"wpb_text_column us_custom_a38e0465 has_text_color\"><div class=\"wpb_wrapper\"><p><span style=\"font-weight: 400;\">Nucleul nostru const\u0103 \u00een furnizarea de servicii cu experien\u021b\u0103 <\/span><b>sudori<\/b><span style=\"font-weight: 400;\">, <\/span><b>montatori<\/b><span style=\"font-weight: 400;\"> \u0219i <\/span><b>mecanic\u0103<\/b><span style=\"font-weight: 400;\">, completat de executivi precum <\/span><b>maistri<\/b><span style=\"font-weight: 400;\"> \u0219i <\/span><b>executan\u021bi<\/b><span style=\"font-weight: 400;\">. De asemenea, avem exper\u021bi \u00een domeniu, inclusiv <\/span><b>exper\u021bi \u00een siguran\u021b\u0103<\/b><span style=\"font-weight: 400;\">, <\/span><b>inspectori sudur\u0103<\/b><span style=\"font-weight: 400;\"> \u0219i <\/span><b>Personalul QC<\/b><span style=\"font-weight: 400;\">. \u00cen acest fel, nu oferim doar cadre, ci \u0219i expertiz\u0103 \u00een materie de calitate \u0219i siguran\u021b\u0103.<\/span><\/p>\n<\/div><\/div><\/div><\/div><\/div><\/div><\/section><section class=\"l-section wpb_row us_custom_7b5306bb height_auto with_img\"><div class=\"l-section-img\" role=\"img\" aria-label=\"Imagineaz\u0103-\u021bi\" data-img-width=\"172\" data-img-height=\"580\" style=\"background-image: url(https:\/\/dbgroup.nl\/wp-content\/uploads\/2025\/07\/Ellipse-3.png);background-position: bottom left;background-repeat: no-repeat;background-size: contain;\"><\/div><div class=\"l-section-h i-cf\"><div class=\"g-cols vc_row via_grid cols_2 laptops-cols_inherit tablets-cols_1 mobiles-cols_1 valign_middle type_default reversed stacking_default\" style=\"--columns-gap:60px;--laptops-columns-gap:60px;--tablets-columns-gap:50px;--mobiles-columns-gap:50px;\"><div class=\"wpb_column vc_column_container us_custom_7e20fa79 us_animate_this\"><div class=\"vc_column-inner\"><h3 class=\"w-text us_custom_1fed16d9\"><span class=\"w-text-h\"><span class=\"w-text-value\">Echipe complete personalizate<\/span><\/span><\/h3><div class=\"w-separator size_custom\" style=\"height:30px\"><\/div><div class=\"wpb_text_column us_custom_a38e0465 has_text_color\"><div class=\"wpb_wrapper\"><p><span style=\"font-weight: 400;\">Datorit\u0103 re\u021belei noastre extinse, form\u0103m \u00een mod regulat echipe complete pentru clien\u021bii no\u0219tri. Aceste echipe pot fi formate din montatori, montatori (1 \u0219i 2), sudori, maistri \u0219i supraveghetori. Dac\u0103 este necesar, le complet\u0103m cu personal pentru siguran\u021b\u0103 \u0219i calitate. Dimensiunea echipei variaz\u0103 de la <\/span><b>10 p\u00e2n\u0103 la 100 de profesioni\u0219ti<\/b><span style=\"font-weight: 400;\">, \u00een func\u021bie de dimensiunea proiectului.<\/span><\/p>\n<\/div><\/div><\/div><\/div><div class=\"wpb_column vc_column_container us_custom_47474b22 us_animate_this stretched\"><div class=\"vc_column-inner\"><div class=\"w-image us_custom_2195e473 align_none\"><div class=\"w-image-h\"><img decoding=\"async\" width=\"1000\" height=\"546\" src=\"https:\/\/dbgroup.nl\/wp-content\/uploads\/2025\/08\/AdobeStock_1620773867.jpg\" class=\"attachment-full size-full\" alt=\"\" loading=\"lazy\" srcset=\"https:\/\/dbgroup.nl\/wp-content\/uploads\/2025\/08\/AdobeStock_1620773867.jpg 1000w, https:\/\/dbgroup.nl\/wp-content\/uploads\/2025\/08\/AdobeStock_1620773867-300x164.jpg 300w\" sizes=\"auto, (max-width: 1000px) 100vw, 1000px\" \/><\/div><\/div><\/div><\/div><\/div><\/div><\/section><section class=\"l-section wpb_row us_custom_7b5306bb height_auto with_img\"><div class=\"l-section-img\" role=\"img\" aria-label=\"Imagineaz\u0103-\u021bi\" data-img-width=\"299\" data-img-height=\"299\" style=\"background-image: url(https:\/\/dbgroup.nl\/wp-content\/uploads\/2025\/07\/circle.png);background-repeat: no-repeat;background-size: auto;\"><\/div><div class=\"l-section-h i-cf\"><div class=\"g-cols vc_row via_grid cols_2 laptops-cols_inherit tablets-cols_1 mobiles-cols_1 valign_middle type_default reversed stacking_default\" style=\"--columns-gap:60px;--laptops-columns-gap:60px;--tablets-columns-gap:50px;--mobiles-columns-gap:50px;\"><div class=\"wpb_column vc_column_container us_custom_7e20fa79 us_animate_this\"><div class=\"vc_column-inner\"><div class=\"w-image align_none\"><div class=\"w-image-h\"><img decoding=\"async\" width=\"800\" height=\"448\" src=\"https:\/\/dbgroup.nl\/wp-content\/uploads\/2025\/08\/img5.png\" class=\"attachment-full size-full\" alt=\"\" loading=\"lazy\" srcset=\"https:\/\/dbgroup.nl\/wp-content\/uploads\/2025\/08\/img5.png 800w, https:\/\/dbgroup.nl\/wp-content\/uploads\/2025\/08\/img5-300x168.png 300w\" sizes=\"auto, (max-width: 800px) 100vw, 800px\" \/><\/div><\/div><\/div><\/div><div class=\"wpb_column vc_column_container us_custom_47474b22 us_animate_this\"><div class=\"vc_column-inner\"><h3 class=\"w-text us_custom_1fed16d9\"><span class=\"w-text-h\"><span class=\"w-text-value\">Atelier propriu \u00een Enter<\/span><\/span><\/h3><div class=\"w-separator size_custom\" style=\"height:30px\"><\/div><div class=\"wpb_text_column us_custom_a38e0465 has_text_color\"><div class=\"wpb_wrapper\"><p><span style=\"font-weight: 400;\">\u00cen atelierul nostru din Enter, angaja\u021bii pot testa sudura, pot sus\u021bine teste de montaj \u0219i se pot preg\u0103ti pentru examenele de sudur\u0103. Prin efectuarea acestor teste \u00een avans, garant\u0103m calitatea \u0219i evit\u0103m pierderile de timp la \u00eenceperea lucrului. De asemenea, avem facilit\u0103\u021bi pentru <\/span><b>lucr\u0103ri minore de asamblare \u0219i montare<\/b><span style=\"font-weight: 400;\"> pentru clien\u021bi.<\/span><\/p>\n<p><span style=\"font-weight: 400;\">De asemenea, oferim diverse cursuri de formare \u00een atelier, cum ar fi:<\/span><\/p>\n<ul>\n<li style=\"font-weight: 400;\" aria-level=\"1\"><b>Montator de flan\u0219e<\/b><\/li>\n<li style=\"font-weight: 400;\" aria-level=\"1\"><b>Manipularea \u00een siguran\u021b\u0103 a \u00eenc\u0103rc\u0103turilor<\/b><\/li>\n<\/ul>\n<\/div><\/div><\/div><\/div><\/div><\/div><\/section>","protected":false},"excerpt":{"rendered":"Over onsOver onsOver DB GroupDB Group is een technisch detacheringsbureau met een sterke focus op sectoren zoals petrochemie, olie- en gaswinning, marine- en scheepsbouw en voedings- en zuivelindustrie. Wij leveren vakmensen en specialisten die direct inzetbaar zijn en voldoen aan de hoogste kwaliteits- en veiligheidseisen. Vakmensen en specialistenOnze kern ligt in het leveren van ervaren...","protected":false},"author":1,"featured_media":0,"parent":0,"menu_order":0,"comment_status":"closed","ping_status":"closed","template":"","meta":{"_acf_changed":false,"footnotes":""},"class_list":["post-366","page","type-page","status-publish","hentry"],"acf":[],"yoast_head":"<!-- This site is optimized with the Yoast SEO plugin v26.9 - https:\/\/yoast.com\/product\/yoast-seo-wordpress\/ -->\n<title>Over DB Group | Betrouwbare partner in technische detachering<\/title>\n<meta name=\"description\" content=\"DB Group is een technisch detacheringsbureau voor petrochemie, olie &amp; gas, marine, scheepsbouw en food. Direct inzetbare vakmensen, veilig en gekwalificeerd.\" \/>\n<meta name=\"robots\" content=\"index, follow, max-snippet:-1, max-image-preview:large, max-video-preview:-1\" \/>\n<link rel=\"canonical\" href=\"https:\/\/dbgroup.nl\/ro\/despre-noi\/\" \/>\n<meta property=\"og:locale\" content=\"ro_RO\" \/>\n<meta property=\"og:type\" content=\"article\" \/>\n<meta property=\"og:title\" content=\"Over DB Group | Betrouwbare partner in technische detachering\" \/>\n<meta property=\"og:description\" content=\"DB Group is een technisch detacheringsbureau voor petrochemie, olie &amp; gas, marine, scheepsbouw en food. Direct inzetbare vakmensen, veilig en gekwalificeerd.\" \/>\n<meta property=\"og:url\" content=\"https:\/\/dbgroup.nl\/ro\/despre-noi\/\" \/>\n<meta property=\"og:site_name\" content=\"DB Group\" \/>\n<meta property=\"article:modified_time\" content=\"2026-02-05T15:07:03+00:00\" \/>\n<meta name=\"twitter:card\" content=\"summary_large_image\" \/>\n<meta name=\"twitter:label1\" content=\"Timp estimat pentru citire\" \/>\n\t<meta name=\"twitter:data1\" content=\"3 minute\" \/>\n<script type=\"application\/ld+json\" class=\"yoast-schema-graph\">{\"@context\":\"https:\/\/schema.org\",\"@graph\":[{\"@type\":\"WebPage\",\"@id\":\"https:\/\/dbgroup.nl\/over-ons\/\",\"url\":\"https:\/\/dbgroup.nl\/over-ons\/\",\"name\":\"Over DB Group | Betrouwbare partner in technische detachering\",\"isPartOf\":{\"@id\":\"https:\/\/dbgroup.nl\/#website\"},\"datePublished\":\"2025-08-14T06:14:42+00:00\",\"dateModified\":\"2026-02-05T15:07:03+00:00\",\"description\":\"DB Group is een technisch detacheringsbureau voor petrochemie, olie & gas, marine, scheepsbouw en food. Direct inzetbare vakmensen, veilig en gekwalificeerd.\",\"breadcrumb\":{\"@id\":\"https:\/\/dbgroup.nl\/over-ons\/#breadcrumb\"},\"inLanguage\":\"ro-RO\",\"potentialAction\":[{\"@type\":\"ReadAction\",\"target\":[\"https:\/\/dbgroup.nl\/over-ons\/\"]}]},{\"@type\":\"BreadcrumbList\",\"@id\":\"https:\/\/dbgroup.nl\/over-ons\/#breadcrumb\",\"itemListElement\":[{\"@type\":\"ListItem\",\"position\":1,\"name\":\"Home\",\"item\":\"https:\/\/dbgroup.nl\/\"},{\"@type\":\"ListItem\",\"position\":2,\"name\":\"Over ons\"}]},{\"@type\":\"WebSite\",\"@id\":\"https:\/\/dbgroup.nl\/#website\",\"url\":\"https:\/\/dbgroup.nl\/\",\"name\":\"DB Group\",\"description\":\"\",\"publisher\":{\"@id\":\"https:\/\/dbgroup.nl\/#organization\"},\"potentialAction\":[{\"@type\":\"SearchAction\",\"target\":{\"@type\":\"EntryPoint\",\"urlTemplate\":\"https:\/\/dbgroup.nl\/?s={search_term_string}\"},\"query-input\":{\"@type\":\"PropertyValueSpecification\",\"valueRequired\":true,\"valueName\":\"search_term_string\"}}],\"inLanguage\":\"ro-RO\"},{\"@type\":\"Organization\",\"@id\":\"https:\/\/dbgroup.nl\/#organization\",\"name\":\"DB Group\",\"url\":\"https:\/\/dbgroup.nl\/\",\"logo\":{\"@type\":\"ImageObject\",\"inLanguage\":\"ro-RO\",\"@id\":\"https:\/\/dbgroup.nl\/#\/schema\/logo\/image\/\",\"url\":\"https:\/\/dbgroup.nl\/wp-content\/uploads\/2026\/01\/Icon.png\",\"contentUrl\":\"https:\/\/dbgroup.nl\/wp-content\/uploads\/2026\/01\/Icon.png\",\"width\":512,\"height\":512,\"caption\":\"DB Group\"},\"image\":{\"@id\":\"https:\/\/dbgroup.nl\/#\/schema\/logo\/image\/\"}}]}<\/script>\n<!-- \/ Yoast SEO plugin. -->","yoast_head_json":{"title":"Despre DB Group | Partener de \u00eencredere \u00een deta\u0219area tehnic\u0103","description":"DB Group este o agen\u021bie de deta\u0219are tehnic\u0103 pentru petrochimie, petrol \u0219i gaze, marin\u0103, construc\u021bii navale \u0219i produse alimentare. Profesioni\u0219ti imediat deta\u0219abili, siguri \u0219i califica\u021bi.","robots":{"index":"index","follow":"follow","max-snippet":"max-snippet:-1","max-image-preview":"max-image-preview:large","max-video-preview":"max-video-preview:-1"},"canonical":"https:\/\/dbgroup.nl\/ro\/despre-noi\/","og_locale":"ro_RO","og_type":"article","og_title":"Over DB Group | Betrouwbare partner in technische detachering","og_description":"DB Group is een technisch detacheringsbureau voor petrochemie, olie & gas, marine, scheepsbouw en food. Direct inzetbare vakmensen, veilig en gekwalificeerd.","og_url":"https:\/\/dbgroup.nl\/ro\/despre-noi\/","og_site_name":"DB Group","article_modified_time":"2026-02-05T15:07:03+00:00","twitter_card":"summary_large_image","twitter_misc":{"Timp estimat pentru citire":"3 minute"},"schema":{"@context":"https:\/\/schema.org","@graph":[{"@type":"WebPage","@id":"https:\/\/dbgroup.nl\/over-ons\/","url":"https:\/\/dbgroup.nl\/over-ons\/","name":"Despre DB Group | Partener de \u00eencredere \u00een deta\u0219area tehnic\u0103","isPartOf":{"@id":"https:\/\/dbgroup.nl\/#website"},"datePublished":"2025-08-14T06:14:42+00:00","dateModified":"2026-02-05T15:07:03+00:00","description":"DB Group este o agen\u021bie de deta\u0219are tehnic\u0103 pentru petrochimie, petrol \u0219i gaze, marin\u0103, construc\u021bii navale \u0219i produse alimentare. Profesioni\u0219ti imediat deta\u0219abili, siguri \u0219i califica\u021bi.","breadcrumb":{"@id":"https:\/\/dbgroup.nl\/over-ons\/#breadcrumb"},"inLanguage":"ro-RO","potentialAction":[{"@type":"ReadAction","target":["https:\/\/dbgroup.nl\/over-ons\/"]}]},{"@type":"BreadcrumbList","@id":"https:\/\/dbgroup.nl\/over-ons\/#breadcrumb","itemListElement":[{"@type":"ListItem","position":1,"name":"Home","item":"https:\/\/dbgroup.nl\/"},{"@type":"ListItem","position":2,"name":"Over ons"}]},{"@type":"WebSite","@id":"https:\/\/dbgroup.nl\/#website","url":"https:\/\/dbgroup.nl\/","name":"Grupul DB","description":"","publisher":{"@id":"https:\/\/dbgroup.nl\/#organization"},"potentialAction":[{"@type":"SearchAction","target":{"@type":"EntryPoint","urlTemplate":"https:\/\/dbgroup.nl\/?s={search_term_string}"},"query-input":{"@type":"PropertyValueSpecification","valueRequired":true,"valueName":"search_term_string"}}],"inLanguage":"ro-RO"},{"@type":"Organization","@id":"https:\/\/dbgroup.nl\/#organization","name":"Grupul DB","url":"https:\/\/dbgroup.nl\/","logo":{"@type":"ImageObject","inLanguage":"ro-RO","@id":"https:\/\/dbgroup.nl\/#\/schema\/logo\/image\/","url":"https:\/\/dbgroup.nl\/wp-content\/uploads\/2026\/01\/Icon.png","contentUrl":"https:\/\/dbgroup.nl\/wp-content\/uploads\/2026\/01\/Icon.png","width":512,"height":512,"caption":"DB Group"},"image":{"@id":"https:\/\/dbgroup.nl\/#\/schema\/logo\/image\/"}}]}},"_links":{"self":[{"href":"https:\/\/dbgroup.nl\/ro\/wp-json\/wp\/v2\/pages\/366","targetHints":{"allow":["GET"]}}],"collection":[{"href":"https:\/\/dbgroup.nl\/ro\/wp-json\/wp\/v2\/pages"}],"about":[{"href":"https:\/\/dbgroup.nl\/ro\/wp-json\/wp\/v2\/types\/page"}],"author":[{"embeddable":true,"href":"https:\/\/dbgroup.nl\/ro\/wp-json\/wp\/v2\/users\/1"}],"replies":[{"embeddable":true,"href":"https:\/\/dbgroup.nl\/ro\/wp-json\/wp\/v2\/comments?post=366"}],"version-history":[{"count":6,"href":"https:\/\/dbgroup.nl\/ro\/wp-json\/wp\/v2\/pages\/366\/revisions"}],"predecessor-version":[{"id":877,"href":"https:\/\/dbgroup.nl\/ro\/wp-json\/wp\/v2\/pages\/366\/revisions\/877"}],"wp:attachment":[{"href":"https:\/\/dbgroup.nl\/ro\/wp-json\/wp\/v2\/media?parent=366"}],"curies":[{"name":"wp","href":"https:\/\/api.w.org\/{rel}","templated":true}]}}