{"id":456,"date":"2026-01-21T16:55:44","date_gmt":"2026-01-21T16:55:44","guid":{"rendered":"https:\/\/dbgroup.nl\/?page_id=456"},"modified":"2026-01-23T17:16:40","modified_gmt":"2026-01-23T17:16:40","slug":"profesionisti-din-domeniul-tehnicii-marine-si-al-constructiilor-navale","status":"publish","type":"page","link":"https:\/\/dbgroup.nl\/ro\/technische-vakmensen-marine-en-scheepsbouw\/","title":{"rendered":"Profesioni\u0219ti tehnici \u00een domeniul naval \u0219i al construc\u021biilor navale"},"content":{"rendered":"<section class=\"l-section wpb_row us_custom_3e14535b us_animate_this height_huge color_secondary\"><div class=\"l-section-h i-cf\"><div class=\"g-cols vc_row via_grid cols_1 laptops-cols_inherit tablets-cols_1 mobiles-cols_1 valign_top type_default reversed stacking_default\" style=\"--columns-gap:0rem;\"><div class=\"wpb_column vc_column_container us_custom_e5713a0c\"><div class=\"vc_column-inner\"><div class=\"w-text us_custom_03bbc369 has_text_color\" id=\"dancing-title\"><span class=\"w-text-h\"><span class=\"w-text-value\">Profesioni\u0219ti tehnici <\/span><\/span><\/div><h2 class=\"w-text us_custom_73690761 has_text_color\"><span class=\"w-text-h\"><span class=\"w-text-value\">Profesioni\u0219ti tehnici \u00een domeniul naval \u0219i al construc\u021biilor navale<\/span><\/span><\/h2><\/div><\/div><\/div><\/div><\/section><section class=\"l-section wpb_row us_custom_7b5306bb height_auto with_img\"><div class=\"l-section-img\" role=\"img\" aria-label=\"Imagineaz\u0103-\u021bi\" data-img-width=\"172\" data-img-height=\"580\" style=\"background-image: url(https:\/\/dbgroup.nl\/wp-content\/uploads\/2025\/07\/Ellipse-3.png);background-position: bottom left;background-repeat: no-repeat;background-size: auto;\"><\/div><div class=\"l-section-h i-cf\"><div class=\"g-cols vc_row via_grid cols_2 laptops-cols_inherit tablets-cols_1 mobiles-cols_1 valign_middle type_default reversed stacking_default\" style=\"--columns-gap:60px;--laptops-columns-gap:60px;--tablets-columns-gap:50px;--mobiles-columns-gap:50px;\"><div class=\"wpb_column vc_column_container us_custom_7e20fa79 us_animate_this\"><div class=\"vc_column-inner\"><h3 class=\"w-text us_custom_1fed16d9\"><span class=\"w-text-h\"><span class=\"w-text-value\">Profesioni\u0219ti tehnici \u00een domeniul naval \u0219i al construc\u021biilor navale<\/span><\/span><\/h3><div class=\"w-separator size_custom\" style=\"height:20px\"><\/div><div class=\"wpb_text_column us_custom_a38e0465 has_text_color\"><div class=\"wpb_wrapper\"><p><span>Industria naval\u0103 \u0219i a construc\u021biilor navale impune cerin\u021be ridicate privind m\u0103iestria, siguran\u021ba \u0219i fiabilitatea. DB Group furnizeaz\u0103 profesioni\u0219ti tehnici experimenta\u021bi care sunt implica\u021bi zilnic \u00een proiecte complexe de construc\u021bii noi, \u00eentre\u021binere \u0219i renovare \u00een sectorul maritim. De la corpul navei \u0219i lucr\u0103ri de construc\u021bie la conducte \u0219i sisteme hidraulice: furniz\u0103m oamenii potrivi\u021bi la momentul potrivit.<\/span><\/p>\n<p><span>Speciali\u0219tii no\u0219tri sunt obi\u0219nui\u021bi s\u0103 lucreze \u00een medii \u00een care planificarea, calitatea \u0219i siguran\u021ba sunt cruciale. Experien\u021ba lor \u00eentr-o gam\u0103 larg\u0103 de proiecte din domeniul naval \u0219i al construc\u021biilor navale le permite s\u0103 se integreze rapid \u00een echipele \u0219i proiectele existente, f\u0103r\u0103 a compromite calitatea sau productivitatea.<\/span><\/p>\n<\/div><\/div><\/div><\/div><div class=\"wpb_column vc_column_container us_custom_47474b22 us_animate_this stretched\"><div class=\"vc_column-inner\"><div class=\"w-image us_custom_2195e473 align_none\"><div class=\"w-image-h\"><img decoding=\"async\" width=\"1000\" height=\"667\" src=\"https:\/\/dbgroup.nl\/wp-content\/uploads\/2026\/01\/1.jpg\" class=\"attachment-full size-full\" alt=\"\" loading=\"lazy\" srcset=\"https:\/\/dbgroup.nl\/wp-content\/uploads\/2026\/01\/1.jpg 1000w, https:\/\/dbgroup.nl\/wp-content\/uploads\/2026\/01\/1-300x200.jpg 300w\" sizes=\"auto, (max-width: 1000px) 100vw, 1000px\" \/><\/div><\/div><\/div><\/div><\/div><\/div><\/section><section class=\"l-section wpb_row height_medium\"><div class=\"l-section-h i-cf\"><div class=\"g-cols vc_row via_grid cols_1 laptops-cols_inherit tablets-cols_inherit mobiles-cols_1 valign_top type_default stacking_default\"><div class=\"wpb_column vc_column_container\"><div class=\"vc_column-inner\"><div class=\"wpb_text_column\"><div class=\"wpb_wrapper\"><h2><span lang=\"NL\">Discipline<\/span><\/h2>\n<p><span>\u00cen beneficiul sectorului naval \u0219i al construc\u021biei de nave, DB Group este specializat \u00een urm\u0103toarele discipline:<\/span><\/p>\n\n<table id=\"tablepress-5\" class=\"tablepress tablepress-id-5\">\n<thead>\n<tr class=\"row-1\">\n\t<th class=\"column-1\">Sudori<\/th><th class=\"column-2\">Montatori<\/th><th class=\"column-3\">Ingineri<\/th>\n<\/tr>\n<\/thead>\n<tbody class=\"row-striping row-hover\">\n<tr class=\"row-2\">\n\t<td class=\"column-1\">Sudor TIG<\/td><td class=\"column-2\">1st Fitters Construc\u021bia de nave<\/td><td class=\"column-3\">Fierari<\/td>\n<\/tr>\n<tr class=\"row-3\">\n\t<td class=\"column-1\">Sudor cu electrod<\/td><td class=\"column-2\">Al 2-lea instalator Construc\u021bii navale<\/td><td class=\"column-3\">Constructor Casco<\/td>\n<\/tr>\n<tr class=\"row-4\">\n\t<td class=\"column-1\">Sudor MIG\/MAG<\/td><td class=\"column-2\">Torsionarea \u0219i tensionarea fitterului<\/td><td class=\"column-3\">Mecanic construc\u021bii<\/td>\n<\/tr>\n<tr class=\"row-5\">\n\t<td class=\"column-1\">Sudor combinat (TIG-Electro)<\/td><td class=\"column-2\">Fitters Diametre mari<\/td><td class=\"column-3\">Inginer conducte<\/td>\n<\/tr>\n<tr class=\"row-6\">\n\t<td class=\"column-1\">Sudor combinat (TIG\/MIG\/MAG)<\/td><td class=\"column-2\"><\/td><td class=\"column-3\">Tehnician hidraulic<\/td>\n<\/tr>\n<\/tbody>\n<\/table>\n<!-- #tablepress-5 from cache -->\n<\/div><\/div><\/div><\/div><\/div><\/div><\/section><section class=\"l-section wpb_row us_custom_7b5306bb height_auto with_img\"><div class=\"l-section-img\" role=\"img\" aria-label=\"Imagineaz\u0103-\u021bi\" data-img-width=\"299\" data-img-height=\"299\" style=\"background-image: url(https:\/\/dbgroup.nl\/wp-content\/uploads\/2025\/07\/circle.png);background-repeat: no-repeat;background-size: auto;\"><\/div><div class=\"l-section-h i-cf\"><div class=\"g-cols vc_row via_grid cols_2 laptops-cols_inherit tablets-cols_1 mobiles-cols_1 valign_middle type_default reversed stacking_default\" style=\"--columns-gap:60px;--laptops-columns-gap:60px;--tablets-columns-gap:50px;--mobiles-columns-gap:50px;\"><div class=\"wpb_column vc_column_container us_custom_7e20fa79 us_animate_this\"><div class=\"vc_column-inner\"><div class=\"w-image align_none\"><div class=\"w-image-h\"><img decoding=\"async\" width=\"800\" height=\"448\" src=\"https:\/\/dbgroup.nl\/wp-content\/uploads\/2025\/08\/img5.png\" class=\"attachment-full size-full\" alt=\"\" loading=\"lazy\" srcset=\"https:\/\/dbgroup.nl\/wp-content\/uploads\/2025\/08\/img5.png 800w, https:\/\/dbgroup.nl\/wp-content\/uploads\/2025\/08\/img5-300x168.png 300w\" sizes=\"auto, (max-width: 800px) 100vw, 800px\" \/><\/div><\/div><\/div><\/div><div class=\"wpb_column vc_column_container us_custom_47474b22 us_animate_this\"><div class=\"vc_column-inner\"><div class=\"w-separator size_custom\" style=\"height:30px\"><\/div><div class=\"wpb_text_column us_custom_a38e0465 has_text_color\"><div class=\"wpb_wrapper\"><p><span>Sudorii no\u0219tri sunt familiariza\u021bi cu diferite grupe de materiale din o\u021bel p\u00e2n\u0103 la FE 690, o\u021bel inoxidabil 316, duplex \u0219i o\u021beluri pentru cazane. \u00cen mod implicit, sudorii 6G sunt adesea solicita\u021bi de clien\u021bii no\u0219tri din industria naval\u0103 \u0219i a construc\u021biilor navale. Bine\u00een\u021beles, oamenii no\u0219tri sunt familiariza\u021bi cu diverse certific\u0103ri, cum ar fi Flange Fitter, VCA, WFPr, WFPr-TT etc.<\/span><\/p>\n<\/div><\/div><\/div><\/div><\/div><\/div><\/section><section class=\"l-section wpb_row height_medium color_alternate\"><div class=\"l-section-h i-cf\"><div class=\"g-cols vc_row via_grid cols_1 laptops-cols_inherit tablets-cols_inherit mobiles-cols_1 valign_top type_default stacking_default\"><div class=\"wpb_column vc_column_container\"><div class=\"vc_column-inner\"><div class=\"wpb_text_column\"><div class=\"wpb_wrapper\"><h2><span lang=\"NL\">Manageri\/personal<\/span><\/h2>\n<p><em><span>Pentru gestionarea profesioni\u0219tilor no\u0219tri, punem la dispozi\u021bie managerii\/personalul de mai jos:<\/span><\/em><\/p>\n\n<table id=\"tablepress-7\" class=\"tablepress tablepress-id-7\">\n<thead>\n<tr class=\"row-1\">\n\t<th class=\"column-1\">\u0218efi de echip\u0103<\/th><th class=\"column-2\">Interpre\u021bi<\/th><th class=\"column-3\">Supraveghetori<\/th>\n<\/tr>\n<\/thead>\n<tbody class=\"row-striping row-hover\">\n<tr class=\"row-2\">\n\t<td class=\"column-1\">Foreman mecanic<\/td><td class=\"column-2\">Supervizor mecanic<\/td><td class=\"column-3\">Supervizor mecanic<\/td>\n<\/tr>\n<tr class=\"row-3\">\n\t<td class=\"column-1\">Maistru conducte<\/td><td class=\"column-2\">Manager de construc\u021bii<\/td><td class=\"column-3\">Supervizor construc\u021bii<\/td>\n<\/tr>\n<tr class=\"row-4\">\n\t<td class=\"column-1\">Maistru \u00een construc\u021bii<\/td><td class=\"column-2\">Manager de \u00eentre\u021binere<\/td><td class=\"column-3\">Supervizor \u00eentre\u021binere<\/td>\n<\/tr>\n<tr class=\"row-5\">\n\t<td class=\"column-1\">Maistru de \u00eentre\u021binere<\/td><td class=\"column-2\">Executiv civil<\/td><td class=\"column-3\">Supervizor civil<\/td>\n<\/tr>\n<tr class=\"row-6\">\n\t<td class=\"column-1\">Maistru \u00eentre\u021binere<\/td><td class=\"column-2\">Superintendent TurnAround<\/td><td class=\"column-3\">\u00centoarcerea supraveghetorului<\/td>\n<\/tr>\n<\/tbody>\n<\/table>\n<!-- #tablepress-7 from cache -->\n<\/div><\/div><\/div><\/div><\/div><\/div><\/section><section class=\"l-section wpb_row height_medium\"><div class=\"l-section-h i-cf\"><div class=\"g-cols vc_row via_grid cols_1 laptops-cols_inherit tablets-cols_inherit mobiles-cols_1 valign_top type_default stacking_default\"><div class=\"wpb_column vc_column_container\"><div class=\"vc_column-inner\"><div class=\"wpb_text_column\"><div class=\"wpb_wrapper\"><h2><span lang=\"NL\">Speciali\u0219ti\/profesioni\u0219ti \u00een domeniul marin \u0219i al construc\u021biilor navale<\/span><\/h2>\n<p><span>\u00cen plus, ne sprijinim clien\u021bii cu speciali\u0219tii\/profesioni\u0219tii din domeniul marin \u0219i al construc\u021biilor navale enumera\u021bi mai jos:<\/span><\/p>\n\n<table id=\"tablepress-8\" class=\"tablepress tablepress-id-8\">\n<thead>\n<tr class=\"row-1\">\n\t<th class=\"column-1\">QA\/QC<\/th><th class=\"column-2\">Preg\u0103tirea muncii<\/th><th class=\"column-3\">Personalul de proiect<\/th>\n<\/tr>\n<\/thead>\n<tbody class=\"row-striping row-hover\">\n<tr class=\"row-2\">\n\t<td class=\"column-1\">QA\/QC - Practica sud\u0103rii<\/td><td class=\"column-2\">Preg\u0103tirea lucr\u0103rilor de conducte<\/td><td class=\"column-3\">Manager de proiect<\/td>\n<\/tr>\n<tr class=\"row-3\">\n\t<td class=\"column-1\">QA\/QC - Inspec\u021bie vizual\u0103<\/td><td class=\"column-2\">Preg\u0103tirea lucr\u0103rilor Mecanic\u0103<\/td><td class=\"column-3\">Ingineri de proiect (WTB \/ E&amp;I)<\/td>\n<\/tr>\n<tr class=\"row-4\">\n\t<td class=\"column-1\">QA\/QC - MLT<\/td><td class=\"column-2\">Preg\u0103tirea muncii E\/I<\/td><td class=\"column-3\">Controlul documentelor<\/td>\n<\/tr>\n<tr class=\"row-5\">\n\t<td class=\"column-1\">QA\/QC - LPI<\/td><td class=\"column-2\">WVB \u00centre\u021binere<\/td><td class=\"column-3\">Secretari de proiect<\/td>\n<\/tr>\n<\/tbody>\n<\/table>\n<!-- #tablepress-8 from cache -->\n<\/div><\/div><\/div><\/div><\/div><\/div><\/section><section class=\"l-section wpb_row us_custom_7b5306bb height_auto with_img\"><div class=\"l-section-img\" role=\"img\" aria-label=\"Imagineaz\u0103-\u021bi\" data-img-width=\"299\" data-img-height=\"299\" style=\"background-image: url(https:\/\/dbgroup.nl\/wp-content\/uploads\/2025\/07\/circle.png);background-repeat: no-repeat;background-size: auto;\"><\/div><div class=\"l-section-h i-cf\"><div class=\"g-cols vc_row via_grid cols_2 laptops-cols_inherit tablets-cols_1 mobiles-cols_1 valign_middle type_default reversed stacking_default\" style=\"--columns-gap:60px;--laptops-columns-gap:60px;--tablets-columns-gap:50px;--mobiles-columns-gap:50px;\"><div class=\"wpb_column vc_column_container us_custom_7e20fa79 us_animate_this\"><div class=\"vc_column-inner\"><div class=\"w-image align_none\"><div class=\"w-image-h\"><img decoding=\"async\" width=\"1000\" height=\"560\" src=\"https:\/\/dbgroup.nl\/wp-content\/uploads\/2026\/01\/2.jpg\" class=\"attachment-full size-full\" alt=\"\" loading=\"lazy\" srcset=\"https:\/\/dbgroup.nl\/wp-content\/uploads\/2026\/01\/2.jpg 1000w, https:\/\/dbgroup.nl\/wp-content\/uploads\/2026\/01\/2-300x168.jpg 300w\" sizes=\"auto, (max-width: 1000px) 100vw, 1000px\" \/><\/div><\/div><\/div><\/div><div class=\"wpb_column vc_column_container us_custom_47474b22 us_animate_this\"><div class=\"vc_column-inner\"><h3 class=\"w-text us_custom_1fed16d9\"><span class=\"w-text-h\"><span class=\"w-text-value\">Clien\u021bi<\/span><\/span><\/h3><div class=\"w-separator size_custom\" style=\"height:30px\"><\/div><div class=\"wpb_text_column us_custom_a38e0465 has_text_color\"><div class=\"wpb_wrapper\"><p><span>Printre clien\u021bii no\u0219tri din domeniul naval \u0219i al construc\u021biilor navale se num\u0103r\u0103:\u00a0<\/span><span>Damen, Heerema, Allseas, Huisman, AMS, Multimetal, SEW, SMST, Iemants<\/span><\/p>\n<\/div><\/div><\/div><\/div><\/div><\/div><\/section>","protected":false},"excerpt":{"rendered":"Technische vakmensen Technische vakmensen marine- en scheepsbouwTechnische vakmensen marine- en scheepsbouwDe marine- en scheepsbouw stelt hoge eisen aan vakmanschap, veiligheid en betrouwbaarheid. DB Group levert ervaren technische vakmensen die dagelijks worden ingezet op complexe nieuwbouw-, onderhouds- en renovatieprojecten binnen de maritieme sector. Van casco- en constructiewerk tot leidingwerk, piping en hydrauliek: wij zorgen voor de...","protected":false},"author":1,"featured_media":0,"parent":0,"menu_order":0,"comment_status":"closed","ping_status":"closed","template":"","meta":{"_acf_changed":false,"footnotes":""},"class_list":["post-456","page","type-page","status-publish","hentry"],"acf":[],"yoast_head":"<!-- This site is optimized with the Yoast SEO plugin v26.9 - https:\/\/yoast.com\/product\/yoast-seo-wordpress\/ -->\n<title>Technische vakmensen marine- en scheepsbouw - DB Group<\/title>\n<meta name=\"robots\" content=\"index, follow, max-snippet:-1, max-image-preview:large, max-video-preview:-1\" \/>\n<link rel=\"canonical\" href=\"https:\/\/dbgroup.nl\/ro\/profesionisti-din-domeniul-tehnicii-marine-si-al-constructiilor-navale\/\" \/>\n<meta property=\"og:locale\" content=\"ro_RO\" \/>\n<meta property=\"og:type\" content=\"article\" \/>\n<meta property=\"og:title\" content=\"Technische vakmensen marine- en scheepsbouw - DB Group\" \/>\n<meta property=\"og:url\" content=\"https:\/\/dbgroup.nl\/ro\/profesionisti-din-domeniul-tehnicii-marine-si-al-constructiilor-navale\/\" \/>\n<meta property=\"og:site_name\" content=\"DB Group\" \/>\n<meta property=\"article:modified_time\" content=\"2026-01-23T17:16:40+00:00\" \/>\n<meta name=\"twitter:card\" content=\"summary_large_image\" \/>\n<meta name=\"twitter:label1\" content=\"Timp estimat pentru citire\" \/>\n\t<meta name=\"twitter:data1\" content=\"6 minute\" \/>\n<script type=\"application\/ld+json\" class=\"yoast-schema-graph\">{\"@context\":\"https:\/\/schema.org\",\"@graph\":[{\"@type\":\"WebPage\",\"@id\":\"https:\/\/dbgroup.nl\/technische-vakmensen-marine-en-scheepsbouw\/\",\"url\":\"https:\/\/dbgroup.nl\/technische-vakmensen-marine-en-scheepsbouw\/\",\"name\":\"Technische vakmensen marine- en scheepsbouw - DB Group\",\"isPartOf\":{\"@id\":\"https:\/\/dbgroup.nl\/#website\"},\"datePublished\":\"2026-01-21T16:55:44+00:00\",\"dateModified\":\"2026-01-23T17:16:40+00:00\",\"breadcrumb\":{\"@id\":\"https:\/\/dbgroup.nl\/technische-vakmensen-marine-en-scheepsbouw\/#breadcrumb\"},\"inLanguage\":\"ro-RO\",\"potentialAction\":[{\"@type\":\"ReadAction\",\"target\":[\"https:\/\/dbgroup.nl\/technische-vakmensen-marine-en-scheepsbouw\/\"]}]},{\"@type\":\"BreadcrumbList\",\"@id\":\"https:\/\/dbgroup.nl\/technische-vakmensen-marine-en-scheepsbouw\/#breadcrumb\",\"itemListElement\":[{\"@type\":\"ListItem\",\"position\":1,\"name\":\"Home\",\"item\":\"https:\/\/dbgroup.nl\/\"},{\"@type\":\"ListItem\",\"position\":2,\"name\":\"Technische vakmensen marine- en scheepsbouw\"}]},{\"@type\":\"WebSite\",\"@id\":\"https:\/\/dbgroup.nl\/#website\",\"url\":\"https:\/\/dbgroup.nl\/\",\"name\":\"DB Group\",\"description\":\"\",\"publisher\":{\"@id\":\"https:\/\/dbgroup.nl\/#organization\"},\"potentialAction\":[{\"@type\":\"SearchAction\",\"target\":{\"@type\":\"EntryPoint\",\"urlTemplate\":\"https:\/\/dbgroup.nl\/?s={search_term_string}\"},\"query-input\":{\"@type\":\"PropertyValueSpecification\",\"valueRequired\":true,\"valueName\":\"search_term_string\"}}],\"inLanguage\":\"ro-RO\"},{\"@type\":\"Organization\",\"@id\":\"https:\/\/dbgroup.nl\/#organization\",\"name\":\"DB Group\",\"url\":\"https:\/\/dbgroup.nl\/\",\"logo\":{\"@type\":\"ImageObject\",\"inLanguage\":\"ro-RO\",\"@id\":\"https:\/\/dbgroup.nl\/#\/schema\/logo\/image\/\",\"url\":\"https:\/\/dbgroup.nl\/wp-content\/uploads\/2026\/01\/Icon.png\",\"contentUrl\":\"https:\/\/dbgroup.nl\/wp-content\/uploads\/2026\/01\/Icon.png\",\"width\":512,\"height\":512,\"caption\":\"DB Group\"},\"image\":{\"@id\":\"https:\/\/dbgroup.nl\/#\/schema\/logo\/image\/\"}}]}<\/script>\n<!-- \/ Yoast SEO plugin. -->","yoast_head_json":{"title":"Profesioni\u0219ti tehnici \u00een domeniul naval \u0219i al construc\u021biilor navale - DB Group","robots":{"index":"index","follow":"follow","max-snippet":"max-snippet:-1","max-image-preview":"max-image-preview:large","max-video-preview":"max-video-preview:-1"},"canonical":"https:\/\/dbgroup.nl\/ro\/profesionisti-din-domeniul-tehnicii-marine-si-al-constructiilor-navale\/","og_locale":"ro_RO","og_type":"article","og_title":"Technische vakmensen marine- en scheepsbouw - DB Group","og_url":"https:\/\/dbgroup.nl\/ro\/profesionisti-din-domeniul-tehnicii-marine-si-al-constructiilor-navale\/","og_site_name":"DB Group","article_modified_time":"2026-01-23T17:16:40+00:00","twitter_card":"summary_large_image","twitter_misc":{"Timp estimat pentru citire":"6 minute"},"schema":{"@context":"https:\/\/schema.org","@graph":[{"@type":"WebPage","@id":"https:\/\/dbgroup.nl\/technische-vakmensen-marine-en-scheepsbouw\/","url":"https:\/\/dbgroup.nl\/technische-vakmensen-marine-en-scheepsbouw\/","name":"Profesioni\u0219ti tehnici \u00een domeniul naval \u0219i al construc\u021biilor navale - DB Group","isPartOf":{"@id":"https:\/\/dbgroup.nl\/#website"},"datePublished":"2026-01-21T16:55:44+00:00","dateModified":"2026-01-23T17:16:40+00:00","breadcrumb":{"@id":"https:\/\/dbgroup.nl\/technische-vakmensen-marine-en-scheepsbouw\/#breadcrumb"},"inLanguage":"ro-RO","potentialAction":[{"@type":"ReadAction","target":["https:\/\/dbgroup.nl\/technische-vakmensen-marine-en-scheepsbouw\/"]}]},{"@type":"BreadcrumbList","@id":"https:\/\/dbgroup.nl\/technische-vakmensen-marine-en-scheepsbouw\/#breadcrumb","itemListElement":[{"@type":"ListItem","position":1,"name":"Home","item":"https:\/\/dbgroup.nl\/"},{"@type":"ListItem","position":2,"name":"Technische vakmensen marine- en scheepsbouw"}]},{"@type":"WebSite","@id":"https:\/\/dbgroup.nl\/#website","url":"https:\/\/dbgroup.nl\/","name":"Grupul DB","description":"","publisher":{"@id":"https:\/\/dbgroup.nl\/#organization"},"potentialAction":[{"@type":"SearchAction","target":{"@type":"EntryPoint","urlTemplate":"https:\/\/dbgroup.nl\/?s={search_term_string}"},"query-input":{"@type":"PropertyValueSpecification","valueRequired":true,"valueName":"search_term_string"}}],"inLanguage":"ro-RO"},{"@type":"Organization","@id":"https:\/\/dbgroup.nl\/#organization","name":"Grupul DB","url":"https:\/\/dbgroup.nl\/","logo":{"@type":"ImageObject","inLanguage":"ro-RO","@id":"https:\/\/dbgroup.nl\/#\/schema\/logo\/image\/","url":"https:\/\/dbgroup.nl\/wp-content\/uploads\/2026\/01\/Icon.png","contentUrl":"https:\/\/dbgroup.nl\/wp-content\/uploads\/2026\/01\/Icon.png","width":512,"height":512,"caption":"DB Group"},"image":{"@id":"https:\/\/dbgroup.nl\/#\/schema\/logo\/image\/"}}]}},"_links":{"self":[{"href":"https:\/\/dbgroup.nl\/ro\/wp-json\/wp\/v2\/pages\/456","targetHints":{"allow":["GET"]}}],"collection":[{"href":"https:\/\/dbgroup.nl\/ro\/wp-json\/wp\/v2\/pages"}],"about":[{"href":"https:\/\/dbgroup.nl\/ro\/wp-json\/wp\/v2\/types\/page"}],"author":[{"embeddable":true,"href":"https:\/\/dbgroup.nl\/ro\/wp-json\/wp\/v2\/users\/1"}],"replies":[{"embeddable":true,"href":"https:\/\/dbgroup.nl\/ro\/wp-json\/wp\/v2\/comments?post=456"}],"version-history":[{"count":13,"href":"https:\/\/dbgroup.nl\/ro\/wp-json\/wp\/v2\/pages\/456\/revisions"}],"predecessor-version":[{"id":749,"href":"https:\/\/dbgroup.nl\/ro\/wp-json\/wp\/v2\/pages\/456\/revisions\/749"}],"wp:attachment":[{"href":"https:\/\/dbgroup.nl\/ro\/wp-json\/wp\/v2\/media?parent=456"}],"curies":[{"name":"wp","href":"https:\/\/api.w.org\/{rel}","templated":true}]}}