{"id":499,"date":"2026-01-21T18:00:48","date_gmt":"2026-01-21T18:00:48","guid":{"rendered":"https:\/\/dbgroup.nl\/?page_id=499"},"modified":"2026-01-23T17:13:53","modified_gmt":"2026-01-23T17:13:53","slug":"profesionisti-tehnici-petrochimie","status":"publish","type":"page","link":"https:\/\/dbgroup.nl\/ro\/technische-vakmensen-petrochemie\/","title":{"rendered":"Profesioni\u0219ti tehnici petrochimie"},"content":{"rendered":"<section class=\"l-section wpb_row us_custom_3e14535b us_animate_this height_huge color_secondary\"><div class=\"l-section-h i-cf\"><div class=\"g-cols vc_row via_grid cols_1 laptops-cols_inherit tablets-cols_1 mobiles-cols_1 valign_top type_default reversed stacking_default\" style=\"--columns-gap:0rem;\"><div class=\"wpb_column vc_column_container us_custom_e5713a0c\"><div class=\"vc_column-inner\"><div class=\"w-text us_custom_03bbc369 has_text_color\" id=\"dancing-title\"><span class=\"w-text-h\"><span class=\"w-text-value\">Profesioni\u0219ti tehnici <\/span><\/span><\/div><h2 class=\"w-text us_custom_73690761 has_text_color\"><span class=\"w-text-h\"><span class=\"w-text-value\">Profesioni\u0219ti tehnici petrochimie <\/span><\/span><\/h2><\/div><\/div><\/div><\/div><\/section><section class=\"l-section wpb_row us_custom_7b5306bb height_auto with_img\"><div class=\"l-section-img\" role=\"img\" aria-label=\"Imagineaz\u0103-\u021bi\" data-img-width=\"172\" data-img-height=\"580\" style=\"background-image: url(https:\/\/dbgroup.nl\/wp-content\/uploads\/2025\/07\/Ellipse-3.png);background-position: bottom left;background-repeat: no-repeat;background-size: auto;\"><\/div><div class=\"l-section-h i-cf\"><div class=\"g-cols vc_row via_grid cols_2 laptops-cols_inherit tablets-cols_1 mobiles-cols_1 valign_middle type_default reversed stacking_default\" style=\"--columns-gap:60px;--laptops-columns-gap:60px;--tablets-columns-gap:50px;--mobiles-columns-gap:50px;\"><div class=\"wpb_column vc_column_container us_custom_7e20fa79 us_animate_this\"><div class=\"vc_column-inner\"><h3 class=\"w-text us_custom_1fed16d9\"><span class=\"w-text-h\"><span class=\"w-text-value\">Profesioni\u0219ti tehnici petrochimie<\/span><\/span><\/h3><div class=\"w-separator size_custom\" style=\"height:20px\"><\/div><div class=\"wpb_text_column us_custom_a38e0465 has_text_color\"><div class=\"wpb_wrapper\"><p><span>Industria petrochimic\u0103 impune cerin\u021be extrem de ridicate privind siguran\u021ba, calitatea \u0219i manopera. DB Group pune la dispozi\u021bie profesioni\u0219ti tehnici cu experien\u021b\u0103 care sunt implica\u021bi zilnic \u00een proiecte complexe, opriri pentru \u00eentre\u021binere \u0219i revizii \u00een cadrul rafin\u0103riilor, uzinelor chimice \u0219i instala\u021biilor industriale. De la construc\u021bii noi \u0219i modific\u0103ri la \u00eentre\u021binere \u0219i revizii, oferim oamenii potrivi\u021bi la momentul potrivit.<\/span><\/p>\n<p><span>Speciali\u0219tii no\u0219tri sunt obi\u0219nui\u021bi s\u0103 lucreze \u00een medii \u00een care siguran\u021ba, procedurile \u0219i planificarea sunt esen\u021biale \u0219i \u00een care nu exist\u0103 loc pentru erori sau \u00eent\u00e2rzieri.<\/span><\/p>\n<\/div><\/div><\/div><\/div><div class=\"wpb_column vc_column_container us_custom_47474b22 us_animate_this stretched\"><div class=\"vc_column-inner\"><div class=\"w-image us_custom_2195e473 align_none\"><div class=\"w-image-h\"><img decoding=\"async\" width=\"1000\" height=\"723\" src=\"https:\/\/dbgroup.nl\/wp-content\/uploads\/2026\/01\/1-2.jpg\" class=\"attachment-full size-full\" alt=\"\" loading=\"lazy\" srcset=\"https:\/\/dbgroup.nl\/wp-content\/uploads\/2026\/01\/1-2.jpg 1000w, https:\/\/dbgroup.nl\/wp-content\/uploads\/2026\/01\/1-2-300x217.jpg 300w\" sizes=\"auto, (max-width: 1000px) 100vw, 1000px\" \/><\/div><\/div><\/div><\/div><\/div><\/div><\/section><section class=\"l-section wpb_row height_medium\"><div class=\"l-section-h i-cf\"><div class=\"g-cols vc_row via_grid cols_1 laptops-cols_inherit tablets-cols_inherit mobiles-cols_1 valign_top type_default stacking_default\"><div class=\"wpb_column vc_column_container\"><div class=\"vc_column-inner\"><div class=\"wpb_text_column\"><div class=\"wpb_wrapper\"><h2><span lang=\"NL\">Discipline<\/span><\/h2>\n<p><span>\u00cen beneficiul sectorului naval \u0219i al construc\u021biei de nave, DB Group este specializat \u00een urm\u0103toarele discipline:<\/span><\/p>\n\n<table id=\"tablepress-13\" class=\"tablepress tablepress-id-13\">\n<thead>\n<tr class=\"row-1\">\n\t<th class=\"column-1\">Sudori<\/th><th class=\"column-2\">Montatori<\/th><th class=\"column-3\">Ingineri<\/th>\n<\/tr>\n<\/thead>\n<tbody class=\"row-striping row-hover\">\n<tr class=\"row-2\">\n\t<td class=\"column-1\">Sudor cu electrod<\/td><td class=\"column-2\">1st Fitters<\/td><td class=\"column-3\">Montator de flan\u0219e<\/td>\n<\/tr>\n<tr class=\"row-3\">\n\t<td class=\"column-1\">Sudor MIG\/MAG<\/td><td class=\"column-2\">Montatori 2<\/td><td class=\"column-3\">Mecanic construc\u021bii<\/td>\n<\/tr>\n<tr class=\"row-4\">\n\t<td class=\"column-1\">Sudor combinat (TIG-Electro)<\/td><td class=\"column-2\">Fitters Diametre mari<\/td><td class=\"column-3\">Mecanic TurnAround<\/td>\n<\/tr>\n<tr class=\"row-5\">\n\t<td class=\"column-1\">Sudor combinat (TIG\/MIG\/MAG)<\/td><td class=\"column-2\">Torsionarea \u0219i tensionarea fitterului<\/td><td class=\"column-3\">Mecanic \u00eentre\u021binere<\/td>\n<\/tr>\n<tr class=\"row-6\">\n\t<td class=\"column-1\">Sudor OP<\/td><td class=\"column-2\">Fitter cu pere\u021bi gro\u0219i<\/td><td class=\"column-3\">Serviciu mecanic rotativ<\/td>\n<\/tr>\n<tr class=\"row-7\">\n\t<td class=\"column-1\">Flotan\u021bi<\/td><td class=\"column-2\">Fitter Cu pere\u021bi sub\u021biri<\/td><td class=\"column-3\">Bundlere<\/td>\n<\/tr>\n<\/tbody>\n<\/table>\n<!-- #tablepress-13 from cache -->\n<\/div><\/div><\/div><\/div><\/div><\/div><\/section><section class=\"l-section wpb_row us_custom_7b5306bb height_auto with_img\"><div class=\"l-section-img\" role=\"img\" aria-label=\"Imagineaz\u0103-\u021bi\" data-img-width=\"299\" data-img-height=\"299\" style=\"background-image: url(https:\/\/dbgroup.nl\/wp-content\/uploads\/2025\/07\/circle.png);background-repeat: no-repeat;background-size: auto;\"><\/div><div class=\"l-section-h i-cf\"><div class=\"g-cols vc_row via_grid cols_2 laptops-cols_inherit tablets-cols_1 mobiles-cols_1 valign_middle type_default reversed stacking_default\" style=\"--columns-gap:60px;--laptops-columns-gap:60px;--tablets-columns-gap:50px;--mobiles-columns-gap:50px;\"><div class=\"wpb_column vc_column_container us_custom_7e20fa79 us_animate_this\"><div class=\"vc_column-inner\"><div class=\"w-image align_none\"><div class=\"w-image-h\"><img decoding=\"async\" width=\"1000\" height=\"667\" src=\"https:\/\/dbgroup.nl\/wp-content\/uploads\/2026\/01\/4-1.jpg\" class=\"attachment-full size-full\" alt=\"\" loading=\"lazy\" srcset=\"https:\/\/dbgroup.nl\/wp-content\/uploads\/2026\/01\/4-1.jpg 1000w, https:\/\/dbgroup.nl\/wp-content\/uploads\/2026\/01\/4-1-300x200.jpg 300w\" sizes=\"auto, (max-width: 1000px) 100vw, 1000px\" \/><\/div><\/div><\/div><\/div><div class=\"wpb_column vc_column_container us_custom_47474b22 us_animate_this\"><div class=\"vc_column-inner\"><div class=\"w-separator size_custom\" style=\"height:30px\"><\/div><div class=\"wpb_text_column us_custom_a38e0465 has_text_color\"><div class=\"wpb_wrapper\"><p><span>Sudorii no\u0219tri sunt familiariza\u021bi cu diverse grupe de materiale din o\u021bel p\u00e2n\u0103 la FE 690, o\u021bel inoxidabil 316, duplex \u0219i o\u021beluri pentru cazane. Sudorii 6G sunt adesea solicita\u021bi de clien\u021bii no\u0219tri din industria petrochimic\u0103. Bine\u00een\u021beles, oamenii no\u0219tri sunt familiariza\u021bi cu diferitele certific\u0103ri, cum ar fi Flange Fitter, VCA, WFPr, WFPr-TT etc. \u0218tim din experien\u021b\u0103 c\u0103 experien\u021ba specific\u0103 cu diametre mari este adesea solicitat\u0103 aici.<\/span><\/p>\n<\/div><\/div><\/div><\/div><\/div><\/div><\/section><section class=\"l-section wpb_row height_medium color_alternate\"><div class=\"l-section-h i-cf\"><div class=\"g-cols vc_row via_grid cols_1 laptops-cols_inherit tablets-cols_inherit mobiles-cols_1 valign_top type_default stacking_default\"><div class=\"wpb_column vc_column_container\"><div class=\"vc_column-inner\"><div class=\"wpb_text_column\"><div class=\"wpb_wrapper\"><h2><span lang=\"NL\">Manageri\/personal<\/span><\/h2>\n<p><span>Pentru gestionarea profesioni\u0219tilor no\u0219tri, punem la dispozi\u021bie managerii\/personalul de mai jos:<\/span><\/p>\n\n<table id=\"tablepress-14\" class=\"tablepress tablepress-id-14\">\n<thead>\n<tr class=\"row-1\">\n\t<th class=\"column-1\">\u0218efi de echip\u0103<\/th><th class=\"column-2\">Interpre\u021bi<\/th><th class=\"column-3\">Supraveghetori<\/th>\n<\/tr>\n<\/thead>\n<tbody class=\"row-striping row-hover\">\n<tr class=\"row-2\">\n\t<td class=\"column-1\">Foreman mecanic<\/td><td class=\"column-2\">Supervizor mecanic<\/td><td class=\"column-3\">Supervizor mecanic<\/td>\n<\/tr>\n<tr class=\"row-3\">\n\t<td class=\"column-1\">Foreman Ciping<\/td><td class=\"column-2\">Manager de construc\u021bii<\/td><td class=\"column-3\">Supervizor construc\u021bii<\/td>\n<\/tr>\n<tr class=\"row-4\">\n\t<td class=\"column-1\">Maistru \u00een construc\u021bii<\/td><td class=\"column-2\">Manager de \u00eentre\u021binere<\/td><td class=\"column-3\">Supervizor \u00eentre\u021binere<\/td>\n<\/tr>\n<tr class=\"row-5\">\n\t<td class=\"column-1\">Maistru de \u00eentre\u021binere<\/td><td class=\"column-2\">Executiv civil<\/td><td class=\"column-3\">Supervizor civil<\/td>\n<\/tr>\n<tr class=\"row-6\">\n\t<td class=\"column-1\">Maistru \u00eentre\u021binere<\/td><td class=\"column-2\">Superintendent TurnAround<\/td><td class=\"column-3\">\u00centoarcerea supraveghetorului<\/td>\n<\/tr>\n<\/tbody>\n<\/table>\n<!-- #tablepress-14 from cache -->\n<\/div><\/div><\/div><\/div><\/div><\/div><\/section><section class=\"l-section wpb_row height_medium\"><div class=\"l-section-h i-cf\"><div class=\"g-cols vc_row via_grid cols_1 laptops-cols_inherit tablets-cols_inherit mobiles-cols_1 valign_top type_default stacking_default\"><div class=\"wpb_column vc_column_container\"><div class=\"vc_column-inner\"><div class=\"wpb_text_column\"><div class=\"wpb_wrapper\"><h2><span lang=\"NL\">Speciali\u0219ti \/ profesioni\u0219ti \u00een petrochimie<\/span><\/h2>\n<p><span>\u00cen plus, ne sprijinim clien\u021bii cu speciali\u0219tii\/profesioni\u0219tii din domeniul marin \u0219i al construc\u021biilor navale enumera\u021bi mai jos:<\/span><\/p>\n\n<table id=\"tablepress-15\" class=\"tablepress tablepress-id-15\">\n<thead>\n<tr class=\"row-1\">\n\t<th class=\"column-1\">QA\/QC<\/th><th class=\"column-2\">Preg\u0103tirea muncii<\/th><th class=\"column-3\">Personalul de proiect<\/th>\n<\/tr>\n<\/thead>\n<tbody class=\"row-striping row-hover\">\n<tr class=\"row-2\">\n\t<td class=\"column-1\">QA\/QC - Practica sud\u0103rii<\/td><td class=\"column-2\">Preg\u0103tirea lucr\u0103rilor de conducte<\/td><td class=\"column-3\">Manager de proiect<\/td>\n<\/tr>\n<tr class=\"row-3\">\n\t<td class=\"column-1\">QA\/QC - Inspec\u021bie vizual\u0103<\/td><td class=\"column-2\">Preg\u0103tirea lucr\u0103rilor Mecanic\u0103<\/td><td class=\"column-3\">Ingineri de proiect (WTB \/ E&amp;I)<\/td>\n<\/tr>\n<tr class=\"row-4\">\n\t<td class=\"column-1\">QA\/QC - MLT<\/td><td class=\"column-2\">Preg\u0103tirea muncii E\/I<\/td><td class=\"column-3\">Controlul documentelor<\/td>\n<\/tr>\n<tr class=\"row-5\">\n\t<td class=\"column-1\">QA\/QC - LPI<\/td><td class=\"column-2\">WVB \u00centre\u021binere<\/td><td class=\"column-3\">Secretari de proiect<\/td>\n<\/tr>\n<\/tbody>\n<\/table>\n<!-- #tablepress-15 from cache -->\n<\/div><\/div><\/div><\/div><\/div><\/div><\/section><section class=\"l-section wpb_row us_custom_7b5306bb height_auto with_img\"><div class=\"l-section-img\" role=\"img\" aria-label=\"Imagineaz\u0103-\u021bi\" data-img-width=\"299\" data-img-height=\"299\" style=\"background-image: url(https:\/\/dbgroup.nl\/wp-content\/uploads\/2025\/07\/circle.png);background-repeat: no-repeat;background-size: auto;\"><\/div><div class=\"l-section-h i-cf\"><div class=\"g-cols vc_row via_grid cols_2 laptops-cols_inherit tablets-cols_1 mobiles-cols_1 valign_middle type_default reversed stacking_default\" style=\"--columns-gap:60px;--laptops-columns-gap:60px;--tablets-columns-gap:50px;--mobiles-columns-gap:50px;\"><div class=\"wpb_column vc_column_container us_custom_7e20fa79 us_animate_this\"><div class=\"vc_column-inner\"><div class=\"w-image align_none\"><div class=\"w-image-h\"><img decoding=\"async\" width=\"1000\" height=\"667\" src=\"https:\/\/dbgroup.nl\/wp-content\/uploads\/2026\/01\/2-2.jpg\" class=\"attachment-full size-full\" alt=\"\" loading=\"lazy\" srcset=\"https:\/\/dbgroup.nl\/wp-content\/uploads\/2026\/01\/2-2.jpg 1000w, https:\/\/dbgroup.nl\/wp-content\/uploads\/2026\/01\/2-2-300x200.jpg 300w\" sizes=\"auto, (max-width: 1000px) 100vw, 1000px\" \/><\/div><\/div><\/div><\/div><div class=\"wpb_column vc_column_container us_custom_47474b22 us_animate_this\"><div class=\"vc_column-inner\"><h3 class=\"w-text us_custom_1fed16d9\"><span class=\"w-text-h\"><span class=\"w-text-value\">Clien\u021bi<\/span><\/span><\/h3><div class=\"w-separator size_custom\" style=\"height:30px\"><\/div><div class=\"wpb_text_column us_custom_a38e0465 has_text_color\"><div class=\"wpb_wrapper\"><p><span>Clien\u021bii no\u0219tri din industria petrochimic\u0103 includ:\u00a0<\/span><span>Shell, BP, Kuwait, Q8, NAM, Sabic, Cofely, Stork, Visser &amp; Smit Hanab, Spie.<\/span><\/p>\n<\/div><\/div><\/div><\/div><\/div><\/div><\/section>","protected":false},"excerpt":{"rendered":"Technische vakmensen Technische vakmensen petrochemie Technische vakmensen petrochemieDe petrochemische industrie stelt extreem hoge eisen aan veiligheid, kwaliteit en vakmanschap. DB Group levert ervaren technische vakmensen die dagelijks worden ingezet op complexe projecten, onderhoudsstops en turnarounds binnen raffinaderijen, chemische plants en industri\u00eble installaties. Van nieuwbouw en modificaties tot onderhoud en revisies: wij zorgen voor de juiste...","protected":false},"author":1,"featured_media":0,"parent":0,"menu_order":0,"comment_status":"closed","ping_status":"closed","template":"","meta":{"_acf_changed":false,"footnotes":""},"class_list":["post-499","page","type-page","status-publish","hentry"],"acf":[],"yoast_head":"<!-- This site is optimized with the Yoast SEO plugin v26.9 - https:\/\/yoast.com\/product\/yoast-seo-wordpress\/ -->\n<title>Technische vakmensen petrochemie - DB Group<\/title>\n<meta name=\"robots\" content=\"index, follow, max-snippet:-1, max-image-preview:large, max-video-preview:-1\" \/>\n<link rel=\"canonical\" href=\"https:\/\/dbgroup.nl\/ro\/profesionisti-tehnici-petrochimie\/\" \/>\n<meta property=\"og:locale\" content=\"ro_RO\" \/>\n<meta property=\"og:type\" content=\"article\" \/>\n<meta property=\"og:title\" content=\"Technische vakmensen petrochemie - DB Group\" \/>\n<meta property=\"og:url\" content=\"https:\/\/dbgroup.nl\/ro\/profesionisti-tehnici-petrochimie\/\" \/>\n<meta property=\"og:site_name\" content=\"DB Group\" \/>\n<meta property=\"article:modified_time\" content=\"2026-01-23T17:13:53+00:00\" \/>\n<meta name=\"twitter:card\" content=\"summary_large_image\" \/>\n<meta name=\"twitter:label1\" content=\"Timp estimat pentru citire\" \/>\n\t<meta name=\"twitter:data1\" content=\"6 minute\" \/>\n<script type=\"application\/ld+json\" class=\"yoast-schema-graph\">{\"@context\":\"https:\/\/schema.org\",\"@graph\":[{\"@type\":\"WebPage\",\"@id\":\"https:\/\/dbgroup.nl\/technische-vakmensen-petrochemie\/\",\"url\":\"https:\/\/dbgroup.nl\/technische-vakmensen-petrochemie\/\",\"name\":\"Technische vakmensen petrochemie - DB Group\",\"isPartOf\":{\"@id\":\"https:\/\/dbgroup.nl\/#website\"},\"datePublished\":\"2026-01-21T18:00:48+00:00\",\"dateModified\":\"2026-01-23T17:13:53+00:00\",\"breadcrumb\":{\"@id\":\"https:\/\/dbgroup.nl\/technische-vakmensen-petrochemie\/#breadcrumb\"},\"inLanguage\":\"ro-RO\",\"potentialAction\":[{\"@type\":\"ReadAction\",\"target\":[\"https:\/\/dbgroup.nl\/technische-vakmensen-petrochemie\/\"]}]},{\"@type\":\"BreadcrumbList\",\"@id\":\"https:\/\/dbgroup.nl\/technische-vakmensen-petrochemie\/#breadcrumb\",\"itemListElement\":[{\"@type\":\"ListItem\",\"position\":1,\"name\":\"Home\",\"item\":\"https:\/\/dbgroup.nl\/\"},{\"@type\":\"ListItem\",\"position\":2,\"name\":\"Technische vakmensen petrochemie\"}]},{\"@type\":\"WebSite\",\"@id\":\"https:\/\/dbgroup.nl\/#website\",\"url\":\"https:\/\/dbgroup.nl\/\",\"name\":\"DB Group\",\"description\":\"\",\"publisher\":{\"@id\":\"https:\/\/dbgroup.nl\/#organization\"},\"potentialAction\":[{\"@type\":\"SearchAction\",\"target\":{\"@type\":\"EntryPoint\",\"urlTemplate\":\"https:\/\/dbgroup.nl\/?s={search_term_string}\"},\"query-input\":{\"@type\":\"PropertyValueSpecification\",\"valueRequired\":true,\"valueName\":\"search_term_string\"}}],\"inLanguage\":\"ro-RO\"},{\"@type\":\"Organization\",\"@id\":\"https:\/\/dbgroup.nl\/#organization\",\"name\":\"DB Group\",\"url\":\"https:\/\/dbgroup.nl\/\",\"logo\":{\"@type\":\"ImageObject\",\"inLanguage\":\"ro-RO\",\"@id\":\"https:\/\/dbgroup.nl\/#\/schema\/logo\/image\/\",\"url\":\"https:\/\/dbgroup.nl\/wp-content\/uploads\/2026\/01\/Icon.png\",\"contentUrl\":\"https:\/\/dbgroup.nl\/wp-content\/uploads\/2026\/01\/Icon.png\",\"width\":512,\"height\":512,\"caption\":\"DB Group\"},\"image\":{\"@id\":\"https:\/\/dbgroup.nl\/#\/schema\/logo\/image\/\"}}]}<\/script>\n<!-- \/ Yoast SEO plugin. -->","yoast_head_json":{"title":"Profesioni\u0219ti tehnici petrochimie - DB Group","robots":{"index":"index","follow":"follow","max-snippet":"max-snippet:-1","max-image-preview":"max-image-preview:large","max-video-preview":"max-video-preview:-1"},"canonical":"https:\/\/dbgroup.nl\/ro\/profesionisti-tehnici-petrochimie\/","og_locale":"ro_RO","og_type":"article","og_title":"Technische vakmensen petrochemie - DB Group","og_url":"https:\/\/dbgroup.nl\/ro\/profesionisti-tehnici-petrochimie\/","og_site_name":"DB Group","article_modified_time":"2026-01-23T17:13:53+00:00","twitter_card":"summary_large_image","twitter_misc":{"Timp estimat pentru citire":"6 minute"},"schema":{"@context":"https:\/\/schema.org","@graph":[{"@type":"WebPage","@id":"https:\/\/dbgroup.nl\/technische-vakmensen-petrochemie\/","url":"https:\/\/dbgroup.nl\/technische-vakmensen-petrochemie\/","name":"Profesioni\u0219ti tehnici petrochimie - DB Group","isPartOf":{"@id":"https:\/\/dbgroup.nl\/#website"},"datePublished":"2026-01-21T18:00:48+00:00","dateModified":"2026-01-23T17:13:53+00:00","breadcrumb":{"@id":"https:\/\/dbgroup.nl\/technische-vakmensen-petrochemie\/#breadcrumb"},"inLanguage":"ro-RO","potentialAction":[{"@type":"ReadAction","target":["https:\/\/dbgroup.nl\/technische-vakmensen-petrochemie\/"]}]},{"@type":"BreadcrumbList","@id":"https:\/\/dbgroup.nl\/technische-vakmensen-petrochemie\/#breadcrumb","itemListElement":[{"@type":"ListItem","position":1,"name":"Home","item":"https:\/\/dbgroup.nl\/"},{"@type":"ListItem","position":2,"name":"Technische vakmensen petrochemie"}]},{"@type":"WebSite","@id":"https:\/\/dbgroup.nl\/#website","url":"https:\/\/dbgroup.nl\/","name":"Grupul DB","description":"","publisher":{"@id":"https:\/\/dbgroup.nl\/#organization"},"potentialAction":[{"@type":"SearchAction","target":{"@type":"EntryPoint","urlTemplate":"https:\/\/dbgroup.nl\/?s={search_term_string}"},"query-input":{"@type":"PropertyValueSpecification","valueRequired":true,"valueName":"search_term_string"}}],"inLanguage":"ro-RO"},{"@type":"Organization","@id":"https:\/\/dbgroup.nl\/#organization","name":"Grupul DB","url":"https:\/\/dbgroup.nl\/","logo":{"@type":"ImageObject","inLanguage":"ro-RO","@id":"https:\/\/dbgroup.nl\/#\/schema\/logo\/image\/","url":"https:\/\/dbgroup.nl\/wp-content\/uploads\/2026\/01\/Icon.png","contentUrl":"https:\/\/dbgroup.nl\/wp-content\/uploads\/2026\/01\/Icon.png","width":512,"height":512,"caption":"DB Group"},"image":{"@id":"https:\/\/dbgroup.nl\/#\/schema\/logo\/image\/"}}]}},"_links":{"self":[{"href":"https:\/\/dbgroup.nl\/ro\/wp-json\/wp\/v2\/pages\/499","targetHints":{"allow":["GET"]}}],"collection":[{"href":"https:\/\/dbgroup.nl\/ro\/wp-json\/wp\/v2\/pages"}],"about":[{"href":"https:\/\/dbgroup.nl\/ro\/wp-json\/wp\/v2\/types\/page"}],"author":[{"embeddable":true,"href":"https:\/\/dbgroup.nl\/ro\/wp-json\/wp\/v2\/users\/1"}],"replies":[{"embeddable":true,"href":"https:\/\/dbgroup.nl\/ro\/wp-json\/wp\/v2\/comments?post=499"}],"version-history":[{"count":9,"href":"https:\/\/dbgroup.nl\/ro\/wp-json\/wp\/v2\/pages\/499\/revisions"}],"predecessor-version":[{"id":746,"href":"https:\/\/dbgroup.nl\/ro\/wp-json\/wp\/v2\/pages\/499\/revisions\/746"}],"wp:attachment":[{"href":"https:\/\/dbgroup.nl\/ro\/wp-json\/wp\/v2\/media?parent=499"}],"curies":[{"name":"wp","href":"https:\/\/api.w.org\/{rel}","templated":true}]}}