{"id":514,"date":"2026-01-21T18:10:46","date_gmt":"2026-01-21T18:10:46","guid":{"rendered":"https:\/\/dbgroup.nl\/?page_id=514"},"modified":"2026-01-23T17:14:56","modified_gmt":"2026-01-23T17:14:56","slug":"experti-tehnici-produse-alimentare-si-lactate","status":"publish","type":"page","link":"https:\/\/dbgroup.nl\/ro\/technische-vakmensen-food-en-zuivel\/","title":{"rendered":"Profesioni\u0219ti tehnici \u00een domeniul produselor alimentare \u0219i lactate"},"content":{"rendered":"<section class=\"l-section wpb_row us_custom_3e14535b us_animate_this height_huge color_secondary\"><div class=\"l-section-h i-cf\"><div class=\"g-cols vc_row via_grid cols_1 laptops-cols_inherit tablets-cols_1 mobiles-cols_1 valign_top type_default reversed stacking_default\" style=\"--columns-gap:0rem;\"><div class=\"wpb_column vc_column_container us_custom_e5713a0c\"><div class=\"vc_column-inner\"><div class=\"w-text us_custom_03bbc369 has_text_color\" id=\"dancing-title\"><span class=\"w-text-h\"><span class=\"w-text-value\">Profesioni\u0219ti tehnici <\/span><\/span><\/div><h2 class=\"w-text us_custom_73690761 has_text_color\"><span class=\"w-text-h\"><span class=\"w-text-value\">Profesioni\u0219ti tehnici \u00een domeniul produselor alimentare \u0219i lactate <\/span><\/span><\/h2><\/div><\/div><\/div><\/div><\/section><section class=\"l-section wpb_row us_custom_7b5306bb height_auto with_img\"><div class=\"l-section-img\" role=\"img\" aria-label=\"Imagineaz\u0103-\u021bi\" data-img-width=\"172\" data-img-height=\"580\" style=\"background-image: url(https:\/\/dbgroup.nl\/wp-content\/uploads\/2025\/07\/Ellipse-3.png);background-position: bottom left;background-repeat: no-repeat;background-size: auto;\"><\/div><div class=\"l-section-h i-cf\"><div class=\"g-cols vc_row via_grid cols_2 laptops-cols_inherit tablets-cols_1 mobiles-cols_1 valign_middle type_default reversed stacking_default\" style=\"--columns-gap:60px;--laptops-columns-gap:60px;--tablets-columns-gap:50px;--mobiles-columns-gap:50px;\"><div class=\"wpb_column vc_column_container us_custom_7e20fa79 us_animate_this\"><div class=\"vc_column-inner\"><h3 class=\"w-text us_custom_1fed16d9\"><span class=\"w-text-h\"><span class=\"w-text-value\">Profesioni\u0219ti tehnici \u00een domeniul produselor alimentare \u0219i lactate<\/span><\/span><\/h3><div class=\"w-separator size_custom\" style=\"height:20px\"><\/div><div class=\"wpb_text_column us_custom_a38e0465 has_text_color\"><div class=\"wpb_wrapper\"><p><span>Industria alimentar\u0103 \u0219i a produselor lactate impune cerin\u021be extrem de ridicate privind calitatea, igiena \u0219i fiabilitatea. DB Group furnizeaz\u0103 profesioni\u0219ti tehnici cu experien\u021b\u0103 care lucreaz\u0103 zilnic \u00een medii de produc\u021bie \u00een care siguran\u021ba alimentar\u0103, continuitatea \u0219i precizia sunt esen\u021biale. De la construc\u021bia nou\u0103 \u0219i conversia liniilor de produc\u021bie p\u00e2n\u0103 la \u00eentre\u021binere, revizii \u0219i repara\u021bii: noi furniz\u0103m oamenii potrivi\u021bi la momentul potrivit.<\/span><\/p>\n<p><span>Speciali\u0219tii no\u0219tri sunt obi\u0219nui\u021bi s\u0103 lucreze \u00een conformitate cu standardele \u0219i liniile directoare aplicabile \u00een industria alimentar\u0103 \u0219i pot fi implementa\u021bi at\u00e2t \u00een cadrul liniilor de produc\u021bie \u00een func\u021biune, c\u00e2t \u0219i \u00een timpul opririlor \u0219i extinderilor planificate.<\/span><\/p>\n<\/div><\/div><\/div><\/div><div class=\"wpb_column vc_column_container us_custom_47474b22 us_animate_this stretched\"><div class=\"vc_column-inner\"><div class=\"w-image us_custom_2195e473 align_none\"><div class=\"w-image-h\"><img decoding=\"async\" width=\"1000\" height=\"667\" src=\"https:\/\/dbgroup.nl\/wp-content\/uploads\/2026\/01\/3.jpg\" class=\"attachment-full size-full\" alt=\"\" loading=\"lazy\" srcset=\"https:\/\/dbgroup.nl\/wp-content\/uploads\/2026\/01\/3.jpg 1000w, https:\/\/dbgroup.nl\/wp-content\/uploads\/2026\/01\/3-300x200.jpg 300w\" sizes=\"auto, (max-width: 1000px) 100vw, 1000px\" \/><\/div><\/div><\/div><\/div><\/div><\/div><\/section><section class=\"l-section wpb_row height_medium\"><div class=\"l-section-h i-cf\"><div class=\"g-cols vc_row via_grid cols_1 laptops-cols_inherit tablets-cols_inherit mobiles-cols_1 valign_top type_default stacking_default\"><div class=\"wpb_column vc_column_container\"><div class=\"vc_column-inner\"><div class=\"wpb_text_column\"><div class=\"wpb_wrapper\"><h2><span lang=\"NL\">Discipline<\/span><\/h2>\n<p><span>Deservind industria alimentar\u0103 \u0219i a produselor lactate, DB Group este specializat \u00een urm\u0103toarele discipline:<\/span><\/p>\n\n<table id=\"tablepress-10\" class=\"tablepress tablepress-id-10\">\n<thead>\n<tr class=\"row-1\">\n\t<th class=\"column-1\">Sudori<\/th><th class=\"column-2\">Montatori<\/th><th class=\"column-3\">Ingineri<\/th>\n<\/tr>\n<\/thead>\n<tbody class=\"row-striping row-hover\">\n<tr class=\"row-2\">\n\t<td class=\"column-1\">Sudor cu electrod<\/td><td class=\"column-2\">1st Fitters<\/td><td class=\"column-3\">Inginer conducte<\/td>\n<\/tr>\n<tr class=\"row-3\">\n\t<td class=\"column-1\">Sudor MIG\/MAG<\/td><td class=\"column-2\">Montatori 2<\/td><td class=\"column-3\">Montator de flan\u0219e<\/td>\n<\/tr>\n<tr class=\"row-4\">\n\t<td class=\"column-1\">Sudor combinat (TIG-Electro)<\/td><td class=\"column-2\">Fitter Cu pere\u021bi sub\u021biri<\/td><td class=\"column-3\">Mecanic \u00eentre\u021binere<\/td>\n<\/tr>\n<tr class=\"row-5\">\n\t<td class=\"column-1\">Sudor combinat (TIG\/MIG\/MAG)<\/td><td class=\"column-2\">Torsionarea \u0219i tensionarea fitterului<\/td><td class=\"column-3\">Serviciu mecanic rotativ<\/td>\n<\/tr>\n<\/tbody>\n<\/table>\n<!-- #tablepress-10 from cache -->\n<\/div><\/div><\/div><\/div><\/div><\/div><\/section><section class=\"l-section wpb_row us_custom_7b5306bb height_auto with_img\"><div class=\"l-section-img\" role=\"img\" aria-label=\"Imagineaz\u0103-\u021bi\" data-img-width=\"299\" data-img-height=\"299\" style=\"background-image: url(https:\/\/dbgroup.nl\/wp-content\/uploads\/2025\/07\/circle.png);background-repeat: no-repeat;background-size: auto;\"><\/div><div class=\"l-section-h i-cf\"><div class=\"g-cols vc_row via_grid cols_2 laptops-cols_inherit tablets-cols_1 mobiles-cols_1 valign_middle type_default reversed stacking_default\" style=\"--columns-gap:60px;--laptops-columns-gap:60px;--tablets-columns-gap:50px;--mobiles-columns-gap:50px;\"><div class=\"wpb_column vc_column_container us_custom_7e20fa79 us_animate_this\"><div class=\"vc_column-inner\"><div class=\"w-image align_none\"><div class=\"w-image-h\"><img decoding=\"async\" width=\"1000\" height=\"565\" src=\"https:\/\/dbgroup.nl\/wp-content\/uploads\/2026\/01\/1-1.jpg\" class=\"attachment-full size-full\" alt=\"\" loading=\"lazy\" srcset=\"https:\/\/dbgroup.nl\/wp-content\/uploads\/2026\/01\/1-1.jpg 1000w, https:\/\/dbgroup.nl\/wp-content\/uploads\/2026\/01\/1-1-300x170.jpg 300w\" sizes=\"auto, (max-width: 1000px) 100vw, 1000px\" \/><\/div><\/div><\/div><\/div><div class=\"wpb_column vc_column_container us_custom_47474b22 us_animate_this\"><div class=\"vc_column-inner\"><div class=\"w-separator size_custom\" style=\"height:30px\"><\/div><div class=\"wpb_text_column us_custom_a38e0465 has_text_color\"><div class=\"wpb_wrapper\"><p>Sudorii no\u0219tri sunt familiariza\u021bi cu diferite grupuri de materiale din o\u021bel p\u00e2n\u0103 la FE 690, o\u021bel inoxidabil 316, duplex \u0219i o\u021beluri pentru cazane. Ca standard, sudorii 3G \u0219i 6G sunt adesea solicita\u021bi de clien\u021bii no\u0219tri din domeniul alimentar. Bine\u00een\u021beles, oamenii no\u0219tri sunt familiariza\u021bi cu diferitele certific\u0103ri specifice industriei alimentare<\/p>\n<\/div><\/div><\/div><\/div><\/div><\/div><\/section><section class=\"l-section wpb_row height_medium color_alternate\"><div class=\"l-section-h i-cf\"><div class=\"g-cols vc_row via_grid cols_1 laptops-cols_inherit tablets-cols_inherit mobiles-cols_1 valign_top type_default stacking_default\"><div class=\"wpb_column vc_column_container\"><div class=\"vc_column-inner\"><div class=\"wpb_text_column\"><div class=\"wpb_wrapper\"><h2><span lang=\"NL\">Manageri\/personal<\/span><\/h2>\n<p><span>Pentru gestionarea profesioni\u0219tilor no\u0219tri, punem la dispozi\u021bie managerii\/personalul de mai jos:<\/span><\/p>\n\n<table id=\"tablepress-16\" class=\"tablepress tablepress-id-16\">\n<thead>\n<tr class=\"row-1\">\n\t<th class=\"column-1\">\u0218efi de echip\u0103<\/th><th class=\"column-2\">Interpre\u021bi<\/th><th class=\"column-3\">Supraveghetori<\/th>\n<\/tr>\n<\/thead>\n<tbody class=\"row-striping row-hover\">\n<tr class=\"row-2\">\n\t<td class=\"column-1\">Foreman mecanic<\/td><td class=\"column-2\">Supervizor mecanic<\/td><td class=\"column-3\">Supervizor mecanic<\/td>\n<\/tr>\n<tr class=\"row-3\">\n\t<td class=\"column-1\">Maistru conducte<\/td><td class=\"column-2\">Manager de construc\u021bii<\/td><td class=\"column-3\">Supervizor construc\u021bii<\/td>\n<\/tr>\n<tr class=\"row-4\">\n\t<td class=\"column-1\">Maistru \u00een construc\u021bii<\/td><td class=\"column-2\">Manager de \u00eentre\u021binere<\/td><td class=\"column-3\">Supervizor \u00eentre\u021binere<\/td>\n<\/tr>\n<tr class=\"row-5\">\n\t<td class=\"column-1\">Maistru de \u00eentre\u021binere<\/td><td class=\"column-2\">Executiv civil<\/td><td class=\"column-3\">Supervizor civil<\/td>\n<\/tr>\n<tr class=\"row-6\">\n\t<td class=\"column-1\">Maistru \u00eentre\u021binere<\/td><td class=\"column-2\">Superintendent TurnAround<\/td><td class=\"column-3\">\u00centoarcerea supraveghetorului<\/td>\n<\/tr>\n<\/tbody>\n<\/table>\n<!-- #tablepress-16 from cache -->\n<\/div><\/div><\/div><\/div><\/div><\/div><\/section><section class=\"l-section wpb_row height_medium\"><div class=\"l-section-h i-cf\"><div class=\"g-cols vc_row via_grid cols_1 laptops-cols_inherit tablets-cols_inherit mobiles-cols_1 valign_top type_default stacking_default\"><div class=\"wpb_column vc_column_container\"><div class=\"vc_column-inner\"><div class=\"wpb_text_column\"><div class=\"wpb_wrapper\"><h2><span lang=\"NL\">Speciali\u0219ti\/profesioni\u0219ti \u00een produse alimentare \u0219i lactate<\/span><\/h2>\n<p><span>\u00cen plus, ne sprijinim clien\u021bii cu urm\u0103torii speciali\u0219ti\/profesioni\u0219ti \u00een domeniul alimentar:<\/span><\/p>\n\n<table id=\"tablepress-17\" class=\"tablepress tablepress-id-17\">\n<thead>\n<tr class=\"row-1\">\n\t<th class=\"column-1\">QA\/QC<\/th><th class=\"column-2\">Preg\u0103tirea muncii<\/th><th class=\"column-3\">Personalul de proiect<\/th>\n<\/tr>\n<\/thead>\n<tbody class=\"row-striping row-hover\">\n<tr class=\"row-2\">\n\t<td class=\"column-1\">QA\/QC - Practica sud\u0103rii<\/td><td class=\"column-2\">Preg\u0103tirea lucr\u0103rilor de conducte<\/td><td class=\"column-3\">Manager de proiect<\/td>\n<\/tr>\n<tr class=\"row-3\">\n\t<td class=\"column-1\">QA\/QC - Inspec\u021bie vizual\u0103<\/td><td class=\"column-2\">Preg\u0103tirea lucr\u0103rilor Mecanic\u0103<\/td><td class=\"column-3\">Ingineri de proiect (WTB \/ E&amp;I)<\/td>\n<\/tr>\n<tr class=\"row-4\">\n\t<td class=\"column-1\">QA\/QC - MLT<\/td><td class=\"column-2\">Preg\u0103tirea muncii E\/I<\/td><td class=\"column-3\">Controlul documentelor<\/td>\n<\/tr>\n<tr class=\"row-5\">\n\t<td class=\"column-1\">QA\/QC - LPI<\/td><td class=\"column-2\">WVB \u00centre\u021binere<\/td><td class=\"column-3\">Secretari de proiect<\/td>\n<\/tr>\n<\/tbody>\n<\/table>\n<!-- #tablepress-17 from cache -->\n<\/div><\/div><\/div><\/div><\/div><\/div><\/section><section class=\"l-section wpb_row us_custom_7b5306bb height_auto with_img\"><div class=\"l-section-img\" role=\"img\" aria-label=\"Imagineaz\u0103-\u021bi\" data-img-width=\"299\" data-img-height=\"299\" style=\"background-image: url(https:\/\/dbgroup.nl\/wp-content\/uploads\/2025\/07\/circle.png);background-repeat: no-repeat;background-size: auto;\"><\/div><div class=\"l-section-h i-cf\"><div class=\"g-cols vc_row via_grid cols_2 laptops-cols_inherit tablets-cols_1 mobiles-cols_1 valign_middle type_default reversed stacking_default\" style=\"--columns-gap:60px;--laptops-columns-gap:60px;--tablets-columns-gap:50px;--mobiles-columns-gap:50px;\"><div class=\"wpb_column vc_column_container us_custom_7e20fa79 us_animate_this\"><div class=\"vc_column-inner\"><div class=\"w-image align_none\"><div class=\"w-image-h\"><img decoding=\"async\" width=\"1000\" height=\"667\" src=\"https:\/\/dbgroup.nl\/wp-content\/uploads\/2026\/01\/2-1.jpg\" class=\"attachment-full size-full\" alt=\"\" loading=\"lazy\" srcset=\"https:\/\/dbgroup.nl\/wp-content\/uploads\/2026\/01\/2-1.jpg 1000w, https:\/\/dbgroup.nl\/wp-content\/uploads\/2026\/01\/2-1-300x200.jpg 300w\" sizes=\"auto, (max-width: 1000px) 100vw, 1000px\" \/><\/div><\/div><\/div><\/div><div class=\"wpb_column vc_column_container us_custom_47474b22 us_animate_this\"><div class=\"vc_column-inner\"><h3 class=\"w-text us_custom_1fed16d9\"><span class=\"w-text-h\"><span class=\"w-text-value\">Clien\u021bi<\/span><\/span><\/h3><div class=\"w-separator size_custom\" style=\"height:30px\"><\/div><div class=\"wpb_text_column us_custom_a38e0465 has_text_color\"><div class=\"wpb_wrapper\"><p><span>Printre clien\u021bii no\u0219tri din industria alimentar\u0103 \u0219i a produselor lactate se num\u0103r\u0103:  GEA, Friesland Campina, A-ware, Cofely, Stork, Visser &amp; Smit Hanab, Spie.<\/span><\/p>\n<\/div><\/div><\/div><\/div><\/div><\/div><\/section>","protected":false},"excerpt":{"rendered":"Technische vakmensen Technische vakmensen food en zuivel Technische vakmensen food en zuivelDe food- en zuivelindustrie stelt uitzonderlijk hoge eisen aan kwaliteit, hygi\u00ebne en betrouwbaarheid. DB Group levert ervaren technische vakmensen die dagelijks werken in productieomgevingen waar voedselveiligheid, continu\u00efteit en precisie centraal staan. Van nieuwbouw en ombouw van productielijnen tot onderhoud, revisies en turnarounds: wij zorgen...","protected":false},"author":1,"featured_media":0,"parent":0,"menu_order":0,"comment_status":"closed","ping_status":"closed","template":"","meta":{"_acf_changed":false,"footnotes":""},"class_list":["post-514","page","type-page","status-publish","hentry"],"acf":[],"yoast_head":"<!-- This site is optimized with the Yoast SEO plugin v26.9 - https:\/\/yoast.com\/product\/yoast-seo-wordpress\/ -->\n<title>Technische vakmensen food en zuivel - DB Group<\/title>\n<meta name=\"robots\" content=\"index, follow, max-snippet:-1, max-image-preview:large, max-video-preview:-1\" \/>\n<link rel=\"canonical\" href=\"https:\/\/dbgroup.nl\/ro\/experti-tehnici-produse-alimentare-si-lactate\/\" \/>\n<meta property=\"og:locale\" content=\"ro_RO\" \/>\n<meta property=\"og:type\" content=\"article\" \/>\n<meta property=\"og:title\" content=\"Technische vakmensen food en zuivel - DB Group\" \/>\n<meta property=\"og:url\" content=\"https:\/\/dbgroup.nl\/ro\/experti-tehnici-produse-alimentare-si-lactate\/\" \/>\n<meta property=\"og:site_name\" content=\"DB Group\" \/>\n<meta property=\"article:modified_time\" content=\"2026-01-23T17:14:56+00:00\" \/>\n<meta name=\"twitter:card\" content=\"summary_large_image\" \/>\n<meta name=\"twitter:label1\" content=\"Timp estimat pentru citire\" \/>\n\t<meta name=\"twitter:data1\" content=\"6 minute\" \/>\n<script type=\"application\/ld+json\" class=\"yoast-schema-graph\">{\"@context\":\"https:\/\/schema.org\",\"@graph\":[{\"@type\":\"WebPage\",\"@id\":\"https:\/\/dbgroup.nl\/technische-vakmensen-food-en-zuivel\/\",\"url\":\"https:\/\/dbgroup.nl\/technische-vakmensen-food-en-zuivel\/\",\"name\":\"Technische vakmensen food en zuivel - DB Group\",\"isPartOf\":{\"@id\":\"https:\/\/dbgroup.nl\/#website\"},\"datePublished\":\"2026-01-21T18:10:46+00:00\",\"dateModified\":\"2026-01-23T17:14:56+00:00\",\"breadcrumb\":{\"@id\":\"https:\/\/dbgroup.nl\/technische-vakmensen-food-en-zuivel\/#breadcrumb\"},\"inLanguage\":\"ro-RO\",\"potentialAction\":[{\"@type\":\"ReadAction\",\"target\":[\"https:\/\/dbgroup.nl\/technische-vakmensen-food-en-zuivel\/\"]}]},{\"@type\":\"BreadcrumbList\",\"@id\":\"https:\/\/dbgroup.nl\/technische-vakmensen-food-en-zuivel\/#breadcrumb\",\"itemListElement\":[{\"@type\":\"ListItem\",\"position\":1,\"name\":\"Home\",\"item\":\"https:\/\/dbgroup.nl\/\"},{\"@type\":\"ListItem\",\"position\":2,\"name\":\"Technische vakmensen food en zuivel\"}]},{\"@type\":\"WebSite\",\"@id\":\"https:\/\/dbgroup.nl\/#website\",\"url\":\"https:\/\/dbgroup.nl\/\",\"name\":\"DB Group\",\"description\":\"\",\"publisher\":{\"@id\":\"https:\/\/dbgroup.nl\/#organization\"},\"potentialAction\":[{\"@type\":\"SearchAction\",\"target\":{\"@type\":\"EntryPoint\",\"urlTemplate\":\"https:\/\/dbgroup.nl\/?s={search_term_string}\"},\"query-input\":{\"@type\":\"PropertyValueSpecification\",\"valueRequired\":true,\"valueName\":\"search_term_string\"}}],\"inLanguage\":\"ro-RO\"},{\"@type\":\"Organization\",\"@id\":\"https:\/\/dbgroup.nl\/#organization\",\"name\":\"DB Group\",\"url\":\"https:\/\/dbgroup.nl\/\",\"logo\":{\"@type\":\"ImageObject\",\"inLanguage\":\"ro-RO\",\"@id\":\"https:\/\/dbgroup.nl\/#\/schema\/logo\/image\/\",\"url\":\"https:\/\/dbgroup.nl\/wp-content\/uploads\/2026\/01\/Icon.png\",\"contentUrl\":\"https:\/\/dbgroup.nl\/wp-content\/uploads\/2026\/01\/Icon.png\",\"width\":512,\"height\":512,\"caption\":\"DB Group\"},\"image\":{\"@id\":\"https:\/\/dbgroup.nl\/#\/schema\/logo\/image\/\"}}]}<\/script>\n<!-- \/ Yoast SEO plugin. -->","yoast_head_json":{"title":"Profesioni\u0219ti tehnici \u00een domeniul produselor alimentare \u0219i lactate - DB Group","robots":{"index":"index","follow":"follow","max-snippet":"max-snippet:-1","max-image-preview":"max-image-preview:large","max-video-preview":"max-video-preview:-1"},"canonical":"https:\/\/dbgroup.nl\/ro\/experti-tehnici-produse-alimentare-si-lactate\/","og_locale":"ro_RO","og_type":"article","og_title":"Technische vakmensen food en zuivel - DB Group","og_url":"https:\/\/dbgroup.nl\/ro\/experti-tehnici-produse-alimentare-si-lactate\/","og_site_name":"DB Group","article_modified_time":"2026-01-23T17:14:56+00:00","twitter_card":"summary_large_image","twitter_misc":{"Timp estimat pentru citire":"6 minute"},"schema":{"@context":"https:\/\/schema.org","@graph":[{"@type":"WebPage","@id":"https:\/\/dbgroup.nl\/technische-vakmensen-food-en-zuivel\/","url":"https:\/\/dbgroup.nl\/technische-vakmensen-food-en-zuivel\/","name":"Profesioni\u0219ti tehnici \u00een domeniul produselor alimentare \u0219i lactate - DB Group","isPartOf":{"@id":"https:\/\/dbgroup.nl\/#website"},"datePublished":"2026-01-21T18:10:46+00:00","dateModified":"2026-01-23T17:14:56+00:00","breadcrumb":{"@id":"https:\/\/dbgroup.nl\/technische-vakmensen-food-en-zuivel\/#breadcrumb"},"inLanguage":"ro-RO","potentialAction":[{"@type":"ReadAction","target":["https:\/\/dbgroup.nl\/technische-vakmensen-food-en-zuivel\/"]}]},{"@type":"BreadcrumbList","@id":"https:\/\/dbgroup.nl\/technische-vakmensen-food-en-zuivel\/#breadcrumb","itemListElement":[{"@type":"ListItem","position":1,"name":"Home","item":"https:\/\/dbgroup.nl\/"},{"@type":"ListItem","position":2,"name":"Technische vakmensen food en zuivel"}]},{"@type":"WebSite","@id":"https:\/\/dbgroup.nl\/#website","url":"https:\/\/dbgroup.nl\/","name":"Grupul DB","description":"","publisher":{"@id":"https:\/\/dbgroup.nl\/#organization"},"potentialAction":[{"@type":"SearchAction","target":{"@type":"EntryPoint","urlTemplate":"https:\/\/dbgroup.nl\/?s={search_term_string}"},"query-input":{"@type":"PropertyValueSpecification","valueRequired":true,"valueName":"search_term_string"}}],"inLanguage":"ro-RO"},{"@type":"Organization","@id":"https:\/\/dbgroup.nl\/#organization","name":"Grupul DB","url":"https:\/\/dbgroup.nl\/","logo":{"@type":"ImageObject","inLanguage":"ro-RO","@id":"https:\/\/dbgroup.nl\/#\/schema\/logo\/image\/","url":"https:\/\/dbgroup.nl\/wp-content\/uploads\/2026\/01\/Icon.png","contentUrl":"https:\/\/dbgroup.nl\/wp-content\/uploads\/2026\/01\/Icon.png","width":512,"height":512,"caption":"DB Group"},"image":{"@id":"https:\/\/dbgroup.nl\/#\/schema\/logo\/image\/"}}]}},"_links":{"self":[{"href":"https:\/\/dbgroup.nl\/ro\/wp-json\/wp\/v2\/pages\/514","targetHints":{"allow":["GET"]}}],"collection":[{"href":"https:\/\/dbgroup.nl\/ro\/wp-json\/wp\/v2\/pages"}],"about":[{"href":"https:\/\/dbgroup.nl\/ro\/wp-json\/wp\/v2\/types\/page"}],"author":[{"embeddable":true,"href":"https:\/\/dbgroup.nl\/ro\/wp-json\/wp\/v2\/users\/1"}],"replies":[{"embeddable":true,"href":"https:\/\/dbgroup.nl\/ro\/wp-json\/wp\/v2\/comments?post=514"}],"version-history":[{"count":9,"href":"https:\/\/dbgroup.nl\/ro\/wp-json\/wp\/v2\/pages\/514\/revisions"}],"predecessor-version":[{"id":747,"href":"https:\/\/dbgroup.nl\/ro\/wp-json\/wp\/v2\/pages\/514\/revisions\/747"}],"wp:attachment":[{"href":"https:\/\/dbgroup.nl\/ro\/wp-json\/wp\/v2\/media?parent=514"}],"curies":[{"name":"wp","href":"https:\/\/api.w.org\/{rel}","templated":true}]}}