{"id":564,"date":"2026-01-22T10:43:47","date_gmt":"2026-01-22T10:43:47","guid":{"rendered":"https:\/\/dbgroup.nl\/?page_id=564"},"modified":"2026-01-26T11:40:14","modified_gmt":"2026-01-26T11:40:14","slug":"politica-de-confidentialitate","status":"publish","type":"page","link":"https:\/\/dbgroup.nl\/ro\/privacy-policy\/","title":{"rendered":"Politica de confiden\u021bialitate"},"content":{"rendered":"<section class=\"l-section wpb_row us_custom_3e14535b us_animate_this height_huge color_secondary\"><div class=\"l-section-h i-cf\"><div class=\"g-cols vc_row via_grid cols_1 laptops-cols_inherit tablets-cols_1 mobiles-cols_1 valign_top type_default reversed stacking_default\" style=\"--columns-gap:0rem;\"><div class=\"wpb_column vc_column_container us_custom_e5713a0c\"><div class=\"vc_column-inner\"><div class=\"w-text us_custom_03bbc369 has_text_color\" id=\"dancing-title\"><span class=\"w-text-h\"><span class=\"w-text-value\">Politica de confiden\u021bialitate<\/span><\/span><\/div><h2 class=\"w-text us_custom_73690761 has_text_color\"><span class=\"w-text-h\"><span class=\"w-text-value\">Politica de confiden\u021bialitate<\/span><\/span><\/h2><\/div><\/div><\/div><\/div><\/section><section class=\"l-section wpb_row height_medium\"><div class=\"l-section-h i-cf\"><div class=\"g-cols vc_row via_grid cols_1 laptops-cols_inherit tablets-cols_inherit mobiles-cols_1 valign_top type_default stacking_default\"><div class=\"wpb_column vc_column_container\"><div class=\"vc_column-inner\"><h2 class=\"w-text us_custom_eb849559\"><span class=\"w-text-h\"><span class=\"w-text-value\">Declara\u021bie de confiden\u021bialitate<\/span><\/span><\/h2><h3 class=\"w-text\"><span class=\"w-text-h\"><span class=\"w-text-value\">Dispozi\u021bii generale<\/span><\/span><\/h3><div class=\"wpb_text_column\"><div class=\"wpb_wrapper\"><p>Dac\u0103 furniza\u021bi date cu caracter personal Grupului DB \u00een calitate de lucr\u0103tor flexibil, candidat, persoan\u0103 care solicit\u0103 un loc de munc\u0103, persoan\u0103 independent\u0103 f\u0103r\u0103 personal sau \u00een calitate de angajat (direct sau angajat), datele dvs. vor fi incluse \u00een administrarea Grupului DB (baz\u0103 de date, fi\u0219iere etc.). Acest lucru se aplic\u0103, de asemenea, datelor pe care le primim de la dvs. \u00een calitate de angajat sau reprezentant al unei rela\u021bii de afaceri, client, furnizor, v\u00e2nz\u0103tor sau alt\u0103 societate sau institu\u021bie.<\/p>\n<p>Dac\u0103 alege\u021bi s\u0103 ne furniza\u021bi \u00een mod voluntar informa\u021bii, vom utiliza aceste informa\u021bii \u00een conformitate cu politica noastr\u0103 de confiden\u021bialitate.<\/p>\n<p>Grupul DB este convins c\u0103 via\u021ba privat\u0103 a candida\u021bilor s\u0103i, a lucr\u0103torilor flexibili, a angaja\u021bilor, precum \u0219i a celorlalte rela\u021bii de afaceri \u0219i a vizitatorilor site-ului web este esen\u021bial\u0103. Prin urmare, datele cu caracter personal sunt prelucrate \u0219i securizate cu cea mai mare aten\u021bie posibil\u0103, \u00een conformitate cu cerin\u021bele Legii privind protec\u021bia datelor cu caracter personal.<\/p>\n<\/div><\/div><h3 class=\"w-text us_custom_ec1e580b\"><span class=\"w-text-h\"><span class=\"w-text-value\">C\u00e2nd colect\u0103m datele dumneavoastr\u0103?<\/span><\/span><\/h3><div class=\"wpb_text_column\"><div class=\"wpb_wrapper\"><p>Colect\u0103m datele dumneavoastr\u0103 din momentul \u00een care introduce\u021bi sau v\u0103 l\u0103sa\u021bi datele pe site-ul nostru, v\u0103 \u00eenregistra\u021bi la filiala noastr\u0103 sau solicita\u021bi sau sunte\u021bi \u00eenregistrat \u00een alt mod pentru a utiliza serviciile noastre.<\/p>\n<p>De asemenea, putem colecta date de la dvs. dac\u0103 le-a\u021bi postat pe resurse publice care ar putea indica interesul dvs. pentru serviciile legate de munc\u0103. \u00cen acest caz, v\u0103 vom include \u00een eviden\u021bele noastre \u0219i vom presupune, pe baza transparen\u021bei dumneavoastr\u0103, a post\u0103rii pe site-uri publice, c\u0103 sunte\u021bi de acord cu prelucrarea datelor dumneavoastr\u0103. Ve\u021bi primi confirmarea \u00eenregistr\u0103rii din partea noastr\u0103 \u0219i ve\u021bi avea, desigur, dreptul de a modifica, accesa \u0219i \u0219terge datele dumneavoastr\u0103.<\/p>\n<\/div><\/div><h3 class=\"w-text us_custom_ec1e580b\"><span class=\"w-text-h\"><span class=\"w-text-value\">De ce colect\u0103m datele dumneavoastr\u0103?<\/span><\/span><\/h3><div class=\"wpb_text_column\"><div class=\"wpb_wrapper\"><p>Colect\u0103m \u0219i prelucr\u0103m datele dumneavoastr\u0103 pentru a ne desf\u0103\u0219ura activitatea de mediere, angajare, deta\u0219are, salarizare, recrutare \u0219i selec\u021bie, dezvoltare personal\u0103 \u0219i angajabilitate, salarizare \u0219i gestionarea personalului.<\/p>\n<p>Mai exact, datele dumneavoastr\u0103 cu caracter personal vor fi prelucrate pentru:<\/p>\n<ol>\n<li>furnizarea de oferte \u0219i\/sau informa\u021bii cu privire la servicii \u0219i alte activit\u0103\u021bi \u0219i adaptarea acestora la nevoile \u0219i calit\u0103\u021bile dumneavoastr\u0103. Acest lucru este realizat de c\u0103tre angaja\u021bii no\u0219tri \u0219i par\u021bial \u00een mod automat, de exemplu \u00een cazul unei alerte de locuri de munc\u0103.<\/li>\n<li>Pentru a v\u0103 putea evalua adecvarea \u0219i disponibilitatea \u00een leg\u0103tur\u0103 cu plasarea pentru un loc de munc\u0103 permanent sau temporar sau o misiune, care poate implica, de asemenea, utilizarea rezultatelor testelor, verificarea referin\u021belor, social media (dac\u0103 este relevant pentru post \u0219i indicat \u00een descrierea postului) etc. .<\/li>\n<li>Stabilirea \u0219i men\u021binerea unei rela\u021bii de angajare sau de mediere cu dumneavoastr\u0103 \u0219i efectuarea administr\u0103rii relevante \u00een acest scop.<\/li>\n<li>S\u0103 ne \u00eendeplinim obliga\u021biile de reintegrare \u0219i s\u0103 ne conform\u0103m (obiectivului impus de guvern) de a ajuta persoanele care se afl\u0103 la o distan\u021b\u0103 (mai) mare de pia\u021ba muncii s\u0103 se \u00eencadreze \u00een munc\u0103.<\/li>\n<li>S\u0103 fie capabil s\u0103 \u00eenregistreze o misiune cu clientul \u00eentr-un acord cu clientul \u0219i s\u0103 men\u021bin\u0103 \u0219i s\u0103 \u00eendeplineasc\u0103 acordul cu clientul.<\/li>\n<li>\u00cen scopuri manageriale, inclusiv informa\u021bii manageriale, furnizarea de controale interne \u0219i securitate corporativ\u0103 \u0219i efectuarea de audituri \u0219i audituri.<\/li>\n<li>Obiective de calitate, cum ar fi certificarea.<\/li>\n<li>Aplica\u021bi pentru subven\u021bii, reduceri de prime, etc.<\/li>\n<li>\u00cen cazul \u00een care am \u00eencheiat o rela\u021bie de angajare sau de mediere cu dvs., pentru respectarea legilor \u0219i reglement\u0103rilor, inclusiv, dar f\u0103r\u0103 a se limita la identificare, legi privind ocuparea for\u021bei de munc\u0103, legi fiscale \u0219i de securitate social\u0103, combaterea fraudei \u0219i legi privind sanc\u021biunile na\u021bionale \u0219i interna\u021bionale.<\/li>\n<\/ol>\n<\/div><\/div><h3 class=\"w-text us_custom_ec1e580b\"><span class=\"w-text-h\"><span class=\"w-text-value\">Ce date cu caracter personal colect\u0103m de la dumneavoastr\u0103?<\/span><\/span><\/h3><div class=\"wpb_text_column\"><div class=\"wpb_wrapper\"><p>Prelucr\u0103m datele cu caracter personal necesare pentru serviciile noastre. Unele dintre aceste date sunt obligatorii pentru utilizarea serviciilor noastre. Datele suplimentare pot fi de dorit pentru a adapta mai bine serviciul la nevoile \u0219i calit\u0103\u021bile dumneavoastr\u0103 sau pentru a r\u0103spunde unor cereri sau obliga\u021bii mai specifice din partea clien\u021bilor. Sunte\u021bi personal responsabil pentru acurate\u021bea \u0219i relevan\u021ba datelor pe care le furniza\u021bi.<\/p>\n<p>Mai precis, aceasta se refer\u0103 - printre altele - la urm\u0103toarele (documente care con\u021bin) date cu caracter personal:<\/p>\n<p>La \u00eenregistrare:<\/p>\n<p>- numele \u0219i adresa, adresa de e-mail \u0219i alte date de contact<br \/>\n- Date de na\u0219tere, v\u00e2rst\u0103, sex<br \/>\n- Curriculum Vitae (CV) original \u0219i editat, informa\u021bii privind educa\u021bia, stagiile \u0219i experien\u021ba profesional\u0103<br \/>\n- Date privind formarea \u0219i educa\u021bia \u0219i\/sau testele la care a\u021bi participat sau pe care le-a\u021bi sus\u021binut personal sau prin intermediul nostru<br \/>\n- Alte informa\u021bii care sunt sau pot fi relevante \u00een contextul evalu\u0103rii adecv\u0103rii candidatului, de exemplu referin\u021be \u0219i certificate<\/p>\n<p>Dac\u0103 pute\u021bi lucra \/ lucra\u021bi \/ a\u021bi lucrat pentru DB Group \/HS Technical:<\/p>\n<p>- Na\u021bionalitate, num\u0103r BSN, dovad\u0103 de identitate, permis de munc\u0103<br \/>\n- Alte date referitoare la personal, salarizare \u0219i \u00eenregistr\u0103ri ale absen\u021belor<\/p>\n<p>Grupul DB poate dezv\u0103lui datele dumneavoastr\u0103 cu caracter personal clien\u021bilor s\u0103i, subcontractan\u021bilor (de exemplu, procesatori de date) care furnizeaz\u0103 servicii sau \u00eendeplinesc misiuni \u00een numele s\u0103u, furnizorilor, agen\u021biilor guvernamentale \u0219i altor rela\u021bii de afaceri. \u00cen toate celelalte cazuri \u00een care am putea fi obliga\u021bi s\u0103 facem acest lucru, de exemplu prin ordin judec\u0103toresc sau hot\u0103r\u00e2re judec\u0103toreasc\u0103.<\/p>\n<p>Furnizarea datelor cu caracter personal se face pe baza unui interes legitim, a unei obliga\u021bii legale \u0219i\/sau pentru executarea acordului \u00een conformitate cu scopurile enumerate la \u201cDe ce colect\u0103m datele dumneavoastr\u0103 cu caracter personal?\u201d.<\/p>\n<p>&nbsp;Datele dumneavoastr\u0103 cu caracter personal pot fi transferate \u00een afara \u021a\u0103rilor de Jos. Grupul DB a luat m\u0103surile necesare pentru a se asigura c\u0103 datele cu caracter personal transferate sunt protejate \u00een mod adecvat.<\/p>\n<\/div><\/div><h3 class=\"w-text us_custom_ec1e580b\"><span class=\"w-text-h\"><span class=\"w-text-value\">C\u00e2t timp p\u0103str\u0103m datele dumneavoastr\u0103 cu caracter personal?<\/span><\/span><\/h3><div class=\"wpb_text_column\"><div class=\"wpb_wrapper\"><p><span>Grupul DB p\u0103streaz\u0103 datele dvs. cu caracter personal pentru o perioad\u0103 de timp care nu dep\u0103\u0219e\u0219te perioada necesar\u0103 pentru scopurile pentru care au fost colectate datele \u0219i respect\u0103 legile \u0219i reglement\u0103rile aplicabile \u00een aceast\u0103 privin\u021b\u0103.  Nu toate datele pot\/vor fi \u0219terse din cauza obliga\u021biilor fiscale de p\u0103strare.<\/span><\/p>\n<\/div><\/div><h3 class=\"w-text us_custom_ec1e580b\"><span class=\"w-text-h\"><span class=\"w-text-value\">Dreptul de inspec\u021bie<\/span><\/span><\/h3><div class=\"wpb_text_column\"><div class=\"wpb_wrapper\"><p>Ne pute\u021bi contacta \u00een orice moment prin<span>\u00a0<\/span><a href=\"https:\/\/web.archive.org\/web\/20240919085546\/mailto:info@dbgroup.nl\">info@dbgroup.nl<\/a><span>\u00a0<\/span>sau prin scrisoare (DB Group, Vonderweg 29, 7468 DC Enter) pentru a solicita care dintre datele dumneavoastr\u0103 pot fi prelucrate. \u00cen plus, pute\u021bi solicita \u00een orice moment completarea, corectarea sau \u0219tergerea datelor dvs. prin intermediul procedurii descrise mai sus. Ne propunem s\u0103 r\u0103spundem \u00een termen de patru s\u0103pt\u0103m\u00e2ni de la primirea cererii dumneavoastr\u0103.<\/p>\n<\/div><\/div><h3 class=\"w-text us_custom_ec1e580b\"><span class=\"w-text-h\"><span class=\"w-text-value\">\u00centreb\u0103ri, comentarii \u0219i reclama\u021bii<\/span><\/span><\/h3><div class=\"wpb_text_column\"><div class=\"wpb_wrapper\"><p><span>Dac\u0103 ave\u021bi \u00eentreb\u0103ri, comentarii sau reclama\u021bii cu privire la declara\u021bia de confiden\u021bialitate sau la modul \u00een care DB Holding \u00eenregistreaz\u0103, utilizeaz\u0103 sau prelucreaz\u0103 datele dumneavoastr\u0103, v\u0103 rug\u0103m s\u0103 ne contacta\u021bi prin e-mail la adresa\u00a0<\/span><a href=\"https:\/\/web.archive.org\/web\/20240919085546\/mailto:info@dbgroup.nl\">info@dbgroup.nl<\/a><span>, sau trimi\u021b\u00e2nd o scrisoare la DB Group, Vonderweg 29 , 7468 DC Enter. Ne propunem s\u0103 r\u0103spundem \u00een termen de patru s\u0103pt\u0103m\u00e2ni de la primirea \u00eentreb\u0103rii , comentariului sau reclama\u021biei dumneavoastr\u0103.<\/span><\/p>\n<\/div><\/div><h3 class=\"w-text us_custom_ec1e580b\"><span class=\"w-text-h\"><span class=\"w-text-value\">Modific\u0103ri<\/span><\/span><\/h3><div class=\"wpb_text_column\"><div class=\"wpb_wrapper\"><div class=\"col-sm-8 page-content\">\n<div class=\"white-container mb0\">\n<p>DB Group poate face modific\u0103ri, ad\u0103ugiri sau amendamente la declara\u021bia sa de confiden\u021bialitate din c\u00e2nd \u00een c\u00e2nd, din diverse motive. Cea mai actualizat\u0103 declara\u021bie de confiden\u021bialitate poate fi vizualizat\u0103 pe site-ul DB Group \u0219i HS Technical \u00een orice moment. Aceast\u0103 versiune a fost elaborat\u0103 \u00een mai 2018.<\/p>\n<\/div>\n<\/div>\n<\/div><\/div><\/div><\/div><\/div><\/div><\/section>","protected":false},"excerpt":{"rendered":"Privacy PolicyPrivacy PolicyPrivacy statementAlgemene bepalingenWanneer u als flexwerker, kandidaat, sollicitant, zelfstandige zonder personeel of als (directe of ingehuurde) werknemer persoonsgegevens aan DB Group verstrekt worden uw gegevens\u00a0 opgenomen in de administratie (databank, files en etc.) \u00a0van DB Group. Dit geldt ook voor de gegevens die wij van u als werknemer of vertegenwoordiger van een zakelijke...","protected":false},"author":1,"featured_media":0,"parent":0,"menu_order":0,"comment_status":"closed","ping_status":"closed","template":"","meta":{"_acf_changed":false,"footnotes":""},"class_list":["post-564","page","type-page","status-publish","hentry"],"acf":[],"yoast_head":"<!-- This site is optimized with the Yoast SEO plugin v26.9 - https:\/\/yoast.com\/product\/yoast-seo-wordpress\/ -->\n<title>Privacy Policy - DB Group<\/title>\n<meta name=\"robots\" content=\"index, follow, max-snippet:-1, max-image-preview:large, max-video-preview:-1\" \/>\n<link rel=\"canonical\" href=\"https:\/\/dbgroup.nl\/ro\/politica-de-confidentialitate\/\" \/>\n<meta property=\"og:locale\" content=\"ro_RO\" \/>\n<meta property=\"og:type\" content=\"article\" \/>\n<meta property=\"og:title\" content=\"Privacy Policy - DB Group\" \/>\n<meta property=\"og:url\" content=\"https:\/\/dbgroup.nl\/ro\/politica-de-confidentialitate\/\" \/>\n<meta property=\"og:site_name\" content=\"DB Group\" \/>\n<meta property=\"article:modified_time\" content=\"2026-01-26T11:40:14+00:00\" \/>\n<meta name=\"twitter:card\" content=\"summary_large_image\" \/>\n<meta name=\"twitter:label1\" content=\"Timp estimat pentru citire\" \/>\n\t<meta name=\"twitter:data1\" content=\"8 minute\" \/>\n<script type=\"application\/ld+json\" class=\"yoast-schema-graph\">{\"@context\":\"https:\/\/schema.org\",\"@graph\":[{\"@type\":\"WebPage\",\"@id\":\"https:\/\/dbgroup.nl\/privacy-policy\/\",\"url\":\"https:\/\/dbgroup.nl\/privacy-policy\/\",\"name\":\"Privacy Policy - DB Group\",\"isPartOf\":{\"@id\":\"https:\/\/dbgroup.nl\/#website\"},\"datePublished\":\"2026-01-22T10:43:47+00:00\",\"dateModified\":\"2026-01-26T11:40:14+00:00\",\"breadcrumb\":{\"@id\":\"https:\/\/dbgroup.nl\/privacy-policy\/#breadcrumb\"},\"inLanguage\":\"ro-RO\",\"potentialAction\":[{\"@type\":\"ReadAction\",\"target\":[\"https:\/\/dbgroup.nl\/privacy-policy\/\"]}]},{\"@type\":\"BreadcrumbList\",\"@id\":\"https:\/\/dbgroup.nl\/privacy-policy\/#breadcrumb\",\"itemListElement\":[{\"@type\":\"ListItem\",\"position\":1,\"name\":\"Home\",\"item\":\"https:\/\/dbgroup.nl\/\"},{\"@type\":\"ListItem\",\"position\":2,\"name\":\"Privacy Policy\"}]},{\"@type\":\"WebSite\",\"@id\":\"https:\/\/dbgroup.nl\/#website\",\"url\":\"https:\/\/dbgroup.nl\/\",\"name\":\"DB Group\",\"description\":\"\",\"publisher\":{\"@id\":\"https:\/\/dbgroup.nl\/#organization\"},\"potentialAction\":[{\"@type\":\"SearchAction\",\"target\":{\"@type\":\"EntryPoint\",\"urlTemplate\":\"https:\/\/dbgroup.nl\/?s={search_term_string}\"},\"query-input\":{\"@type\":\"PropertyValueSpecification\",\"valueRequired\":true,\"valueName\":\"search_term_string\"}}],\"inLanguage\":\"ro-RO\"},{\"@type\":\"Organization\",\"@id\":\"https:\/\/dbgroup.nl\/#organization\",\"name\":\"DB Group\",\"url\":\"https:\/\/dbgroup.nl\/\",\"logo\":{\"@type\":\"ImageObject\",\"inLanguage\":\"ro-RO\",\"@id\":\"https:\/\/dbgroup.nl\/#\/schema\/logo\/image\/\",\"url\":\"https:\/\/dbgroup.nl\/wp-content\/uploads\/2026\/01\/Icon.png\",\"contentUrl\":\"https:\/\/dbgroup.nl\/wp-content\/uploads\/2026\/01\/Icon.png\",\"width\":512,\"height\":512,\"caption\":\"DB Group\"},\"image\":{\"@id\":\"https:\/\/dbgroup.nl\/#\/schema\/logo\/image\/\"}}]}<\/script>\n<!-- \/ Yoast SEO plugin. -->","yoast_head_json":{"title":"Politica de confiden\u021bialitate - DB Group","robots":{"index":"index","follow":"follow","max-snippet":"max-snippet:-1","max-image-preview":"max-image-preview:large","max-video-preview":"max-video-preview:-1"},"canonical":"https:\/\/dbgroup.nl\/ro\/politica-de-confidentialitate\/","og_locale":"ro_RO","og_type":"article","og_title":"Privacy Policy - DB Group","og_url":"https:\/\/dbgroup.nl\/ro\/politica-de-confidentialitate\/","og_site_name":"DB Group","article_modified_time":"2026-01-26T11:40:14+00:00","twitter_card":"summary_large_image","twitter_misc":{"Timp estimat pentru citire":"8 minute"},"schema":{"@context":"https:\/\/schema.org","@graph":[{"@type":"WebPage","@id":"https:\/\/dbgroup.nl\/privacy-policy\/","url":"https:\/\/dbgroup.nl\/privacy-policy\/","name":"Politica de confiden\u021bialitate - DB Group","isPartOf":{"@id":"https:\/\/dbgroup.nl\/#website"},"datePublished":"2026-01-22T10:43:47+00:00","dateModified":"2026-01-26T11:40:14+00:00","breadcrumb":{"@id":"https:\/\/dbgroup.nl\/privacy-policy\/#breadcrumb"},"inLanguage":"ro-RO","potentialAction":[{"@type":"ReadAction","target":["https:\/\/dbgroup.nl\/privacy-policy\/"]}]},{"@type":"BreadcrumbList","@id":"https:\/\/dbgroup.nl\/privacy-policy\/#breadcrumb","itemListElement":[{"@type":"ListItem","position":1,"name":"Home","item":"https:\/\/dbgroup.nl\/"},{"@type":"ListItem","position":2,"name":"Privacy Policy"}]},{"@type":"WebSite","@id":"https:\/\/dbgroup.nl\/#website","url":"https:\/\/dbgroup.nl\/","name":"Grupul DB","description":"","publisher":{"@id":"https:\/\/dbgroup.nl\/#organization"},"potentialAction":[{"@type":"SearchAction","target":{"@type":"EntryPoint","urlTemplate":"https:\/\/dbgroup.nl\/?s={search_term_string}"},"query-input":{"@type":"PropertyValueSpecification","valueRequired":true,"valueName":"search_term_string"}}],"inLanguage":"ro-RO"},{"@type":"Organization","@id":"https:\/\/dbgroup.nl\/#organization","name":"Grupul DB","url":"https:\/\/dbgroup.nl\/","logo":{"@type":"ImageObject","inLanguage":"ro-RO","@id":"https:\/\/dbgroup.nl\/#\/schema\/logo\/image\/","url":"https:\/\/dbgroup.nl\/wp-content\/uploads\/2026\/01\/Icon.png","contentUrl":"https:\/\/dbgroup.nl\/wp-content\/uploads\/2026\/01\/Icon.png","width":512,"height":512,"caption":"DB Group"},"image":{"@id":"https:\/\/dbgroup.nl\/#\/schema\/logo\/image\/"}}]}},"_links":{"self":[{"href":"https:\/\/dbgroup.nl\/ro\/wp-json\/wp\/v2\/pages\/564","targetHints":{"allow":["GET"]}}],"collection":[{"href":"https:\/\/dbgroup.nl\/ro\/wp-json\/wp\/v2\/pages"}],"about":[{"href":"https:\/\/dbgroup.nl\/ro\/wp-json\/wp\/v2\/types\/page"}],"author":[{"embeddable":true,"href":"https:\/\/dbgroup.nl\/ro\/wp-json\/wp\/v2\/users\/1"}],"replies":[{"embeddable":true,"href":"https:\/\/dbgroup.nl\/ro\/wp-json\/wp\/v2\/comments?post=564"}],"version-history":[{"count":5,"href":"https:\/\/dbgroup.nl\/ro\/wp-json\/wp\/v2\/pages\/564\/revisions"}],"predecessor-version":[{"id":762,"href":"https:\/\/dbgroup.nl\/ro\/wp-json\/wp\/v2\/pages\/564\/revisions\/762"}],"wp:attachment":[{"href":"https:\/\/dbgroup.nl\/ro\/wp-json\/wp\/v2\/media?parent=564"}],"curies":[{"name":"wp","href":"https:\/\/api.w.org\/{rel}","templated":true}]}}