{"id":569,"date":"2026-01-22T13:30:08","date_gmt":"2026-01-22T13:30:08","guid":{"rendered":"https:\/\/dbgroup.nl\/?page_id=569"},"modified":"2026-02-09T11:24:09","modified_gmt":"2026-02-09T11:24:09","slug":"lucrul-la-db-group","status":"publish","type":"page","link":"https:\/\/dbgroup.nl\/ro\/werken-bij-db-group\/","title":{"rendered":"Lucrul la DB Group"},"content":{"rendered":"<section class=\"l-section wpb_row us_custom_3e14535b us_animate_this height_huge color_secondary\"><div class=\"l-section-h i-cf\"><div class=\"g-cols vc_row via_grid cols_1 laptops-cols_inherit tablets-cols_1 mobiles-cols_1 valign_top type_default reversed stacking_default\" style=\"--columns-gap:0rem;\"><div class=\"wpb_column vc_column_container us_custom_e5713a0c\"><div class=\"vc_column-inner\"><div class=\"w-text us_custom_03bbc369 has_text_color\" id=\"dancing-title\"><span class=\"w-text-h\"><span class=\"w-text-value\">Lucrul la DB Group<\/span><\/span><\/div><h2 class=\"w-text us_custom_73690761 has_text_color\"><span class=\"w-text-h\"><span class=\"w-text-value\">Lucrul la DB Group<\/span><\/span><\/h2><\/div><\/div><\/div><\/div><\/section><section class=\"l-section wpb_row us_custom_7b5306bb height_auto with_img\"><div class=\"l-section-img\" role=\"img\" aria-label=\"Imagineaz\u0103-\u021bi\" data-img-width=\"172\" data-img-height=\"580\" style=\"background-image: url(https:\/\/dbgroup.nl\/wp-content\/uploads\/2025\/07\/Ellipse-3.png);background-position: bottom left;background-repeat: no-repeat;background-size: auto;\"><\/div><div class=\"l-section-h i-cf\"><div class=\"g-cols vc_row via_grid cols_2 laptops-cols_inherit tablets-cols_1 mobiles-cols_1 valign_middle type_default reversed stacking_default\" style=\"--columns-gap:60px;--laptops-columns-gap:60px;--tablets-columns-gap:50px;--mobiles-columns-gap:50px;\"><div class=\"wpb_column vc_column_container us_custom_7e20fa79 us_animate_this\"><div class=\"vc_column-inner\"><h3 class=\"w-text us_custom_1fed16d9\"><span class=\"w-text-h\"><span class=\"w-text-value\">Lucrul la DB Group<\/span><\/span><\/h3><div class=\"w-separator size_custom\" style=\"height:20px\"><\/div><div class=\"wpb_text_column us_custom_a38e0465 has_text_color\"><div class=\"wpb_wrapper\"><p><span>DB Group - unde v\u0103 ve\u021bi g\u0103si locul ca tehnician. De la meseria\u0219 la specialist tehnic, noi v\u0103 oferim toate posibilit\u0103\u021bile. Activit\u0103\u021bile noastre de baz\u0103 se concentreaz\u0103 pe proiecte executive \u0219i suntem mereu \u00een c\u0103utare de sudori, montatori, mecanici, maistri \u0219i supraveghetori pentru acestea. De asemenea, exist\u0103 o cerere regulat\u0103 de personal, cum ar fi planificatori de lucr\u0103ri, controlori de calitate etc.<\/span><\/p>\n<\/div><\/div><\/div><\/div><div class=\"wpb_column vc_column_container us_custom_47474b22 us_animate_this stretched\"><div class=\"vc_column-inner\"><div class=\"w-image us_custom_2195e473 align_none\"><div class=\"w-image-h\"><img decoding=\"async\" width=\"1248\" height=\"832\" src=\"https:\/\/dbgroup.nl\/wp-content\/uploads\/2026\/01\/1.png\" class=\"attachment-full size-full\" alt=\"\" loading=\"lazy\" srcset=\"https:\/\/dbgroup.nl\/wp-content\/uploads\/2026\/01\/1.png 1248w, https:\/\/dbgroup.nl\/wp-content\/uploads\/2026\/01\/1-300x200.png 300w, https:\/\/dbgroup.nl\/wp-content\/uploads\/2026\/01\/1-1024x683.png 1024w\" sizes=\"auto, (max-width: 1248px) 100vw, 1248px\" \/><\/div><\/div><\/div><\/div><\/div><\/div><\/section><section class=\"l-section wpb_row us_custom_7b5306bb height_auto with_img\"><div class=\"l-section-img\" role=\"img\" aria-label=\"Imagineaz\u0103-\u021bi\" data-img-width=\"299\" data-img-height=\"299\" style=\"background-image: url(https:\/\/dbgroup.nl\/wp-content\/uploads\/2025\/07\/circle.png);background-repeat: no-repeat;background-size: auto;\"><\/div><div class=\"l-section-h i-cf\"><div class=\"g-cols vc_row via_grid cols_2 laptops-cols_inherit tablets-cols_1 mobiles-cols_1 valign_middle type_default reversed stacking_default\" style=\"--columns-gap:60px;--laptops-columns-gap:60px;--tablets-columns-gap:50px;--mobiles-columns-gap:50px;\"><div class=\"wpb_column vc_column_container us_custom_7e20fa79 us_animate_this\"><div class=\"vc_column-inner\"><div class=\"w-image align_none\"><div class=\"w-image-h\"><img decoding=\"async\" width=\"1328\" height=\"768\" src=\"https:\/\/dbgroup.nl\/wp-content\/uploads\/2026\/01\/2.png\" class=\"attachment-full size-full\" alt=\"\" loading=\"lazy\" srcset=\"https:\/\/dbgroup.nl\/wp-content\/uploads\/2026\/01\/2.png 1328w, https:\/\/dbgroup.nl\/wp-content\/uploads\/2026\/01\/2-300x173.png 300w, https:\/\/dbgroup.nl\/wp-content\/uploads\/2026\/01\/2-1024x592.png 1024w\" sizes=\"auto, (max-width: 1328px) 100vw, 1328px\" \/><\/div><\/div><\/div><\/div><div class=\"wpb_column vc_column_container us_custom_47474b22 us_animate_this\"><div class=\"vc_column-inner\"><h3 class=\"w-text us_custom_1fed16d9\"><span class=\"w-text-h\"><span class=\"w-text-value\">Lucra\u021bi la viitorul dumneavoastr\u0103<\/span><\/span><\/h3><div class=\"w-separator size_custom\" style=\"height:30px\"><\/div><div class=\"wpb_text_column us_custom_a38e0465 has_text_color\"><div class=\"wpb_wrapper\"><p>Timp de peste 26 de ani, DB Group a fost un partener de \u00eencredere pentru diver\u0219i clien\u021bi, at\u00e2t pe pia\u021ba olandez\u0103, c\u00e2t \u0219i \u00een cadrul proiectelor din Europa. De asemenea, avem o vast\u0103 experien\u021b\u0103 \u00een desf\u0103\u0219urarea de echipe \u00eentregi \u00een afara Europei \u0219i am realizat proiecte de succes pe mai multe continente.<\/p>\n<p>\u00cempreun\u0103 cu partenerii no\u0219tri, DB Group garanteaz\u0103 proiecte provocatoare \u0219i de \u00eenalt\u0103 calitate la clien\u021bi de top precum BAM, SPIE, Siemens, Heerema, Stork Bilfinger \u0219i Equans.<\/p>\n<p>La DB Group, primi\u021bi, de asemenea, spa\u021biu pentru a cre\u0219te. Credem \u00een dezvoltare \u0219i suntem bucuro\u0219i s\u0103 investim \u00een viitorul dvs. \u00eempreun\u0103 cu dvs.<\/p>\n<\/div><\/div><\/div><\/div><\/div><\/div><\/section><section class=\"l-section wpb_row us_custom_7b5306bb height_auto with_img\"><div class=\"l-section-img\" role=\"img\" aria-label=\"Imagineaz\u0103-\u021bi\" data-img-width=\"172\" data-img-height=\"580\" style=\"background-image: url(https:\/\/dbgroup.nl\/wp-content\/uploads\/2025\/07\/Ellipse-3.png);background-position: bottom left;background-repeat: no-repeat;background-size: contain;\"><\/div><div class=\"l-section-h i-cf\"><div class=\"g-cols vc_row via_grid cols_2 laptops-cols_inherit tablets-cols_1 mobiles-cols_1 valign_middle type_default reversed stacking_default\" style=\"--columns-gap:60px;--laptops-columns-gap:60px;--tablets-columns-gap:50px;--mobiles-columns-gap:50px;\"><div class=\"wpb_column vc_column_container us_custom_7e20fa79 us_animate_this\"><div class=\"vc_column-inner\"><h3 class=\"w-text us_custom_1fed16d9\"><span class=\"w-text-h\"><span class=\"w-text-value\">DB Group ceva pentru tine?<\/span><\/span><\/h3><div class=\"w-separator size_custom\" style=\"height:30px\"><\/div><div class=\"wpb_text_column us_custom_a38e0465 has_text_color\"><div class=\"wpb_wrapper\"><p><span>Sunte\u021bi \u00een c\u0103utarea unui loc de munc\u0103 provocator, cu libertate \u0219i responsabilitate? Dori\u021bi s\u0103 lucra\u021bi \u00eentr-o organiza\u021bie certificat\u0103 (NEN &amp; VCA) cu linii scurte de comunicare \u0219i oameni activi? Vom investi \u00eentr-o rela\u021bie bun\u0103 \u00eempreun\u0103 \u0219i vom lucra pentru un viitor bun? <a href=\"https:\/\/dbgroup.nl\/ro\/aplica\/\">Apoi face\u021bi clic aici pentru a v\u0103 \u00eenregistra<\/a>.<\/span><\/p>\n<\/div><\/div><\/div><\/div><div class=\"wpb_column vc_column_container us_custom_47474b22 us_animate_this stretched\"><div class=\"vc_column-inner\"><div class=\"w-image us_custom_2195e473 align_none\"><div class=\"w-image-h\"><img decoding=\"async\" width=\"1248\" height=\"832\" src=\"https:\/\/dbgroup.nl\/wp-content\/uploads\/2026\/01\/3.png\" class=\"attachment-full size-full\" alt=\"\" loading=\"lazy\" srcset=\"https:\/\/dbgroup.nl\/wp-content\/uploads\/2026\/01\/3.png 1248w, https:\/\/dbgroup.nl\/wp-content\/uploads\/2026\/01\/3-300x200.png 300w, https:\/\/dbgroup.nl\/wp-content\/uploads\/2026\/01\/3-1024x683.png 1024w\" sizes=\"auto, (max-width: 1248px) 100vw, 1248px\" \/><\/div><\/div><\/div><\/div><\/div><\/div><\/section><section class=\"l-section wpb_row us_custom_7b5306bb height_auto with_img\"><div class=\"l-section-img\" role=\"img\" aria-label=\"Imagineaz\u0103-\u021bi\" data-img-width=\"299\" data-img-height=\"299\" style=\"background-image: url(https:\/\/dbgroup.nl\/wp-content\/uploads\/2025\/07\/circle.png);background-repeat: no-repeat;background-size: auto;\"><\/div><div class=\"l-section-h i-cf\"><div class=\"g-cols vc_row via_grid cols_2 laptops-cols_inherit tablets-cols_1 mobiles-cols_1 valign_middle type_default reversed stacking_default\" style=\"--columns-gap:60px;--laptops-columns-gap:60px;--tablets-columns-gap:50px;--mobiles-columns-gap:50px;\"><div class=\"wpb_column vc_column_container us_custom_7e20fa79 us_animate_this\"><div class=\"vc_column-inner\"><div class=\"w-image align_none\"><div class=\"w-image-h\"><img decoding=\"async\" width=\"1376\" height=\"752\" src=\"https:\/\/dbgroup.nl\/wp-content\/uploads\/2026\/01\/4.png\" class=\"attachment-full size-full\" alt=\"\" loading=\"lazy\" srcset=\"https:\/\/dbgroup.nl\/wp-content\/uploads\/2026\/01\/4.png 1376w, https:\/\/dbgroup.nl\/wp-content\/uploads\/2026\/01\/4-300x164.png 300w, https:\/\/dbgroup.nl\/wp-content\/uploads\/2026\/01\/4-1024x560.png 1024w\" sizes=\"auto, (max-width: 1376px) 100vw, 1376px\" \/><\/div><\/div><\/div><\/div><div class=\"wpb_column vc_column_container us_custom_47474b22 us_animate_this\"><div class=\"vc_column-inner\"><h3 class=\"w-text us_custom_1fed16d9\"><span class=\"w-text-h\"><span class=\"w-text-value\">Doar c\u00e2teva motive \u00een plus pentru care ar trebui s\u0103 alege\u021bi DB Group:<\/span><\/span><\/h3><div class=\"w-separator size_custom\" style=\"height:30px\"><\/div><div class=\"wpb_text_column us_custom_a38e0465 has_text_color\"><div class=\"wpb_wrapper\"><ul>\n<li><span>Speciali\u0219ti tehnici<\/span><\/li>\n<li><span>Industrii diferite<\/span><\/li>\n<li><span>Proiecte provocatoare<\/span><\/li>\n<li><span>Clien\u021bi importan\u021bi<\/span><\/li>\n<li><span>Investi\u021bii \u00een viitor<\/span><\/li>\n<li><span>Oportunit\u0103\u021bi de cre\u0219tere<\/span><\/li>\n<li><span>Certificat SNA<\/span><\/li>\n<li><span>VCU certificat<\/span><\/li>\n<li><span>Munc\u0103 \u0219i multe altele<\/span><\/li>\n<li><span>\u0218i, desigur, condi\u021bii bune de munc\u0103.\u00a0<\/span><\/li>\n<\/ul>\n<\/div><\/div><\/div><\/div><\/div><\/div><\/section>","protected":false},"excerpt":{"rendered":"Werken bij DB GroupWerken bij DB GroupWerken bij DB GroupDB Group &#8211; waar je als techneut je plek vindt. Van vakman tot technisch specialist bieden wij de mogelijkheden. Onze kernactiviteiten zijn gericht op uitvoerende projecten en zoeken hiervoor altijd lassers, fitters, monteurs, voormannen en uitvoerders. Daarnaast is er regelmatig vraag naar stafpersoneel, zoals werkvoorbereiders, QC\u2019ers,...","protected":false},"author":1,"featured_media":0,"parent":0,"menu_order":0,"comment_status":"closed","ping_status":"closed","template":"","meta":{"_acf_changed":false,"footnotes":""},"class_list":["post-569","page","type-page","status-publish","hentry"],"acf":[],"yoast_head":"<!-- This site is optimized with the Yoast SEO plugin v26.9 - https:\/\/yoast.com\/product\/yoast-seo-wordpress\/ -->\n<title>Werken bij DB Group - DB Group<\/title>\n<meta name=\"robots\" content=\"index, follow, max-snippet:-1, max-image-preview:large, max-video-preview:-1\" \/>\n<link rel=\"canonical\" href=\"https:\/\/dbgroup.nl\/ro\/lucrul-la-db-group\/\" \/>\n<meta property=\"og:locale\" content=\"ro_RO\" \/>\n<meta property=\"og:type\" content=\"article\" \/>\n<meta property=\"og:title\" content=\"Werken bij DB Group - DB Group\" \/>\n<meta property=\"og:url\" content=\"https:\/\/dbgroup.nl\/ro\/lucrul-la-db-group\/\" \/>\n<meta property=\"og:site_name\" content=\"DB Group\" \/>\n<meta property=\"article:modified_time\" content=\"2026-02-09T11:24:09+00:00\" \/>\n<meta name=\"twitter:card\" content=\"summary_large_image\" \/>\n<meta name=\"twitter:label1\" content=\"Timp estimat pentru citire\" \/>\n\t<meta name=\"twitter:data1\" content=\"2 minute\" \/>\n<script type=\"application\/ld+json\" class=\"yoast-schema-graph\">{\"@context\":\"https:\/\/schema.org\",\"@graph\":[{\"@type\":\"WebPage\",\"@id\":\"https:\/\/dbgroup.nl\/werken-bij-db-group\/\",\"url\":\"https:\/\/dbgroup.nl\/werken-bij-db-group\/\",\"name\":\"Werken bij DB Group - DB Group\",\"isPartOf\":{\"@id\":\"https:\/\/dbgroup.nl\/#website\"},\"datePublished\":\"2026-01-22T13:30:08+00:00\",\"dateModified\":\"2026-02-09T11:24:09+00:00\",\"breadcrumb\":{\"@id\":\"https:\/\/dbgroup.nl\/werken-bij-db-group\/#breadcrumb\"},\"inLanguage\":\"ro-RO\",\"potentialAction\":[{\"@type\":\"ReadAction\",\"target\":[\"https:\/\/dbgroup.nl\/werken-bij-db-group\/\"]}]},{\"@type\":\"BreadcrumbList\",\"@id\":\"https:\/\/dbgroup.nl\/werken-bij-db-group\/#breadcrumb\",\"itemListElement\":[{\"@type\":\"ListItem\",\"position\":1,\"name\":\"Home\",\"item\":\"https:\/\/dbgroup.nl\/\"},{\"@type\":\"ListItem\",\"position\":2,\"name\":\"Werken bij DB Group\"}]},{\"@type\":\"WebSite\",\"@id\":\"https:\/\/dbgroup.nl\/#website\",\"url\":\"https:\/\/dbgroup.nl\/\",\"name\":\"DB Group\",\"description\":\"\",\"publisher\":{\"@id\":\"https:\/\/dbgroup.nl\/#organization\"},\"potentialAction\":[{\"@type\":\"SearchAction\",\"target\":{\"@type\":\"EntryPoint\",\"urlTemplate\":\"https:\/\/dbgroup.nl\/?s={search_term_string}\"},\"query-input\":{\"@type\":\"PropertyValueSpecification\",\"valueRequired\":true,\"valueName\":\"search_term_string\"}}],\"inLanguage\":\"ro-RO\"},{\"@type\":\"Organization\",\"@id\":\"https:\/\/dbgroup.nl\/#organization\",\"name\":\"DB Group\",\"url\":\"https:\/\/dbgroup.nl\/\",\"logo\":{\"@type\":\"ImageObject\",\"inLanguage\":\"ro-RO\",\"@id\":\"https:\/\/dbgroup.nl\/#\/schema\/logo\/image\/\",\"url\":\"https:\/\/dbgroup.nl\/wp-content\/uploads\/2026\/01\/Icon.png\",\"contentUrl\":\"https:\/\/dbgroup.nl\/wp-content\/uploads\/2026\/01\/Icon.png\",\"width\":512,\"height\":512,\"caption\":\"DB Group\"},\"image\":{\"@id\":\"https:\/\/dbgroup.nl\/#\/schema\/logo\/image\/\"}}]}<\/script>\n<!-- \/ Yoast SEO plugin. -->","yoast_head_json":{"title":"Lucrul la DB Group - DB Group","robots":{"index":"index","follow":"follow","max-snippet":"max-snippet:-1","max-image-preview":"max-image-preview:large","max-video-preview":"max-video-preview:-1"},"canonical":"https:\/\/dbgroup.nl\/ro\/lucrul-la-db-group\/","og_locale":"ro_RO","og_type":"article","og_title":"Werken bij DB Group - DB Group","og_url":"https:\/\/dbgroup.nl\/ro\/lucrul-la-db-group\/","og_site_name":"DB Group","article_modified_time":"2026-02-09T11:24:09+00:00","twitter_card":"summary_large_image","twitter_misc":{"Timp estimat pentru citire":"2 minute"},"schema":{"@context":"https:\/\/schema.org","@graph":[{"@type":"WebPage","@id":"https:\/\/dbgroup.nl\/werken-bij-db-group\/","url":"https:\/\/dbgroup.nl\/werken-bij-db-group\/","name":"Lucrul la DB Group - DB Group","isPartOf":{"@id":"https:\/\/dbgroup.nl\/#website"},"datePublished":"2026-01-22T13:30:08+00:00","dateModified":"2026-02-09T11:24:09+00:00","breadcrumb":{"@id":"https:\/\/dbgroup.nl\/werken-bij-db-group\/#breadcrumb"},"inLanguage":"ro-RO","potentialAction":[{"@type":"ReadAction","target":["https:\/\/dbgroup.nl\/werken-bij-db-group\/"]}]},{"@type":"BreadcrumbList","@id":"https:\/\/dbgroup.nl\/werken-bij-db-group\/#breadcrumb","itemListElement":[{"@type":"ListItem","position":1,"name":"Home","item":"https:\/\/dbgroup.nl\/"},{"@type":"ListItem","position":2,"name":"Werken bij DB Group"}]},{"@type":"WebSite","@id":"https:\/\/dbgroup.nl\/#website","url":"https:\/\/dbgroup.nl\/","name":"Grupul DB","description":"","publisher":{"@id":"https:\/\/dbgroup.nl\/#organization"},"potentialAction":[{"@type":"SearchAction","target":{"@type":"EntryPoint","urlTemplate":"https:\/\/dbgroup.nl\/?s={search_term_string}"},"query-input":{"@type":"PropertyValueSpecification","valueRequired":true,"valueName":"search_term_string"}}],"inLanguage":"ro-RO"},{"@type":"Organization","@id":"https:\/\/dbgroup.nl\/#organization","name":"Grupul DB","url":"https:\/\/dbgroup.nl\/","logo":{"@type":"ImageObject","inLanguage":"ro-RO","@id":"https:\/\/dbgroup.nl\/#\/schema\/logo\/image\/","url":"https:\/\/dbgroup.nl\/wp-content\/uploads\/2026\/01\/Icon.png","contentUrl":"https:\/\/dbgroup.nl\/wp-content\/uploads\/2026\/01\/Icon.png","width":512,"height":512,"caption":"DB Group"},"image":{"@id":"https:\/\/dbgroup.nl\/#\/schema\/logo\/image\/"}}]}},"_links":{"self":[{"href":"https:\/\/dbgroup.nl\/ro\/wp-json\/wp\/v2\/pages\/569","targetHints":{"allow":["GET"]}}],"collection":[{"href":"https:\/\/dbgroup.nl\/ro\/wp-json\/wp\/v2\/pages"}],"about":[{"href":"https:\/\/dbgroup.nl\/ro\/wp-json\/wp\/v2\/types\/page"}],"author":[{"embeddable":true,"href":"https:\/\/dbgroup.nl\/ro\/wp-json\/wp\/v2\/users\/1"}],"replies":[{"embeddable":true,"href":"https:\/\/dbgroup.nl\/ro\/wp-json\/wp\/v2\/comments?post=569"}],"version-history":[{"count":11,"href":"https:\/\/dbgroup.nl\/ro\/wp-json\/wp\/v2\/pages\/569\/revisions"}],"predecessor-version":[{"id":884,"href":"https:\/\/dbgroup.nl\/ro\/wp-json\/wp\/v2\/pages\/569\/revisions\/884"}],"wp:attachment":[{"href":"https:\/\/dbgroup.nl\/ro\/wp-json\/wp\/v2\/media?parent=569"}],"curies":[{"name":"wp","href":"https:\/\/api.w.org\/{rel}","templated":true}]}}