{"id":814,"date":"2026-02-04T08:42:40","date_gmt":"2026-02-04T08:42:40","guid":{"rendered":"https:\/\/dbgroup.nl\/?page_id=814"},"modified":"2026-02-04T09:35:00","modified_gmt":"2026-02-04T09:35:00","slug":"energie","status":"publish","type":"page","link":"https:\/\/dbgroup.nl\/ro\/energie\/","title":{"rendered":"Energie"},"content":{"rendered":"<section class=\"l-section wpb_row us_custom_3e14535b us_animate_this height_huge color_secondary\"><div class=\"l-section-h i-cf\"><div class=\"g-cols vc_row via_grid cols_1 laptops-cols_inherit tablets-cols_1 mobiles-cols_1 valign_top type_default reversed stacking_default\" style=\"--columns-gap:0rem;\"><div class=\"wpb_column vc_column_container us_custom_e5713a0c\"><div class=\"vc_column-inner\"><div class=\"w-text us_custom_03bbc369 has_text_color\" id=\"dancing-title\"><span class=\"w-text-h\"><span class=\"w-text-value\">Energie<\/span><\/span><\/div><h2 class=\"w-text us_custom_73690761 has_text_color\"><span class=\"w-text-h\"><span class=\"w-text-value\">ENERGIE<\/span><\/span><\/h2><\/div><\/div><\/div><\/div><\/section><section class=\"l-section wpb_row us_custom_7b5306bb height_auto with_img\"><div class=\"l-section-img\" role=\"img\" aria-label=\"Imagineaz\u0103-\u021bi\" data-img-width=\"172\" data-img-height=\"580\" style=\"background-image: url(https:\/\/dbgroup.nl\/wp-content\/uploads\/2025\/07\/Ellipse-3.png);background-position: bottom left;background-repeat: no-repeat;background-size: auto;\"><\/div><div class=\"l-section-h i-cf\"><div class=\"g-cols vc_row via_grid cols_2 laptops-cols_inherit tablets-cols_1 mobiles-cols_1 valign_middle type_default reversed stacking_default\" style=\"--columns-gap:60px;--laptops-columns-gap:60px;--tablets-columns-gap:50px;--mobiles-columns-gap:50px;\"><div class=\"wpb_column vc_column_container us_custom_7e20fa79 us_animate_this\"><div class=\"vc_column-inner\"><h3 class=\"w-text us_custom_1fed16d9\"><span class=\"w-text-h\"><span class=\"w-text-value\">Energie, Hidrocentrale \u0219i turbine eoliene<\/span><\/span><\/h3><div class=\"w-separator size_custom\" style=\"height:20px\"><\/div><div class=\"wpb_text_column us_custom_a38e0465 has_text_color\"><div class=\"wpb_wrapper\"><p><span>Lumea energiei este \u00een continu\u0103 schimbare. De la sursele tradi\u021bionale de energie la solu\u021bii durabile precum hidrogenul, energia solar\u0103 \u0219i eolian\u0103: proiectele devin din ce \u00een ce mai complexe, iar cerin\u021bele sunt din ce \u00een ce mai mari. DB Group ofer\u0103 profesioni\u0219tii potrivi\u021bi pentru acest lucru. Fiabili, flexibili \u0219i cu cuno\u0219tin\u021be tehnice aprofundate.<\/span><\/p>\n<\/div><\/div><\/div><\/div><div class=\"wpb_column vc_column_container us_custom_47474b22 us_animate_this stretched\"><div class=\"vc_column-inner\"><div class=\"w-image us_custom_2195e473 align_none\"><div class=\"w-image-h\"><img decoding=\"async\" width=\"1000\" height=\"667\" src=\"https:\/\/dbgroup.nl\/wp-content\/uploads\/2026\/02\/13762.jpg\" class=\"attachment-full size-full\" alt=\"\" loading=\"lazy\" srcset=\"https:\/\/dbgroup.nl\/wp-content\/uploads\/2026\/02\/13762.jpg 1000w, https:\/\/dbgroup.nl\/wp-content\/uploads\/2026\/02\/13762-300x200.jpg 300w, https:\/\/dbgroup.nl\/wp-content\/uploads\/2026\/02\/13762-18x12.jpg 18w\" sizes=\"auto, (max-width: 1000px) 100vw, 1000px\" \/><\/div><\/div><\/div><\/div><\/div><\/div><\/section><section class=\"l-section wpb_row us_custom_7b5306bb height_auto with_img\"><div class=\"l-section-img\" role=\"img\" aria-label=\"Imagineaz\u0103-\u021bi\" data-img-width=\"299\" data-img-height=\"299\" style=\"background-image: url(https:\/\/dbgroup.nl\/wp-content\/uploads\/2025\/07\/circle.png);background-repeat: no-repeat;background-size: auto;\"><\/div><div class=\"l-section-h i-cf\"><div class=\"g-cols vc_row via_grid cols_2 laptops-cols_inherit tablets-cols_1 mobiles-cols_1 valign_middle type_default reversed stacking_default\" style=\"--columns-gap:60px;--laptops-columns-gap:60px;--tablets-columns-gap:50px;--mobiles-columns-gap:50px;\"><div class=\"wpb_column vc_column_container us_custom_7e20fa79 us_animate_this\"><div class=\"vc_column-inner\"><div class=\"w-image align_none\"><div class=\"w-image-h\"><img decoding=\"async\" width=\"1000\" height=\"665\" src=\"https:\/\/dbgroup.nl\/wp-content\/uploads\/2026\/02\/321.jpg\" class=\"attachment-full size-full\" alt=\"\" loading=\"lazy\" srcset=\"https:\/\/dbgroup.nl\/wp-content\/uploads\/2026\/02\/321.jpg 1000w, https:\/\/dbgroup.nl\/wp-content\/uploads\/2026\/02\/321-300x200.jpg 300w, https:\/\/dbgroup.nl\/wp-content\/uploads\/2026\/02\/321-18x12.jpg 18w\" sizes=\"auto, (max-width: 1000px) 100vw, 1000px\" \/><\/div><\/div><\/div><\/div><div class=\"wpb_column vc_column_container us_custom_47474b22 us_animate_this\"><div class=\"vc_column-inner\"><h3 class=\"w-text us_custom_1fed16d9\"><span class=\"w-text-h\"><span class=\"w-text-value\">Puternic \u00een proiecte energetice<\/span><\/span><\/h3><div class=\"w-separator size_custom\" style=\"height:30px\"><\/div><div class=\"wpb_text_column us_custom_a38e0465 has_text_color\"><div class=\"wpb_wrapper\"><p>\u00cen cadrul sectorului energetic, ne desf\u0103\u0219ur\u0103m activitatea \u00eentr-o varietate de discipline. Aceasta include lucr\u0103ri \u00een jurul hidrocentralelor, turbinelor eoliene \u0219i altor instala\u021bii energetice. Speciali\u0219tii no\u0219tri sunt obi\u0219nui\u021bi s\u0103 lucreze \u00een medii \u00een care siguran\u021ba, calitatea \u0219i continuitatea sunt esen\u021biale. Fie c\u0103 este vorba despre \u00eentre\u021binere, construc\u021bii noi, modific\u0103ri sau proiecte pe termen lung, oferim profesioni\u0219ti care pot fi mobiliza\u021bi imediat.<\/p>\n<\/div><\/div><\/div><\/div><\/div><\/div><\/section><section class=\"l-section wpb_row us_custom_7b5306bb height_auto with_img\"><div class=\"l-section-img\" role=\"img\" aria-label=\"Imagineaz\u0103-\u021bi\" data-img-width=\"172\" data-img-height=\"580\" style=\"background-image: url(https:\/\/dbgroup.nl\/wp-content\/uploads\/2025\/07\/Ellipse-3.png);background-position: bottom left;background-repeat: no-repeat;background-size: contain;\"><\/div><div class=\"l-section-h i-cf\"><div class=\"g-cols vc_row via_grid cols_2 laptops-cols_inherit tablets-cols_1 mobiles-cols_1 valign_middle type_default reversed stacking_default\" style=\"--columns-gap:60px;--laptops-columns-gap:60px;--tablets-columns-gap:50px;--mobiles-columns-gap:50px;\"><div class=\"wpb_column vc_column_container us_custom_7e20fa79 us_animate_this\"><div class=\"vc_column-inner\"><h3 class=\"w-text us_custom_1fed16d9\"><span class=\"w-text-h\"><span class=\"w-text-value\">Deta\u0219are tehnic\u0103 cu certitudine<\/span><\/span><\/h3><div class=\"w-separator size_custom\" style=\"height:30px\"><\/div><div class=\"wpb_text_column us_custom_a38e0465 has_text_color\"><div class=\"wpb_wrapper\"><p>DB Group este un partener de \u00eencredere \u0219i inovator \u00een deta\u0219area tehnic\u0103. Punem \u00een leg\u0103tur\u0103 profesioni\u0219ti cu experien\u021b\u0103 cu clien\u021bi din industria petrochimic\u0103, extrac\u021bia petrolului \u0219i a gazelor, energie, construc\u021bii navale \u0219i maritime, industria alimentar\u0103 \u0219i a produselor lactate, construc\u021bii metalice, industria onshore \u0219i offshore. Datorit\u0103 expertizei noastre vaste, \u00een\u021belegem exact ceea ce este necesar \u00een atelier \u0219i la nivel de proiect.<\/p>\n<\/div><\/div><\/div><\/div><div class=\"wpb_column vc_column_container us_custom_47474b22 us_animate_this stretched\"><div class=\"vc_column-inner\"><div class=\"w-image us_custom_2195e473 align_none\"><div class=\"w-image-h\"><img decoding=\"async\" width=\"1000\" height=\"649\" src=\"https:\/\/dbgroup.nl\/wp-content\/uploads\/2026\/01\/3-3.jpg\" class=\"attachment-full size-full\" alt=\"\" loading=\"lazy\" srcset=\"https:\/\/dbgroup.nl\/wp-content\/uploads\/2026\/01\/3-3.jpg 1000w, https:\/\/dbgroup.nl\/wp-content\/uploads\/2026\/01\/3-3-300x195.jpg 300w\" sizes=\"auto, (max-width: 1000px) 100vw, 1000px\" \/><\/div><\/div><\/div><\/div><\/div><\/div><\/section><section class=\"l-section wpb_row us_custom_7b5306bb height_auto with_img\"><div class=\"l-section-img\" role=\"img\" aria-label=\"Imagineaz\u0103-\u021bi\" data-img-width=\"299\" data-img-height=\"299\" style=\"background-image: url(https:\/\/dbgroup.nl\/wp-content\/uploads\/2025\/07\/circle.png);background-repeat: no-repeat;background-size: auto;\"><\/div><div class=\"l-section-h i-cf\"><div class=\"g-cols vc_row via_grid cols_2 laptops-cols_inherit tablets-cols_1 mobiles-cols_1 valign_middle type_default reversed stacking_default\" style=\"--columns-gap:60px;--laptops-columns-gap:60px;--tablets-columns-gap:50px;--mobiles-columns-gap:50px;\"><div class=\"wpb_column vc_column_container us_custom_7e20fa79 us_animate_this\"><div class=\"vc_column-inner\"><div class=\"w-image align_none\"><div class=\"w-image-h\"><img decoding=\"async\" width=\"1000\" height=\"571\" src=\"https:\/\/dbgroup.nl\/wp-content\/uploads\/2026\/01\/1-4.jpg\" class=\"attachment-full size-full\" alt=\"\" loading=\"lazy\" srcset=\"https:\/\/dbgroup.nl\/wp-content\/uploads\/2026\/01\/1-4.jpg 1000w, https:\/\/dbgroup.nl\/wp-content\/uploads\/2026\/01\/1-4-300x171.jpg 300w\" sizes=\"auto, (max-width: 1000px) 100vw, 1000px\" \/><\/div><\/div><\/div><\/div><div class=\"wpb_column vc_column_container us_custom_47474b22 us_animate_this\"><div class=\"vc_column-inner\"><h3 class=\"w-text us_custom_1fed16d9\"><span class=\"w-text-h\"><span class=\"w-text-value\">Concentrarea pe calitate \u0219i continuitate<\/span><\/span><\/h3><div class=\"w-separator size_custom\" style=\"height:30px\"><\/div><div class=\"wpb_text_column us_custom_a38e0465 has_text_color\"><div class=\"wpb_wrapper\"><p data-start=\"1434\" data-end=\"1734\">Nu exist\u0103 loc pentru erori \u00een proiectele energetice. De aceea, ne select\u0103m cu aten\u021bie profesioni\u0219tii \u0219i v\u0103 punem la dispozi\u021bie oameni care nu sunt doar puternici din punct de vedere tehnic, ci se integreaz\u0103 \u0219i \u00een cultura \u0219i modul de lucru al organiza\u021biei dumneavoastr\u0103. \u00cen acest fel, ei contribuie direct la un progres stabil al proiectului.<\/p>\n<p data-start=\"1736\" data-end=\"1852\">Cu DB Group, alege\u021bi un partener care g\u00e2nde\u0219te \u00eempreun\u0103 cu dumneavoastr\u0103, prive\u0219te \u00eenainte \u0219i se asigur\u0103 c\u0103 proiectele dumneavoastr\u0103 energetice continu\u0103 s\u0103 func\u021bioneze.<\/p>\n<\/div><\/div><\/div><\/div><\/div><\/div><\/section>","protected":false},"excerpt":{"rendered":"ENERGIEEnergie, hidrocentrale \u0219i turbine eolieneLumea energiei este \u00een continu\u0103 schimbare. De la sursele tradi\u021bionale de energie la solu\u021bii durabile precum hidrogenul, energia solar\u0103 \u0219i eolian\u0103: proiectele devin din ce \u00een ce mai complexe, iar cerin\u021bele sunt din ce \u00een ce mai mari. DB Group ofer\u0103 profesioni\u0219tii potrivi\u021bi pentru acest lucru. Fiabili, flexibili \u0219i cu cuno\u0219tin\u021be tehnice aprofundate. Puternici \u00een proiectele energetice\u00cen sectorul energetic, suntem activi \u00een diverse discipline....","protected":false},"author":1,"featured_media":0,"parent":0,"menu_order":0,"comment_status":"closed","ping_status":"closed","template":"","meta":{"_acf_changed":false,"footnotes":""},"class_list":["post-814","page","type-page","status-publish","hentry"],"acf":[],"yoast_head":"<!-- This site is optimized with the Yoast SEO plugin v27.4 - https:\/\/yoast.com\/product\/yoast-seo-wordpress\/ -->\n<title>Energie - DB Group<\/title>\n<meta name=\"robots\" content=\"index, follow, max-snippet:-1, max-image-preview:large, max-video-preview:-1\" \/>\n<link rel=\"canonical\" href=\"https:\/\/dbgroup.nl\/ro\/energie\/\" \/>\n<meta property=\"og:locale\" content=\"ro_RO\" \/>\n<meta property=\"og:type\" content=\"article\" \/>\n<meta property=\"og:title\" content=\"Energie - DB Group\" \/>\n<meta property=\"og:url\" content=\"https:\/\/dbgroup.nl\/ro\/energie\/\" \/>\n<meta property=\"og:site_name\" content=\"DB Group\" \/>\n<meta property=\"article:modified_time\" content=\"2026-02-04T09:35:00+00:00\" \/>\n<meta name=\"twitter:card\" content=\"summary_large_image\" \/>\n<meta name=\"twitter:label1\" content=\"Timp estimat pentru citire\" \/>\n\t<meta name=\"twitter:data1\" content=\"2 minute\" \/>\n<script type=\"application\/ld+json\" class=\"yoast-schema-graph\">{\"@context\":\"https:\\\/\\\/schema.org\",\"@graph\":[{\"@type\":\"WebPage\",\"@id\":\"https:\\\/\\\/dbgroup.nl\\\/energie\\\/\",\"url\":\"https:\\\/\\\/dbgroup.nl\\\/energie\\\/\",\"name\":\"Energie - DB Group\",\"isPartOf\":{\"@id\":\"https:\\\/\\\/dbgroup.nl\\\/#website\"},\"datePublished\":\"2026-02-04T08:42:40+00:00\",\"dateModified\":\"2026-02-04T09:35:00+00:00\",\"breadcrumb\":{\"@id\":\"https:\\\/\\\/dbgroup.nl\\\/energie\\\/#breadcrumb\"},\"inLanguage\":\"ro-RO\",\"potentialAction\":[{\"@type\":\"ReadAction\",\"target\":[\"https:\\\/\\\/dbgroup.nl\\\/energie\\\/\"]}]},{\"@type\":\"BreadcrumbList\",\"@id\":\"https:\\\/\\\/dbgroup.nl\\\/energie\\\/#breadcrumb\",\"itemListElement\":[{\"@type\":\"ListItem\",\"position\":1,\"name\":\"Home\",\"item\":\"https:\\\/\\\/dbgroup.nl\\\/\"},{\"@type\":\"ListItem\",\"position\":2,\"name\":\"Energie\"}]},{\"@type\":\"WebSite\",\"@id\":\"https:\\\/\\\/dbgroup.nl\\\/#website\",\"url\":\"https:\\\/\\\/dbgroup.nl\\\/\",\"name\":\"DB Group\",\"description\":\"\",\"publisher\":{\"@id\":\"https:\\\/\\\/dbgroup.nl\\\/#organization\"},\"potentialAction\":[{\"@type\":\"SearchAction\",\"target\":{\"@type\":\"EntryPoint\",\"urlTemplate\":\"https:\\\/\\\/dbgroup.nl\\\/?s={search_term_string}\"},\"query-input\":{\"@type\":\"PropertyValueSpecification\",\"valueRequired\":true,\"valueName\":\"search_term_string\"}}],\"inLanguage\":\"ro-RO\"},{\"@type\":\"Organization\",\"@id\":\"https:\\\/\\\/dbgroup.nl\\\/#organization\",\"name\":\"DB Group\",\"url\":\"https:\\\/\\\/dbgroup.nl\\\/\",\"logo\":{\"@type\":\"ImageObject\",\"inLanguage\":\"ro-RO\",\"@id\":\"https:\\\/\\\/dbgroup.nl\\\/#\\\/schema\\\/logo\\\/image\\\/\",\"url\":\"https:\\\/\\\/dbgroup.nl\\\/wp-content\\\/uploads\\\/2026\\\/01\\\/Icon.png\",\"contentUrl\":\"https:\\\/\\\/dbgroup.nl\\\/wp-content\\\/uploads\\\/2026\\\/01\\\/Icon.png\",\"width\":512,\"height\":512,\"caption\":\"DB Group\"},\"image\":{\"@id\":\"https:\\\/\\\/dbgroup.nl\\\/#\\\/schema\\\/logo\\\/image\\\/\"}}]}<\/script>\n<!-- \/ Yoast SEO plugin. -->","yoast_head_json":{"title":"Energie - Grupul DB","robots":{"index":"index","follow":"follow","max-snippet":"max-snippet:-1","max-image-preview":"max-image-preview:large","max-video-preview":"max-video-preview:-1"},"canonical":"https:\/\/dbgroup.nl\/ro\/energie\/","og_locale":"ro_RO","og_type":"article","og_title":"Energie - DB Group","og_url":"https:\/\/dbgroup.nl\/ro\/energie\/","og_site_name":"DB Group","article_modified_time":"2026-02-04T09:35:00+00:00","twitter_card":"summary_large_image","twitter_misc":{"Timp estimat pentru citire":"2 minute"},"schema":{"@context":"https:\/\/schema.org","@graph":[{"@type":"WebPage","@id":"https:\/\/dbgroup.nl\/energie\/","url":"https:\/\/dbgroup.nl\/energie\/","name":"Energie - Grupul DB","isPartOf":{"@id":"https:\/\/dbgroup.nl\/#website"},"datePublished":"2026-02-04T08:42:40+00:00","dateModified":"2026-02-04T09:35:00+00:00","breadcrumb":{"@id":"https:\/\/dbgroup.nl\/energie\/#breadcrumb"},"inLanguage":"ro-RO","potentialAction":[{"@type":"ReadAction","target":["https:\/\/dbgroup.nl\/energie\/"]}]},{"@type":"BreadcrumbList","@id":"https:\/\/dbgroup.nl\/energie\/#breadcrumb","itemListElement":[{"@type":"ListItem","position":1,"name":"Home","item":"https:\/\/dbgroup.nl\/"},{"@type":"ListItem","position":2,"name":"Energie"}]},{"@type":"WebSite","@id":"https:\/\/dbgroup.nl\/#website","url":"https:\/\/dbgroup.nl\/","name":"Grupul DB","description":"","publisher":{"@id":"https:\/\/dbgroup.nl\/#organization"},"potentialAction":[{"@type":"SearchAction","target":{"@type":"EntryPoint","urlTemplate":"https:\/\/dbgroup.nl\/?s={search_term_string}"},"query-input":{"@type":"PropertyValueSpecification","valueRequired":true,"valueName":"search_term_string"}}],"inLanguage":"ro-RO"},{"@type":"Organization","@id":"https:\/\/dbgroup.nl\/#organization","name":"Grupul DB","url":"https:\/\/dbgroup.nl\/","logo":{"@type":"ImageObject","inLanguage":"ro-RO","@id":"https:\/\/dbgroup.nl\/#\/schema\/logo\/image\/","url":"https:\/\/dbgroup.nl\/wp-content\/uploads\/2026\/01\/Icon.png","contentUrl":"https:\/\/dbgroup.nl\/wp-content\/uploads\/2026\/01\/Icon.png","width":512,"height":512,"caption":"DB Group"},"image":{"@id":"https:\/\/dbgroup.nl\/#\/schema\/logo\/image\/"}}]}},"_links":{"self":[{"href":"https:\/\/dbgroup.nl\/ro\/wp-json\/wp\/v2\/pages\/814","targetHints":{"allow":["GET"]}}],"collection":[{"href":"https:\/\/dbgroup.nl\/ro\/wp-json\/wp\/v2\/pages"}],"about":[{"href":"https:\/\/dbgroup.nl\/ro\/wp-json\/wp\/v2\/types\/page"}],"author":[{"embeddable":true,"href":"https:\/\/dbgroup.nl\/ro\/wp-json\/wp\/v2\/users\/1"}],"replies":[{"embeddable":true,"href":"https:\/\/dbgroup.nl\/ro\/wp-json\/wp\/v2\/comments?post=814"}],"version-history":[{"count":8,"href":"https:\/\/dbgroup.nl\/ro\/wp-json\/wp\/v2\/pages\/814\/revisions"}],"predecessor-version":[{"id":858,"href":"https:\/\/dbgroup.nl\/ro\/wp-json\/wp\/v2\/pages\/814\/revisions\/858"}],"wp:attachment":[{"href":"https:\/\/dbgroup.nl\/ro\/wp-json\/wp\/v2\/media?parent=814"}],"curies":[{"name":"wp","href":"https:\/\/api.w.org\/{rel}","templated":true}]}}